{"id":3221,"date":"2014-09-16T12:18:41","date_gmt":"2014-09-16T12:18:41","guid":{"rendered":"http:\/\/emailchef.com\/es\/?page_id=3221"},"modified":"2021-07-09T08:50:05","modified_gmt":"2021-07-09T08:50:05","slug":"marketing-por-email-masivo","status":"publish","type":"page","link":"https:\/\/emailchef.com\/es\/marketing-por-email-masivo\/","title":{"rendered":"Marketing por email masivo"},"content":{"rendered":"<p class=\"western\" lang=\"es-AR\">A pesar del r\u00e1pido crecimiento de las redes sociales y especialmente de las aplicaciones de mensajer\u00eda instant\u00e1nea, el <strong>marketing por email masivo<\/strong> es a\u00fan la herramienta de marketing digital m\u00e1s efectiva. De acuerdo con un reporte reciente de Radicati Group, \u201c<strong>se espera que el email crezca hasta $12 billones en 2016<\/strong> y se estima que el tr\u00e1fico crecer\u00e1 a m\u00e1s de 192 billones de emails enviados por d\u00eda en 2016\u201d. Grandes expectativas.<\/p>\n<p class=\"western\" lang=\"es-AR\">Un pensamiento: cuando hablamos de marketing por email masivo, es necesario subrayar inmediatamente que no nos referimos al <strong>spam<\/strong> o cualquier otra actividad ilegal. De hecho, la \u00fanica forma verdadera de marketing es diferente al env\u00edo indiscriminado de <strong>mensajes no solicitados<\/strong> a una cantidad de direcciones obtenidas en la web.<\/p>\n<p class=\"western\" lang=\"es-AR\">Por el contrario, si alguien desea establecer una campa\u00f1a de marketing por email apropiada, siempre deber\u00eda recordar enviar sus newsletters s\u00f3lo a quienes se han<strong> suscripto a su lista<\/strong>. Es decir, personas que han otorgado permiso expreso para recibir las comunicaciones.<\/p>\n<p class=\"western\" lang=\"es-AR\">Con esto dicho, lo esencial es primero y antes que nada, obtener una aplicaci\u00f3n de marketing por email que soporte todas las fases de una campa\u00f1a de email: la obtenci\u00f3n y gesti\u00f3n de contactos aprobados, la creaci\u00f3n de los newsletters de acuerdo con todas las buenas pr\u00e1cticas del dise\u00f1o de email, el proceso de env\u00edo (y entrega correcta!) de sus mensajes, y por supuesto, un conjunto de <strong>herramientas de an\u00e1lisis<\/strong> para medir la efectividad de cada campa\u00f1a.<\/p>\n<p class=\"western\" lang=\"es-AR\">Emailchef provee todo esto y mucho m\u00e1s, como una de las plataformas de marketing por email m\u00e1s f\u00e1ciles de usar del mercado.<\/p>\n<p class=\"western\" lang=\"es-AR\">Obtenga inmediatamente su <a href=\"http:\/\/emailchef.com\/es\/servicio-gratuito-de-por-vida\/\">plan gratuito<\/a> para enviar <strong class=\"ng-binding\">Ilimitado<\/strong> emails hasta a 500 suscriptores.<\/p>\n<p class=\"western\" lang=\"es-AR\">\n","protected":false},"excerpt":{"rendered":"<p>Notwithstanding the rapid growth of social media and especially of instant messaging applications, mass email marketing is still the most effective and rewarding digital marketing tool.<\/p>\n","protected":false},"author":5,"featured_media":0,"parent":0,"menu_order":184,"comment_status":"closed","ping_status":"closed","template":"","meta":{"_acf_changed":false,"inline_featured_image":false,"footnotes":""},"g1_relation_tag":[12],"class_list":["post-3221","page","type-page","status-publish","hentry","g1_relation_tag-mass-email-services"],"acf":[],"yoast_head":"<!-- This site is optimized with the Yoast SEO plugin v24.8.1 - https:\/\/yoast.com\/wordpress\/plugins\/seo\/ -->\n<title>Marketing por email masivo - Emailchef<\/title>\n<meta name=\"description\" content=\"A pesar del r\u00e1pido crecimiento de las redes sociales y especialmente de las aplicaciones de mensajer\u00eda instant\u00e1nea, el marketing por email masivo es a\u00fan la herramienta de marketing digital m\u00e1s efectiva.\" \/>\n<meta name=\"robots\" content=\"index, follow, max-snippet:-1, max-image-preview:large, max-video-preview:-1\" \/>\n<link rel=\"canonical\" href=\"https:\/\/emailchef.com\/es\/marketing-por-email-masivo\/\" \/>\n<meta name=\"twitter:label1\" content=\"Tiempo de lectura\" \/>\n\t<meta name=\"twitter:data1\" content=\"2 minutos\" \/>\n<!-- \/ Yoast SEO plugin. -->","yoast_head_json":{"title":"Marketing por email masivo - Emailchef","description":"A pesar del r\u00e1pido crecimiento de las redes sociales y especialmente de las aplicaciones de mensajer\u00eda instant\u00e1nea, el marketing por email masivo es a\u00fan la herramienta de marketing digital m\u00e1s efectiva.","robots":{"index":"index","follow":"follow","max-snippet":"max-snippet:-1","max-image-preview":"max-image-preview:large","max-video-preview":"max-video-preview:-1"},"canonical":"https:\/\/emailchef.com\/es\/marketing-por-email-masivo\/","twitter_misc":{"Tiempo de lectura":"2 minutos"},"schema":{"@context":"https:\/\/schema.org","@graph":[{"@type":"WebPage","@id":"https:\/\/emailchef.com\/es\/marketing-por-email-masivo\/","url":"https:\/\/emailchef.com\/es\/marketing-por-email-masivo\/","name":"Marketing por email masivo - Emailchef","isPartOf":{"@id":"https:\/\/emailchef.com\/es\/#website"},"datePublished":"2014-09-16T12:18:41+00:00","dateModified":"2021-07-09T08:50:05+00:00","description":"A pesar del r\u00e1pido crecimiento de las redes sociales y especialmente de las aplicaciones de mensajer\u00eda instant\u00e1nea, el marketing por email masivo es a\u00fan la herramienta de marketing digital m\u00e1s efectiva.","breadcrumb":{"@id":"https:\/\/emailchef.com\/es\/marketing-por-email-masivo\/#breadcrumb"},"inLanguage":"es","potentialAction":[{"@type":"ReadAction","target":["https:\/\/emailchef.com\/es\/marketing-por-email-masivo\/"]}]},{"@type":"BreadcrumbList","@id":"https:\/\/emailchef.com\/es\/marketing-por-email-masivo\/#breadcrumb","itemListElement":[{"@type":"ListItem","position":1,"name":"Home","item":"https:\/\/emailchef.com\/es\/emailchef-email-marketing-services\/"},{"@type":"ListItem","position":2,"name":"Marketing por email masivo"}]},{"@type":"WebSite","@id":"https:\/\/emailchef.com\/es\/#website","url":"https:\/\/emailchef.com\/es\/","name":"Emailchef","description":"Tasty recipes for email marketing","publisher":{"@id":"https:\/\/emailchef.com\/es\/#organization"},"potentialAction":[{"@type":"SearchAction","target":{"@type":"EntryPoint","urlTemplate":"https:\/\/emailchef.com\/es\/?s={search_term_string}"},"query-input":{"@type":"PropertyValueSpecification","valueRequired":true,"valueName":"search_term_string"}}],"inLanguage":"es"},{"@type":"Organization","@id":"https:\/\/emailchef.com\/es\/#organization","name":"Delivery Tech Corp.","url":"https:\/\/emailchef.com\/es\/","logo":{"@type":"ImageObject","inLanguage":"es","@id":"https:\/\/emailchef.com\/es\/#\/schema\/logo\/image\/","url":"https:\/\/emailchef.com\/wp-content\/uploads\/2022\/04\/logo-sama.png","contentUrl":"https:\/\/emailchef.com\/wp-content\/uploads\/2022\/04\/logo-sama.png","width":237,"height":80,"caption":"Delivery Tech Corp."},"image":{"@id":"https:\/\/emailchef.com\/es\/#\/schema\/logo\/image\/"}}]}},"_links":{"self":[{"href":"https:\/\/emailchef.com\/es\/wp-json\/wp\/v2\/pages\/3221"}],"collection":[{"href":"https:\/\/emailchef.com\/es\/wp-json\/wp\/v2\/pages"}],"about":[{"href":"https:\/\/emailchef.com\/es\/wp-json\/wp\/v2\/types\/page"}],"author":[{"embeddable":true,"href":"https:\/\/emailchef.com\/es\/wp-json\/wp\/v2\/users\/5"}],"replies":[{"embeddable":true,"href":"https:\/\/emailchef.com\/es\/wp-json\/wp\/v2\/comments?post=3221"}],"version-history":[{"count":4,"href":"https:\/\/emailchef.com\/es\/wp-json\/wp\/v2\/pages\/3221\/revisions"}],"predecessor-version":[{"id":4747,"href":"https:\/\/emailchef.com\/es\/wp-json\/wp\/v2\/pages\/3221\/revisions\/4747"}],"wp:attachment":[{"href":"https:\/\/emailchef.com\/es\/wp-json\/wp\/v2\/media?parent=3221"}],"wp:term":[{"taxonomy":"g1_relation_tag","embeddable":true,"href":"https:\/\/emailchef.com\/es\/wp-json\/wp\/v2\/g1_relation_tag?post=3221"}],"curies":[{"name":"wp","href":"https:\/\/api.w.org\/{rel}","templated":true}]}}