{"id":3218,"date":"2014-09-18T07:02:27","date_gmt":"2014-09-18T07:02:27","guid":{"rendered":"http:\/\/emailchef.com\/es\/?page_id=3218"},"modified":"2021-07-09T08:50:37","modified_gmt":"2021-07-09T08:50:37","slug":"creador-de-emails-masivos","status":"publish","type":"page","link":"https:\/\/emailchef.com\/es\/creador-de-emails-masivos\/","title":{"rendered":"Creador de emails masivos"},"content":{"rendered":"<p class=\"western\" lang=\"es-AR\">Un<strong> creador de emails masivos<\/strong> es un software o plataforma que le permite redactar emails masivos tales como <strong>newsletters o MED<\/strong>: mensajes de marketing destinados a una amplia cantidad de cuentas para promover un producto, difundir una oferta, o simplemente informar. Generalmente este tipo de emails se encuentra compuesto mediante <strong>HTML<\/strong> para garantizar un mejor flujo del contenido y permitir el seguimiento y la forma en que los lectores interact\u00faan con el mismo (clics, aperturas\u2026).<\/p>\n<p class=\"western\" lang=\"es-AR\">Es importante no confundir con otras herramientas que son denominadas en la misma forma (creadores de correo masivo), es decir simples aplicaciones que le permiten generar cuentas de email masivos en lugar de mensajes \u00fanicos que ser\u00e1n enviados a m\u00faltiples destinatarios.<\/p>\n<p class=\"western\" lang=\"es-AR\">Emailchef puede ser f\u00e1cilmente utilizado como un creador de emails masivos, pero realmente es <strong>mucho m\u00e1s que eso<\/strong>. Con Emailchef usted puede redactar su newsletter HTML como lo desee \u2013 tambi\u00e9n importar una plantilla predise\u00f1ada \u2013 pero tambi\u00e9n puede, y esto es m\u00e1s importante, enviar a sus contactos con la seguridad de que su email ser\u00e1 entregado correctamente, y luego obtener <strong>informaci\u00f3n certera sobre los resultados de su campa\u00f1a<\/strong>.<\/p>\n<p class=\"western\" lang=\"es-AR\">Por ello, en lugar de utilizar un software como creador de email y enviar mensajes mediante su servicio SMTP, usted puede hacer todo esto \u2013 y m\u00e1s \u2013 con Emailchef.<\/p>\n<p class=\"western\" lang=\"es-AR\">Obtenga inmediatamente su <a href=\"http:\/\/emailchef.com\/es\/servicio-gratuito-de-por-vida\/\">plan gratuito de por vida<\/a> para enviar <strong class=\"ng-binding\">Ilimitado<\/strong> emails hasta 500 suscriptores.<\/p>\n","protected":false},"excerpt":{"rendered":"<p>A mass email creator is a platform that allows to compose bulk emails like newsletters or DEMs: messages intended to be sent to a vast number of accounts to promote a product or simply inform.<\/p>\n","protected":false},"author":5,"featured_media":0,"parent":0,"menu_order":182,"comment_status":"closed","ping_status":"closed","template":"","meta":{"_acf_changed":false,"inline_featured_image":false,"footnotes":""},"g1_relation_tag":[12],"class_list":["post-3218","page","type-page","status-publish","hentry","g1_relation_tag-mass-email-services"],"acf":[],"yoast_head":"<!-- This site is optimized with the Yoast SEO plugin v24.8.1 - https:\/\/yoast.com\/wordpress\/plugins\/seo\/ -->\n<title>Creador de emails masivos - Emailchef<\/title>\n<meta name=\"description\" content=\"Un creador de emails masivos es un software o plataforma que le permite redactar emails masivos tales como newsletters o MED\" \/>\n<meta name=\"robots\" content=\"index, follow, max-snippet:-1, max-image-preview:large, max-video-preview:-1\" \/>\n<link rel=\"canonical\" href=\"https:\/\/emailchef.com\/es\/creador-de-emails-masivos\/\" \/>\n<meta name=\"twitter:label1\" content=\"Tiempo de lectura\" \/>\n\t<meta name=\"twitter:data1\" content=\"1 minuto\" \/>\n<!-- \/ Yoast SEO plugin. -->","yoast_head_json":{"title":"Creador de emails masivos - Emailchef","description":"Un creador de emails masivos es un software o plataforma que le permite redactar emails masivos tales como newsletters o MED","robots":{"index":"index","follow":"follow","max-snippet":"max-snippet:-1","max-image-preview":"max-image-preview:large","max-video-preview":"max-video-preview:-1"},"canonical":"https:\/\/emailchef.com\/es\/creador-de-emails-masivos\/","twitter_misc":{"Tiempo de lectura":"1 minuto"},"schema":{"@context":"https:\/\/schema.org","@graph":[{"@type":"WebPage","@id":"https:\/\/emailchef.com\/es\/creador-de-emails-masivos\/","url":"https:\/\/emailchef.com\/es\/creador-de-emails-masivos\/","name":"Creador de emails masivos - Emailchef","isPartOf":{"@id":"https:\/\/emailchef.com\/es\/#website"},"datePublished":"2014-09-18T07:02:27+00:00","dateModified":"2021-07-09T08:50:37+00:00","description":"Un creador de emails masivos es un software o plataforma que le permite redactar emails masivos tales como newsletters o MED","breadcrumb":{"@id":"https:\/\/emailchef.com\/es\/creador-de-emails-masivos\/#breadcrumb"},"inLanguage":"es","potentialAction":[{"@type":"ReadAction","target":["https:\/\/emailchef.com\/es\/creador-de-emails-masivos\/"]}]},{"@type":"BreadcrumbList","@id":"https:\/\/emailchef.com\/es\/creador-de-emails-masivos\/#breadcrumb","itemListElement":[{"@type":"ListItem","position":1,"name":"Home","item":"https:\/\/emailchef.com\/es\/emailchef-email-marketing-services\/"},{"@type":"ListItem","position":2,"name":"Creador de emails masivos"}]},{"@type":"WebSite","@id":"https:\/\/emailchef.com\/es\/#website","url":"https:\/\/emailchef.com\/es\/","name":"Emailchef","description":"Tasty recipes for email marketing","publisher":{"@id":"https:\/\/emailchef.com\/es\/#organization"},"potentialAction":[{"@type":"SearchAction","target":{"@type":"EntryPoint","urlTemplate":"https:\/\/emailchef.com\/es\/?s={search_term_string}"},"query-input":{"@type":"PropertyValueSpecification","valueRequired":true,"valueName":"search_term_string"}}],"inLanguage":"es"},{"@type":"Organization","@id":"https:\/\/emailchef.com\/es\/#organization","name":"Delivery Tech Corp.","url":"https:\/\/emailchef.com\/es\/","logo":{"@type":"ImageObject","inLanguage":"es","@id":"https:\/\/emailchef.com\/es\/#\/schema\/logo\/image\/","url":"https:\/\/emailchef.com\/wp-content\/uploads\/2022\/04\/logo-sama.png","contentUrl":"https:\/\/emailchef.com\/wp-content\/uploads\/2022\/04\/logo-sama.png","width":237,"height":80,"caption":"Delivery Tech Corp."},"image":{"@id":"https:\/\/emailchef.com\/es\/#\/schema\/logo\/image\/"}}]}},"_links":{"self":[{"href":"https:\/\/emailchef.com\/es\/wp-json\/wp\/v2\/pages\/3218"}],"collection":[{"href":"https:\/\/emailchef.com\/es\/wp-json\/wp\/v2\/pages"}],"about":[{"href":"https:\/\/emailchef.com\/es\/wp-json\/wp\/v2\/types\/page"}],"author":[{"embeddable":true,"href":"https:\/\/emailchef.com\/es\/wp-json\/wp\/v2\/users\/5"}],"replies":[{"embeddable":true,"href":"https:\/\/emailchef.com\/es\/wp-json\/wp\/v2\/comments?post=3218"}],"version-history":[{"count":5,"href":"https:\/\/emailchef.com\/es\/wp-json\/wp\/v2\/pages\/3218\/revisions"}],"predecessor-version":[{"id":4746,"href":"https:\/\/emailchef.com\/es\/wp-json\/wp\/v2\/pages\/3218\/revisions\/4746"}],"wp:attachment":[{"href":"https:\/\/emailchef.com\/es\/wp-json\/wp\/v2\/media?parent=3218"}],"wp:term":[{"taxonomy":"g1_relation_tag","embeddable":true,"href":"https:\/\/emailchef.com\/es\/wp-json\/wp\/v2\/g1_relation_tag?post=3218"}],"curies":[{"name":"wp","href":"https:\/\/api.w.org\/{rel}","templated":true}]}}