{"id":3214,"date":"2014-09-30T10:35:56","date_gmt":"2014-09-30T10:35:56","guid":{"rendered":"http:\/\/emailchef.com\/es\/?page_id=3214"},"modified":"2022-07-13T08:25:56","modified_gmt":"2022-07-13T08:25:56","slug":"servicio-gratuito-de-por-vida","status":"publish","type":"page","link":"https:\/\/emailchef.com\/es\/servicio-gratuito-de-por-vida\/","title":{"rendered":"Servicio gratuito de por vida"},"content":{"rendered":"\t\t<div data-elementor-type=\"wp-page\" data-elementor-id=\"3214\" class=\"elementor elementor-3214 elementor-834\" data-elementor-post-type=\"page\">\n\t\t\t\t\t\t<section class=\"elementor-section elementor-top-section elementor-element elementor-element-4fe9adb elementor-section-boxed elementor-section-height-default elementor-section-height-default\" data-id=\"4fe9adb\" data-element_type=\"section\">\n\t\t\t\t\t\t<div class=\"elementor-container elementor-column-gap-default\">\n\t\t\t\t\t<div class=\"elementor-column elementor-col-100 elementor-top-column elementor-element elementor-element-41d6d32\" data-id=\"41d6d32\" data-element_type=\"column\">\n\t\t\t<div class=\"elementor-widget-wrap elementor-element-populated\">\n\t\t\t\t\t\t<div class=\"elementor-element elementor-element-d974796 elementor-widget elementor-widget-image\" data-id=\"d974796\" data-element_type=\"widget\" data-widget_type=\"image.default\">\n\t\t\t\t<div class=\"elementor-widget-container\">\n\t\t\t\t\t\t\t\t\t\t\t\t\t\t\t<img fetchpriority=\"high\" decoding=\"async\" width=\"954\" height=\"600\" src=\"https:\/\/emailchef.com\/wp-content\/uploads\/2022\/07\/non-profit.png\" class=\"attachment-full size-full wp-image-58740\" alt=\"Servicio gratuito de por vida para organizaciones sin fines de lucro\" \/>\t\t\t\t\t\t\t\t\t\t\t\t\t\t\t<\/div>\n\t\t\t\t<\/div>\n\t\t\t\t\t<\/div>\n\t\t<\/div>\n\t\t\t\t\t<\/div>\n\t\t<\/section>\n\t\t\t\t<section class=\"elementor-section elementor-top-section elementor-element elementor-element-503fef93 elementor-section-boxed elementor-section-height-default elementor-section-height-default\" data-id=\"503fef93\" data-element_type=\"section\">\n\t\t\t\t\t\t<div class=\"elementor-container elementor-column-gap-default\">\n\t\t\t\t\t<div class=\"elementor-column elementor-col-100 elementor-top-column elementor-element elementor-element-449dd04b\" data-id=\"449dd04b\" data-element_type=\"column\">\n\t\t\t<div class=\"elementor-widget-wrap elementor-element-populated\">\n\t\t\t\t\t\t<div class=\"elementor-element elementor-element-4579fb85 elementor-widget elementor-widget-text-editor\" data-id=\"4579fb85\" data-element_type=\"widget\" data-widget_type=\"text-editor.default\">\n\t\t\t\t<div class=\"elementor-widget-container\">\n\t\t\t\t\t\t\t\t\t<p>El equipo de Emailchef se encuentra fuertemente comprometido con la idea de retribuir a la comunidad. Es por ello que hemos creado un programa ad hoc para <strong>organizaciones sin fines de lucro<\/strong>, a las cuales nos complace otorgar<strong> licencias gratuitas<\/strong>.<\/p>\n\n<p>Un newsletter apropiado es a\u00fan la <strong>herramienta digital de marketing<\/strong> m\u00e1s simple y rentable. Y tal como funciona para los negocios, creemos que puede ser extremadamente valioso para organizaciones sin fines de lucro: publicar resultados de colectas, informar a colaboradores y amigos, promover eventos, reclutar voluntarios&#8230;<\/p>\n\n<p>Por eso nos complace <strong>donar una licencia de Emailchef a todos aquellos que califiquen como organizaciones sin fines de lucro relacionadas con el cuidado de la salud<\/strong> (tales como cuidado infantil, servicios a discapacitados, soporte a familias, etc.).<\/p>\n\n<div class=\"g1-space\" style=\"height: 25px;\"><\/div>\n\n<h2><b>Env\u00ede Ilimitado emails hasta 500 suscriptores gratis. Para siempre.<\/b><\/h2>\n\n<div class=\"g1-space\" style=\"height: 10px;\"><\/div>\n\n<h3 style=\"font-weight: 400 !important;\">El mejor servicio gratuito de newsletters<\/h3>\n<p>Si desea enviar hasta Ilimitado mensajes a una lista de hasta 500 suscriptores, entonces Emailchef es absolutamente gratis. De por vida y garantizado, sin costos ocultos.<\/p>\n\n<div class=\"g1-space\" style=\"height: 15px;\"><\/div>\n\n<h3 style=\"font-weight: 400 !important;\">Todas las caracter\u00edsticas se encuentran disponibles para usted<\/h3>\n<p>La versi\u00f3n gratuita de Emailchef es completa y posee todas las caracter\u00edsticas: gesti\u00f3n de listas de contactos ilimitadas, dise\u00f1o y edici\u00f3n de email, env\u00edo r\u00e1pido, y usted obtiene estad\u00edsticas avanzadas sobre todas las campa\u00f1as.<\/p>\n\n<div class=\"g1-space\" style=\"height: 35px;\"><\/div>\n\n<p><b>Est\u00e1 a pocos pasos de su primera campa\u00f1a de emails impresionante:<\/b><\/p>\n\n<div class=\"g1-space\" style=\"height: 15px;\"><\/div>\n\n\n<ol id=\"\" class=\"g1-list g1-list--icon g1-list--simple \">\n \t<li><i class=\"fa fa-arrow-right g1-list__icon\"><\/i><strong>reg\u00edstrese<\/strong> al <a href=\"\/user-signup\">servicio gratuito<\/a> para siempre,<\/li>\n \t<li><i class=\"fa fa-arrow-right g1-list__icon\"><\/i>descubra cuan simple y r\u00e1pido es <strong>redactar un newsletter<\/strong> con nuestro Template Creator drag&amp;drop,<\/li>\n \t<li><i class=\"fa fa-arrow-right g1-list__icon\"><\/i>cree o suba una<strong> lista de emails<\/strong>,<\/li>\n \t<li><i class=\"fa fa-arrow-right g1-list__icon\"><\/i>contacte con nuestro <strong>equipo de soporte<\/strong> para solicitar una cuenta Gratis para organizaciones sin fines de lucro,<\/li>\n \t<li><i class=\"fa fa-arrow-right g1-list__icon\"><\/i><strong>env\u00ede y entregue<\/strong> todos sus emails.<\/li>\n<\/ol>\n\n\n<div class=\"g1-space\" style=\"height: 20px;\"><\/div>\n\n<p>Es as\u00ed de f\u00e1cil, nos enorgullece que as\u00ed sea.<\/p>\n\n<p style=\"text-align: center;\"><a id=\"\" class=\"g1-button g1-button--medium g1-button--solid g1-button-- \" href=\"\/user-signup\" title=\"\" >Suscribirse GRATIS AHORA<br><small>Ilimitado\u00a0emails Hasta 500 Suscriptores<\/a><\/small><\/p>\n<p style=\"text-align: center;\">Revisaremos su solicitud tan pronto como sea posible y notificaremos si es apto para nuestro programa. En caso afirmativo, activaremos su cuenta gratis.\nPor favor tenga en cuenta que nos reservamos el derecho de aprobar o denegar su solicitud bajo nuestra sola discreci\u00f3n.<\/p>\t\t\t\t\t\t\t\t<\/div>\n\t\t\t\t<\/div>\n\t\t\t\t\t<\/div>\n\t\t<\/div>\n\t\t\t\t\t<\/div>\n\t\t<\/section>\n\t\t\t\t<\/div>\n\t\t","protected":false},"excerpt":{"rendered":"<p>El equipo de Emailchef se encuentra fuertemente comprometido con la idea de retribuir a la comunidad. Es por ello que hemos creado un programa ad hoc para organizaciones sin fines de lucro, a las cuales nos complace otorgar licencias gratuitas. Un newsletter apropiado es a\u00fan la herramienta digital de marketing m\u00e1s simple y rentable. Y [&hellip;]<\/p>\n","protected":false},"author":5,"featured_media":0,"parent":0,"menu_order":175,"comment_status":"closed","ping_status":"closed","template":"","meta":{"_acf_changed":false,"inline_featured_image":false,"footnotes":""},"g1_relation_tag":[],"class_list":["post-3214","page","type-page","status-publish","hentry"],"acf":[],"yoast_head":"<!-- This site is optimized with the Yoast SEO plugin v24.8.1 - https:\/\/yoast.com\/wordpress\/plugins\/seo\/ -->\n<title>Servicio gratuito de por vida - Emailchef<\/title>\n<meta name=\"robots\" content=\"index, follow, max-snippet:-1, max-image-preview:large, max-video-preview:-1\" \/>\n<link rel=\"canonical\" href=\"https:\/\/emailchef.com\/es\/servicio-gratuito-de-por-vida\/\" \/>\n<meta name=\"twitter:label1\" content=\"Tiempo de lectura\" \/>\n\t<meta name=\"twitter:data1\" content=\"2 minutos\" \/>\n<!-- \/ Yoast SEO plugin. -->","yoast_head_json":{"title":"Servicio gratuito de por vida - Emailchef","robots":{"index":"index","follow":"follow","max-snippet":"max-snippet:-1","max-image-preview":"max-image-preview:large","max-video-preview":"max-video-preview:-1"},"canonical":"https:\/\/emailchef.com\/es\/servicio-gratuito-de-por-vida\/","twitter_misc":{"Tiempo de lectura":"2 minutos"},"schema":{"@context":"https:\/\/schema.org","@graph":[{"@type":"WebPage","@id":"https:\/\/emailchef.com\/es\/servicio-gratuito-de-por-vida\/","url":"https:\/\/emailchef.com\/es\/servicio-gratuito-de-por-vida\/","name":"Servicio gratuito de por vida - Emailchef","isPartOf":{"@id":"https:\/\/emailchef.com\/es\/#website"},"primaryImageOfPage":{"@id":"https:\/\/emailchef.com\/es\/servicio-gratuito-de-por-vida\/#primaryimage"},"image":{"@id":"https:\/\/emailchef.com\/es\/servicio-gratuito-de-por-vida\/#primaryimage"},"thumbnailUrl":"https:\/\/emailchef.com\/wp-content\/uploads\/2022\/07\/non-profit.png","datePublished":"2014-09-30T10:35:56+00:00","dateModified":"2022-07-13T08:25:56+00:00","breadcrumb":{"@id":"https:\/\/emailchef.com\/es\/servicio-gratuito-de-por-vida\/#breadcrumb"},"inLanguage":"es","potentialAction":[{"@type":"ReadAction","target":["https:\/\/emailchef.com\/es\/servicio-gratuito-de-por-vida\/"]}]},{"@type":"ImageObject","inLanguage":"es","@id":"https:\/\/emailchef.com\/es\/servicio-gratuito-de-por-vida\/#primaryimage","url":"https:\/\/emailchef.com\/wp-content\/uploads\/2022\/07\/non-profit.png","contentUrl":"https:\/\/emailchef.com\/wp-content\/uploads\/2022\/07\/non-profit.png"},{"@type":"BreadcrumbList","@id":"https:\/\/emailchef.com\/es\/servicio-gratuito-de-por-vida\/#breadcrumb","itemListElement":[{"@type":"ListItem","position":1,"name":"Home","item":"https:\/\/emailchef.com\/es\/emailchef-email-marketing-services\/"},{"@type":"ListItem","position":2,"name":"Servicio gratuito de por vida"}]},{"@type":"WebSite","@id":"https:\/\/emailchef.com\/es\/#website","url":"https:\/\/emailchef.com\/es\/","name":"Emailchef","description":"Tasty recipes for email marketing","publisher":{"@id":"https:\/\/emailchef.com\/es\/#organization"},"potentialAction":[{"@type":"SearchAction","target":{"@type":"EntryPoint","urlTemplate":"https:\/\/emailchef.com\/es\/?s={search_term_string}"},"query-input":{"@type":"PropertyValueSpecification","valueRequired":true,"valueName":"search_term_string"}}],"inLanguage":"es"},{"@type":"Organization","@id":"https:\/\/emailchef.com\/es\/#organization","name":"Delivery Tech Corp.","url":"https:\/\/emailchef.com\/es\/","logo":{"@type":"ImageObject","inLanguage":"es","@id":"https:\/\/emailchef.com\/es\/#\/schema\/logo\/image\/","url":"https:\/\/emailchef.com\/wp-content\/uploads\/2022\/04\/logo-sama.png","contentUrl":"https:\/\/emailchef.com\/wp-content\/uploads\/2022\/04\/logo-sama.png","width":237,"height":80,"caption":"Delivery Tech Corp."},"image":{"@id":"https:\/\/emailchef.com\/es\/#\/schema\/logo\/image\/"}}]}},"_links":{"self":[{"href":"https:\/\/emailchef.com\/es\/wp-json\/wp\/v2\/pages\/3214"}],"collection":[{"href":"https:\/\/emailchef.com\/es\/wp-json\/wp\/v2\/pages"}],"about":[{"href":"https:\/\/emailchef.com\/es\/wp-json\/wp\/v2\/types\/page"}],"author":[{"embeddable":true,"href":"https:\/\/emailchef.com\/es\/wp-json\/wp\/v2\/users\/5"}],"replies":[{"embeddable":true,"href":"https:\/\/emailchef.com\/es\/wp-json\/wp\/v2\/comments?post=3214"}],"version-history":[{"count":20,"href":"https:\/\/emailchef.com\/es\/wp-json\/wp\/v2\/pages\/3214\/revisions"}],"predecessor-version":[{"id":58854,"href":"https:\/\/emailchef.com\/es\/wp-json\/wp\/v2\/pages\/3214\/revisions\/58854"}],"wp:attachment":[{"href":"https:\/\/emailchef.com\/es\/wp-json\/wp\/v2\/media?parent=3214"}],"wp:term":[{"taxonomy":"g1_relation_tag","embeddable":true,"href":"https:\/\/emailchef.com\/es\/wp-json\/wp\/v2\/g1_relation_tag?post=3214"}],"curies":[{"name":"wp","href":"https:\/\/api.w.org\/{rel}","templated":true}]}}