{"id":3207,"date":"2014-09-22T08:20:02","date_gmt":"2014-09-22T08:20:02","guid":{"rendered":"http:\/\/emailchef.com\/es\/?page_id=3207"},"modified":"2016-02-11T14:32:47","modified_gmt":"2016-02-11T14:32:47","slug":"que-es-lista-de-email","status":"publish","type":"page","link":"https:\/\/emailchef.com\/es\/base-de-conocimiento\/que-es-lista-de-email\/","title":{"rendered":"Qu\u00e9 es una lista de email"},"content":{"rendered":"<p>Una <strong>lista de email<\/strong> es un grupo de direcciones de email a las cuales usted puede enviar sus emails. Con Emailchef usted puede crear y gestionar listas ilimitadas, y segmentarlas en porciones m\u00e1s peque\u00f1as.<\/p>\n<p class=\"western\" lang=\"es-AR\">Por favor tenga en cuenta que s\u00f3lo permitimos listas v\u00e1lidas que cumplan con nuestras reglas, las cu\u00e1les deben estar compuestas por <strong>contactos que han optado<\/strong> \u2013 es decir, han otorgado su permiso para recibir sus newsletters.<\/p>\n","protected":false},"excerpt":{"rendered":"<p>Una lista de email es un grupo de direcciones de email a las cuales usted puede enviar sus emails. Con Emailchef usted puede crear y gestionar listas ilimitadas, y segmentarlas en porciones m\u00e1s peque\u00f1as. Por favor tenga en cuenta que s\u00f3lo permitimos listas v\u00e1lidas que cumplan con nuestras reglas, las cu\u00e1les deben estar compuestas por [&hellip;]<\/p>\n","protected":false},"author":5,"featured_media":0,"parent":3110,"menu_order":0,"comment_status":"closed","ping_status":"closed","template":"","meta":{"_acf_changed":false,"inline_featured_image":false,"footnotes":""},"g1_relation_tag":[],"class_list":["post-3207","page","type-page","status-publish","hentry"],"acf":[],"yoast_head":"<!-- This site is optimized with the Yoast SEO plugin v24.8.1 - https:\/\/yoast.com\/wordpress\/plugins\/seo\/ -->\n<title>Qu\u00e9 es una lista de email - Emailchef<\/title>\n<meta name=\"description\" content=\"Una lista de email es un grupo de direcciones de email a las cuales usted puede enviar sus emails.\" \/>\n<meta name=\"robots\" content=\"index, follow, max-snippet:-1, max-image-preview:large, max-video-preview:-1\" \/>\n<link rel=\"canonical\" href=\"https:\/\/emailchef.com\/es\/base-de-conocimiento\/que-es-lista-de-email\/\" \/>\n<!-- \/ Yoast SEO plugin. -->","yoast_head_json":{"title":"Qu\u00e9 es una lista de email - Emailchef","description":"Una lista de email es un grupo de direcciones de email a las cuales usted puede enviar sus emails.","robots":{"index":"index","follow":"follow","max-snippet":"max-snippet:-1","max-image-preview":"max-image-preview:large","max-video-preview":"max-video-preview:-1"},"canonical":"https:\/\/emailchef.com\/es\/base-de-conocimiento\/que-es-lista-de-email\/","schema":{"@context":"https:\/\/schema.org","@graph":[{"@type":"WebPage","@id":"https:\/\/emailchef.com\/es\/base-de-conocimiento\/que-es-lista-de-email\/","url":"https:\/\/emailchef.com\/es\/base-de-conocimiento\/que-es-lista-de-email\/","name":"Qu\u00e9 es una lista de email - Emailchef","isPartOf":{"@id":"https:\/\/emailchef.com\/es\/#website"},"datePublished":"2014-09-22T08:20:02+00:00","dateModified":"2016-02-11T14:32:47+00:00","description":"Una lista de email es un grupo de direcciones de email a las cuales usted puede enviar sus emails.","breadcrumb":{"@id":"https:\/\/emailchef.com\/es\/base-de-conocimiento\/que-es-lista-de-email\/#breadcrumb"},"inLanguage":"es","potentialAction":[{"@type":"ReadAction","target":["https:\/\/emailchef.com\/es\/base-de-conocimiento\/que-es-lista-de-email\/"]}]},{"@type":"BreadcrumbList","@id":"https:\/\/emailchef.com\/es\/base-de-conocimiento\/que-es-lista-de-email\/#breadcrumb","itemListElement":[{"@type":"ListItem","position":1,"name":"Home","item":"https:\/\/emailchef.com\/es\/emailchef-email-marketing-services\/"},{"@type":"ListItem","position":2,"name":"Base de conocimiento","item":"https:\/\/emailchef.com\/es\/base-de-conocimiento\/"},{"@type":"ListItem","position":3,"name":"Qu\u00e9 es una lista de email"}]},{"@type":"WebSite","@id":"https:\/\/emailchef.com\/es\/#website","url":"https:\/\/emailchef.com\/es\/","name":"Emailchef","description":"Tasty recipes for email marketing","publisher":{"@id":"https:\/\/emailchef.com\/es\/#organization"},"potentialAction":[{"@type":"SearchAction","target":{"@type":"EntryPoint","urlTemplate":"https:\/\/emailchef.com\/es\/?s={search_term_string}"},"query-input":{"@type":"PropertyValueSpecification","valueRequired":true,"valueName":"search_term_string"}}],"inLanguage":"es"},{"@type":"Organization","@id":"https:\/\/emailchef.com\/es\/#organization","name":"Delivery Tech Corp.","url":"https:\/\/emailchef.com\/es\/","logo":{"@type":"ImageObject","inLanguage":"es","@id":"https:\/\/emailchef.com\/es\/#\/schema\/logo\/image\/","url":"https:\/\/emailchef.com\/wp-content\/uploads\/2022\/04\/logo-sama.png","contentUrl":"https:\/\/emailchef.com\/wp-content\/uploads\/2022\/04\/logo-sama.png","width":237,"height":80,"caption":"Delivery Tech Corp."},"image":{"@id":"https:\/\/emailchef.com\/es\/#\/schema\/logo\/image\/"}}]}},"_links":{"self":[{"href":"https:\/\/emailchef.com\/es\/wp-json\/wp\/v2\/pages\/3207"}],"collection":[{"href":"https:\/\/emailchef.com\/es\/wp-json\/wp\/v2\/pages"}],"about":[{"href":"https:\/\/emailchef.com\/es\/wp-json\/wp\/v2\/types\/page"}],"author":[{"embeddable":true,"href":"https:\/\/emailchef.com\/es\/wp-json\/wp\/v2\/users\/5"}],"replies":[{"embeddable":true,"href":"https:\/\/emailchef.com\/es\/wp-json\/wp\/v2\/comments?post=3207"}],"version-history":[{"count":2,"href":"https:\/\/emailchef.com\/es\/wp-json\/wp\/v2\/pages\/3207\/revisions"}],"predecessor-version":[{"id":3209,"href":"https:\/\/emailchef.com\/es\/wp-json\/wp\/v2\/pages\/3207\/revisions\/3209"}],"up":[{"embeddable":true,"href":"https:\/\/emailchef.com\/es\/wp-json\/wp\/v2\/pages\/3110"}],"wp:attachment":[{"href":"https:\/\/emailchef.com\/es\/wp-json\/wp\/v2\/media?parent=3207"}],"wp:term":[{"taxonomy":"g1_relation_tag","embeddable":true,"href":"https:\/\/emailchef.com\/es\/wp-json\/wp\/v2\/g1_relation_tag?post=3207"}],"curies":[{"name":"wp","href":"https:\/\/api.w.org\/{rel}","templated":true}]}}