{"id":3205,"date":"2014-09-22T08:36:35","date_gmt":"2014-09-22T08:36:35","guid":{"rendered":"http:\/\/emailchef.com\/es\/?page_id=3205"},"modified":"2021-04-07T09:14:53","modified_gmt":"2021-04-07T09:14:53","slug":"que-es-un-autoresponder","status":"publish","type":"page","link":"https:\/\/emailchef.com\/es\/base-de-conocimiento\/que-es-un-autoresponder\/","title":{"rendered":"Qu\u00e9 es un autoresponder?"},"content":{"rendered":"<p class=\"western\" lang=\"es-AR\"><span style=\"font-weight: 400;\">Un<strong> autoresponder<\/strong> es una parte esencial de cualquier campa\u00f1a de email marketing. Permite a cualquier empresa <strong>enviar autom\u00e1ticamente uno o m\u00e1s mensajes<\/strong> de correo electr\u00f3nico a una lista de contactos con base en criterios predefinidos.<\/span><\/p>\n<p lang=\"es-AR\"><a href=\"https:\/\/emailchef.com\/wp-content\/uploads\/2021\/04\/Screenshot_132.jpg\" rel=\"lightbox\"><img fetchpriority=\"high\" decoding=\"async\" class=\"alignnone wp-image-38442 size-full\" src=\"https:\/\/emailchef.com\/wp-content\/uploads\/2021\/04\/Screenshot_132.jpg\" alt=\"\" width=\"1497\" height=\"507\" srcset=\"https:\/\/emailchef.com\/wp-content\/uploads\/2021\/04\/Screenshot_132.jpg 1497w, https:\/\/emailchef.com\/wp-content\/uploads\/2021\/04\/Screenshot_132-300x102.jpg 300w, https:\/\/emailchef.com\/wp-content\/uploads\/2021\/04\/Screenshot_132-768x260.jpg 768w, https:\/\/emailchef.com\/wp-content\/uploads\/2021\/04\/Screenshot_132-1024x347.jpg 1024w, https:\/\/emailchef.com\/wp-content\/uploads\/2021\/04\/Screenshot_132-968x328.jpg 968w, https:\/\/emailchef.com\/wp-content\/uploads\/2021\/04\/Screenshot_132-636x215.jpg 636w, https:\/\/emailchef.com\/wp-content\/uploads\/2021\/04\/Screenshot_132-320x108.jpg 320w, https:\/\/emailchef.com\/wp-content\/uploads\/2021\/04\/Screenshot_132-239x81.jpg 239w\" sizes=\"(max-width: 1497px) 100vw, 1497px\" \/><\/a><\/p>\n<p><span style=\"font-weight: 400;\">Los beneficios que puede obtener con un autoresponder son enormes. En primer lugar, le ayuda a generar una buena impresi\u00f3n a los nuevos suscriptores envi\u00e1ndoles un mensaje de bienvenida. Tambi\u00e9n le ayuda a reactivar los contactos inactivos ofreci\u00e9ndoles promociones ad-hoc o invit\u00e1ndolos a visitar su sitio web nuevamente.<\/span><\/p>\n<p><span style=\"font-weight: 400;\">Los autoresponders <strong>automatizan<\/strong> estos procesos, lo que facilita la comunicaci\u00f3n con sus suscriptores en el momento adecuado.<\/span><\/p>\n<p><span style=\"font-weight: 400;\">A trav\u00e9s del uso de autoresponders bien programados, usted podr\u00e1 retener a sus suscriptores, conseguir nuevos clientes y fortalecer la imagen de su marca.<\/span><\/p>\n","protected":false},"excerpt":{"rendered":"<p>Un autoresponder es una parte esencial de cualquier campa\u00f1a de email marketing. Permite a cualquier empresa enviar autom\u00e1ticamente uno o m\u00e1s mensajes de correo electr\u00f3nico a una lista de contactos con base en criterios predefinidos. Los beneficios que puede obtener con un autoresponder son enormes. En primer lugar, le ayuda a generar una buena impresi\u00f3n [&hellip;]<\/p>\n","protected":false},"author":5,"featured_media":0,"parent":3110,"menu_order":0,"comment_status":"closed","ping_status":"closed","template":"","meta":{"_acf_changed":false,"inline_featured_image":false,"footnotes":""},"g1_relation_tag":[],"class_list":["post-3205","page","type-page","status-publish","hentry"],"acf":[],"yoast_head":"<!-- This site is optimized with the Yoast SEO plugin v24.8.1 - https:\/\/yoast.com\/wordpress\/plugins\/seo\/ -->\n<title>Qu\u00e9 es un autoresponder? - Emailchef<\/title>\n<meta name=\"description\" content=\"Configurar un autoresponder constituye una parte esencial de cualquier campa\u00f1a de email.\" \/>\n<meta name=\"robots\" content=\"index, follow, max-snippet:-1, max-image-preview:large, max-video-preview:-1\" \/>\n<link rel=\"canonical\" href=\"https:\/\/emailchef.com\/es\/base-de-conocimiento\/que-es-un-autoresponder\/\" \/>\n<meta name=\"twitter:label1\" content=\"Tiempo de lectura\" \/>\n\t<meta name=\"twitter:data1\" content=\"1 minuto\" \/>\n<!-- \/ Yoast SEO plugin. -->","yoast_head_json":{"title":"Qu\u00e9 es un autoresponder? - Emailchef","description":"Configurar un autoresponder constituye una parte esencial de cualquier campa\u00f1a de email.","robots":{"index":"index","follow":"follow","max-snippet":"max-snippet:-1","max-image-preview":"max-image-preview:large","max-video-preview":"max-video-preview:-1"},"canonical":"https:\/\/emailchef.com\/es\/base-de-conocimiento\/que-es-un-autoresponder\/","twitter_misc":{"Tiempo de lectura":"1 minuto"},"schema":{"@context":"https:\/\/schema.org","@graph":[{"@type":"WebPage","@id":"https:\/\/emailchef.com\/es\/base-de-conocimiento\/que-es-un-autoresponder\/","url":"https:\/\/emailchef.com\/es\/base-de-conocimiento\/que-es-un-autoresponder\/","name":"Qu\u00e9 es un autoresponder? - Emailchef","isPartOf":{"@id":"https:\/\/emailchef.com\/es\/#website"},"primaryImageOfPage":{"@id":"https:\/\/emailchef.com\/es\/base-de-conocimiento\/que-es-un-autoresponder\/#primaryimage"},"image":{"@id":"https:\/\/emailchef.com\/es\/base-de-conocimiento\/que-es-un-autoresponder\/#primaryimage"},"thumbnailUrl":"https:\/\/emailchef.com\/wp-content\/uploads\/2021\/04\/Screenshot_132.jpg","datePublished":"2014-09-22T08:36:35+00:00","dateModified":"2021-04-07T09:14:53+00:00","description":"Configurar un autoresponder constituye una parte esencial de cualquier campa\u00f1a de email.","breadcrumb":{"@id":"https:\/\/emailchef.com\/es\/base-de-conocimiento\/que-es-un-autoresponder\/#breadcrumb"},"inLanguage":"es","potentialAction":[{"@type":"ReadAction","target":["https:\/\/emailchef.com\/es\/base-de-conocimiento\/que-es-un-autoresponder\/"]}]},{"@type":"ImageObject","inLanguage":"es","@id":"https:\/\/emailchef.com\/es\/base-de-conocimiento\/que-es-un-autoresponder\/#primaryimage","url":"https:\/\/emailchef.com\/wp-content\/uploads\/2021\/04\/Screenshot_132.jpg","contentUrl":"https:\/\/emailchef.com\/wp-content\/uploads\/2021\/04\/Screenshot_132.jpg"},{"@type":"BreadcrumbList","@id":"https:\/\/emailchef.com\/es\/base-de-conocimiento\/que-es-un-autoresponder\/#breadcrumb","itemListElement":[{"@type":"ListItem","position":1,"name":"Home","item":"https:\/\/emailchef.com\/es\/emailchef-email-marketing-services\/"},{"@type":"ListItem","position":2,"name":"Base de conocimiento","item":"https:\/\/emailchef.com\/es\/base-de-conocimiento\/"},{"@type":"ListItem","position":3,"name":"Qu\u00e9 es un autoresponder?"}]},{"@type":"WebSite","@id":"https:\/\/emailchef.com\/es\/#website","url":"https:\/\/emailchef.com\/es\/","name":"Emailchef","description":"Tasty recipes for email marketing","publisher":{"@id":"https:\/\/emailchef.com\/es\/#organization"},"potentialAction":[{"@type":"SearchAction","target":{"@type":"EntryPoint","urlTemplate":"https:\/\/emailchef.com\/es\/?s={search_term_string}"},"query-input":{"@type":"PropertyValueSpecification","valueRequired":true,"valueName":"search_term_string"}}],"inLanguage":"es"},{"@type":"Organization","@id":"https:\/\/emailchef.com\/es\/#organization","name":"Delivery Tech Corp.","url":"https:\/\/emailchef.com\/es\/","logo":{"@type":"ImageObject","inLanguage":"es","@id":"https:\/\/emailchef.com\/es\/#\/schema\/logo\/image\/","url":"https:\/\/emailchef.com\/wp-content\/uploads\/2022\/04\/logo-sama.png","contentUrl":"https:\/\/emailchef.com\/wp-content\/uploads\/2022\/04\/logo-sama.png","width":237,"height":80,"caption":"Delivery Tech Corp."},"image":{"@id":"https:\/\/emailchef.com\/es\/#\/schema\/logo\/image\/"}}]}},"_links":{"self":[{"href":"https:\/\/emailchef.com\/es\/wp-json\/wp\/v2\/pages\/3205"}],"collection":[{"href":"https:\/\/emailchef.com\/es\/wp-json\/wp\/v2\/pages"}],"about":[{"href":"https:\/\/emailchef.com\/es\/wp-json\/wp\/v2\/types\/page"}],"author":[{"embeddable":true,"href":"https:\/\/emailchef.com\/es\/wp-json\/wp\/v2\/users\/5"}],"replies":[{"embeddable":true,"href":"https:\/\/emailchef.com\/es\/wp-json\/wp\/v2\/comments?post=3205"}],"version-history":[{"count":4,"href":"https:\/\/emailchef.com\/es\/wp-json\/wp\/v2\/pages\/3205\/revisions"}],"predecessor-version":[{"id":38458,"href":"https:\/\/emailchef.com\/es\/wp-json\/wp\/v2\/pages\/3205\/revisions\/38458"}],"up":[{"embeddable":true,"href":"https:\/\/emailchef.com\/es\/wp-json\/wp\/v2\/pages\/3110"}],"wp:attachment":[{"href":"https:\/\/emailchef.com\/es\/wp-json\/wp\/v2\/media?parent=3205"}],"wp:term":[{"taxonomy":"g1_relation_tag","embeddable":true,"href":"https:\/\/emailchef.com\/es\/wp-json\/wp\/v2\/g1_relation_tag?post=3205"}],"curies":[{"name":"wp","href":"https:\/\/api.w.org\/{rel}","templated":true}]}}