{"id":3203,"date":"2014-09-22T08:35:22","date_gmt":"2014-09-22T08:35:22","guid":{"rendered":"http:\/\/emailchef.com\/es\/?page_id=3203"},"modified":"2024-03-06T09:43:29","modified_gmt":"2024-03-06T09:43:29","slug":"envie-su-campana","status":"publish","type":"page","link":"https:\/\/emailchef.com\/es\/base-de-conocimiento\/envie-su-campana\/","title":{"rendered":"Env\u00eda tu campa\u00f1a"},"content":{"rendered":"\t\t<div data-elementor-type=\"wp-page\" data-elementor-id=\"3203\" class=\"elementor elementor-3203 elementor-603\" data-elementor-post-type=\"page\">\n\t\t\t\t\t\t<section class=\"elementor-section elementor-top-section elementor-element elementor-element-2a14e3a elementor-section-boxed elementor-section-height-default elementor-section-height-default\" data-id=\"2a14e3a\" data-element_type=\"section\">\n\t\t\t\t\t\t<div class=\"elementor-container elementor-column-gap-default\">\n\t\t\t\t\t<div class=\"elementor-column elementor-col-100 elementor-top-column elementor-element elementor-element-aab432b\" data-id=\"aab432b\" data-element_type=\"column\">\n\t\t\t<div class=\"elementor-widget-wrap elementor-element-populated\">\n\t\t\t\t\t\t<div class=\"elementor-element elementor-element-fc27f35 elementor-widget elementor-widget-text-editor\" data-id=\"fc27f35\" data-element_type=\"widget\" data-widget_type=\"text-editor.default\">\n\t\t\t\t<div class=\"elementor-widget-container\">\n\t\t\t\t\t\t\t\t\t<p><span style=\"font-weight: 400;\">Cuando tu correo electr\u00f3nico est\u00e9 listo, todo lo que tienes que hacer es enviarlo a tu lista de correo.<\/span><\/p><p><span style=\"font-weight: 400;\">Puedes optar por enviar la campa\u00f1a de inmediato o programarla para m\u00e1s tarde.<\/span><\/p>\t\t\t\t\t\t\t\t<\/div>\n\t\t\t\t<\/div>\n\t\t\t\t<div class=\"elementor-element elementor-element-e00a81c elementor-widget elementor-widget-image\" data-id=\"e00a81c\" data-element_type=\"widget\" data-widget_type=\"image.default\">\n\t\t\t\t<div class=\"elementor-widget-container\">\n\t\t\t\t\t\t\t\t\t\t\t\t\t\t\t\t<a href=\"https:\/\/emailchef.com\/wp-content\/uploads\/2024\/03\/envia-tu-campana-1.png\" data-elementor-open-lightbox=\"yes\" data-elementor-lightbox-title=\"Env\u00eda tu campa\u00f1a\" data-e-action-hash=\"#elementor-action%3Aaction%3Dlightbox%26settings%3DeyJpZCI6NzEwNjEsInVybCI6Imh0dHBzOlwvXC9lbWFpbGNoZWYuY29tXC93cC1jb250ZW50XC91cGxvYWRzXC8yMDI0XC8wM1wvZW52aWEtdHUtY2FtcGFuYS0xLnBuZyJ9\">\n\t\t\t\t\t\t\t<img fetchpriority=\"high\" decoding=\"async\" width=\"800\" height=\"323\" src=\"https:\/\/emailchef.com\/wp-content\/uploads\/2024\/03\/envia-tu-campana-1-1024x413.png\" class=\"attachment-large size-large wp-image-71061\" alt=\"Env\u00eda tu campa\u00f1a\" srcset=\"https:\/\/emailchef.com\/wp-content\/uploads\/2024\/03\/envia-tu-campana-1-1024x413.png 1024w, https:\/\/emailchef.com\/wp-content\/uploads\/2024\/03\/envia-tu-campana-1-300x121.png 300w, https:\/\/emailchef.com\/wp-content\/uploads\/2024\/03\/envia-tu-campana-1-768x309.png 768w, https:\/\/emailchef.com\/wp-content\/uploads\/2024\/03\/envia-tu-campana-1-1536x619.png 1536w, https:\/\/emailchef.com\/wp-content\/uploads\/2024\/03\/envia-tu-campana-1.png 1611w\" sizes=\"(max-width: 800px) 100vw, 800px\" \/>\t\t\t\t\t\t\t\t<\/a>\n\t\t\t\t\t\t\t\t\t\t\t\t\t\t\t<\/div>\n\t\t\t\t<\/div>\n\t\t\t\t<div class=\"elementor-element elementor-element-3afa5a4 elementor-widget elementor-widget-text-editor\" data-id=\"3afa5a4\" data-element_type=\"widget\" data-widget_type=\"text-editor.default\">\n\t\t\t\t<div class=\"elementor-widget-container\">\n\t\t\t\t\t\t\t\t\t<p><span style=\"font-weight: 400;\">Antes de proceder con el env\u00edo o la programaci\u00f3n, puedes ingresar una direcci\u00f3n de correo electr\u00f3nico en el campo designado, y te enviaremos un correo electr\u00f3nico de confirmaci\u00f3n a esa direcci\u00f3n cuando tu campa\u00f1a se env\u00ede a la lista de correo.<\/span><\/p>\t\t\t\t\t\t\t\t<\/div>\n\t\t\t\t<\/div>\n\t\t\t\t<div class=\"elementor-element elementor-element-3adbb7c elementor-widget elementor-widget-image\" data-id=\"3adbb7c\" data-element_type=\"widget\" data-widget_type=\"image.default\">\n\t\t\t\t<div class=\"elementor-widget-container\">\n\t\t\t\t\t\t\t\t\t\t\t\t\t\t\t<img decoding=\"async\" width=\"800\" height=\"95\" src=\"https:\/\/emailchef.com\/wp-content\/uploads\/2024\/03\/envia-tu-campana-2.png\" class=\"attachment-large size-large wp-image-71070\" alt=\"Env\u00eda tu campa\u00f1a\" srcset=\"https:\/\/emailchef.com\/wp-content\/uploads\/2024\/03\/envia-tu-campana-2.png 882w, https:\/\/emailchef.com\/wp-content\/uploads\/2024\/03\/envia-tu-campana-2-300x36.png 300w, https:\/\/emailchef.com\/wp-content\/uploads\/2024\/03\/envia-tu-campana-2-768x91.png 768w\" sizes=\"(max-width: 800px) 100vw, 800px\" \/>\t\t\t\t\t\t\t\t\t\t\t\t\t\t\t<\/div>\n\t\t\t\t<\/div>\n\t\t\t\t<div class=\"elementor-element elementor-element-23de984 elementor-widget elementor-widget-text-editor\" data-id=\"23de984\" data-element_type=\"widget\" data-widget_type=\"text-editor.default\">\n\t\t\t\t<div class=\"elementor-widget-container\">\n\t\t\t\t\t\t\t\t\t<p><span style=\"font-weight: 400;\">Para enviar tu campa\u00f1a de inmediato, simplemente selecciona el bot\u00f3n &#8216;Enviar ahora&#8217; y haz clic en &#8216;Enviar la campa\u00f1a ahora&#8217;.<\/span><\/p><p><span style=\"font-weight: 400;\">Si prefieres programar el env\u00edo, haz clic en el recuadro &#8216;Programar la campa\u00f1a&#8217;.<\/span><\/p>\t\t\t\t\t\t\t\t<\/div>\n\t\t\t\t<\/div>\n\t\t\t\t<div class=\"elementor-element elementor-element-d27b479 elementor-widget elementor-widget-image\" data-id=\"d27b479\" data-element_type=\"widget\" data-widget_type=\"image.default\">\n\t\t\t\t<div class=\"elementor-widget-container\">\n\t\t\t\t\t\t\t\t\t\t\t\t\t\t\t\t<a href=\"https:\/\/emailchef.com\/wp-content\/uploads\/2024\/03\/envia-tu-campana-3.png\" data-elementor-open-lightbox=\"yes\" data-elementor-lightbox-title=\"Env\u00eda tu campa\u00f1a\" data-e-action-hash=\"#elementor-action%3Aaction%3Dlightbox%26settings%3DeyJpZCI6NzEwNzksInVybCI6Imh0dHBzOlwvXC9lbWFpbGNoZWYuY29tXC93cC1jb250ZW50XC91cGxvYWRzXC8yMDI0XC8wM1wvZW52aWEtdHUtY2FtcGFuYS0zLnBuZyJ9\">\n\t\t\t\t\t\t\t<img decoding=\"async\" width=\"800\" height=\"332\" src=\"https:\/\/emailchef.com\/wp-content\/uploads\/2024\/03\/envia-tu-campana-3-1024x425.png\" class=\"attachment-large size-large wp-image-71079\" alt=\"Env\u00eda tu campa\u00f1a\" srcset=\"https:\/\/emailchef.com\/wp-content\/uploads\/2024\/03\/envia-tu-campana-3-1024x425.png 1024w, https:\/\/emailchef.com\/wp-content\/uploads\/2024\/03\/envia-tu-campana-3-300x124.png 300w, https:\/\/emailchef.com\/wp-content\/uploads\/2024\/03\/envia-tu-campana-3-768x318.png 768w, https:\/\/emailchef.com\/wp-content\/uploads\/2024\/03\/envia-tu-campana-3-1536x637.png 1536w, https:\/\/emailchef.com\/wp-content\/uploads\/2024\/03\/envia-tu-campana-3.png 1604w\" sizes=\"(max-width: 800px) 100vw, 800px\" \/>\t\t\t\t\t\t\t\t<\/a>\n\t\t\t\t\t\t\t\t\t\t\t\t\t\t\t<\/div>\n\t\t\t\t<\/div>\n\t\t\t\t<div class=\"elementor-element elementor-element-5d3a935 elementor-widget elementor-widget-text-editor\" data-id=\"5d3a935\" data-element_type=\"widget\" data-widget_type=\"text-editor.default\">\n\t\t\t\t<div class=\"elementor-widget-container\">\n\t\t\t\t\t\t\t\t\t<p><span style=\"font-weight: 400;\">Ingresa el d\u00eda y la hora en que te gustar\u00eda enviar la campa\u00f1a, luego haz clic en &#8216;Programar la campa\u00f1a&#8217;. El correo electr\u00f3nico se enviar\u00e1 autom\u00e1ticamente en el d\u00eda y la hora que especificaste.<\/span><\/p>\t\t\t\t\t\t\t\t<\/div>\n\t\t\t\t<\/div>\n\t\t\t\t<div class=\"elementor-element elementor-element-74e60ff elementor-widget elementor-widget-text-editor\" data-id=\"74e60ff\" data-element_type=\"widget\" data-widget_type=\"text-editor.default\">\n\t\t\t\t<div class=\"elementor-widget-container\">\n\t\t\t\t\t\t\t\t\t<p><span style=\"font-weight: 400;\">\u00bfEst\u00e1s buscando un tutorial que te gu\u00ede paso a paso en el env\u00edo de tus campa\u00f1as? Mira el video a continuaci\u00f3n \ud83d\udc47<\/span><\/p>\t\t\t\t\t\t\t\t<\/div>\n\t\t\t\t<\/div>\n\t\t\t\t<div class=\"elementor-element elementor-element-290c760 elementor-widget elementor-widget-html\" data-id=\"290c760\" data-element_type=\"widget\" data-widget_type=\"html.default\">\n\t\t\t\t<div class=\"elementor-widget-container\">\n\t\t\t\t\t<div class=\"lyte-wrapper\" title=\"[EN] Create and send immediately or schedule your campaign\" style=\"width:640px;max-width:100%;margin:5px;\"><div class=\"lyMe\" id=\"WYL_kLrX4pJc-LQ\"><div id=\"lyte_kLrX4pJc-LQ\" data-src=\"https:\/\/emailchef.com\/wp-content\/plugins\/wp-youtube-lyte\/lyteCache.php?origThumbUrl=https%3A%2F%2Fi.ytimg.com%2Fvi%2FkLrX4pJc-LQ%2Fhqdefault.jpg\" class=\"pL\"><div class=\"tC\"><div class=\"tT\">[EN] Create and send immediately or schedule your campaign<\/div><\/div><div class=\"play\"><\/div><div class=\"ctrl\"><div class=\"Lctrl\"><\/div><div class=\"Rctrl\"><\/div><\/div><\/div><noscript><a href=\"https:\/\/youtu.be\/kLrX4pJc-LQ\" rel=\"nofollow\"><img loading=\"lazy\" decoding=\"async\" src=\"https:\/\/emailchef.com\/wp-content\/plugins\/wp-youtube-lyte\/lyteCache.php?origThumbUrl=https%3A%2F%2Fi.ytimg.com%2Fvi%2FkLrX4pJc-LQ%2F0.jpg\" alt=\"[EN] Create and send immediately or schedule your campaign\" width=\"640\" height=\"340\" \/><br \/>Mire este video en YouTube<\/a><\/noscript><\/div><\/div><div class=\"lL\" style=\"max-width:100%;width:640px;margin:5px;\"><\/div>\n<div class=\"ec-video-button hide centered\">\n\t<a href=\"https:\/\/youtu.be\/kLrX4pJc-LQ\" rel=\"prettyPhoto\" title=\"Play Video\">Play Video <i class=\"fa fa-play-circle fa-2x\"><\/i><\/a>\n<\/div>\t\t\t\t<\/div>\n\t\t\t\t<\/div>\n\t\t\t\t\t<\/div>\n\t\t<\/div>\n\t\t\t\t\t<\/div>\n\t\t<\/section>\n\t\t\t\t<\/div>\n\t\t","protected":false},"excerpt":{"rendered":"<p>Cuando tu correo electr\u00f3nico est\u00e9 listo, todo lo que tienes que hacer es enviarlo a tu lista de correo. Puedes optar por enviar la campa\u00f1a de inmediato o programarla para m\u00e1s tarde. Antes de proceder con el env\u00edo o la programaci\u00f3n, puedes ingresar una direcci\u00f3n de correo electr\u00f3nico en el campo designado, y te enviaremos [&hellip;]<\/p>\n","protected":false},"author":5,"featured_media":0,"parent":3110,"menu_order":0,"comment_status":"closed","ping_status":"closed","template":"","meta":{"_acf_changed":false,"inline_featured_image":false,"footnotes":""},"g1_relation_tag":[],"class_list":["post-3203","page","type-page","status-publish","hentry"],"acf":[],"yoast_head":"<!-- This site is optimized with the Yoast SEO plugin v24.8.1 - https:\/\/yoast.com\/wordpress\/plugins\/seo\/ -->\n<title>Env\u00ede su campa\u00f1a - Emailchef<\/title>\n<meta name=\"description\" content=\"Ahora es tiempo de difundir su mensaje!\" \/>\n<meta name=\"robots\" content=\"index, follow, max-snippet:-1, max-image-preview:large, max-video-preview:-1\" \/>\n<link rel=\"canonical\" href=\"https:\/\/emailchef.com\/es\/base-de-conocimiento\/envie-su-campana\/\" \/>\n<meta name=\"twitter:label1\" content=\"Tiempo de lectura\" \/>\n\t<meta name=\"twitter:data1\" content=\"2 minutos\" \/>\n<!-- \/ Yoast SEO plugin. -->","yoast_head_json":{"title":"Env\u00ede su campa\u00f1a - Emailchef","description":"Ahora es tiempo de difundir su mensaje!","robots":{"index":"index","follow":"follow","max-snippet":"max-snippet:-1","max-image-preview":"max-image-preview:large","max-video-preview":"max-video-preview:-1"},"canonical":"https:\/\/emailchef.com\/es\/base-de-conocimiento\/envie-su-campana\/","twitter_misc":{"Tiempo de lectura":"2 minutos"},"schema":{"@context":"https:\/\/schema.org","@graph":[{"@type":"WebPage","@id":"https:\/\/emailchef.com\/es\/base-de-conocimiento\/envie-su-campana\/","url":"https:\/\/emailchef.com\/es\/base-de-conocimiento\/envie-su-campana\/","name":"Env\u00ede su campa\u00f1a - Emailchef","isPartOf":{"@id":"https:\/\/emailchef.com\/es\/#website"},"primaryImageOfPage":{"@id":"https:\/\/emailchef.com\/es\/base-de-conocimiento\/envie-su-campana\/#primaryimage"},"image":{"@id":"https:\/\/emailchef.com\/es\/base-de-conocimiento\/envie-su-campana\/#primaryimage"},"thumbnailUrl":"https:\/\/emailchef.com\/wp-content\/uploads\/2024\/03\/envia-tu-campana-1-1024x413.png","datePublished":"2014-09-22T08:35:22+00:00","dateModified":"2024-03-06T09:43:29+00:00","description":"Ahora es tiempo de difundir su mensaje!","breadcrumb":{"@id":"https:\/\/emailchef.com\/es\/base-de-conocimiento\/envie-su-campana\/#breadcrumb"},"inLanguage":"es","potentialAction":[{"@type":"ReadAction","target":["https:\/\/emailchef.com\/es\/base-de-conocimiento\/envie-su-campana\/"]}]},{"@type":"ImageObject","inLanguage":"es","@id":"https:\/\/emailchef.com\/es\/base-de-conocimiento\/envie-su-campana\/#primaryimage","url":"https:\/\/emailchef.com\/wp-content\/uploads\/2024\/03\/envia-tu-campana-1-1024x413.png","contentUrl":"https:\/\/emailchef.com\/wp-content\/uploads\/2024\/03\/envia-tu-campana-1-1024x413.png"},{"@type":"BreadcrumbList","@id":"https:\/\/emailchef.com\/es\/base-de-conocimiento\/envie-su-campana\/#breadcrumb","itemListElement":[{"@type":"ListItem","position":1,"name":"Home","item":"https:\/\/emailchef.com\/es\/emailchef-email-marketing-services\/"},{"@type":"ListItem","position":2,"name":"Base de conocimiento","item":"https:\/\/emailchef.com\/es\/base-de-conocimiento\/"},{"@type":"ListItem","position":3,"name":"Env\u00eda tu campa\u00f1a"}]},{"@type":"WebSite","@id":"https:\/\/emailchef.com\/es\/#website","url":"https:\/\/emailchef.com\/es\/","name":"Emailchef","description":"Tasty recipes for email marketing","publisher":{"@id":"https:\/\/emailchef.com\/es\/#organization"},"potentialAction":[{"@type":"SearchAction","target":{"@type":"EntryPoint","urlTemplate":"https:\/\/emailchef.com\/es\/?s={search_term_string}"},"query-input":{"@type":"PropertyValueSpecification","valueRequired":true,"valueName":"search_term_string"}}],"inLanguage":"es"},{"@type":"Organization","@id":"https:\/\/emailchef.com\/es\/#organization","name":"Delivery Tech Corp.","url":"https:\/\/emailchef.com\/es\/","logo":{"@type":"ImageObject","inLanguage":"es","@id":"https:\/\/emailchef.com\/es\/#\/schema\/logo\/image\/","url":"https:\/\/emailchef.com\/wp-content\/uploads\/2022\/04\/logo-sama.png","contentUrl":"https:\/\/emailchef.com\/wp-content\/uploads\/2022\/04\/logo-sama.png","width":237,"height":80,"caption":"Delivery Tech Corp."},"image":{"@id":"https:\/\/emailchef.com\/es\/#\/schema\/logo\/image\/"}}]}},"_links":{"self":[{"href":"https:\/\/emailchef.com\/es\/wp-json\/wp\/v2\/pages\/3203"}],"collection":[{"href":"https:\/\/emailchef.com\/es\/wp-json\/wp\/v2\/pages"}],"about":[{"href":"https:\/\/emailchef.com\/es\/wp-json\/wp\/v2\/types\/page"}],"author":[{"embeddable":true,"href":"https:\/\/emailchef.com\/es\/wp-json\/wp\/v2\/users\/5"}],"replies":[{"embeddable":true,"href":"https:\/\/emailchef.com\/es\/wp-json\/wp\/v2\/comments?post=3203"}],"version-history":[{"count":8,"href":"https:\/\/emailchef.com\/es\/wp-json\/wp\/v2\/pages\/3203\/revisions"}],"predecessor-version":[{"id":71090,"href":"https:\/\/emailchef.com\/es\/wp-json\/wp\/v2\/pages\/3203\/revisions\/71090"}],"up":[{"embeddable":true,"href":"https:\/\/emailchef.com\/es\/wp-json\/wp\/v2\/pages\/3110"}],"wp:attachment":[{"href":"https:\/\/emailchef.com\/es\/wp-json\/wp\/v2\/media?parent=3203"}],"wp:term":[{"taxonomy":"g1_relation_tag","embeddable":true,"href":"https:\/\/emailchef.com\/es\/wp-json\/wp\/v2\/g1_relation_tag?post=3203"}],"curies":[{"name":"wp","href":"https:\/\/api.w.org\/{rel}","templated":true}]}}