{"id":3200,"date":"2014-09-22T08:37:23","date_gmt":"2014-09-22T08:37:23","guid":{"rendered":"http:\/\/emailchef.com\/es\/?page_id=3200"},"modified":"2021-04-07T09:56:43","modified_gmt":"2021-04-07T09:56:43","slug":"seleccion-del-evento-de-disparo","status":"publish","type":"page","link":"https:\/\/emailchef.com\/es\/base-de-conocimiento\/seleccion-del-evento-de-disparo\/","title":{"rendered":"Selecci\u00f3n del evento de disparo"},"content":{"rendered":"<p class=\"western\" lang=\"es-AR\">Usted ser\u00e1 redirigido a esta p\u00e1gina en la cual usted puede otorgar a su autoresponder un nombre y seleccionar el tipo de evento que lo disparar\u00e1:<\/p>\n<p><a href=\"https:\/\/emailchef.com\/wp-content\/uploads\/2021\/04\/Screenshot_137.jpg\" rel=\"lightbox\"><img fetchpriority=\"high\" decoding=\"async\" class=\"alignnone wp-image-38526 size-full\" src=\"https:\/\/emailchef.com\/wp-content\/uploads\/2021\/04\/Screenshot_137.jpg\" alt=\"\" width=\"1231\" height=\"712\" srcset=\"https:\/\/emailchef.com\/wp-content\/uploads\/2021\/04\/Screenshot_137.jpg 1231w, https:\/\/emailchef.com\/wp-content\/uploads\/2021\/04\/Screenshot_137-300x174.jpg 300w, https:\/\/emailchef.com\/wp-content\/uploads\/2021\/04\/Screenshot_137-768x444.jpg 768w, https:\/\/emailchef.com\/wp-content\/uploads\/2021\/04\/Screenshot_137-1024x592.jpg 1024w, https:\/\/emailchef.com\/wp-content\/uploads\/2021\/04\/Screenshot_137-968x560.jpg 968w, https:\/\/emailchef.com\/wp-content\/uploads\/2021\/04\/Screenshot_137-636x368.jpg 636w, https:\/\/emailchef.com\/wp-content\/uploads\/2021\/04\/Screenshot_137-320x185.jpg 320w, https:\/\/emailchef.com\/wp-content\/uploads\/2021\/04\/Screenshot_137-239x138.jpg 239w\" sizes=\"(max-width: 1231px) 100vw, 1231px\" \/><\/a><\/p>\n<p class=\"western\" lang=\"es-AR\">En particular, usted puede optar entre siete tipos diferentes de eventos:<\/p>\n<ul>\n<li><b>Suscripci\u00f3n<\/b><span style=\"font-weight: 400;\">: env\u00ede un correo autom\u00e1tico, como un mensaje de bienvenida, a los contactos que se suscriban a su lista.<\/span><\/li>\n<li><b>Fecha de cumplea\u00f1os:<\/b><span style=\"font-weight: 400;\"> env\u00ede un correo autom\u00e1tico con base en una fecha a sus contactos,por ejemplo su cumplea\u00f1os. Para activar este autoresponder, su lista necesitar\u00e1 tener un campo de fecha.<\/span><\/li>\n<li><b>Si abren una campa\u00f1a<\/b><span style=\"font-weight: 400;\">: Env\u00ede un mensaje autom\u00e1tico a los contactos que abran cualquiera de sus campa\u00f1as o una campa\u00f1a en espec\u00edfico.<\/span><\/li>\n<li><b>Si hacen clic en cualquier campa\u00f1a<\/b><span style=\"font-weight: 400;\">: env\u00ede un mensaje autom\u00e1tico a los contactos que hagan clic en cualquiera de sus campa\u00f1as.<\/span><\/li>\n<li><b>Si hacen clic en una campa\u00f1a espec\u00edfica<\/b><span style=\"font-weight: 400;\">: env\u00ede un correo autom\u00e1tico a los contactos que hagan clic en una campa\u00f1a en espec\u00edfico.<\/span><\/li>\n<li><b>Clic en un link espec\u00edfico de una campa\u00f1a:<\/b><span style=\"font-weight: 400;\"> env\u00ede un correo autom\u00e1tico a los contactos que hacen clic en un link espec\u00edfico de una campa\u00f1a.<\/span><\/li>\n<li><b>Si el contacto ingresa\u00a0 a un segmento espec\u00edfico:<\/b><span style=\"font-weight: 400;\"> env\u00ede un correo autom\u00e1tico a todos los contactos que ingresen a un segmento espec\u00edfico de una lista.<\/span><\/li>\n<\/ul>\n","protected":false},"excerpt":{"rendered":"<p>Usted ser\u00e1 redirigido a esta p\u00e1gina en la cual usted puede otorgar a su autoresponder un nombre y seleccionar el tipo de evento que lo disparar\u00e1: En particular, usted puede optar entre siete tipos diferentes de eventos: Suscripci\u00f3n: env\u00ede un correo autom\u00e1tico, como un mensaje de bienvenida, a los contactos que se suscriban a su [&hellip;]<\/p>\n","protected":false},"author":5,"featured_media":0,"parent":3110,"menu_order":0,"comment_status":"closed","ping_status":"closed","template":"","meta":{"_acf_changed":false,"inline_featured_image":false,"footnotes":""},"g1_relation_tag":[],"class_list":["post-3200","page","type-page","status-publish","hentry"],"acf":[],"yoast_head":"<!-- This site is optimized with the Yoast SEO plugin v24.8.1 - https:\/\/yoast.com\/wordpress\/plugins\/seo\/ -->\n<title>Selecci\u00f3n del evento de disparo - Emailchef<\/title>\n<meta name=\"description\" content=\"Usted ser\u00e1 redirigido a esta p\u00e1gina en la cual usted puede otorgar a su autoresponder un nombre y seleccionar el tipo de evento que lo disparar\u00e1\" \/>\n<meta name=\"robots\" content=\"index, follow, max-snippet:-1, max-image-preview:large, max-video-preview:-1\" \/>\n<link rel=\"canonical\" href=\"https:\/\/emailchef.com\/es\/base-de-conocimiento\/seleccion-del-evento-de-disparo\/\" \/>\n<meta name=\"twitter:label1\" content=\"Tiempo de lectura\" \/>\n\t<meta name=\"twitter:data1\" content=\"1 minuto\" \/>\n<!-- \/ Yoast SEO plugin. -->","yoast_head_json":{"title":"Selecci\u00f3n del evento de disparo - Emailchef","description":"Usted ser\u00e1 redirigido a esta p\u00e1gina en la cual usted puede otorgar a su autoresponder un nombre y seleccionar el tipo de evento que lo disparar\u00e1","robots":{"index":"index","follow":"follow","max-snippet":"max-snippet:-1","max-image-preview":"max-image-preview:large","max-video-preview":"max-video-preview:-1"},"canonical":"https:\/\/emailchef.com\/es\/base-de-conocimiento\/seleccion-del-evento-de-disparo\/","twitter_misc":{"Tiempo de lectura":"1 minuto"},"schema":{"@context":"https:\/\/schema.org","@graph":[{"@type":"WebPage","@id":"https:\/\/emailchef.com\/es\/base-de-conocimiento\/seleccion-del-evento-de-disparo\/","url":"https:\/\/emailchef.com\/es\/base-de-conocimiento\/seleccion-del-evento-de-disparo\/","name":"Selecci\u00f3n del evento de disparo - Emailchef","isPartOf":{"@id":"https:\/\/emailchef.com\/es\/#website"},"primaryImageOfPage":{"@id":"https:\/\/emailchef.com\/es\/base-de-conocimiento\/seleccion-del-evento-de-disparo\/#primaryimage"},"image":{"@id":"https:\/\/emailchef.com\/es\/base-de-conocimiento\/seleccion-del-evento-de-disparo\/#primaryimage"},"thumbnailUrl":"https:\/\/emailchef.com\/wp-content\/uploads\/2021\/04\/Screenshot_137.jpg","datePublished":"2014-09-22T08:37:23+00:00","dateModified":"2021-04-07T09:56:43+00:00","description":"Usted ser\u00e1 redirigido a esta p\u00e1gina en la cual usted puede otorgar a su autoresponder un nombre y seleccionar el tipo de evento que lo disparar\u00e1","breadcrumb":{"@id":"https:\/\/emailchef.com\/es\/base-de-conocimiento\/seleccion-del-evento-de-disparo\/#breadcrumb"},"inLanguage":"es","potentialAction":[{"@type":"ReadAction","target":["https:\/\/emailchef.com\/es\/base-de-conocimiento\/seleccion-del-evento-de-disparo\/"]}]},{"@type":"ImageObject","inLanguage":"es","@id":"https:\/\/emailchef.com\/es\/base-de-conocimiento\/seleccion-del-evento-de-disparo\/#primaryimage","url":"https:\/\/emailchef.com\/wp-content\/uploads\/2021\/04\/Screenshot_137.jpg","contentUrl":"https:\/\/emailchef.com\/wp-content\/uploads\/2021\/04\/Screenshot_137.jpg"},{"@type":"BreadcrumbList","@id":"https:\/\/emailchef.com\/es\/base-de-conocimiento\/seleccion-del-evento-de-disparo\/#breadcrumb","itemListElement":[{"@type":"ListItem","position":1,"name":"Home","item":"https:\/\/emailchef.com\/es\/emailchef-email-marketing-services\/"},{"@type":"ListItem","position":2,"name":"Base de conocimiento","item":"https:\/\/emailchef.com\/es\/base-de-conocimiento\/"},{"@type":"ListItem","position":3,"name":"Selecci\u00f3n del evento de disparo"}]},{"@type":"WebSite","@id":"https:\/\/emailchef.com\/es\/#website","url":"https:\/\/emailchef.com\/es\/","name":"Emailchef","description":"Tasty recipes for email marketing","publisher":{"@id":"https:\/\/emailchef.com\/es\/#organization"},"potentialAction":[{"@type":"SearchAction","target":{"@type":"EntryPoint","urlTemplate":"https:\/\/emailchef.com\/es\/?s={search_term_string}"},"query-input":{"@type":"PropertyValueSpecification","valueRequired":true,"valueName":"search_term_string"}}],"inLanguage":"es"},{"@type":"Organization","@id":"https:\/\/emailchef.com\/es\/#organization","name":"Delivery Tech Corp.","url":"https:\/\/emailchef.com\/es\/","logo":{"@type":"ImageObject","inLanguage":"es","@id":"https:\/\/emailchef.com\/es\/#\/schema\/logo\/image\/","url":"https:\/\/emailchef.com\/wp-content\/uploads\/2022\/04\/logo-sama.png","contentUrl":"https:\/\/emailchef.com\/wp-content\/uploads\/2022\/04\/logo-sama.png","width":237,"height":80,"caption":"Delivery Tech Corp."},"image":{"@id":"https:\/\/emailchef.com\/es\/#\/schema\/logo\/image\/"}}]}},"_links":{"self":[{"href":"https:\/\/emailchef.com\/es\/wp-json\/wp\/v2\/pages\/3200"}],"collection":[{"href":"https:\/\/emailchef.com\/es\/wp-json\/wp\/v2\/pages"}],"about":[{"href":"https:\/\/emailchef.com\/es\/wp-json\/wp\/v2\/types\/page"}],"author":[{"embeddable":true,"href":"https:\/\/emailchef.com\/es\/wp-json\/wp\/v2\/users\/5"}],"replies":[{"embeddable":true,"href":"https:\/\/emailchef.com\/es\/wp-json\/wp\/v2\/comments?post=3200"}],"version-history":[{"count":7,"href":"https:\/\/emailchef.com\/es\/wp-json\/wp\/v2\/pages\/3200\/revisions"}],"predecessor-version":[{"id":38542,"href":"https:\/\/emailchef.com\/es\/wp-json\/wp\/v2\/pages\/3200\/revisions\/38542"}],"up":[{"embeddable":true,"href":"https:\/\/emailchef.com\/es\/wp-json\/wp\/v2\/pages\/3110"}],"wp:attachment":[{"href":"https:\/\/emailchef.com\/es\/wp-json\/wp\/v2\/media?parent=3200"}],"wp:term":[{"taxonomy":"g1_relation_tag","embeddable":true,"href":"https:\/\/emailchef.com\/es\/wp-json\/wp\/v2\/g1_relation_tag?post=3200"}],"curies":[{"name":"wp","href":"https:\/\/api.w.org\/{rel}","templated":true}]}}