{"id":3197,"date":"2014-09-22T08:33:04","date_gmt":"2014-09-22T08:33:04","guid":{"rendered":"http:\/\/emailchef.com\/es\/?page_id=3197"},"modified":"2024-11-25T09:29:15","modified_gmt":"2024-11-25T09:29:15","slug":"seleccion-de-los-destinatarios","status":"publish","type":"page","link":"https:\/\/emailchef.com\/es\/base-de-conocimiento\/seleccion-de-los-destinatarios\/","title":{"rendered":"Selecciona los destinatarios y gestiona las exclusiones"},"content":{"rendered":"<p>En el tercer paso de la creaci\u00f3n de tu campa\u00f1a, podr\u00e1s seleccionar las listas o segmentos a los que deseas enviar el correo electr\u00f3nico. Ahora tambi\u00e9n tienes la posibilidad de excluir destinatarios espec\u00edficos utilizando una funci\u00f3n dedicada.<\/p>\n<p><a href=\"https:\/\/emailchef.com\/wp-content\/uploads\/2024\/11\/seleccionar_los_destinatarios_1b.png\" rel=\"lightbox\"><img decoding=\"async\" src=\"https:\/\/emailchef.com\/wp-content\/uploads\/2024\/11\/seleccionar_los_destinatarios_1b.png\" alt=\"Selecci\u00f3n de los destinatarios\" style=\"margin-top: 20px; margin-bottom: 20px\" \/><\/a><\/p>\n<h2>Env\u00edo a los destinatarios.<\/h2>\n<p>En la tabla \u201cEnviar a estas listas y segmentos\u201d, selecciona las listas y segmentos que deseas incluir en la campa\u00f1a.<\/p>\n<p>Como puede ver, es posible crear un nuevo segmento directamente durante el proceso de creaci\u00f3n de su campa\u00f1a, as\u00ed como en la creaci\u00f3n de una automatizaci\u00f3n o una campa\u00f1a de goteo.<\/p>\n<p>Simplemente haga clic en la opci\u00f3n \u201cCrear segmento\u201d para generar r\u00e1pidamente un segmento que cumpla con lo que usted necesite.<\/p>\n<p><a href=\"https:\/\/emailchef.com\/wp-content\/uploads\/2024\/03\/seleccionar_los_destinatarios_2.png\" rel=\"lightbox\"><img decoding=\"async\" src=\"https:\/\/emailchef.com\/wp-content\/uploads\/2024\/03\/seleccionar_los_destinatarios_2.png\" alt=\"Crear segmento\" style=\"margin-top: 20px; margin-bottom: 20px\" \/><\/a><\/p>\n<p>Una vez que haya creado su segmento, haga clic en \u201cGuardar y cerrar\u201d. El segmento reci\u00e9n creado se seleccionar\u00e1 autom\u00e1ticamente y se mostrar\u00e1 la etiqueta <em>NEW <\/em>para resaltarlo.<\/p>\n<p>Si desea hacer cambios en su segmento, haga clic en el icono de l\u00e1piz ubicado en el lado derecho de la fila del segmento. Podr\u00e1 editar las condiciones para construir el segmento.<\/p>\n<p><a href=\"https:\/\/emailchef.com\/wp-content\/uploads\/2024\/11\/seleccionar_los_destinatarios_3b.png\" rel=\"lightbox\"><img decoding=\"async\" src=\"https:\/\/emailchef.com\/wp-content\/uploads\/2024\/11\/seleccionar_los_destinatarios_3b.png\" alt=\"Editar segmento\" style=\"margin-top: 20px; margin-bottom: 20px\" \/><\/a><\/p>\n<p>Una vez que haya seleccionado la lista o segmento de su inter\u00e9s, se mostrar\u00e1 en el lado derecho el n\u00famero de destinatarios a los que se enviar\u00e1 el correo.<\/p>\n<p>Al hacer clic en \u201cVer destinatarios\u201d, podr\u00e1 ver la lista de sus destinatarios.<\/p>\n<p>Si un contacto est\u00e1 presente en m\u00faltiples listas de destinatarios, s\u00f3lo se enviar\u00e1 una vez. Los contactos enlistados en la lista negra est\u00e1n excluidos en el proceso de env\u00edo.<\/p>\n<h2>Exclusi\u00f3n de destinatarios.<\/h2>\n<p>Junto a la tabla \u201cEnviar a estas listas y segmentos\u201d, encontrar\u00e1s una nueva tabla para excluir contactos espec\u00edficos de tu campa\u00f1a. Esta opci\u00f3n est\u00e1 desactivada por defecto, pero puedes activarla para excluir listas o segmentos espec\u00edficos.<\/p>\n<p>Si un contacto est\u00e1 incluido tanto en la tabla \u201cEnviar a\u201d como en la de exclusi\u00f3n, se excluir\u00e1 autom\u00e1ticamente de la campa\u00f1a.<br \/>\nEsta funci\u00f3n te ofrece un control m\u00e1s preciso sobre tu p\u00fablico objetivo, asegurando que el mensaje llegue solo a la audiencia deseada.<\/p>\n<p>Una vez que todo est\u00e9 listo, haz clic en \u201cSiguiente\u201d para continuar.<\/p>\n","protected":false},"excerpt":{"rendered":"<p>En el tercer paso de la creaci\u00f3n de tu campa\u00f1a, podr\u00e1s seleccionar las listas o segmentos a los que deseas enviar el correo electr\u00f3nico. Ahora tambi\u00e9n tienes la posibilidad de excluir destinatarios espec\u00edficos utilizando una funci\u00f3n dedicada. Env\u00edo a los destinatarios. En la tabla \u201cEnviar a estas listas y segmentos\u201d, selecciona las listas y segmentos [&hellip;]<\/p>\n","protected":false},"author":5,"featured_media":0,"parent":3110,"menu_order":0,"comment_status":"closed","ping_status":"closed","template":"","meta":{"_acf_changed":false,"inline_featured_image":false,"footnotes":""},"g1_relation_tag":[],"class_list":["post-3197","page","type-page","status-publish","hentry"],"acf":[],"yoast_head":"<!-- This site is optimized with the Yoast SEO plugin v24.8.1 - https:\/\/yoast.com\/wordpress\/plugins\/seo\/ -->\n<title>Seleccionar los destinatarios - Emailchef<\/title>\n<meta name=\"description\" content=\"Emailchef muestra todas tus listas con todos los segmentos relativos para que puedas elegir f\u00e1cilmente a cu\u00e1l quieres enviar tu newsletter.\" \/>\n<meta name=\"robots\" content=\"index, follow, max-snippet:-1, max-image-preview:large, max-video-preview:-1\" \/>\n<link rel=\"canonical\" href=\"https:\/\/emailchef.com\/es\/base-de-conocimiento\/seleccion-de-los-destinatarios\/\" \/>\n<meta name=\"twitter:label1\" content=\"Tiempo de lectura\" \/>\n\t<meta name=\"twitter:data1\" content=\"3 minutos\" \/>\n<!-- \/ Yoast SEO plugin. -->","yoast_head_json":{"title":"Seleccionar los destinatarios - Emailchef","description":"Emailchef muestra todas tus listas con todos los segmentos relativos para que puedas elegir f\u00e1cilmente a cu\u00e1l quieres enviar tu newsletter.","robots":{"index":"index","follow":"follow","max-snippet":"max-snippet:-1","max-image-preview":"max-image-preview:large","max-video-preview":"max-video-preview:-1"},"canonical":"https:\/\/emailchef.com\/es\/base-de-conocimiento\/seleccion-de-los-destinatarios\/","twitter_misc":{"Tiempo de lectura":"3 minutos"},"schema":{"@context":"https:\/\/schema.org","@graph":[{"@type":"WebPage","@id":"https:\/\/emailchef.com\/es\/base-de-conocimiento\/seleccion-de-los-destinatarios\/","url":"https:\/\/emailchef.com\/es\/base-de-conocimiento\/seleccion-de-los-destinatarios\/","name":"Seleccionar los destinatarios - Emailchef","isPartOf":{"@id":"https:\/\/emailchef.com\/es\/#website"},"primaryImageOfPage":{"@id":"https:\/\/emailchef.com\/es\/base-de-conocimiento\/seleccion-de-los-destinatarios\/#primaryimage"},"image":{"@id":"https:\/\/emailchef.com\/es\/base-de-conocimiento\/seleccion-de-los-destinatarios\/#primaryimage"},"thumbnailUrl":"https:\/\/emailchef.com\/wp-content\/uploads\/2024\/11\/seleccionar_los_destinatarios_1b.png","datePublished":"2014-09-22T08:33:04+00:00","dateModified":"2024-11-25T09:29:15+00:00","description":"Emailchef muestra todas tus listas con todos los segmentos relativos para que puedas elegir f\u00e1cilmente a cu\u00e1l quieres enviar tu newsletter.","breadcrumb":{"@id":"https:\/\/emailchef.com\/es\/base-de-conocimiento\/seleccion-de-los-destinatarios\/#breadcrumb"},"inLanguage":"es","potentialAction":[{"@type":"ReadAction","target":["https:\/\/emailchef.com\/es\/base-de-conocimiento\/seleccion-de-los-destinatarios\/"]}]},{"@type":"ImageObject","inLanguage":"es","@id":"https:\/\/emailchef.com\/es\/base-de-conocimiento\/seleccion-de-los-destinatarios\/#primaryimage","url":"https:\/\/emailchef.com\/wp-content\/uploads\/2024\/11\/seleccionar_los_destinatarios_1b.png","contentUrl":"https:\/\/emailchef.com\/wp-content\/uploads\/2024\/11\/seleccionar_los_destinatarios_1b.png"},{"@type":"BreadcrumbList","@id":"https:\/\/emailchef.com\/es\/base-de-conocimiento\/seleccion-de-los-destinatarios\/#breadcrumb","itemListElement":[{"@type":"ListItem","position":1,"name":"Home","item":"https:\/\/emailchef.com\/es\/emailchef-email-marketing-services\/"},{"@type":"ListItem","position":2,"name":"Base de conocimiento","item":"https:\/\/emailchef.com\/es\/base-de-conocimiento\/"},{"@type":"ListItem","position":3,"name":"Selecciona los destinatarios y gestiona las exclusiones"}]},{"@type":"WebSite","@id":"https:\/\/emailchef.com\/es\/#website","url":"https:\/\/emailchef.com\/es\/","name":"Emailchef","description":"Tasty recipes for email marketing","publisher":{"@id":"https:\/\/emailchef.com\/es\/#organization"},"potentialAction":[{"@type":"SearchAction","target":{"@type":"EntryPoint","urlTemplate":"https:\/\/emailchef.com\/es\/?s={search_term_string}"},"query-input":{"@type":"PropertyValueSpecification","valueRequired":true,"valueName":"search_term_string"}}],"inLanguage":"es"},{"@type":"Organization","@id":"https:\/\/emailchef.com\/es\/#organization","name":"Delivery Tech Corp.","url":"https:\/\/emailchef.com\/es\/","logo":{"@type":"ImageObject","inLanguage":"es","@id":"https:\/\/emailchef.com\/es\/#\/schema\/logo\/image\/","url":"https:\/\/emailchef.com\/wp-content\/uploads\/2022\/04\/logo-sama.png","contentUrl":"https:\/\/emailchef.com\/wp-content\/uploads\/2022\/04\/logo-sama.png","width":237,"height":80,"caption":"Delivery Tech Corp."},"image":{"@id":"https:\/\/emailchef.com\/es\/#\/schema\/logo\/image\/"}}]}},"_links":{"self":[{"href":"https:\/\/emailchef.com\/es\/wp-json\/wp\/v2\/pages\/3197"}],"collection":[{"href":"https:\/\/emailchef.com\/es\/wp-json\/wp\/v2\/pages"}],"about":[{"href":"https:\/\/emailchef.com\/es\/wp-json\/wp\/v2\/types\/page"}],"author":[{"embeddable":true,"href":"https:\/\/emailchef.com\/es\/wp-json\/wp\/v2\/users\/5"}],"replies":[{"embeddable":true,"href":"https:\/\/emailchef.com\/es\/wp-json\/wp\/v2\/comments?post=3197"}],"version-history":[{"count":8,"href":"https:\/\/emailchef.com\/es\/wp-json\/wp\/v2\/pages\/3197\/revisions"}],"predecessor-version":[{"id":70718,"href":"https:\/\/emailchef.com\/es\/wp-json\/wp\/v2\/pages\/3197\/revisions\/70718"}],"up":[{"embeddable":true,"href":"https:\/\/emailchef.com\/es\/wp-json\/wp\/v2\/pages\/3110"}],"wp:attachment":[{"href":"https:\/\/emailchef.com\/es\/wp-json\/wp\/v2\/media?parent=3197"}],"wp:term":[{"taxonomy":"g1_relation_tag","embeddable":true,"href":"https:\/\/emailchef.com\/es\/wp-json\/wp\/v2\/g1_relation_tag?post=3197"}],"curies":[{"name":"wp","href":"https:\/\/api.w.org\/{rel}","templated":true}]}}