{"id":3195,"date":"2014-09-22T08:15:04","date_gmt":"2014-09-22T08:15:04","guid":{"rendered":"http:\/\/emailchef.com\/es\/?page_id=3195"},"modified":"2021-01-22T14:31:04","modified_gmt":"2021-01-22T14:31:04","slug":"registro-y-cumplimiento-de-la-ley-can-spam","status":"publish","type":"page","link":"https:\/\/emailchef.com\/es\/base-de-conocimiento\/registro-y-cumplimiento-de-la-ley-can-spam\/","title":{"rendered":"Registro y cumplimiento de la ley CAN-SPAM"},"content":{"rendered":"<p class=\"western\" lang=\"es-AR\">Para utilizar Emailchef es necesario <strong>cumplir con la ley CAN-SPAM<\/strong>: es decir los est\u00e1ndares nacionales de los Estados Unidos para el env\u00edo de emails promocionales.<\/p>\n<p class=\"western\" lang=\"es-AR\"><span style=\"font-weight: 400;\">Como parte de los requisitos de la CAN- SPAM, necesita incluir una <\/span><b>direcci\u00f3n postal v\u00e1lida<\/b><span style=\"font-weight: 400;\"> en todos sus emails, preferiblemente en el pie de p\u00e1gina. Tambi\u00e9n es obligatorio incluir un <\/span><b>link para desuscribirse<\/b><span style=\"font-weight: 400;\"> de sus newsletters.<\/span><\/p>\n<p lang=\"es-AR\"><a href=\"https:\/\/emailchef.com\/wp-content\/uploads\/2021\/01\/Screenshot_23.jpg\" rel=\"lightbox\"><img fetchpriority=\"high\" decoding=\"async\" class=\"alignnone wp-image-34836 size-full\" src=\"https:\/\/emailchef.com\/wp-content\/uploads\/2021\/01\/Screenshot_23.jpg\" alt=\"\" width=\"655\" height=\"270\" srcset=\"https:\/\/emailchef.com\/wp-content\/uploads\/2021\/01\/Screenshot_23.jpg 655w, https:\/\/emailchef.com\/wp-content\/uploads\/2021\/01\/Screenshot_23-300x124.jpg 300w, https:\/\/emailchef.com\/wp-content\/uploads\/2021\/01\/Screenshot_23-636x262.jpg 636w, https:\/\/emailchef.com\/wp-content\/uploads\/2021\/01\/Screenshot_23-320x132.jpg 320w, https:\/\/emailchef.com\/wp-content\/uploads\/2021\/01\/Screenshot_23-239x99.jpg 239w\" sizes=\"(max-width: 655px) 100vw, 655px\" \/><\/a><\/p>\n<p lang=\"es-AR\"><span style=\"font-weight: 400;\">Tome en cuenta que incluir una direcci\u00f3n postal no es suficiente para desempe\u00f1ar campa\u00f1as de email marketing de forma leg\u00edtima. Lo mejor es siempre enviar s\u00f3lo a aquellos contactos que dieron su <\/span><b>consentimiento<\/b><span style=\"font-weight: 400;\"> explicito para recibir sus emails.<\/span><\/p>\n","protected":false},"excerpt":{"rendered":"<p>Para utilizar Emailchef es necesario cumplir con la ley CAN-SPAM: es decir los est\u00e1ndares nacionales de los Estados Unidos para el env\u00edo de emails promocionales. Como parte de los requisitos de la CAN- SPAM, necesita incluir una direcci\u00f3n postal v\u00e1lida en todos sus emails, preferiblemente en el pie de p\u00e1gina. Tambi\u00e9n es obligatorio incluir un [&hellip;]<\/p>\n","protected":false},"author":5,"featured_media":0,"parent":3110,"menu_order":0,"comment_status":"closed","ping_status":"closed","template":"","meta":{"_acf_changed":false,"inline_featured_image":false,"footnotes":""},"g1_relation_tag":[],"class_list":["post-3195","page","type-page","status-publish","hentry"],"acf":[],"yoast_head":"<!-- This site is optimized with the Yoast SEO plugin v24.8.1 - https:\/\/yoast.com\/wordpress\/plugins\/seo\/ -->\n<title>Registro y cumplimiento de la ley CAN-SPAM -Emailchef<\/title>\n<meta name=\"description\" content=\"Para utilizar Emailchef es necesario cumplir con la ley CAN-SPAM: es decir los est\u00e1ndares nacionales de los Estados Unidos para el env\u00edo de emails promocionales.\" \/>\n<meta name=\"robots\" content=\"index, follow, max-snippet:-1, max-image-preview:large, max-video-preview:-1\" \/>\n<link rel=\"canonical\" href=\"https:\/\/emailchef.com\/es\/base-de-conocimiento\/registro-y-cumplimiento-de-la-ley-can-spam\/\" \/>\n<meta name=\"twitter:label1\" content=\"Tiempo de lectura\" \/>\n\t<meta name=\"twitter:data1\" content=\"1 minuto\" \/>\n<!-- \/ Yoast SEO plugin. -->","yoast_head_json":{"title":"Registro y cumplimiento de la ley CAN-SPAM -Emailchef","description":"Para utilizar Emailchef es necesario cumplir con la ley CAN-SPAM: es decir los est\u00e1ndares nacionales de los Estados Unidos para el env\u00edo de emails promocionales.","robots":{"index":"index","follow":"follow","max-snippet":"max-snippet:-1","max-image-preview":"max-image-preview:large","max-video-preview":"max-video-preview:-1"},"canonical":"https:\/\/emailchef.com\/es\/base-de-conocimiento\/registro-y-cumplimiento-de-la-ley-can-spam\/","twitter_misc":{"Tiempo de lectura":"1 minuto"},"schema":{"@context":"https:\/\/schema.org","@graph":[{"@type":"WebPage","@id":"https:\/\/emailchef.com\/es\/base-de-conocimiento\/registro-y-cumplimiento-de-la-ley-can-spam\/","url":"https:\/\/emailchef.com\/es\/base-de-conocimiento\/registro-y-cumplimiento-de-la-ley-can-spam\/","name":"Registro y cumplimiento de la ley CAN-SPAM -Emailchef","isPartOf":{"@id":"https:\/\/emailchef.com\/es\/#website"},"primaryImageOfPage":{"@id":"https:\/\/emailchef.com\/es\/base-de-conocimiento\/registro-y-cumplimiento-de-la-ley-can-spam\/#primaryimage"},"image":{"@id":"https:\/\/emailchef.com\/es\/base-de-conocimiento\/registro-y-cumplimiento-de-la-ley-can-spam\/#primaryimage"},"thumbnailUrl":"https:\/\/emailchef.com\/wp-content\/uploads\/2021\/01\/Screenshot_23.jpg","datePublished":"2014-09-22T08:15:04+00:00","dateModified":"2021-01-22T14:31:04+00:00","description":"Para utilizar Emailchef es necesario cumplir con la ley CAN-SPAM: es decir los est\u00e1ndares nacionales de los Estados Unidos para el env\u00edo de emails promocionales.","breadcrumb":{"@id":"https:\/\/emailchef.com\/es\/base-de-conocimiento\/registro-y-cumplimiento-de-la-ley-can-spam\/#breadcrumb"},"inLanguage":"es","potentialAction":[{"@type":"ReadAction","target":["https:\/\/emailchef.com\/es\/base-de-conocimiento\/registro-y-cumplimiento-de-la-ley-can-spam\/"]}]},{"@type":"ImageObject","inLanguage":"es","@id":"https:\/\/emailchef.com\/es\/base-de-conocimiento\/registro-y-cumplimiento-de-la-ley-can-spam\/#primaryimage","url":"https:\/\/emailchef.com\/wp-content\/uploads\/2021\/01\/Screenshot_23.jpg","contentUrl":"https:\/\/emailchef.com\/wp-content\/uploads\/2021\/01\/Screenshot_23.jpg"},{"@type":"BreadcrumbList","@id":"https:\/\/emailchef.com\/es\/base-de-conocimiento\/registro-y-cumplimiento-de-la-ley-can-spam\/#breadcrumb","itemListElement":[{"@type":"ListItem","position":1,"name":"Home","item":"https:\/\/emailchef.com\/es\/emailchef-email-marketing-services\/"},{"@type":"ListItem","position":2,"name":"Base de conocimiento","item":"https:\/\/emailchef.com\/es\/base-de-conocimiento\/"},{"@type":"ListItem","position":3,"name":"Registro y cumplimiento de la ley CAN-SPAM"}]},{"@type":"WebSite","@id":"https:\/\/emailchef.com\/es\/#website","url":"https:\/\/emailchef.com\/es\/","name":"Emailchef","description":"Tasty recipes for email marketing","publisher":{"@id":"https:\/\/emailchef.com\/es\/#organization"},"potentialAction":[{"@type":"SearchAction","target":{"@type":"EntryPoint","urlTemplate":"https:\/\/emailchef.com\/es\/?s={search_term_string}"},"query-input":{"@type":"PropertyValueSpecification","valueRequired":true,"valueName":"search_term_string"}}],"inLanguage":"es"},{"@type":"Organization","@id":"https:\/\/emailchef.com\/es\/#organization","name":"Delivery Tech Corp.","url":"https:\/\/emailchef.com\/es\/","logo":{"@type":"ImageObject","inLanguage":"es","@id":"https:\/\/emailchef.com\/es\/#\/schema\/logo\/image\/","url":"https:\/\/emailchef.com\/wp-content\/uploads\/2022\/04\/logo-sama.png","contentUrl":"https:\/\/emailchef.com\/wp-content\/uploads\/2022\/04\/logo-sama.png","width":237,"height":80,"caption":"Delivery Tech Corp."},"image":{"@id":"https:\/\/emailchef.com\/es\/#\/schema\/logo\/image\/"}}]}},"_links":{"self":[{"href":"https:\/\/emailchef.com\/es\/wp-json\/wp\/v2\/pages\/3195"}],"collection":[{"href":"https:\/\/emailchef.com\/es\/wp-json\/wp\/v2\/pages"}],"about":[{"href":"https:\/\/emailchef.com\/es\/wp-json\/wp\/v2\/types\/page"}],"author":[{"embeddable":true,"href":"https:\/\/emailchef.com\/es\/wp-json\/wp\/v2\/users\/5"}],"replies":[{"embeddable":true,"href":"https:\/\/emailchef.com\/es\/wp-json\/wp\/v2\/comments?post=3195"}],"version-history":[{"count":3,"href":"https:\/\/emailchef.com\/es\/wp-json\/wp\/v2\/pages\/3195\/revisions"}],"predecessor-version":[{"id":34852,"href":"https:\/\/emailchef.com\/es\/wp-json\/wp\/v2\/pages\/3195\/revisions\/34852"}],"up":[{"embeddable":true,"href":"https:\/\/emailchef.com\/es\/wp-json\/wp\/v2\/pages\/3110"}],"wp:attachment":[{"href":"https:\/\/emailchef.com\/es\/wp-json\/wp\/v2\/media?parent=3195"}],"wp:term":[{"taxonomy":"g1_relation_tag","embeddable":true,"href":"https:\/\/emailchef.com\/es\/wp-json\/wp\/v2\/g1_relation_tag?post=3195"}],"curies":[{"name":"wp","href":"https:\/\/api.w.org\/{rel}","templated":true}]}}