{"id":3191,"date":"2014-09-22T08:38:02","date_gmt":"2014-09-22T08:38:02","guid":{"rendered":"http:\/\/emailchef.com\/es\/?page_id=3191"},"modified":"2016-02-11T14:34:47","modified_gmt":"2016-02-11T14:34:47","slug":"resumen-importancia-de-los-reportes","status":"publish","type":"page","link":"https:\/\/emailchef.com\/es\/base-de-conocimiento\/resumen-importancia-de-los-reportes\/","title":{"rendered":"Resumen e importancia de los reportes"},"content":{"rendered":"<p class=\"western\" lang=\"es-AR\">El objetivo de cualquier campa\u00f1a de marketing por email es <strong>obtener resultados<\/strong>. Ya sea que el resultado deseado consista en incrementar su base de suscriptores, generar contactos para su negocio o vender m\u00e1s productos, existe<strong> s\u00f3lo una forma de conocer si est\u00e1 alcanzando sus objetivos<\/strong>. Si no est\u00e1 realizando un seguimiento de sus resultados con an\u00e1lisis cualitativos, nunca puede conocer realmente si sus campa\u00f1as son efectivas.<\/p>\n<p class=\"western\" lang=\"es-AR\">Sin importar la naturaleza de su negocio, siempre existen una cantidad de m\u00e9tricas que usted necesita conocer. El mantener un ojo sobre las mismas le ayudar\u00e1 a determinar sus resultados, pero tambi\u00e9n pueden permitirle <strong>mejorar su rendimiento<\/strong> y lograr que cada campa\u00f1a futura sea m\u00e1s efectiva.<\/p>\n<p class=\"western\"><span lang=\"es-AR\">Una vez que usted sabe que lo ha hecho bien, ser\u00e1 m\u00e1s f\u00e1cil hacer las cosas mejor a\u00fan. Simplemente es importante, conocer qu\u00e9 partes de su campa\u00f1a no funcionan bien para <strong>mejorar su mensaje y evitar errores costosos<\/strong>. <\/span><\/p>\n<p class=\"western\">Al realizar un seguimiento de factores tales como tasas de clics, tasas de conversi\u00f3n, tasas de aperturas, tasas de devoluciones, y el Retorno de la Inversi\u00f3n real usted puede medir la efectividad de sus campa\u00f1as actuales y construir sobre este \u00e9xito sus futuras campa\u00f1as.<\/p>\n<p>&nbsp;<\/p>\n","protected":false},"excerpt":{"rendered":"<p>El objetivo de cualquier campa\u00f1a de marketing por email es obtener resultados. Ya sea que el resultado deseado consista en incrementar su base de suscriptores, generar contactos para su negocio o vender m\u00e1s productos, existe s\u00f3lo una forma de conocer si est\u00e1 alcanzando sus objetivos. Si no est\u00e1 realizando un seguimiento de sus resultados con [&hellip;]<\/p>\n","protected":false},"author":5,"featured_media":0,"parent":3110,"menu_order":0,"comment_status":"closed","ping_status":"closed","template":"","meta":{"_acf_changed":false,"inline_featured_image":false,"footnotes":""},"g1_relation_tag":[],"class_list":["post-3191","page","type-page","status-publish","hentry"],"acf":[],"yoast_head":"<!-- This site is optimized with the Yoast SEO plugin v24.8.1 - https:\/\/yoast.com\/wordpress\/plugins\/seo\/ -->\n<title>Resumen e importancia de los reportes - Emailchef<\/title>\n<meta name=\"description\" content=\"El objetivo de cualquier campa\u00f1a de marketing por email es obtener resultados.\" \/>\n<meta name=\"robots\" content=\"index, follow, max-snippet:-1, max-image-preview:large, max-video-preview:-1\" \/>\n<link rel=\"canonical\" href=\"https:\/\/emailchef.com\/es\/base-de-conocimiento\/resumen-importancia-de-los-reportes\/\" \/>\n<meta name=\"twitter:label1\" content=\"Tiempo de lectura\" \/>\n\t<meta name=\"twitter:data1\" content=\"1 minuto\" \/>\n<!-- \/ Yoast SEO plugin. -->","yoast_head_json":{"title":"Resumen e importancia de los reportes - Emailchef","description":"El objetivo de cualquier campa\u00f1a de marketing por email es obtener resultados.","robots":{"index":"index","follow":"follow","max-snippet":"max-snippet:-1","max-image-preview":"max-image-preview:large","max-video-preview":"max-video-preview:-1"},"canonical":"https:\/\/emailchef.com\/es\/base-de-conocimiento\/resumen-importancia-de-los-reportes\/","twitter_misc":{"Tiempo de lectura":"1 minuto"},"schema":{"@context":"https:\/\/schema.org","@graph":[{"@type":"WebPage","@id":"https:\/\/emailchef.com\/es\/base-de-conocimiento\/resumen-importancia-de-los-reportes\/","url":"https:\/\/emailchef.com\/es\/base-de-conocimiento\/resumen-importancia-de-los-reportes\/","name":"Resumen e importancia de los reportes - Emailchef","isPartOf":{"@id":"https:\/\/emailchef.com\/es\/#website"},"datePublished":"2014-09-22T08:38:02+00:00","dateModified":"2016-02-11T14:34:47+00:00","description":"El objetivo de cualquier campa\u00f1a de marketing por email es obtener resultados.","breadcrumb":{"@id":"https:\/\/emailchef.com\/es\/base-de-conocimiento\/resumen-importancia-de-los-reportes\/#breadcrumb"},"inLanguage":"es","potentialAction":[{"@type":"ReadAction","target":["https:\/\/emailchef.com\/es\/base-de-conocimiento\/resumen-importancia-de-los-reportes\/"]}]},{"@type":"BreadcrumbList","@id":"https:\/\/emailchef.com\/es\/base-de-conocimiento\/resumen-importancia-de-los-reportes\/#breadcrumb","itemListElement":[{"@type":"ListItem","position":1,"name":"Home","item":"https:\/\/emailchef.com\/es\/emailchef-email-marketing-services\/"},{"@type":"ListItem","position":2,"name":"Base de conocimiento","item":"https:\/\/emailchef.com\/es\/base-de-conocimiento\/"},{"@type":"ListItem","position":3,"name":"Resumen e importancia de los reportes"}]},{"@type":"WebSite","@id":"https:\/\/emailchef.com\/es\/#website","url":"https:\/\/emailchef.com\/es\/","name":"Emailchef","description":"Tasty recipes for email marketing","publisher":{"@id":"https:\/\/emailchef.com\/es\/#organization"},"potentialAction":[{"@type":"SearchAction","target":{"@type":"EntryPoint","urlTemplate":"https:\/\/emailchef.com\/es\/?s={search_term_string}"},"query-input":{"@type":"PropertyValueSpecification","valueRequired":true,"valueName":"search_term_string"}}],"inLanguage":"es"},{"@type":"Organization","@id":"https:\/\/emailchef.com\/es\/#organization","name":"Delivery Tech Corp.","url":"https:\/\/emailchef.com\/es\/","logo":{"@type":"ImageObject","inLanguage":"es","@id":"https:\/\/emailchef.com\/es\/#\/schema\/logo\/image\/","url":"https:\/\/emailchef.com\/wp-content\/uploads\/2022\/04\/logo-sama.png","contentUrl":"https:\/\/emailchef.com\/wp-content\/uploads\/2022\/04\/logo-sama.png","width":237,"height":80,"caption":"Delivery Tech Corp."},"image":{"@id":"https:\/\/emailchef.com\/es\/#\/schema\/logo\/image\/"}}]}},"_links":{"self":[{"href":"https:\/\/emailchef.com\/es\/wp-json\/wp\/v2\/pages\/3191"}],"collection":[{"href":"https:\/\/emailchef.com\/es\/wp-json\/wp\/v2\/pages"}],"about":[{"href":"https:\/\/emailchef.com\/es\/wp-json\/wp\/v2\/types\/page"}],"author":[{"embeddable":true,"href":"https:\/\/emailchef.com\/es\/wp-json\/wp\/v2\/users\/5"}],"replies":[{"embeddable":true,"href":"https:\/\/emailchef.com\/es\/wp-json\/wp\/v2\/comments?post=3191"}],"version-history":[{"count":1,"href":"https:\/\/emailchef.com\/es\/wp-json\/wp\/v2\/pages\/3191\/revisions"}],"predecessor-version":[{"id":3192,"href":"https:\/\/emailchef.com\/es\/wp-json\/wp\/v2\/pages\/3191\/revisions\/3192"}],"up":[{"embeddable":true,"href":"https:\/\/emailchef.com\/es\/wp-json\/wp\/v2\/pages\/3110"}],"wp:attachment":[{"href":"https:\/\/emailchef.com\/es\/wp-json\/wp\/v2\/media?parent=3191"}],"wp:term":[{"taxonomy":"g1_relation_tag","embeddable":true,"href":"https:\/\/emailchef.com\/es\/wp-json\/wp\/v2\/g1_relation_tag?post=3191"}],"curies":[{"name":"wp","href":"https:\/\/api.w.org\/{rel}","templated":true}]}}