{"id":3187,"date":"2014-09-22T08:39:23","date_gmt":"2014-09-22T08:39:23","guid":{"rendered":"http:\/\/emailchef.com\/es\/?page_id=3187"},"modified":"2021-07-27T15:31:59","modified_gmt":"2021-07-27T15:31:59","slug":"detalles-de-metricas","status":"publish","type":"page","link":"https:\/\/emailchef.com\/es\/base-de-conocimiento\/detalles-de-metricas\/","title":{"rendered":"Detalles de m\u00e9tricas"},"content":{"rendered":"<h3 class=\"western\" lang=\"es-AR\"><span style=\"font-weight: 400;\">Descripci\u00f3n General de la Campa\u00f1a<\/span><\/h3>\n<p><a href=\"https:\/\/emailchef.com\/wp-content\/uploads\/2021\/04\/Screenshot_158.jpg\" rel=\"lightbox\"><img fetchpriority=\"high\" decoding=\"async\" class=\"alignnone wp-image-39000 size-full\" src=\"https:\/\/emailchef.com\/wp-content\/uploads\/2021\/04\/Screenshot_158.jpg\" alt=\"\" width=\"1192\" height=\"233\" srcset=\"https:\/\/emailchef.com\/wp-content\/uploads\/2021\/04\/Screenshot_158.jpg 1192w, https:\/\/emailchef.com\/wp-content\/uploads\/2021\/04\/Screenshot_158-300x59.jpg 300w, https:\/\/emailchef.com\/wp-content\/uploads\/2021\/04\/Screenshot_158-768x150.jpg 768w, https:\/\/emailchef.com\/wp-content\/uploads\/2021\/04\/Screenshot_158-1024x200.jpg 1024w, https:\/\/emailchef.com\/wp-content\/uploads\/2021\/04\/Screenshot_158-968x189.jpg 968w, https:\/\/emailchef.com\/wp-content\/uploads\/2021\/04\/Screenshot_158-636x124.jpg 636w, https:\/\/emailchef.com\/wp-content\/uploads\/2021\/04\/Screenshot_158-320x63.jpg 320w, https:\/\/emailchef.com\/wp-content\/uploads\/2021\/04\/Screenshot_158-239x47.jpg 239w\" sizes=\"(max-width: 1192px) 100vw, 1192px\" \/><\/a><\/p>\n<p><span style=\"font-weight: 400;\">Al hacer clic en uno de los valores num\u00e9ricos, se muestra la informaci\u00f3n a detalle. Por ejemplo, si hace clic en el n\u00famero de las Aperturas \u00danicas, podr\u00e1 ver la lista de contactos que abrieron su mensaje al menos una vez. <strong>Todas las listas correspondientes a los reportes se pueden descargar como archivo CSV o JSON<\/strong> haciendo clic en los botones que aparecen en la ventana emergente.<\/span><\/p>\n<p><a href=\"https:\/\/emailchef.com\/wp-content\/uploads\/2021\/04\/Screenshot_159-2.jpg\" rel=\"lightbox\"><img decoding=\"async\" class=\"alignnone wp-image-39130 size-full\" src=\"https:\/\/emailchef.com\/wp-content\/uploads\/2021\/04\/Screenshot_159-2.jpg\" alt=\"\" width=\"683\" height=\"409\" srcset=\"https:\/\/emailchef.com\/wp-content\/uploads\/2021\/04\/Screenshot_159-2.jpg 683w, https:\/\/emailchef.com\/wp-content\/uploads\/2021\/04\/Screenshot_159-2-300x180.jpg 300w, https:\/\/emailchef.com\/wp-content\/uploads\/2021\/04\/Screenshot_159-2-636x381.jpg 636w, https:\/\/emailchef.com\/wp-content\/uploads\/2021\/04\/Screenshot_159-2-320x192.jpg 320w, https:\/\/emailchef.com\/wp-content\/uploads\/2021\/04\/Screenshot_159-2-239x143.jpg 239w\" sizes=\"(max-width: 683px) 100vw, 683px\" \/><\/a><\/p>\n<p><span style=\"font-weight: 400;\">Arriba a la derecha de la descripci\u00f3n general, tambi\u00e9n puede <strong>guardar su campa\u00f1a como PDF<\/strong>, s\u00f3lo haga clic en el bot\u00f3n \u201cIMPRIMIR\u201d. Tambi\u00e9n puede <strong>imprimir el informe completo.<\/strong><\/span><\/p>\n<p><a href=\"https:\/\/emailchef.com\/wp-content\/uploads\/2021\/04\/Screenshot_160.jpg\" rel=\"lightbox\"><img decoding=\"async\" class=\"alignnone wp-image-39046 size-full\" src=\"https:\/\/emailchef.com\/wp-content\/uploads\/2021\/04\/Screenshot_160.jpg\" alt=\"\" width=\"1212\" height=\"571\" srcset=\"https:\/\/emailchef.com\/wp-content\/uploads\/2021\/04\/Screenshot_160.jpg 1212w, https:\/\/emailchef.com\/wp-content\/uploads\/2021\/04\/Screenshot_160-300x141.jpg 300w, https:\/\/emailchef.com\/wp-content\/uploads\/2021\/04\/Screenshot_160-768x362.jpg 768w, https:\/\/emailchef.com\/wp-content\/uploads\/2021\/04\/Screenshot_160-1024x482.jpg 1024w, https:\/\/emailchef.com\/wp-content\/uploads\/2021\/04\/Screenshot_160-968x456.jpg 968w, https:\/\/emailchef.com\/wp-content\/uploads\/2021\/04\/Screenshot_160-636x300.jpg 636w, https:\/\/emailchef.com\/wp-content\/uploads\/2021\/04\/Screenshot_160-320x151.jpg 320w, https:\/\/emailchef.com\/wp-content\/uploads\/2021\/04\/Screenshot_160-239x113.jpg 239w\" sizes=\"(max-width: 1212px) 100vw, 1212px\" \/><\/a><\/p>\n<p><a href=\"https:\/\/emailchef.com\/wp-content\/uploads\/2021\/04\/Screenshot_162.jpg\" rel=\"lightbox\"><img loading=\"lazy\" decoding=\"async\" class=\"alignnone wp-image-39080 size-full\" src=\"https:\/\/emailchef.com\/wp-content\/uploads\/2021\/04\/Screenshot_162.jpg\" alt=\"\" width=\"724\" height=\"624\" srcset=\"https:\/\/emailchef.com\/wp-content\/uploads\/2021\/04\/Screenshot_162.jpg 724w, https:\/\/emailchef.com\/wp-content\/uploads\/2021\/04\/Screenshot_162-300x259.jpg 300w, https:\/\/emailchef.com\/wp-content\/uploads\/2021\/04\/Screenshot_162-636x548.jpg 636w, https:\/\/emailchef.com\/wp-content\/uploads\/2021\/04\/Screenshot_162-320x276.jpg 320w, https:\/\/emailchef.com\/wp-content\/uploads\/2021\/04\/Screenshot_162-239x206.jpg 239w\" sizes=\"(max-width: 724px) 100vw, 724px\" \/><\/a><\/p>\n<p><a href=\"https:\/\/emailchef.com\/wp-content\/uploads\/2021\/04\/Screenshot_161.jpg\" rel=\"lightbox\"><img loading=\"lazy\" decoding=\"async\" class=\"alignnone wp-image-39062 size-full\" src=\"https:\/\/emailchef.com\/wp-content\/uploads\/2021\/04\/Screenshot_161.jpg\" alt=\"\" width=\"1344\" height=\"728\" srcset=\"https:\/\/emailchef.com\/wp-content\/uploads\/2021\/04\/Screenshot_161.jpg 1344w, https:\/\/emailchef.com\/wp-content\/uploads\/2021\/04\/Screenshot_161-300x163.jpg 300w, https:\/\/emailchef.com\/wp-content\/uploads\/2021\/04\/Screenshot_161-768x416.jpg 768w, https:\/\/emailchef.com\/wp-content\/uploads\/2021\/04\/Screenshot_161-1024x555.jpg 1024w, https:\/\/emailchef.com\/wp-content\/uploads\/2021\/04\/Screenshot_161-968x524.jpg 968w, https:\/\/emailchef.com\/wp-content\/uploads\/2021\/04\/Screenshot_161-636x345.jpg 636w, https:\/\/emailchef.com\/wp-content\/uploads\/2021\/04\/Screenshot_161-320x173.jpg 320w, https:\/\/emailchef.com\/wp-content\/uploads\/2021\/04\/Screenshot_161-239x129.jpg 239w\" sizes=\"(max-width: 1344px) 100vw, 1344px\" \/><\/a><\/p>\n<h3>Cronolog\u00eda de Aperturas<\/h3>\n<p><span style=\"font-weight: 400;\">La gr\u00e1fica de Cronolog\u00eda de Aperturas le permite mostrar una sola l\u00ednea o varias l\u00edneas del gr\u00e1fico al mismo tiempo.<\/span><\/p>\n<p><span style=\"font-weight: 400;\">Tambi\u00e9n puede observar el desempe\u00f1o de su campa\u00f1a a lo largo de un per\u00edodo de tiempo determinado. Haga clic en el icono de calendario, indique el per\u00edodo de tiempo del cual desea ver el resultado seleccionando la fecha de inicio y la fecha final, luego haga clic en &#8220;APLICAR&#8221;.<\/span><\/p>\n<p><a href=\"https:\/\/emailchef.com\/wp-content\/uploads\/2021\/04\/Screenshot_163-2.jpg\" rel=\"lightbox\"><img loading=\"lazy\" decoding=\"async\" class=\"alignnone wp-image-39164 size-full\" src=\"https:\/\/emailchef.com\/wp-content\/uploads\/2021\/04\/Screenshot_163-2.jpg\" alt=\"\" width=\"1216\" height=\"652\" srcset=\"https:\/\/emailchef.com\/wp-content\/uploads\/2021\/04\/Screenshot_163-2.jpg 1216w, https:\/\/emailchef.com\/wp-content\/uploads\/2021\/04\/Screenshot_163-2-300x161.jpg 300w, https:\/\/emailchef.com\/wp-content\/uploads\/2021\/04\/Screenshot_163-2-768x412.jpg 768w, https:\/\/emailchef.com\/wp-content\/uploads\/2021\/04\/Screenshot_163-2-1024x549.jpg 1024w, https:\/\/emailchef.com\/wp-content\/uploads\/2021\/04\/Screenshot_163-2-968x519.jpg 968w, https:\/\/emailchef.com\/wp-content\/uploads\/2021\/04\/Screenshot_163-2-636x341.jpg 636w, https:\/\/emailchef.com\/wp-content\/uploads\/2021\/04\/Screenshot_163-2-320x172.jpg 320w, https:\/\/emailchef.com\/wp-content\/uploads\/2021\/04\/Screenshot_163-2-239x128.jpg 239w\" sizes=\"(max-width: 1216px) 100vw, 1216px\" \/><\/a><\/p>\n<p><span style=\"font-weight: 400;\">Al hacer clic en la opci\u00f3n &#8220;POR HORA&#8221;, podr\u00e1 ver el desempe\u00f1o de su campa\u00f1a por hora en el per\u00edodo de tiempo elegido.<\/span><\/p>\n<p><a href=\"https:\/\/emailchef.com\/wp-content\/uploads\/2021\/04\/Screenshot_164.jpg\" rel=\"lightbox\"><img loading=\"lazy\" decoding=\"async\" class=\"alignnone wp-image-39180 size-full\" src=\"https:\/\/emailchef.com\/wp-content\/uploads\/2021\/04\/Screenshot_164.jpg\" alt=\"\" width=\"1213\" height=\"652\" srcset=\"https:\/\/emailchef.com\/wp-content\/uploads\/2021\/04\/Screenshot_164.jpg 1213w, https:\/\/emailchef.com\/wp-content\/uploads\/2021\/04\/Screenshot_164-300x161.jpg 300w, https:\/\/emailchef.com\/wp-content\/uploads\/2021\/04\/Screenshot_164-768x413.jpg 768w, https:\/\/emailchef.com\/wp-content\/uploads\/2021\/04\/Screenshot_164-1024x550.jpg 1024w, https:\/\/emailchef.com\/wp-content\/uploads\/2021\/04\/Screenshot_164-968x520.jpg 968w, https:\/\/emailchef.com\/wp-content\/uploads\/2021\/04\/Screenshot_164-636x342.jpg 636w, https:\/\/emailchef.com\/wp-content\/uploads\/2021\/04\/Screenshot_164-320x172.jpg 320w, https:\/\/emailchef.com\/wp-content\/uploads\/2021\/04\/Screenshot_164-239x128.jpg 239w\" sizes=\"(max-width: 1213px) 100vw, 1213px\" \/><\/a><\/p>\n<p><span style=\"font-weight: 400;\">Para saber m\u00e1s sobre c\u00f3mo ver y rastrear sus estad\u00edsticas, le invitamos a ver este video tutorial:<\/span><\/p>\n<div class=\"lyte-wrapper\" title=\"[ES] Presentando los reportes de campa&ntilde;a\" style=\"width:640px;max-width:100%;margin:5px;\"><div class=\"lyMe\" id=\"WYL_jriF2DkJwMc\"><div id=\"lyte_jriF2DkJwMc\" data-src=\"https:\/\/emailchef.com\/wp-content\/plugins\/wp-youtube-lyte\/lyteCache.php?origThumbUrl=https%3A%2F%2Fi.ytimg.com%2Fvi%2FjriF2DkJwMc%2Fhqdefault.jpg\" class=\"pL\"><div class=\"tC\"><div class=\"tT\">[ES] Presentando los reportes de campa\u00f1a<\/div><\/div><div class=\"play\"><\/div><div class=\"ctrl\"><div class=\"Lctrl\"><\/div><div class=\"Rctrl\"><\/div><\/div><\/div><noscript><a href=\"https:\/\/youtu.be\/jriF2DkJwMc\" rel=\"nofollow\"><img loading=\"lazy\" decoding=\"async\" src=\"https:\/\/emailchef.com\/wp-content\/plugins\/wp-youtube-lyte\/lyteCache.php?origThumbUrl=https%3A%2F%2Fi.ytimg.com%2Fvi%2FjriF2DkJwMc%2F0.jpg\" alt=\"[ES] Presentando los reportes de campa&ntilde;a\" width=\"640\" height=\"340\" \/><br \/>Mire este video en YouTube<\/a><\/noscript><\/div><\/div><div class=\"lL\" style=\"max-width:100%;width:640px;margin:5px;\"><\/div>\n<div class=\"ec-video-button hide centered\">\n\t<a href=\"https:\/\/youtu.be\/jriF2DkJwMc\" rel=\"prettyPhoto\" title=\"Reproducir v\u00eddeo\">Reproducir v\u00eddeo <i class=\"fa fa-play-circle fa-2x\"><\/i><\/a>\n<\/div>\n","protected":false},"excerpt":{"rendered":"<p>Descripci\u00f3n General de la Campa\u00f1a Al hacer clic en uno de los valores num\u00e9ricos, se muestra la informaci\u00f3n a detalle. Por ejemplo, si hace clic en el n\u00famero de las Aperturas \u00danicas, podr\u00e1 ver la lista de contactos que abrieron su mensaje al menos una vez. Todas las listas correspondientes a los reportes se pueden [&hellip;]<\/p>\n","protected":false},"author":5,"featured_media":0,"parent":3110,"menu_order":0,"comment_status":"closed","ping_status":"closed","template":"","meta":{"_acf_changed":false,"inline_featured_image":false,"footnotes":""},"g1_relation_tag":[],"class_list":["post-3187","page","type-page","status-publish","hentry"],"acf":[],"yoast_head":"<!-- This site is optimized with the Yoast SEO plugin v24.8.1 - https:\/\/yoast.com\/wordpress\/plugins\/seo\/ -->\n<title>Detalles de m\u00e9tricas - Emailchef<\/title>\n<meta name=\"description\" content=\"En cada resumen de reporte, le mostramos el rendimiento de su campa\u00f1a con respecto a las m\u00e9tricas m\u00e1s importantes.\" \/>\n<meta name=\"robots\" content=\"index, follow, max-snippet:-1, max-image-preview:large, max-video-preview:-1\" \/>\n<link rel=\"canonical\" href=\"https:\/\/emailchef.com\/es\/base-de-conocimiento\/detalles-de-metricas\/\" \/>\n<meta name=\"twitter:label1\" content=\"Tiempo de lectura\" \/>\n\t<meta name=\"twitter:data1\" content=\"3 minutos\" \/>\n<!-- \/ Yoast SEO plugin. -->","yoast_head_json":{"title":"Detalles de m\u00e9tricas - Emailchef","description":"En cada resumen de reporte, le mostramos el rendimiento de su campa\u00f1a con respecto a las m\u00e9tricas m\u00e1s importantes.","robots":{"index":"index","follow":"follow","max-snippet":"max-snippet:-1","max-image-preview":"max-image-preview:large","max-video-preview":"max-video-preview:-1"},"canonical":"https:\/\/emailchef.com\/es\/base-de-conocimiento\/detalles-de-metricas\/","twitter_misc":{"Tiempo de lectura":"3 minutos"},"schema":{"@context":"https:\/\/schema.org","@graph":[{"@type":"WebPage","@id":"https:\/\/emailchef.com\/es\/base-de-conocimiento\/detalles-de-metricas\/","url":"https:\/\/emailchef.com\/es\/base-de-conocimiento\/detalles-de-metricas\/","name":"Detalles de m\u00e9tricas - Emailchef","isPartOf":{"@id":"https:\/\/emailchef.com\/es\/#website"},"primaryImageOfPage":{"@id":"https:\/\/emailchef.com\/es\/base-de-conocimiento\/detalles-de-metricas\/#primaryimage"},"image":{"@id":"https:\/\/emailchef.com\/es\/base-de-conocimiento\/detalles-de-metricas\/#primaryimage"},"thumbnailUrl":"https:\/\/emailchef.com\/wp-content\/uploads\/2021\/04\/Screenshot_158.jpg","datePublished":"2014-09-22T08:39:23+00:00","dateModified":"2021-07-27T15:31:59+00:00","description":"En cada resumen de reporte, le mostramos el rendimiento de su campa\u00f1a con respecto a las m\u00e9tricas m\u00e1s importantes.","breadcrumb":{"@id":"https:\/\/emailchef.com\/es\/base-de-conocimiento\/detalles-de-metricas\/#breadcrumb"},"inLanguage":"es","potentialAction":[{"@type":"ReadAction","target":["https:\/\/emailchef.com\/es\/base-de-conocimiento\/detalles-de-metricas\/"]}]},{"@type":"ImageObject","inLanguage":"es","@id":"https:\/\/emailchef.com\/es\/base-de-conocimiento\/detalles-de-metricas\/#primaryimage","url":"https:\/\/emailchef.com\/wp-content\/uploads\/2021\/04\/Screenshot_158.jpg","contentUrl":"https:\/\/emailchef.com\/wp-content\/uploads\/2021\/04\/Screenshot_158.jpg"},{"@type":"BreadcrumbList","@id":"https:\/\/emailchef.com\/es\/base-de-conocimiento\/detalles-de-metricas\/#breadcrumb","itemListElement":[{"@type":"ListItem","position":1,"name":"Home","item":"https:\/\/emailchef.com\/es\/emailchef-email-marketing-services\/"},{"@type":"ListItem","position":2,"name":"Base de conocimiento","item":"https:\/\/emailchef.com\/es\/base-de-conocimiento\/"},{"@type":"ListItem","position":3,"name":"Detalles de m\u00e9tricas"}]},{"@type":"WebSite","@id":"https:\/\/emailchef.com\/es\/#website","url":"https:\/\/emailchef.com\/es\/","name":"Emailchef","description":"Tasty recipes for email marketing","publisher":{"@id":"https:\/\/emailchef.com\/es\/#organization"},"potentialAction":[{"@type":"SearchAction","target":{"@type":"EntryPoint","urlTemplate":"https:\/\/emailchef.com\/es\/?s={search_term_string}"},"query-input":{"@type":"PropertyValueSpecification","valueRequired":true,"valueName":"search_term_string"}}],"inLanguage":"es"},{"@type":"Organization","@id":"https:\/\/emailchef.com\/es\/#organization","name":"Delivery Tech Corp.","url":"https:\/\/emailchef.com\/es\/","logo":{"@type":"ImageObject","inLanguage":"es","@id":"https:\/\/emailchef.com\/es\/#\/schema\/logo\/image\/","url":"https:\/\/emailchef.com\/wp-content\/uploads\/2022\/04\/logo-sama.png","contentUrl":"https:\/\/emailchef.com\/wp-content\/uploads\/2022\/04\/logo-sama.png","width":237,"height":80,"caption":"Delivery Tech Corp."},"image":{"@id":"https:\/\/emailchef.com\/es\/#\/schema\/logo\/image\/"}}]}},"_links":{"self":[{"href":"https:\/\/emailchef.com\/es\/wp-json\/wp\/v2\/pages\/3187"}],"collection":[{"href":"https:\/\/emailchef.com\/es\/wp-json\/wp\/v2\/pages"}],"about":[{"href":"https:\/\/emailchef.com\/es\/wp-json\/wp\/v2\/types\/page"}],"author":[{"embeddable":true,"href":"https:\/\/emailchef.com\/es\/wp-json\/wp\/v2\/users\/5"}],"replies":[{"embeddable":true,"href":"https:\/\/emailchef.com\/es\/wp-json\/wp\/v2\/comments?post=3187"}],"version-history":[{"count":8,"href":"https:\/\/emailchef.com\/es\/wp-json\/wp\/v2\/pages\/3187\/revisions"}],"predecessor-version":[{"id":47276,"href":"https:\/\/emailchef.com\/es\/wp-json\/wp\/v2\/pages\/3187\/revisions\/47276"}],"up":[{"embeddable":true,"href":"https:\/\/emailchef.com\/es\/wp-json\/wp\/v2\/pages\/3110"}],"wp:attachment":[{"href":"https:\/\/emailchef.com\/es\/wp-json\/wp\/v2\/media?parent=3187"}],"wp:term":[{"taxonomy":"g1_relation_tag","embeddable":true,"href":"https:\/\/emailchef.com\/es\/wp-json\/wp\/v2\/g1_relation_tag?post=3187"}],"curies":[{"name":"wp","href":"https:\/\/api.w.org\/{rel}","templated":true}]}}