{"id":3184,"date":"2014-09-22T08:22:27","date_gmt":"2014-09-22T08:22:27","guid":{"rendered":"http:\/\/emailchef.com\/es\/?page_id=3184"},"modified":"2021-01-29T13:51:03","modified_gmt":"2021-01-29T13:51:03","slug":"administracion-de-listas-existentes","status":"publish","type":"page","link":"https:\/\/emailchef.com\/es\/base-de-conocimiento\/administracion-de-listas-existentes\/","title":{"rendered":"Administraci\u00f3n de listas existentes"},"content":{"rendered":"<p><span style=\"font-weight: 400;\">Una vez que haya creado una o m\u00e1s listas, podr\u00e1 ver todos sus contactos en la <strong>p\u00e1gina de administraci\u00f3n de contactos.<\/strong><\/span><\/p>\n<p><a href=\"https:\/\/emailchef.com\/wp-content\/uploads\/2021\/01\/Screenshot_53.jpg\" rel=\"lightbox\"><img fetchpriority=\"high\" decoding=\"async\" class=\"alignnone wp-image-35578 size-full\" src=\"https:\/\/emailchef.com\/wp-content\/uploads\/2021\/01\/Screenshot_53.jpg\" alt=\"\" width=\"1458\" height=\"418\" srcset=\"https:\/\/emailchef.com\/wp-content\/uploads\/2021\/01\/Screenshot_53.jpg 1458w, https:\/\/emailchef.com\/wp-content\/uploads\/2021\/01\/Screenshot_53-300x86.jpg 300w, https:\/\/emailchef.com\/wp-content\/uploads\/2021\/01\/Screenshot_53-768x220.jpg 768w, https:\/\/emailchef.com\/wp-content\/uploads\/2021\/01\/Screenshot_53-1024x294.jpg 1024w, https:\/\/emailchef.com\/wp-content\/uploads\/2021\/01\/Screenshot_53-968x278.jpg 968w, https:\/\/emailchef.com\/wp-content\/uploads\/2021\/01\/Screenshot_53-636x182.jpg 636w, https:\/\/emailchef.com\/wp-content\/uploads\/2021\/01\/Screenshot_53-320x92.jpg 320w, https:\/\/emailchef.com\/wp-content\/uploads\/2021\/01\/Screenshot_53-239x69.jpg 239w\" sizes=\"(max-width: 1458px) 100vw, 1458px\" \/><\/a><\/p>\n<p class=\"western\" lang=\"es-AR\"><span style=\"font-weight: 400;\">Haga clic en el nombre de cualquier lista si desea administrarla.<\/span><\/p>\n<p lang=\"es-AR\"><a href=\"https:\/\/emailchef.com\/wp-content\/uploads\/2021\/01\/Screenshot_54.jpg\" rel=\"lightbox\"><img decoding=\"async\" class=\"alignnone wp-image-35594 size-full\" src=\"https:\/\/emailchef.com\/wp-content\/uploads\/2021\/01\/Screenshot_54.jpg\" alt=\"\" width=\"1216\" height=\"737\" srcset=\"https:\/\/emailchef.com\/wp-content\/uploads\/2021\/01\/Screenshot_54.jpg 1216w, https:\/\/emailchef.com\/wp-content\/uploads\/2021\/01\/Screenshot_54-300x182.jpg 300w, https:\/\/emailchef.com\/wp-content\/uploads\/2021\/01\/Screenshot_54-768x465.jpg 768w, https:\/\/emailchef.com\/wp-content\/uploads\/2021\/01\/Screenshot_54-1024x621.jpg 1024w, https:\/\/emailchef.com\/wp-content\/uploads\/2021\/01\/Screenshot_54-968x587.jpg 968w, https:\/\/emailchef.com\/wp-content\/uploads\/2021\/01\/Screenshot_54-636x385.jpg 636w, https:\/\/emailchef.com\/wp-content\/uploads\/2021\/01\/Screenshot_54-320x194.jpg 320w, https:\/\/emailchef.com\/wp-content\/uploads\/2021\/01\/Screenshot_54-239x145.jpg 239w\" sizes=\"(max-width: 1216px) 100vw, 1216px\" \/><\/a><\/p>\n<p lang=\"es-AR\"><span style=\"font-weight: 400;\">Las direcciones aparecen en p\u00e1ginas compuestas por diez contactos, que a su vez muestran datos est\u00e1ndar de los contactos. Haga clic en el <strong>icono de filtro<\/strong> en la parte superior derecha para seleccionar los campos que desea mostrar en su lista.<\/span><\/p>\n<p lang=\"es-AR\"><a href=\"https:\/\/emailchef.com\/wp-content\/uploads\/2021\/01\/Screenshot_55.jpg\" rel=\"lightbox\"><img decoding=\"async\" class=\"alignnone wp-image-35610 size-full\" src=\"https:\/\/emailchef.com\/wp-content\/uploads\/2021\/01\/Screenshot_55.jpg\" alt=\"\" width=\"1216\" height=\"737\" srcset=\"https:\/\/emailchef.com\/wp-content\/uploads\/2021\/01\/Screenshot_55.jpg 1216w, https:\/\/emailchef.com\/wp-content\/uploads\/2021\/01\/Screenshot_55-300x182.jpg 300w, https:\/\/emailchef.com\/wp-content\/uploads\/2021\/01\/Screenshot_55-768x465.jpg 768w, https:\/\/emailchef.com\/wp-content\/uploads\/2021\/01\/Screenshot_55-1024x621.jpg 1024w, https:\/\/emailchef.com\/wp-content\/uploads\/2021\/01\/Screenshot_55-968x587.jpg 968w, https:\/\/emailchef.com\/wp-content\/uploads\/2021\/01\/Screenshot_55-636x385.jpg 636w, https:\/\/emailchef.com\/wp-content\/uploads\/2021\/01\/Screenshot_55-320x194.jpg 320w, https:\/\/emailchef.com\/wp-content\/uploads\/2021\/01\/Screenshot_55-239x145.jpg 239w\" sizes=\"(max-width: 1216px) 100vw, 1216px\" \/><\/a><\/p>\n<p lang=\"es-AR\"><span style=\"font-weight: 400;\">El bot\u00f3n junto al filtro muestra <strong>gr\u00e1ficos sobre la calificaci\u00f3n de su lista<\/strong> y la <strong>tendencia de suscripci\u00f3n.<\/strong><\/span><\/p>\n<p lang=\"es-AR\"><a href=\"https:\/\/emailchef.com\/wp-content\/uploads\/2021\/01\/Screenshot_56.jpg\" rel=\"lightbox\"><img loading=\"lazy\" decoding=\"async\" class=\"alignnone wp-image-35626 size-full\" src=\"https:\/\/emailchef.com\/wp-content\/uploads\/2021\/01\/Screenshot_56.jpg\" alt=\"\" width=\"1203\" height=\"667\" srcset=\"https:\/\/emailchef.com\/wp-content\/uploads\/2021\/01\/Screenshot_56.jpg 1203w, https:\/\/emailchef.com\/wp-content\/uploads\/2021\/01\/Screenshot_56-300x166.jpg 300w, https:\/\/emailchef.com\/wp-content\/uploads\/2021\/01\/Screenshot_56-768x426.jpg 768w, https:\/\/emailchef.com\/wp-content\/uploads\/2021\/01\/Screenshot_56-1024x568.jpg 1024w, https:\/\/emailchef.com\/wp-content\/uploads\/2021\/01\/Screenshot_56-968x537.jpg 968w, https:\/\/emailchef.com\/wp-content\/uploads\/2021\/01\/Screenshot_56-636x353.jpg 636w, https:\/\/emailchef.com\/wp-content\/uploads\/2021\/01\/Screenshot_56-320x177.jpg 320w, https:\/\/emailchef.com\/wp-content\/uploads\/2021\/01\/Screenshot_56-239x133.jpg 239w\" sizes=\"(max-width: 1203px) 100vw, 1203px\" \/><\/a><\/p>\n<p lang=\"es-AR\"><span style=\"font-weight: 400;\">En la parte superior derecha de la p\u00e1gina hay un <strong>campo de b\u00fasqueda<\/strong> para ayudarlo a encontrar un contacto espec\u00edfico en su lista.<\/span><\/p>\n<p lang=\"es-AR\"><a href=\"https:\/\/emailchef.com\/wp-content\/uploads\/2021\/01\/Screenshot_57.jpg\" rel=\"lightbox\"><img loading=\"lazy\" decoding=\"async\" class=\"alignnone wp-image-35642 size-full\" src=\"https:\/\/emailchef.com\/wp-content\/uploads\/2021\/01\/Screenshot_57.jpg\" alt=\"\" width=\"1216\" height=\"703\" srcset=\"https:\/\/emailchef.com\/wp-content\/uploads\/2021\/01\/Screenshot_57.jpg 1216w, https:\/\/emailchef.com\/wp-content\/uploads\/2021\/01\/Screenshot_57-300x173.jpg 300w, https:\/\/emailchef.com\/wp-content\/uploads\/2021\/01\/Screenshot_57-768x444.jpg 768w, https:\/\/emailchef.com\/wp-content\/uploads\/2021\/01\/Screenshot_57-1024x592.jpg 1024w, https:\/\/emailchef.com\/wp-content\/uploads\/2021\/01\/Screenshot_57-968x560.jpg 968w, https:\/\/emailchef.com\/wp-content\/uploads\/2021\/01\/Screenshot_57-636x368.jpg 636w, https:\/\/emailchef.com\/wp-content\/uploads\/2021\/01\/Screenshot_57-320x185.jpg 320w, https:\/\/emailchef.com\/wp-content\/uploads\/2021\/01\/Screenshot_57-239x138.jpg 239w\" sizes=\"(max-width: 1216px) 100vw, 1216px\" \/><\/a><\/p>\n<p lang=\"es-AR\"><span style=\"font-weight: 400;\">Los contactos de la lista se dividen en diferentes pesta\u00f1as. La primera pesta\u00f1a muestra solo los <strong>contactos &#8220;activos&#8221;<\/strong> (suscritos). Las siguientes pesta\u00f1as muestran la lista de <strong>contactos desuscritos, devueltos y contactos que han marcado una queja por spam.<\/strong><\/span><\/p>\n<p lang=\"es-AR\"><a href=\"https:\/\/emailchef.com\/wp-content\/uploads\/2021\/01\/Screenshot_58.jpg\" rel=\"lightbox\"><img loading=\"lazy\" decoding=\"async\" class=\"alignnone wp-image-35658 size-full\" src=\"https:\/\/emailchef.com\/wp-content\/uploads\/2021\/01\/Screenshot_58.jpg\" alt=\"\" width=\"1216\" height=\"434\" srcset=\"https:\/\/emailchef.com\/wp-content\/uploads\/2021\/01\/Screenshot_58.jpg 1216w, https:\/\/emailchef.com\/wp-content\/uploads\/2021\/01\/Screenshot_58-300x107.jpg 300w, https:\/\/emailchef.com\/wp-content\/uploads\/2021\/01\/Screenshot_58-768x274.jpg 768w, https:\/\/emailchef.com\/wp-content\/uploads\/2021\/01\/Screenshot_58-1024x365.jpg 1024w, https:\/\/emailchef.com\/wp-content\/uploads\/2021\/01\/Screenshot_58-968x345.jpg 968w, https:\/\/emailchef.com\/wp-content\/uploads\/2021\/01\/Screenshot_58-636x227.jpg 636w, https:\/\/emailchef.com\/wp-content\/uploads\/2021\/01\/Screenshot_58-320x114.jpg 320w, https:\/\/emailchef.com\/wp-content\/uploads\/2021\/01\/Screenshot_58-239x85.jpg 239w\" sizes=\"(max-width: 1216px) 100vw, 1216px\" \/><\/a><\/p>\n<p lang=\"es-AR\"><span style=\"font-weight: 400;\">En la pesta\u00f1a de suscriptores, las direcciones agregadas manualmente a la <strong>lista negra<\/strong> est\u00e1n marcadas en rojo.<\/span><\/p>\n<p lang=\"es-AR\"><a href=\"https:\/\/emailchef.com\/wp-content\/uploads\/2021\/01\/Screenshot_59.jpg\" rel=\"lightbox\"><img loading=\"lazy\" decoding=\"async\" class=\"alignnone wp-image-35688 size-full\" src=\"https:\/\/emailchef.com\/wp-content\/uploads\/2021\/01\/Screenshot_59.jpg\" alt=\"\" width=\"1216\" height=\"737\" srcset=\"https:\/\/emailchef.com\/wp-content\/uploads\/2021\/01\/Screenshot_59.jpg 1216w, https:\/\/emailchef.com\/wp-content\/uploads\/2021\/01\/Screenshot_59-300x182.jpg 300w, https:\/\/emailchef.com\/wp-content\/uploads\/2021\/01\/Screenshot_59-768x465.jpg 768w, https:\/\/emailchef.com\/wp-content\/uploads\/2021\/01\/Screenshot_59-1024x621.jpg 1024w, https:\/\/emailchef.com\/wp-content\/uploads\/2021\/01\/Screenshot_59-968x587.jpg 968w, https:\/\/emailchef.com\/wp-content\/uploads\/2021\/01\/Screenshot_59-636x385.jpg 636w, https:\/\/emailchef.com\/wp-content\/uploads\/2021\/01\/Screenshot_59-320x194.jpg 320w, https:\/\/emailchef.com\/wp-content\/uploads\/2021\/01\/Screenshot_59-239x145.jpg 239w\" sizes=\"(max-width: 1216px) 100vw, 1216px\" \/><\/a><\/p>\n<p lang=\"es-AR\"><span style=\"font-weight: 400;\">Desde la secci\u00f3n de listas, puede <strong>importar nuevos contactos o agregarlos individualmente<\/strong> haciendo clic en &#8220;Agregar \/ Importar contactos&#8221; en la parte superior izquierda.<\/span><\/p>\n<p lang=\"es-AR\"><a href=\"https:\/\/emailchef.com\/wp-content\/uploads\/2021\/01\/Screenshot_60.jpg\" rel=\"lightbox\"><img loading=\"lazy\" decoding=\"async\" class=\"alignnone wp-image-35704 size-full\" src=\"https:\/\/emailchef.com\/wp-content\/uploads\/2021\/01\/Screenshot_60.jpg\" alt=\"\" width=\"724\" height=\"369\" srcset=\"https:\/\/emailchef.com\/wp-content\/uploads\/2021\/01\/Screenshot_60.jpg 724w, https:\/\/emailchef.com\/wp-content\/uploads\/2021\/01\/Screenshot_60-300x153.jpg 300w, https:\/\/emailchef.com\/wp-content\/uploads\/2021\/01\/Screenshot_60-636x324.jpg 636w, https:\/\/emailchef.com\/wp-content\/uploads\/2021\/01\/Screenshot_60-320x163.jpg 320w, https:\/\/emailchef.com\/wp-content\/uploads\/2021\/01\/Screenshot_60-239x122.jpg 239w\" sizes=\"(max-width: 724px) 100vw, 724px\" \/><\/a><\/p>\n","protected":false},"excerpt":{"rendered":"<p>Una vez que haya creado una o m\u00e1s listas, podr\u00e1 ver todos sus contactos en la p\u00e1gina de administraci\u00f3n de contactos. Haga clic en el nombre de cualquier lista si desea administrarla. Las direcciones aparecen en p\u00e1ginas compuestas por diez contactos, que a su vez muestran datos est\u00e1ndar de los contactos. Haga clic en el [&hellip;]<\/p>\n","protected":false},"author":5,"featured_media":0,"parent":3110,"menu_order":0,"comment_status":"closed","ping_status":"closed","template":"","meta":{"_acf_changed":false,"inline_featured_image":false,"footnotes":""},"g1_relation_tag":[],"class_list":["post-3184","page","type-page","status-publish","hentry"],"acf":[],"yoast_head":"<!-- This site is optimized with the Yoast SEO plugin v24.8.1 - https:\/\/yoast.com\/wordpress\/plugins\/seo\/ -->\n<title>Administraci\u00f3n de listas existentes - Emailchef<\/title>\n<meta name=\"description\" content=\"Una vez que ha creado una o m\u00e1s listas, la p\u00e1gina principal de administraci\u00f3n de contactos las incluir\u00e1.\" \/>\n<meta name=\"robots\" content=\"index, follow, max-snippet:-1, max-image-preview:large, max-video-preview:-1\" \/>\n<link rel=\"canonical\" href=\"https:\/\/emailchef.com\/es\/base-de-conocimiento\/administracion-de-listas-existentes\/\" \/>\n<meta name=\"twitter:label1\" content=\"Tiempo de lectura\" \/>\n\t<meta name=\"twitter:data1\" content=\"1 minuto\" \/>\n<!-- \/ Yoast SEO plugin. -->","yoast_head_json":{"title":"Administraci\u00f3n de listas existentes - Emailchef","description":"Una vez que ha creado una o m\u00e1s listas, la p\u00e1gina principal de administraci\u00f3n de contactos las incluir\u00e1.","robots":{"index":"index","follow":"follow","max-snippet":"max-snippet:-1","max-image-preview":"max-image-preview:large","max-video-preview":"max-video-preview:-1"},"canonical":"https:\/\/emailchef.com\/es\/base-de-conocimiento\/administracion-de-listas-existentes\/","twitter_misc":{"Tiempo de lectura":"1 minuto"},"schema":{"@context":"https:\/\/schema.org","@graph":[{"@type":"WebPage","@id":"https:\/\/emailchef.com\/es\/base-de-conocimiento\/administracion-de-listas-existentes\/","url":"https:\/\/emailchef.com\/es\/base-de-conocimiento\/administracion-de-listas-existentes\/","name":"Administraci\u00f3n de listas existentes - Emailchef","isPartOf":{"@id":"https:\/\/emailchef.com\/es\/#website"},"primaryImageOfPage":{"@id":"https:\/\/emailchef.com\/es\/base-de-conocimiento\/administracion-de-listas-existentes\/#primaryimage"},"image":{"@id":"https:\/\/emailchef.com\/es\/base-de-conocimiento\/administracion-de-listas-existentes\/#primaryimage"},"thumbnailUrl":"https:\/\/emailchef.com\/wp-content\/uploads\/2021\/01\/Screenshot_53.jpg","datePublished":"2014-09-22T08:22:27+00:00","dateModified":"2021-01-29T13:51:03+00:00","description":"Una vez que ha creado una o m\u00e1s listas, la p\u00e1gina principal de administraci\u00f3n de contactos las incluir\u00e1.","breadcrumb":{"@id":"https:\/\/emailchef.com\/es\/base-de-conocimiento\/administracion-de-listas-existentes\/#breadcrumb"},"inLanguage":"es","potentialAction":[{"@type":"ReadAction","target":["https:\/\/emailchef.com\/es\/base-de-conocimiento\/administracion-de-listas-existentes\/"]}]},{"@type":"ImageObject","inLanguage":"es","@id":"https:\/\/emailchef.com\/es\/base-de-conocimiento\/administracion-de-listas-existentes\/#primaryimage","url":"https:\/\/emailchef.com\/wp-content\/uploads\/2021\/01\/Screenshot_53.jpg","contentUrl":"https:\/\/emailchef.com\/wp-content\/uploads\/2021\/01\/Screenshot_53.jpg"},{"@type":"BreadcrumbList","@id":"https:\/\/emailchef.com\/es\/base-de-conocimiento\/administracion-de-listas-existentes\/#breadcrumb","itemListElement":[{"@type":"ListItem","position":1,"name":"Home","item":"https:\/\/emailchef.com\/es\/emailchef-email-marketing-services\/"},{"@type":"ListItem","position":2,"name":"Base de conocimiento","item":"https:\/\/emailchef.com\/es\/base-de-conocimiento\/"},{"@type":"ListItem","position":3,"name":"Administraci\u00f3n de listas existentes"}]},{"@type":"WebSite","@id":"https:\/\/emailchef.com\/es\/#website","url":"https:\/\/emailchef.com\/es\/","name":"Emailchef","description":"Tasty recipes for email marketing","publisher":{"@id":"https:\/\/emailchef.com\/es\/#organization"},"potentialAction":[{"@type":"SearchAction","target":{"@type":"EntryPoint","urlTemplate":"https:\/\/emailchef.com\/es\/?s={search_term_string}"},"query-input":{"@type":"PropertyValueSpecification","valueRequired":true,"valueName":"search_term_string"}}],"inLanguage":"es"},{"@type":"Organization","@id":"https:\/\/emailchef.com\/es\/#organization","name":"Delivery Tech Corp.","url":"https:\/\/emailchef.com\/es\/","logo":{"@type":"ImageObject","inLanguage":"es","@id":"https:\/\/emailchef.com\/es\/#\/schema\/logo\/image\/","url":"https:\/\/emailchef.com\/wp-content\/uploads\/2022\/04\/logo-sama.png","contentUrl":"https:\/\/emailchef.com\/wp-content\/uploads\/2022\/04\/logo-sama.png","width":237,"height":80,"caption":"Delivery Tech Corp."},"image":{"@id":"https:\/\/emailchef.com\/es\/#\/schema\/logo\/image\/"}}]}},"_links":{"self":[{"href":"https:\/\/emailchef.com\/es\/wp-json\/wp\/v2\/pages\/3184"}],"collection":[{"href":"https:\/\/emailchef.com\/es\/wp-json\/wp\/v2\/pages"}],"about":[{"href":"https:\/\/emailchef.com\/es\/wp-json\/wp\/v2\/types\/page"}],"author":[{"embeddable":true,"href":"https:\/\/emailchef.com\/es\/wp-json\/wp\/v2\/users\/5"}],"replies":[{"embeddable":true,"href":"https:\/\/emailchef.com\/es\/wp-json\/wp\/v2\/comments?post=3184"}],"version-history":[{"count":5,"href":"https:\/\/emailchef.com\/es\/wp-json\/wp\/v2\/pages\/3184\/revisions"}],"predecessor-version":[{"id":35720,"href":"https:\/\/emailchef.com\/es\/wp-json\/wp\/v2\/pages\/3184\/revisions\/35720"}],"up":[{"embeddable":true,"href":"https:\/\/emailchef.com\/es\/wp-json\/wp\/v2\/pages\/3110"}],"wp:attachment":[{"href":"https:\/\/emailchef.com\/es\/wp-json\/wp\/v2\/media?parent=3184"}],"wp:term":[{"taxonomy":"g1_relation_tag","embeddable":true,"href":"https:\/\/emailchef.com\/es\/wp-json\/wp\/v2\/g1_relation_tag?post=3184"}],"curies":[{"name":"wp","href":"https:\/\/api.w.org\/{rel}","templated":true}]}}