{"id":3175,"date":"2014-09-22T08:37:02","date_gmt":"2014-09-22T08:37:02","guid":{"rendered":"http:\/\/emailchef.com\/es\/?page_id=3175"},"modified":"2021-04-07T09:42:03","modified_gmt":"2021-04-07T09:42:03","slug":"como-crear-un-autoresponder","status":"publish","type":"page","link":"https:\/\/emailchef.com\/es\/base-de-conocimiento\/como-crear-un-autoresponder\/","title":{"rendered":"C\u00f3mo crear un autoresponder"},"content":{"rendered":"<p class=\"western\" lang=\"es-AR\">Siga estos pasos simples para <strong>crear un nuevo autoresponder<\/strong> con Emailchef.<\/p>\n<p>Presione la pesta\u00f1a de \u201cAutoresponders\u201d en el men\u00fa de la izquierda, luego presione \u201cCREAR UN AUTORESPONDER\u201d sobre la p\u00e1gina de autoresponders.<\/p>\n<p><a href=\"https:\/\/emailchef.com\/wp-content\/uploads\/2021\/04\/Screenshot_133.jpg\" rel=\"lightbox\"><img fetchpriority=\"high\" decoding=\"async\" class=\"alignnone wp-image-38460 size-full\" src=\"https:\/\/emailchef.com\/wp-content\/uploads\/2021\/04\/Screenshot_133.jpg\" alt=\"\" width=\"1476\" height=\"539\" srcset=\"https:\/\/emailchef.com\/wp-content\/uploads\/2021\/04\/Screenshot_133.jpg 1476w, https:\/\/emailchef.com\/wp-content\/uploads\/2021\/04\/Screenshot_133-300x110.jpg 300w, https:\/\/emailchef.com\/wp-content\/uploads\/2021\/04\/Screenshot_133-768x280.jpg 768w, https:\/\/emailchef.com\/wp-content\/uploads\/2021\/04\/Screenshot_133-1024x374.jpg 1024w, https:\/\/emailchef.com\/wp-content\/uploads\/2021\/04\/Screenshot_133-968x353.jpg 968w, https:\/\/emailchef.com\/wp-content\/uploads\/2021\/04\/Screenshot_133-636x232.jpg 636w, https:\/\/emailchef.com\/wp-content\/uploads\/2021\/04\/Screenshot_133-320x117.jpg 320w, https:\/\/emailchef.com\/wp-content\/uploads\/2021\/04\/Screenshot_133-239x87.jpg 239w\" sizes=\"(max-width: 1476px) 100vw, 1476px\" \/><\/a><\/p>\n<p>Elija una plantilla, luego haga clic en &#8220;USAR PARA AUTORESPONDER&#8221;.<\/p>\n<p><a href=\"https:\/\/emailchef.com\/wp-content\/uploads\/2021\/04\/Screenshot_134.jpg\" rel=\"lightbox\"><img decoding=\"async\" class=\"alignnone wp-image-38476 size-full\" src=\"https:\/\/emailchef.com\/wp-content\/uploads\/2021\/04\/Screenshot_134.jpg\" alt=\"\" width=\"1233\" height=\"700\" srcset=\"https:\/\/emailchef.com\/wp-content\/uploads\/2021\/04\/Screenshot_134.jpg 1233w, https:\/\/emailchef.com\/wp-content\/uploads\/2021\/04\/Screenshot_134-300x170.jpg 300w, https:\/\/emailchef.com\/wp-content\/uploads\/2021\/04\/Screenshot_134-768x436.jpg 768w, https:\/\/emailchef.com\/wp-content\/uploads\/2021\/04\/Screenshot_134-1024x581.jpg 1024w, https:\/\/emailchef.com\/wp-content\/uploads\/2021\/04\/Screenshot_134-968x550.jpg 968w, https:\/\/emailchef.com\/wp-content\/uploads\/2021\/04\/Screenshot_134-636x361.jpg 636w, https:\/\/emailchef.com\/wp-content\/uploads\/2021\/04\/Screenshot_134-320x182.jpg 320w, https:\/\/emailchef.com\/wp-content\/uploads\/2021\/04\/Screenshot_134-239x136.jpg 239w\" sizes=\"(max-width: 1233px) 100vw, 1233px\" \/><\/a><\/p>\n<p><span style=\"font-weight: 400;\">Encontrar\u00e1 una vista previa de la plantilla. Y al igual que sus campa\u00f1as regulares, a\u00fan puede editar su mensaje en este paso. Haga clic en &#8220;SIGUIENTE&#8221; para continuar con la creaci\u00f3n de su autoresponder.<\/span><\/p>\n<p><a href=\"https:\/\/emailchef.com\/wp-content\/uploads\/2021\/04\/Screenshot_135.jpg\" rel=\"lightbox\"><img decoding=\"async\" class=\"alignnone wp-image-38492 size-full\" src=\"https:\/\/emailchef.com\/wp-content\/uploads\/2021\/04\/Screenshot_135.jpg\" alt=\"\" width=\"1233\" height=\"875\" srcset=\"https:\/\/emailchef.com\/wp-content\/uploads\/2021\/04\/Screenshot_135.jpg 1233w, https:\/\/emailchef.com\/wp-content\/uploads\/2021\/04\/Screenshot_135-300x213.jpg 300w, https:\/\/emailchef.com\/wp-content\/uploads\/2021\/04\/Screenshot_135-768x545.jpg 768w, https:\/\/emailchef.com\/wp-content\/uploads\/2021\/04\/Screenshot_135-1024x727.jpg 1024w, https:\/\/emailchef.com\/wp-content\/uploads\/2021\/04\/Screenshot_135-968x687.jpg 968w, https:\/\/emailchef.com\/wp-content\/uploads\/2021\/04\/Screenshot_135-636x451.jpg 636w, https:\/\/emailchef.com\/wp-content\/uploads\/2021\/04\/Screenshot_135-320x227.jpg 320w, https:\/\/emailchef.com\/wp-content\/uploads\/2021\/04\/Screenshot_135-239x170.jpg 239w\" sizes=\"(max-width: 1233px) 100vw, 1233px\" \/><\/a><\/p>\n<p><span style=\"font-weight: 400;\">Elija el tipo de evento que activar\u00e1 su autoresponder. Para poder usar algunos eventos detonadores, debe haber enviado campa\u00f1as con anterioridad o tener listas con <a href=\"https:\/\/emailchef.com\/es\/base-de-conocimiento\/campos-personalizados\/\">campos personalizados<\/a> que contengan fechas.<\/span><\/p>\n<p><a href=\"https:\/\/emailchef.com\/wp-content\/uploads\/2021\/04\/Screenshot_136.jpg\" rel=\"lightbox\"><img loading=\"lazy\" decoding=\"async\" class=\"alignnone wp-image-38508 size-full\" src=\"https:\/\/emailchef.com\/wp-content\/uploads\/2021\/04\/Screenshot_136.jpg\" alt=\"\" width=\"1227\" height=\"714\" srcset=\"https:\/\/emailchef.com\/wp-content\/uploads\/2021\/04\/Screenshot_136.jpg 1227w, https:\/\/emailchef.com\/wp-content\/uploads\/2021\/04\/Screenshot_136-300x175.jpg 300w, https:\/\/emailchef.com\/wp-content\/uploads\/2021\/04\/Screenshot_136-768x447.jpg 768w, https:\/\/emailchef.com\/wp-content\/uploads\/2021\/04\/Screenshot_136-1024x596.jpg 1024w, https:\/\/emailchef.com\/wp-content\/uploads\/2021\/04\/Screenshot_136-968x563.jpg 968w, https:\/\/emailchef.com\/wp-content\/uploads\/2021\/04\/Screenshot_136-636x370.jpg 636w, https:\/\/emailchef.com\/wp-content\/uploads\/2021\/04\/Screenshot_136-320x186.jpg 320w, https:\/\/emailchef.com\/wp-content\/uploads\/2021\/04\/Screenshot_136-239x139.jpg 239w\" sizes=\"(max-width: 1227px) 100vw, 1227px\" \/><\/a><\/p>\n","protected":false},"excerpt":{"rendered":"<p>Siga estos pasos simples para crear un nuevo autoresponder con Emailchef. Presione la pesta\u00f1a de \u201cAutoresponders\u201d en el men\u00fa de la izquierda, luego presione \u201cCREAR UN AUTORESPONDER\u201d sobre la p\u00e1gina de autoresponders. Elija una plantilla, luego haga clic en &#8220;USAR PARA AUTORESPONDER&#8221;. Encontrar\u00e1 una vista previa de la plantilla. Y al igual que sus campa\u00f1as [&hellip;]<\/p>\n","protected":false},"author":5,"featured_media":0,"parent":3110,"menu_order":0,"comment_status":"closed","ping_status":"closed","template":"","meta":{"_acf_changed":false,"inline_featured_image":false,"footnotes":""},"g1_relation_tag":[],"class_list":["post-3175","page","type-page","status-publish","hentry"],"acf":[],"yoast_head":"<!-- This site is optimized with the Yoast SEO plugin v24.8.1 - https:\/\/yoast.com\/wordpress\/plugins\/seo\/ -->\n<title>C\u00f3mo crear un autoresponder - Emailchef<\/title>\n<meta name=\"description\" content=\"Siga estos pasos simples para crear un nuevo autoresponder con Emailchef\" \/>\n<meta name=\"robots\" content=\"index, follow, max-snippet:-1, max-image-preview:large, max-video-preview:-1\" \/>\n<link rel=\"canonical\" href=\"https:\/\/emailchef.com\/es\/base-de-conocimiento\/como-crear-un-autoresponder\/\" \/>\n<meta name=\"twitter:label1\" content=\"Tiempo de lectura\" \/>\n\t<meta name=\"twitter:data1\" content=\"1 minuto\" \/>\n<!-- \/ Yoast SEO plugin. -->","yoast_head_json":{"title":"C\u00f3mo crear un autoresponder - Emailchef","description":"Siga estos pasos simples para crear un nuevo autoresponder con Emailchef","robots":{"index":"index","follow":"follow","max-snippet":"max-snippet:-1","max-image-preview":"max-image-preview:large","max-video-preview":"max-video-preview:-1"},"canonical":"https:\/\/emailchef.com\/es\/base-de-conocimiento\/como-crear-un-autoresponder\/","twitter_misc":{"Tiempo de lectura":"1 minuto"},"schema":{"@context":"https:\/\/schema.org","@graph":[{"@type":"WebPage","@id":"https:\/\/emailchef.com\/es\/base-de-conocimiento\/como-crear-un-autoresponder\/","url":"https:\/\/emailchef.com\/es\/base-de-conocimiento\/como-crear-un-autoresponder\/","name":"C\u00f3mo crear un autoresponder - Emailchef","isPartOf":{"@id":"https:\/\/emailchef.com\/es\/#website"},"primaryImageOfPage":{"@id":"https:\/\/emailchef.com\/es\/base-de-conocimiento\/como-crear-un-autoresponder\/#primaryimage"},"image":{"@id":"https:\/\/emailchef.com\/es\/base-de-conocimiento\/como-crear-un-autoresponder\/#primaryimage"},"thumbnailUrl":"https:\/\/emailchef.com\/wp-content\/uploads\/2021\/04\/Screenshot_133.jpg","datePublished":"2014-09-22T08:37:02+00:00","dateModified":"2021-04-07T09:42:03+00:00","description":"Siga estos pasos simples para crear un nuevo autoresponder con Emailchef","breadcrumb":{"@id":"https:\/\/emailchef.com\/es\/base-de-conocimiento\/como-crear-un-autoresponder\/#breadcrumb"},"inLanguage":"es","potentialAction":[{"@type":"ReadAction","target":["https:\/\/emailchef.com\/es\/base-de-conocimiento\/como-crear-un-autoresponder\/"]}]},{"@type":"ImageObject","inLanguage":"es","@id":"https:\/\/emailchef.com\/es\/base-de-conocimiento\/como-crear-un-autoresponder\/#primaryimage","url":"https:\/\/emailchef.com\/wp-content\/uploads\/2021\/04\/Screenshot_133.jpg","contentUrl":"https:\/\/emailchef.com\/wp-content\/uploads\/2021\/04\/Screenshot_133.jpg"},{"@type":"BreadcrumbList","@id":"https:\/\/emailchef.com\/es\/base-de-conocimiento\/como-crear-un-autoresponder\/#breadcrumb","itemListElement":[{"@type":"ListItem","position":1,"name":"Home","item":"https:\/\/emailchef.com\/es\/emailchef-email-marketing-services\/"},{"@type":"ListItem","position":2,"name":"Base de conocimiento","item":"https:\/\/emailchef.com\/es\/base-de-conocimiento\/"},{"@type":"ListItem","position":3,"name":"C\u00f3mo crear un autoresponder"}]},{"@type":"WebSite","@id":"https:\/\/emailchef.com\/es\/#website","url":"https:\/\/emailchef.com\/es\/","name":"Emailchef","description":"Tasty recipes for email marketing","publisher":{"@id":"https:\/\/emailchef.com\/es\/#organization"},"potentialAction":[{"@type":"SearchAction","target":{"@type":"EntryPoint","urlTemplate":"https:\/\/emailchef.com\/es\/?s={search_term_string}"},"query-input":{"@type":"PropertyValueSpecification","valueRequired":true,"valueName":"search_term_string"}}],"inLanguage":"es"},{"@type":"Organization","@id":"https:\/\/emailchef.com\/es\/#organization","name":"Delivery Tech Corp.","url":"https:\/\/emailchef.com\/es\/","logo":{"@type":"ImageObject","inLanguage":"es","@id":"https:\/\/emailchef.com\/es\/#\/schema\/logo\/image\/","url":"https:\/\/emailchef.com\/wp-content\/uploads\/2022\/04\/logo-sama.png","contentUrl":"https:\/\/emailchef.com\/wp-content\/uploads\/2022\/04\/logo-sama.png","width":237,"height":80,"caption":"Delivery Tech Corp."},"image":{"@id":"https:\/\/emailchef.com\/es\/#\/schema\/logo\/image\/"}}]}},"_links":{"self":[{"href":"https:\/\/emailchef.com\/es\/wp-json\/wp\/v2\/pages\/3175"}],"collection":[{"href":"https:\/\/emailchef.com\/es\/wp-json\/wp\/v2\/pages"}],"about":[{"href":"https:\/\/emailchef.com\/es\/wp-json\/wp\/v2\/types\/page"}],"author":[{"embeddable":true,"href":"https:\/\/emailchef.com\/es\/wp-json\/wp\/v2\/users\/5"}],"replies":[{"embeddable":true,"href":"https:\/\/emailchef.com\/es\/wp-json\/wp\/v2\/comments?post=3175"}],"version-history":[{"count":7,"href":"https:\/\/emailchef.com\/es\/wp-json\/wp\/v2\/pages\/3175\/revisions"}],"predecessor-version":[{"id":38524,"href":"https:\/\/emailchef.com\/es\/wp-json\/wp\/v2\/pages\/3175\/revisions\/38524"}],"up":[{"embeddable":true,"href":"https:\/\/emailchef.com\/es\/wp-json\/wp\/v2\/pages\/3110"}],"wp:attachment":[{"href":"https:\/\/emailchef.com\/es\/wp-json\/wp\/v2\/media?parent=3175"}],"wp:term":[{"taxonomy":"g1_relation_tag","embeddable":true,"href":"https:\/\/emailchef.com\/es\/wp-json\/wp\/v2\/g1_relation_tag?post=3175"}],"curies":[{"name":"wp","href":"https:\/\/api.w.org\/{rel}","templated":true}]}}