{"id":3171,"date":"2014-09-22T08:20:49","date_gmt":"2014-09-22T08:20:49","guid":{"rendered":"http:\/\/emailchef.com\/es\/?page_id=3171"},"modified":"2024-04-18T08:09:47","modified_gmt":"2024-04-18T08:09:47","slug":"como-crear-nueva-lista","status":"publish","type":"page","link":"https:\/\/emailchef.com\/es\/base-de-conocimiento\/como-crear-nueva-lista\/","title":{"rendered":"C\u00f3mo crear una nueva lista"},"content":{"rendered":"<p>Para crear una nueva lista de correo electr\u00f3nico con Emailchef, haz clic en <em>Listas y segmentos<\/em> en el men\u00fa lateral izquierdo, y acceder\u00e1s a la p\u00e1gina de gesti\u00f3n de listas.<br \/>\nAhora, haz clic en <em>Crear una nueva lista<\/em>, dale un nombre a la nueva lista y, si lo deseas, a\u00f1ade una descripci\u00f3n.<\/p>\n<p>Nuestro consejo es usar nombres que te ayuden a identificar f\u00e1cilmente tu lista.<\/p>\n<p><a href=\"https:\/\/emailchef.com\/wp-content\/uploads\/2024\/04\/como-crear-una-nueva-lista-1.png\" rel=\"lightbox\" title=\"C\u00f3mo crear una nueva lista\"><img decoding=\"async\" src=\"https:\/\/emailchef.com\/wp-content\/uploads\/2024\/04\/como-crear-una-nueva-lista-1.png\" alt=\"C\u00f3mo crear una nueva lista\" \/><\/a><\/p>\n<p>Ahora, marca las dos casillas inmediatamente debajo para certificar que tu lista cumple con nuestra <strong>pol\u00edtica antispam y de privacidad<\/strong>.<\/p>\n<p><a href=\"https:\/\/emailchef.com\/wp-content\/uploads\/2024\/04\/como-crear-una-nueva-lista-2.png\" rel=\"lightbox\" title=\"Pol\u00edtica antispam y de privacidad\"><img decoding=\"async\" src=\"https:\/\/emailchef.com\/wp-content\/uploads\/2024\/04\/como-crear-una-nueva-lista-2.png\" alt=\"Pol\u00edtica antispam y de privacidad\" \/><\/a><\/p>\n<p>Ten en cuenta que solo puedes agregar contactos que hayan dado su consentimiento expl\u00edcito para recibir tus correos electr\u00f3nicos, como los contactos recopilados a trav\u00e9s de un formulario de suscripci\u00f3n en tu sitio web. <\/p>\n<p><strong>El uso de listas de contactos compradas o alquiladas no est\u00e1 permitido.<\/strong><\/p>\n","protected":false},"excerpt":{"rendered":"<p>Para crear una nueva lista de correo electr\u00f3nico con Emailchef, haz clic en Listas y segmentos en el men\u00fa lateral izquierdo, y acceder\u00e1s a la p\u00e1gina de gesti\u00f3n de listas. Ahora, haz clic en Crear una nueva lista, dale un nombre a la nueva lista y, si lo deseas, a\u00f1ade una descripci\u00f3n. Nuestro consejo es [&hellip;]<\/p>\n","protected":false},"author":5,"featured_media":0,"parent":3110,"menu_order":0,"comment_status":"closed","ping_status":"closed","template":"","meta":{"_acf_changed":false,"inline_featured_image":false,"footnotes":""},"g1_relation_tag":[],"class_list":["post-3171","page","type-page","status-publish","hentry"],"acf":[],"yoast_head":"<!-- This site is optimized with the Yoast SEO plugin v24.8.1 - https:\/\/yoast.com\/wordpress\/plugins\/seo\/ -->\n<title>C\u00f3mo crear una nueva lista - Emailchef<\/title>\n<meta name=\"description\" content=\"Para crear una nueva lista con Emailchef, presione el bloque \u201cAgrega contactos\u201d de la p\u00e1gina de inicio, o sobre el segundo bot\u00f3n del men\u00fa superior, \u201cContactos\u201d.\" \/>\n<meta name=\"robots\" content=\"index, follow, max-snippet:-1, max-image-preview:large, max-video-preview:-1\" \/>\n<link rel=\"canonical\" href=\"https:\/\/emailchef.com\/es\/base-de-conocimiento\/como-crear-nueva-lista\/\" \/>\n<meta name=\"twitter:label1\" content=\"Tiempo de lectura\" \/>\n\t<meta name=\"twitter:data1\" content=\"1 minuto\" \/>\n<!-- \/ Yoast SEO plugin. -->","yoast_head_json":{"title":"C\u00f3mo crear una nueva lista - Emailchef","description":"Para crear una nueva lista con Emailchef, presione el bloque \u201cAgrega contactos\u201d de la p\u00e1gina de inicio, o sobre el segundo bot\u00f3n del men\u00fa superior, \u201cContactos\u201d.","robots":{"index":"index","follow":"follow","max-snippet":"max-snippet:-1","max-image-preview":"max-image-preview:large","max-video-preview":"max-video-preview:-1"},"canonical":"https:\/\/emailchef.com\/es\/base-de-conocimiento\/como-crear-nueva-lista\/","twitter_misc":{"Tiempo de lectura":"1 minuto"},"schema":{"@context":"https:\/\/schema.org","@graph":[{"@type":"WebPage","@id":"https:\/\/emailchef.com\/es\/base-de-conocimiento\/como-crear-nueva-lista\/","url":"https:\/\/emailchef.com\/es\/base-de-conocimiento\/como-crear-nueva-lista\/","name":"C\u00f3mo crear una nueva lista - Emailchef","isPartOf":{"@id":"https:\/\/emailchef.com\/es\/#website"},"primaryImageOfPage":{"@id":"https:\/\/emailchef.com\/es\/base-de-conocimiento\/como-crear-nueva-lista\/#primaryimage"},"image":{"@id":"https:\/\/emailchef.com\/es\/base-de-conocimiento\/como-crear-nueva-lista\/#primaryimage"},"thumbnailUrl":"https:\/\/emailchef.com\/wp-content\/uploads\/2024\/04\/como-crear-una-nueva-lista-1.png","datePublished":"2014-09-22T08:20:49+00:00","dateModified":"2024-04-18T08:09:47+00:00","description":"Para crear una nueva lista con Emailchef, presione el bloque \u201cAgrega contactos\u201d de la p\u00e1gina de inicio, o sobre el segundo bot\u00f3n del men\u00fa superior, \u201cContactos\u201d.","breadcrumb":{"@id":"https:\/\/emailchef.com\/es\/base-de-conocimiento\/como-crear-nueva-lista\/#breadcrumb"},"inLanguage":"es","potentialAction":[{"@type":"ReadAction","target":["https:\/\/emailchef.com\/es\/base-de-conocimiento\/como-crear-nueva-lista\/"]}]},{"@type":"ImageObject","inLanguage":"es","@id":"https:\/\/emailchef.com\/es\/base-de-conocimiento\/como-crear-nueva-lista\/#primaryimage","url":"https:\/\/emailchef.com\/wp-content\/uploads\/2024\/04\/como-crear-una-nueva-lista-1.png","contentUrl":"https:\/\/emailchef.com\/wp-content\/uploads\/2024\/04\/como-crear-una-nueva-lista-1.png"},{"@type":"BreadcrumbList","@id":"https:\/\/emailchef.com\/es\/base-de-conocimiento\/como-crear-nueva-lista\/#breadcrumb","itemListElement":[{"@type":"ListItem","position":1,"name":"Home","item":"https:\/\/emailchef.com\/es\/emailchef-email-marketing-services\/"},{"@type":"ListItem","position":2,"name":"Base de conocimiento","item":"https:\/\/emailchef.com\/es\/base-de-conocimiento\/"},{"@type":"ListItem","position":3,"name":"C\u00f3mo crear una nueva lista"}]},{"@type":"WebSite","@id":"https:\/\/emailchef.com\/es\/#website","url":"https:\/\/emailchef.com\/es\/","name":"Emailchef","description":"Tasty recipes for email marketing","publisher":{"@id":"https:\/\/emailchef.com\/es\/#organization"},"potentialAction":[{"@type":"SearchAction","target":{"@type":"EntryPoint","urlTemplate":"https:\/\/emailchef.com\/es\/?s={search_term_string}"},"query-input":{"@type":"PropertyValueSpecification","valueRequired":true,"valueName":"search_term_string"}}],"inLanguage":"es"},{"@type":"Organization","@id":"https:\/\/emailchef.com\/es\/#organization","name":"Delivery Tech Corp.","url":"https:\/\/emailchef.com\/es\/","logo":{"@type":"ImageObject","inLanguage":"es","@id":"https:\/\/emailchef.com\/es\/#\/schema\/logo\/image\/","url":"https:\/\/emailchef.com\/wp-content\/uploads\/2022\/04\/logo-sama.png","contentUrl":"https:\/\/emailchef.com\/wp-content\/uploads\/2022\/04\/logo-sama.png","width":237,"height":80,"caption":"Delivery Tech Corp."},"image":{"@id":"https:\/\/emailchef.com\/es\/#\/schema\/logo\/image\/"}}]}},"_links":{"self":[{"href":"https:\/\/emailchef.com\/es\/wp-json\/wp\/v2\/pages\/3171"}],"collection":[{"href":"https:\/\/emailchef.com\/es\/wp-json\/wp\/v2\/pages"}],"about":[{"href":"https:\/\/emailchef.com\/es\/wp-json\/wp\/v2\/types\/page"}],"author":[{"embeddable":true,"href":"https:\/\/emailchef.com\/es\/wp-json\/wp\/v2\/users\/5"}],"replies":[{"embeddable":true,"href":"https:\/\/emailchef.com\/es\/wp-json\/wp\/v2\/comments?post=3171"}],"version-history":[{"count":6,"href":"https:\/\/emailchef.com\/es\/wp-json\/wp\/v2\/pages\/3171\/revisions"}],"predecessor-version":[{"id":73307,"href":"https:\/\/emailchef.com\/es\/wp-json\/wp\/v2\/pages\/3171\/revisions\/73307"}],"up":[{"embeddable":true,"href":"https:\/\/emailchef.com\/es\/wp-json\/wp\/v2\/pages\/3110"}],"wp:attachment":[{"href":"https:\/\/emailchef.com\/es\/wp-json\/wp\/v2\/media?parent=3171"}],"wp:term":[{"taxonomy":"g1_relation_tag","embeddable":true,"href":"https:\/\/emailchef.com\/es\/wp-json\/wp\/v2\/g1_relation_tag?post=3171"}],"curies":[{"name":"wp","href":"https:\/\/api.w.org\/{rel}","templated":true}]}}