{"id":3161,"date":"2014-09-22T08:38:49","date_gmt":"2014-09-22T08:38:49","guid":{"rendered":"http:\/\/emailchef.com\/es\/?page_id=3161"},"modified":"2021-04-26T09:30:24","modified_gmt":"2021-04-26T09:30:24","slug":"como-muestra-la-informacion","status":"publish","type":"page","link":"https:\/\/emailchef.com\/es\/base-de-conocimiento\/como-muestra-la-informacion\/","title":{"rendered":"C\u00f3mo se muestra la informaci\u00f3n"},"content":{"rendered":"<p class=\"western\" lang=\"es-AR\"><span style=\"font-weight: 400;\">Emailchef le permite monitorear sus campa\u00f1as de email marketing con <strong>herramientas de estad\u00edsticas avanzadas e informes en tiempo real.<\/strong> La secci\u00f3n &#8220;REPORTES&#8221; contiene una lista de todas las campa\u00f1as enviadas y muestra las m\u00e9tricas m\u00e1s importantes expresadas en porcentaje: correos entregados, correos abiertos, correos clicados, desuscritos y devoluciones. Tambi\u00e9n puede ver una lista de sus autoresponders y ver las estad\u00edsticas de cada uno haciendo clic en la pesta\u00f1a &#8220;AUTORESPONDERS&#8221;.<\/span><\/p>\n<p><a href=\"https:\/\/emailchef.com\/wp-content\/uploads\/2021\/04\/Screenshot_151.jpg\" rel=\"lightbox\"><img fetchpriority=\"high\" decoding=\"async\" class=\"alignnone wp-image-38868 size-full\" src=\"https:\/\/emailchef.com\/wp-content\/uploads\/2021\/04\/Screenshot_151.jpg\" alt=\"\" width=\"1475\" height=\"613\" srcset=\"https:\/\/emailchef.com\/wp-content\/uploads\/2021\/04\/Screenshot_151.jpg 1475w, https:\/\/emailchef.com\/wp-content\/uploads\/2021\/04\/Screenshot_151-300x125.jpg 300w, https:\/\/emailchef.com\/wp-content\/uploads\/2021\/04\/Screenshot_151-768x319.jpg 768w, https:\/\/emailchef.com\/wp-content\/uploads\/2021\/04\/Screenshot_151-1024x426.jpg 1024w, https:\/\/emailchef.com\/wp-content\/uploads\/2021\/04\/Screenshot_151-968x402.jpg 968w, https:\/\/emailchef.com\/wp-content\/uploads\/2021\/04\/Screenshot_151-636x264.jpg 636w, https:\/\/emailchef.com\/wp-content\/uploads\/2021\/04\/Screenshot_151-320x133.jpg 320w, https:\/\/emailchef.com\/wp-content\/uploads\/2021\/04\/Screenshot_151-239x99.jpg 239w\" sizes=\"(max-width: 1475px) 100vw, 1475px\" \/><\/a><\/p>\n<p><span style=\"font-weight: 400;\">Haga clic en el nombre de cualquier campa\u00f1a o en el bot\u00f3n &#8220;REPORTE&#8221; para ver las estad\u00edsticas a detalle.<\/span><\/p>\n<p><span style=\"font-weight: 400;\">La primera parte es un <strong>resumen de los datos de env\u00edo de la campa\u00f1a:<\/strong> nombre de la campa\u00f1a; asunto, cabecera, remitente, destinatarios, fecha de env\u00edo, etc.<\/span><\/p>\n<p><a href=\"https:\/\/emailchef.com\/wp-content\/uploads\/2021\/04\/Screenshot_152.jpg\" rel=\"lightbox\"><img decoding=\"async\" class=\"alignnone wp-image-38884 size-full\" src=\"https:\/\/emailchef.com\/wp-content\/uploads\/2021\/04\/Screenshot_152.jpg\" alt=\"\" width=\"1212\" height=\"571\" srcset=\"https:\/\/emailchef.com\/wp-content\/uploads\/2021\/04\/Screenshot_152.jpg 1212w, https:\/\/emailchef.com\/wp-content\/uploads\/2021\/04\/Screenshot_152-300x141.jpg 300w, https:\/\/emailchef.com\/wp-content\/uploads\/2021\/04\/Screenshot_152-768x362.jpg 768w, https:\/\/emailchef.com\/wp-content\/uploads\/2021\/04\/Screenshot_152-1024x482.jpg 1024w, https:\/\/emailchef.com\/wp-content\/uploads\/2021\/04\/Screenshot_152-968x456.jpg 968w, https:\/\/emailchef.com\/wp-content\/uploads\/2021\/04\/Screenshot_152-636x300.jpg 636w, https:\/\/emailchef.com\/wp-content\/uploads\/2021\/04\/Screenshot_152-320x151.jpg 320w, https:\/\/emailchef.com\/wp-content\/uploads\/2021\/04\/Screenshot_152-239x113.jpg 239w\" sizes=\"(max-width: 1212px) 100vw, 1212px\" \/><\/a><\/p>\n<p><span style=\"font-weight: 400;\">Los gr\u00e1ficos a continuaci\u00f3n muestran en tiempo real cu\u00e1ntos contactos han recibido el correo, cu\u00e1ntos han abierto y cu\u00e1ntos han hecho clic. Tambi\u00e9n puede ver la cantidad de desuscripciones, rebotes y quejas de spam.<\/span><\/p>\n<p><a href=\"https:\/\/emailchef.com\/wp-content\/uploads\/2021\/04\/Screenshot_153.jpg\" rel=\"lightbox\"><img decoding=\"async\" class=\"alignnone wp-image-38900 size-full\" src=\"https:\/\/emailchef.com\/wp-content\/uploads\/2021\/04\/Screenshot_153.jpg\" alt=\"\" width=\"1192\" height=\"233\" srcset=\"https:\/\/emailchef.com\/wp-content\/uploads\/2021\/04\/Screenshot_153.jpg 1192w, https:\/\/emailchef.com\/wp-content\/uploads\/2021\/04\/Screenshot_153-300x59.jpg 300w, https:\/\/emailchef.com\/wp-content\/uploads\/2021\/04\/Screenshot_153-768x150.jpg 768w, https:\/\/emailchef.com\/wp-content\/uploads\/2021\/04\/Screenshot_153-1024x200.jpg 1024w, https:\/\/emailchef.com\/wp-content\/uploads\/2021\/04\/Screenshot_153-968x189.jpg 968w, https:\/\/emailchef.com\/wp-content\/uploads\/2021\/04\/Screenshot_153-636x124.jpg 636w, https:\/\/emailchef.com\/wp-content\/uploads\/2021\/04\/Screenshot_153-320x63.jpg 320w, https:\/\/emailchef.com\/wp-content\/uploads\/2021\/04\/Screenshot_153-239x47.jpg 239w\" sizes=\"(max-width: 1192px) 100vw, 1192px\" \/><\/a><\/p>\n<p><span style=\"font-weight: 400;\">El siguiente gr\u00e1fico muestra el <strong>progreso de su campa\u00f1a a lo largo del tiempo.<\/strong> Las l\u00edneas en la gr\u00e1fica est\u00e1n marcadas con un color diferente (vea la descripci\u00f3n en la parte inferior) y representan el total de aperturas, clics totales, desuscripciones y quejas por spam.<\/span><\/p>\n<p><a href=\"https:\/\/emailchef.com\/wp-content\/uploads\/2021\/04\/Screenshot_154.jpg\" rel=\"lightbox\"><img loading=\"lazy\" decoding=\"async\" class=\"alignnone wp-image-38926 size-full\" src=\"https:\/\/emailchef.com\/wp-content\/uploads\/2021\/04\/Screenshot_154.jpg\" alt=\"\" width=\"1209\" height=\"652\" srcset=\"https:\/\/emailchef.com\/wp-content\/uploads\/2021\/04\/Screenshot_154.jpg 1209w, https:\/\/emailchef.com\/wp-content\/uploads\/2021\/04\/Screenshot_154-300x162.jpg 300w, https:\/\/emailchef.com\/wp-content\/uploads\/2021\/04\/Screenshot_154-768x414.jpg 768w, https:\/\/emailchef.com\/wp-content\/uploads\/2021\/04\/Screenshot_154-1024x552.jpg 1024w, https:\/\/emailchef.com\/wp-content\/uploads\/2021\/04\/Screenshot_154-968x522.jpg 968w, https:\/\/emailchef.com\/wp-content\/uploads\/2021\/04\/Screenshot_154-636x343.jpg 636w, https:\/\/emailchef.com\/wp-content\/uploads\/2021\/04\/Screenshot_154-320x173.jpg 320w, https:\/\/emailchef.com\/wp-content\/uploads\/2021\/04\/Screenshot_154-239x129.jpg 239w\" sizes=\"(max-width: 1209px) 100vw, 1209px\" \/><\/a><\/p>\n<p><span style=\"font-weight: 400;\">El <strong>mapa de clics<\/strong> muestra en qu\u00e9 enlaces de su mensaje se ha hecho clic y con qu\u00e9 frecuencia. Es una forma de medir la eficacia de su estrategia de Call-to-Action.<\/span><\/p>\n<p><a href=\"https:\/\/emailchef.com\/wp-content\/uploads\/2021\/04\/Screenshot_157.jpg\" rel=\"lightbox\"><img loading=\"lazy\" decoding=\"async\" class=\"alignnone wp-image-38976 size-full\" src=\"https:\/\/emailchef.com\/wp-content\/uploads\/2021\/04\/Screenshot_157.jpg\" alt=\"\" width=\"1201\" height=\"735\" srcset=\"https:\/\/emailchef.com\/wp-content\/uploads\/2021\/04\/Screenshot_157.jpg 1201w, https:\/\/emailchef.com\/wp-content\/uploads\/2021\/04\/Screenshot_157-300x184.jpg 300w, https:\/\/emailchef.com\/wp-content\/uploads\/2021\/04\/Screenshot_157-768x470.jpg 768w, https:\/\/emailchef.com\/wp-content\/uploads\/2021\/04\/Screenshot_157-1024x627.jpg 1024w, https:\/\/emailchef.com\/wp-content\/uploads\/2021\/04\/Screenshot_157-968x592.jpg 968w, https:\/\/emailchef.com\/wp-content\/uploads\/2021\/04\/Screenshot_157-636x389.jpg 636w, https:\/\/emailchef.com\/wp-content\/uploads\/2021\/04\/Screenshot_157-320x196.jpg 320w, https:\/\/emailchef.com\/wp-content\/uploads\/2021\/04\/Screenshot_157-239x146.jpg 239w\" sizes=\"(max-width: 1201px) 100vw, 1201px\" \/><\/a><\/p>\n<p><span style=\"font-weight: 400;\">Tambi\u00e9n puede ver c\u00f3mo el porcentaje de la tasa de apertura de su mensaje difiere entre dispositivos, el reporte muestra las aperturas en computadoras, dispositivos m\u00f3viles y tabletas.<\/span><\/p>\n<p><a href=\"https:\/\/emailchef.com\/wp-content\/uploads\/2021\/04\/Screenshot_155.jpg\" rel=\"lightbox\"><img loading=\"lazy\" decoding=\"async\" class=\"alignnone wp-image-38944 size-full\" src=\"https:\/\/emailchef.com\/wp-content\/uploads\/2021\/04\/Screenshot_155.jpg\" alt=\"\" width=\"1208\" height=\"449\" srcset=\"https:\/\/emailchef.com\/wp-content\/uploads\/2021\/04\/Screenshot_155.jpg 1208w, https:\/\/emailchef.com\/wp-content\/uploads\/2021\/04\/Screenshot_155-300x112.jpg 300w, https:\/\/emailchef.com\/wp-content\/uploads\/2021\/04\/Screenshot_155-768x285.jpg 768w, https:\/\/emailchef.com\/wp-content\/uploads\/2021\/04\/Screenshot_155-1024x381.jpg 1024w, https:\/\/emailchef.com\/wp-content\/uploads\/2021\/04\/Screenshot_155-968x360.jpg 968w, https:\/\/emailchef.com\/wp-content\/uploads\/2021\/04\/Screenshot_155-636x236.jpg 636w, https:\/\/emailchef.com\/wp-content\/uploads\/2021\/04\/Screenshot_155-320x119.jpg 320w, https:\/\/emailchef.com\/wp-content\/uploads\/2021\/04\/Screenshot_155-239x89.jpg 239w\" sizes=\"(max-width: 1208px) 100vw, 1208px\" \/><\/a><\/p>\n<p><span style=\"font-weight: 400;\">Finalmente, el reporte geogr\u00e1fico clasifica la<strong> apertura de sus correos por pa\u00eds.<\/strong> Puede utilizar esta informaci\u00f3n para crear segmentos o regionalizar sus campa\u00f1as.<\/span><\/p>\n<p><a href=\"https:\/\/emailchef.com\/wp-content\/uploads\/2021\/04\/Screenshot_156.jpg\" rel=\"lightbox\"><img loading=\"lazy\" decoding=\"async\" class=\"alignnone wp-image-38960 size-full\" src=\"https:\/\/emailchef.com\/wp-content\/uploads\/2021\/04\/Screenshot_156.jpg\" alt=\"\" width=\"1214\" height=\"1081\" srcset=\"https:\/\/emailchef.com\/wp-content\/uploads\/2021\/04\/Screenshot_156.jpg 1214w, https:\/\/emailchef.com\/wp-content\/uploads\/2021\/04\/Screenshot_156-300x267.jpg 300w, https:\/\/emailchef.com\/wp-content\/uploads\/2021\/04\/Screenshot_156-768x684.jpg 768w, https:\/\/emailchef.com\/wp-content\/uploads\/2021\/04\/Screenshot_156-1024x912.jpg 1024w, https:\/\/emailchef.com\/wp-content\/uploads\/2021\/04\/Screenshot_156-968x862.jpg 968w, https:\/\/emailchef.com\/wp-content\/uploads\/2021\/04\/Screenshot_156-636x566.jpg 636w, https:\/\/emailchef.com\/wp-content\/uploads\/2021\/04\/Screenshot_156-320x285.jpg 320w, https:\/\/emailchef.com\/wp-content\/uploads\/2021\/04\/Screenshot_156-239x213.jpg 239w\" sizes=\"(max-width: 1214px) 100vw, 1214px\" \/><\/a><\/p>\n","protected":false},"excerpt":{"rendered":"<p>Emailchef le permite monitorear sus campa\u00f1as de email marketing con herramientas de estad\u00edsticas avanzadas e informes en tiempo real. La secci\u00f3n &#8220;REPORTES&#8221; contiene una lista de todas las campa\u00f1as enviadas y muestra las m\u00e9tricas m\u00e1s importantes expresadas en porcentaje: correos entregados, correos abiertos, correos clicados, desuscritos y devoluciones. Tambi\u00e9n puede ver una lista de sus [&hellip;]<\/p>\n","protected":false},"author":5,"featured_media":0,"parent":3110,"menu_order":0,"comment_status":"closed","ping_status":"closed","template":"","meta":{"_acf_changed":false,"inline_featured_image":false,"footnotes":""},"g1_relation_tag":[],"class_list":["post-3161","page","type-page","status-publish","hentry"],"acf":[],"yoast_head":"<!-- This site is optimized with the Yoast SEO plugin v24.8.1 - https:\/\/yoast.com\/wordpress\/plugins\/seo\/ -->\n<title>C\u00f3mo se muestra la informaci\u00f3n - Emailchef<\/title>\n<meta name=\"description\" content=\"Emailchef facilita el monitoreo de sus campa\u00f1as de email con herramientas de reportes robustas y en tiempo real.\" \/>\n<meta name=\"robots\" content=\"index, follow, max-snippet:-1, max-image-preview:large, max-video-preview:-1\" \/>\n<link rel=\"canonical\" href=\"https:\/\/emailchef.com\/es\/base-de-conocimiento\/como-muestra-la-informacion\/\" \/>\n<meta name=\"twitter:label1\" content=\"Tiempo de lectura\" \/>\n\t<meta name=\"twitter:data1\" content=\"2 minutos\" \/>\n<!-- \/ Yoast SEO plugin. -->","yoast_head_json":{"title":"C\u00f3mo se muestra la informaci\u00f3n - Emailchef","description":"Emailchef facilita el monitoreo de sus campa\u00f1as de email con herramientas de reportes robustas y en tiempo real.","robots":{"index":"index","follow":"follow","max-snippet":"max-snippet:-1","max-image-preview":"max-image-preview:large","max-video-preview":"max-video-preview:-1"},"canonical":"https:\/\/emailchef.com\/es\/base-de-conocimiento\/como-muestra-la-informacion\/","twitter_misc":{"Tiempo de lectura":"2 minutos"},"schema":{"@context":"https:\/\/schema.org","@graph":[{"@type":"WebPage","@id":"https:\/\/emailchef.com\/es\/base-de-conocimiento\/como-muestra-la-informacion\/","url":"https:\/\/emailchef.com\/es\/base-de-conocimiento\/como-muestra-la-informacion\/","name":"C\u00f3mo se muestra la informaci\u00f3n - Emailchef","isPartOf":{"@id":"https:\/\/emailchef.com\/es\/#website"},"primaryImageOfPage":{"@id":"https:\/\/emailchef.com\/es\/base-de-conocimiento\/como-muestra-la-informacion\/#primaryimage"},"image":{"@id":"https:\/\/emailchef.com\/es\/base-de-conocimiento\/como-muestra-la-informacion\/#primaryimage"},"thumbnailUrl":"https:\/\/emailchef.com\/wp-content\/uploads\/2021\/04\/Screenshot_151.jpg","datePublished":"2014-09-22T08:38:49+00:00","dateModified":"2021-04-26T09:30:24+00:00","description":"Emailchef facilita el monitoreo de sus campa\u00f1as de email con herramientas de reportes robustas y en tiempo real.","breadcrumb":{"@id":"https:\/\/emailchef.com\/es\/base-de-conocimiento\/como-muestra-la-informacion\/#breadcrumb"},"inLanguage":"es","potentialAction":[{"@type":"ReadAction","target":["https:\/\/emailchef.com\/es\/base-de-conocimiento\/como-muestra-la-informacion\/"]}]},{"@type":"ImageObject","inLanguage":"es","@id":"https:\/\/emailchef.com\/es\/base-de-conocimiento\/como-muestra-la-informacion\/#primaryimage","url":"https:\/\/emailchef.com\/wp-content\/uploads\/2021\/04\/Screenshot_151.jpg","contentUrl":"https:\/\/emailchef.com\/wp-content\/uploads\/2021\/04\/Screenshot_151.jpg"},{"@type":"BreadcrumbList","@id":"https:\/\/emailchef.com\/es\/base-de-conocimiento\/como-muestra-la-informacion\/#breadcrumb","itemListElement":[{"@type":"ListItem","position":1,"name":"Home","item":"https:\/\/emailchef.com\/es\/emailchef-email-marketing-services\/"},{"@type":"ListItem","position":2,"name":"Base de conocimiento","item":"https:\/\/emailchef.com\/es\/base-de-conocimiento\/"},{"@type":"ListItem","position":3,"name":"C\u00f3mo se muestra la informaci\u00f3n"}]},{"@type":"WebSite","@id":"https:\/\/emailchef.com\/es\/#website","url":"https:\/\/emailchef.com\/es\/","name":"Emailchef","description":"Tasty recipes for email marketing","publisher":{"@id":"https:\/\/emailchef.com\/es\/#organization"},"potentialAction":[{"@type":"SearchAction","target":{"@type":"EntryPoint","urlTemplate":"https:\/\/emailchef.com\/es\/?s={search_term_string}"},"query-input":{"@type":"PropertyValueSpecification","valueRequired":true,"valueName":"search_term_string"}}],"inLanguage":"es"},{"@type":"Organization","@id":"https:\/\/emailchef.com\/es\/#organization","name":"Delivery Tech Corp.","url":"https:\/\/emailchef.com\/es\/","logo":{"@type":"ImageObject","inLanguage":"es","@id":"https:\/\/emailchef.com\/es\/#\/schema\/logo\/image\/","url":"https:\/\/emailchef.com\/wp-content\/uploads\/2022\/04\/logo-sama.png","contentUrl":"https:\/\/emailchef.com\/wp-content\/uploads\/2022\/04\/logo-sama.png","width":237,"height":80,"caption":"Delivery Tech Corp."},"image":{"@id":"https:\/\/emailchef.com\/es\/#\/schema\/logo\/image\/"}}]}},"_links":{"self":[{"href":"https:\/\/emailchef.com\/es\/wp-json\/wp\/v2\/pages\/3161"}],"collection":[{"href":"https:\/\/emailchef.com\/es\/wp-json\/wp\/v2\/pages"}],"about":[{"href":"https:\/\/emailchef.com\/es\/wp-json\/wp\/v2\/types\/page"}],"author":[{"embeddable":true,"href":"https:\/\/emailchef.com\/es\/wp-json\/wp\/v2\/users\/5"}],"replies":[{"embeddable":true,"href":"https:\/\/emailchef.com\/es\/wp-json\/wp\/v2\/comments?post=3161"}],"version-history":[{"count":7,"href":"https:\/\/emailchef.com\/es\/wp-json\/wp\/v2\/pages\/3161\/revisions"}],"predecessor-version":[{"id":38994,"href":"https:\/\/emailchef.com\/es\/wp-json\/wp\/v2\/pages\/3161\/revisions\/38994"}],"up":[{"embeddable":true,"href":"https:\/\/emailchef.com\/es\/wp-json\/wp\/v2\/pages\/3110"}],"wp:attachment":[{"href":"https:\/\/emailchef.com\/es\/wp-json\/wp\/v2\/media?parent=3161"}],"wp:term":[{"taxonomy":"g1_relation_tag","embeddable":true,"href":"https:\/\/emailchef.com\/es\/wp-json\/wp\/v2\/g1_relation_tag?post=3161"}],"curies":[{"name":"wp","href":"https:\/\/api.w.org\/{rel}","templated":true}]}}