{"id":3147,"date":"2014-09-22T08:27:45","date_gmt":"2014-09-22T08:27:45","guid":{"rendered":"http:\/\/emailchef.com\/es\/?page_id=3147"},"modified":"2021-07-27T15:34:09","modified_gmt":"2021-07-27T15:34:09","slug":"lista-negra-global","status":"publish","type":"page","link":"https:\/\/emailchef.com\/es\/base-de-conocimiento\/lista-negra-global\/","title":{"rendered":"Lista negra global"},"content":{"rendered":"<p class=\"western\" lang=\"es-AR\">En la p\u00e1gina de administraci\u00f3n general de listas, usted encontrar\u00e1 un bot\u00f3n sobre la \u201c<strong>Lista negra global<\/strong>\u201d:<\/p>\n<p class=\"western\" lang=\"es-AR\"><a href=\"https:\/\/emailchef.com\/wp-content\/uploads\/2021\/03\/Screenshot_81-3.jpg\" rel=\"lightbox\"><img fetchpriority=\"high\" decoding=\"async\" class=\"alignnone wp-image-37146 size-full\" src=\"https:\/\/emailchef.com\/wp-content\/uploads\/2021\/03\/Screenshot_81-3.jpg\" alt=\"\" width=\"1463\" height=\"461\" srcset=\"https:\/\/emailchef.com\/wp-content\/uploads\/2021\/03\/Screenshot_81-3.jpg 1463w, https:\/\/emailchef.com\/wp-content\/uploads\/2021\/03\/Screenshot_81-3-300x95.jpg 300w, https:\/\/emailchef.com\/wp-content\/uploads\/2021\/03\/Screenshot_81-3-768x242.jpg 768w, https:\/\/emailchef.com\/wp-content\/uploads\/2021\/03\/Screenshot_81-3-1024x323.jpg 1024w, https:\/\/emailchef.com\/wp-content\/uploads\/2021\/03\/Screenshot_81-3-968x305.jpg 968w, https:\/\/emailchef.com\/wp-content\/uploads\/2021\/03\/Screenshot_81-3-636x200.jpg 636w, https:\/\/emailchef.com\/wp-content\/uploads\/2021\/03\/Screenshot_81-3-320x101.jpg 320w, https:\/\/emailchef.com\/wp-content\/uploads\/2021\/03\/Screenshot_81-3-239x75.jpg 239w\" sizes=\"(max-width: 1463px) 100vw, 1463px\" \/><\/a><\/p>\n<p><span style=\"font-weight: 400;\">La Lista Negra Global muestra la lista de<strong> todas las direcciones a las que ya no se env\u00edan sus mensajes.<\/strong> Esta incluye:<\/span><\/p>\n<ul>\n<li style=\"font-weight: 400;\" aria-level=\"1\"><a href=\"https:\/\/emailchef.com\/es\/academia-emailchef\/email-marketing-que-es-un-rebote-duro\/\"><span style=\"font-weight: 400;\">Devoluciones fuertes<\/span><\/a><\/li>\n<li style=\"font-weight: 400;\" aria-level=\"1\"><span style=\"font-weight: 400;\">Contactos desuscritos<\/span><\/li>\n<li style=\"font-weight: 400;\" aria-level=\"1\"><span style=\"font-weight: 400;\">Contactos que han reportado a su remitente como spam<\/span><\/li>\n<\/ul>\n<p class=\"western\" lang=\"es-AR\"><a href=\"https:\/\/emailchef.com\/wp-content\/uploads\/2021\/03\/Screenshot_82-4.jpg\" rel=\"lightbox\"><img decoding=\"async\" class=\"alignnone wp-image-37130 size-full\" src=\"https:\/\/emailchef.com\/wp-content\/uploads\/2021\/03\/Screenshot_82-4.jpg\" alt=\"\" width=\"1445\" height=\"559\" srcset=\"https:\/\/emailchef.com\/wp-content\/uploads\/2021\/03\/Screenshot_82-4.jpg 1445w, https:\/\/emailchef.com\/wp-content\/uploads\/2021\/03\/Screenshot_82-4-300x116.jpg 300w, https:\/\/emailchef.com\/wp-content\/uploads\/2021\/03\/Screenshot_82-4-768x297.jpg 768w, https:\/\/emailchef.com\/wp-content\/uploads\/2021\/03\/Screenshot_82-4-1024x396.jpg 1024w, https:\/\/emailchef.com\/wp-content\/uploads\/2021\/03\/Screenshot_82-4-968x374.jpg 968w, https:\/\/emailchef.com\/wp-content\/uploads\/2021\/03\/Screenshot_82-4-636x246.jpg 636w, https:\/\/emailchef.com\/wp-content\/uploads\/2021\/03\/Screenshot_82-4-320x124.jpg 320w, https:\/\/emailchef.com\/wp-content\/uploads\/2021\/03\/Screenshot_82-4-239x92.jpg 239w\" sizes=\"(max-width: 1445px) 100vw, 1445px\" \/><\/a><\/p>\n<p><span style=\"font-weight: 400;\">Este tipo de direcciones son agregadas autom\u00e1ticamente a su lista negra, pero <strong>tambi\u00e9n puede agregarlas manualmente.<\/strong><\/span><\/p>\n<p><span style=\"font-weight: 400;\">Para agregar una direcci\u00f3n a la lista negra, haga clic en el bot\u00f3n &#8220;AGREGAR ENTRADA&#8221; e ingrese las direcciones que desea excluir de sus campa\u00f1as. <strong>Tambi\u00e9n puede agregar dominios completos.<\/strong><\/span><\/p>\n<p><a href=\"https:\/\/emailchef.com\/wp-content\/uploads\/2021\/03\/Screenshot_83.jpg\" rel=\"lightbox\"><img decoding=\"async\" class=\"alignnone wp-image-37180 size-full\" src=\"https:\/\/emailchef.com\/wp-content\/uploads\/2021\/03\/Screenshot_83.jpg\" alt=\"\" width=\"722\" height=\"438\" srcset=\"https:\/\/emailchef.com\/wp-content\/uploads\/2021\/03\/Screenshot_83.jpg 722w, https:\/\/emailchef.com\/wp-content\/uploads\/2021\/03\/Screenshot_83-300x182.jpg 300w, https:\/\/emailchef.com\/wp-content\/uploads\/2021\/03\/Screenshot_83-636x386.jpg 636w, https:\/\/emailchef.com\/wp-content\/uploads\/2021\/03\/Screenshot_83-320x194.jpg 320w, https:\/\/emailchef.com\/wp-content\/uploads\/2021\/03\/Screenshot_83-239x145.jpg 239w\" sizes=\"(max-width: 722px) 100vw, 722px\" \/><\/a><\/p>\n<p><span style=\"font-weight: 400;\">Cuando haya terminado, haga clic en &#8220;GUARDAR&#8221;.<\/span><span style=\"font-weight: 400;\"><br \/>\n<\/span><span style=\"font-weight: 400;\">Las direcciones agregadas a la lista negra ser\u00e1n marcadas en rojo en sus listas:<\/span><\/p>\n<p><a href=\"https:\/\/emailchef.com\/wp-content\/uploads\/2021\/03\/Screenshot_84.jpg\" rel=\"lightbox\"><img loading=\"lazy\" decoding=\"async\" class=\"alignnone wp-image-37196 size-full\" src=\"https:\/\/emailchef.com\/wp-content\/uploads\/2021\/03\/Screenshot_84.jpg\" alt=\"\" width=\"1203\" height=\"712\" srcset=\"https:\/\/emailchef.com\/wp-content\/uploads\/2021\/03\/Screenshot_84.jpg 1203w, https:\/\/emailchef.com\/wp-content\/uploads\/2021\/03\/Screenshot_84-300x178.jpg 300w, https:\/\/emailchef.com\/wp-content\/uploads\/2021\/03\/Screenshot_84-768x455.jpg 768w, https:\/\/emailchef.com\/wp-content\/uploads\/2021\/03\/Screenshot_84-1024x606.jpg 1024w, https:\/\/emailchef.com\/wp-content\/uploads\/2021\/03\/Screenshot_84-968x573.jpg 968w, https:\/\/emailchef.com\/wp-content\/uploads\/2021\/03\/Screenshot_84-636x376.jpg 636w, https:\/\/emailchef.com\/wp-content\/uploads\/2021\/03\/Screenshot_84-320x189.jpg 320w, https:\/\/emailchef.com\/wp-content\/uploads\/2021\/03\/Screenshot_84-239x141.jpg 239w\" sizes=\"(max-width: 1203px) 100vw, 1203px\" \/><\/a><\/p>\n<p><span style=\"font-weight: 400;\">Incluso si se aparecen entre los contactos activos, las direcciones de la lista negra se ignorar\u00e1n al enviar sus campa\u00f1as.<\/span><\/p>\n<p><span style=\"font-weight: 400;\">Para saber m\u00e1s, vea este video tutorial:<\/span><\/p>\n<div class=\"lyte-wrapper\" title=\"[ES] C&oacute;mo agregar contactos a la Lista Negra Global\" style=\"width:640px;max-width:100%;margin:5px;\"><div class=\"lyMe\" id=\"WYL_jHzsyWxR_QU\"><div id=\"lyte_jHzsyWxR_QU\" data-src=\"https:\/\/emailchef.com\/wp-content\/plugins\/wp-youtube-lyte\/lyteCache.php?origThumbUrl=https%3A%2F%2Fi.ytimg.com%2Fvi%2FjHzsyWxR_QU%2Fhqdefault.jpg\" class=\"pL\"><div class=\"tC\"><div class=\"tT\">[ES] C\u00f3mo agregar contactos a la Lista Negra Global<\/div><\/div><div class=\"play\"><\/div><div class=\"ctrl\"><div class=\"Lctrl\"><\/div><div class=\"Rctrl\"><\/div><\/div><\/div><noscript><a href=\"https:\/\/youtu.be\/jHzsyWxR_QU\" rel=\"nofollow\"><img loading=\"lazy\" decoding=\"async\" src=\"https:\/\/emailchef.com\/wp-content\/plugins\/wp-youtube-lyte\/lyteCache.php?origThumbUrl=https%3A%2F%2Fi.ytimg.com%2Fvi%2FjHzsyWxR_QU%2F0.jpg\" alt=\"[ES] C&oacute;mo agregar contactos a la Lista Negra Global\" width=\"640\" height=\"340\" \/><br \/>Mire este video en YouTube<\/a><\/noscript><\/div><\/div><div class=\"lL\" style=\"max-width:100%;width:640px;margin:5px;\"><\/div>\n<div class=\"ec-video-button hide centered\">\n\t<a href=\"https:\/\/youtu.be\/jHzsyWxR_QU\" rel=\"prettyPhoto\" title=\"Reproducir v\u00eddeo\">Reproducir v\u00eddeo <i class=\"fa fa-play-circle fa-2x\"><\/i><\/a>\n<\/div>\n","protected":false},"excerpt":{"rendered":"<p>En la p\u00e1gina de administraci\u00f3n general de listas, usted encontrar\u00e1 un bot\u00f3n sobre la \u201cLista negra global\u201d: La Lista Negra Global muestra la lista de todas las direcciones a las que ya no se env\u00edan sus mensajes. Esta incluye: Devoluciones fuertes Contactos desuscritos Contactos que han reportado a su remitente como spam Este tipo de [&hellip;]<\/p>\n","protected":false},"author":5,"featured_media":0,"parent":3110,"menu_order":0,"comment_status":"closed","ping_status":"closed","template":"","meta":{"_acf_changed":false,"inline_featured_image":false,"footnotes":""},"g1_relation_tag":[],"class_list":["post-3147","page","type-page","status-publish","hentry"],"acf":[],"yoast_head":"<!-- This site is optimized with the Yoast SEO plugin v24.8.1 - https:\/\/yoast.com\/wordpress\/plugins\/seo\/ -->\n<title>Lista negra global - Emailchef<\/title>\n<meta name=\"description\" content=\"En la p\u00e1gina de administraci\u00f3n general de listas (siempre disponible utilizando el bot\u00f3n de \u201cContactos\u201d de arriba), usted encontrar\u00e1 un bot\u00f3n a la derecha sobre la \u201cLista negra global\u201d.\" \/>\n<meta name=\"robots\" content=\"index, follow, max-snippet:-1, max-image-preview:large, max-video-preview:-1\" \/>\n<link rel=\"canonical\" href=\"https:\/\/emailchef.com\/es\/base-de-conocimiento\/lista-negra-global\/\" \/>\n<meta name=\"twitter:label1\" content=\"Tiempo de lectura\" \/>\n\t<meta name=\"twitter:data1\" content=\"2 minutos\" \/>\n<!-- \/ Yoast SEO plugin. -->","yoast_head_json":{"title":"Lista negra global - Emailchef","description":"En la p\u00e1gina de administraci\u00f3n general de listas (siempre disponible utilizando el bot\u00f3n de \u201cContactos\u201d de arriba), usted encontrar\u00e1 un bot\u00f3n a la derecha sobre la \u201cLista negra global\u201d.","robots":{"index":"index","follow":"follow","max-snippet":"max-snippet:-1","max-image-preview":"max-image-preview:large","max-video-preview":"max-video-preview:-1"},"canonical":"https:\/\/emailchef.com\/es\/base-de-conocimiento\/lista-negra-global\/","twitter_misc":{"Tiempo de lectura":"2 minutos"},"schema":{"@context":"https:\/\/schema.org","@graph":[{"@type":"WebPage","@id":"https:\/\/emailchef.com\/es\/base-de-conocimiento\/lista-negra-global\/","url":"https:\/\/emailchef.com\/es\/base-de-conocimiento\/lista-negra-global\/","name":"Lista negra global - Emailchef","isPartOf":{"@id":"https:\/\/emailchef.com\/es\/#website"},"primaryImageOfPage":{"@id":"https:\/\/emailchef.com\/es\/base-de-conocimiento\/lista-negra-global\/#primaryimage"},"image":{"@id":"https:\/\/emailchef.com\/es\/base-de-conocimiento\/lista-negra-global\/#primaryimage"},"thumbnailUrl":"https:\/\/emailchef.com\/wp-content\/uploads\/2021\/03\/Screenshot_81-3.jpg","datePublished":"2014-09-22T08:27:45+00:00","dateModified":"2021-07-27T15:34:09+00:00","description":"En la p\u00e1gina de administraci\u00f3n general de listas (siempre disponible utilizando el bot\u00f3n de \u201cContactos\u201d de arriba), usted encontrar\u00e1 un bot\u00f3n a la derecha sobre la \u201cLista negra global\u201d.","breadcrumb":{"@id":"https:\/\/emailchef.com\/es\/base-de-conocimiento\/lista-negra-global\/#breadcrumb"},"inLanguage":"es","potentialAction":[{"@type":"ReadAction","target":["https:\/\/emailchef.com\/es\/base-de-conocimiento\/lista-negra-global\/"]}]},{"@type":"ImageObject","inLanguage":"es","@id":"https:\/\/emailchef.com\/es\/base-de-conocimiento\/lista-negra-global\/#primaryimage","url":"https:\/\/emailchef.com\/wp-content\/uploads\/2021\/03\/Screenshot_81-3.jpg","contentUrl":"https:\/\/emailchef.com\/wp-content\/uploads\/2021\/03\/Screenshot_81-3.jpg"},{"@type":"BreadcrumbList","@id":"https:\/\/emailchef.com\/es\/base-de-conocimiento\/lista-negra-global\/#breadcrumb","itemListElement":[{"@type":"ListItem","position":1,"name":"Home","item":"https:\/\/emailchef.com\/es\/emailchef-email-marketing-services\/"},{"@type":"ListItem","position":2,"name":"Base de conocimiento","item":"https:\/\/emailchef.com\/es\/base-de-conocimiento\/"},{"@type":"ListItem","position":3,"name":"Lista negra global"}]},{"@type":"WebSite","@id":"https:\/\/emailchef.com\/es\/#website","url":"https:\/\/emailchef.com\/es\/","name":"Emailchef","description":"Tasty recipes for email marketing","publisher":{"@id":"https:\/\/emailchef.com\/es\/#organization"},"potentialAction":[{"@type":"SearchAction","target":{"@type":"EntryPoint","urlTemplate":"https:\/\/emailchef.com\/es\/?s={search_term_string}"},"query-input":{"@type":"PropertyValueSpecification","valueRequired":true,"valueName":"search_term_string"}}],"inLanguage":"es"},{"@type":"Organization","@id":"https:\/\/emailchef.com\/es\/#organization","name":"Delivery Tech Corp.","url":"https:\/\/emailchef.com\/es\/","logo":{"@type":"ImageObject","inLanguage":"es","@id":"https:\/\/emailchef.com\/es\/#\/schema\/logo\/image\/","url":"https:\/\/emailchef.com\/wp-content\/uploads\/2022\/04\/logo-sama.png","contentUrl":"https:\/\/emailchef.com\/wp-content\/uploads\/2022\/04\/logo-sama.png","width":237,"height":80,"caption":"Delivery Tech Corp."},"image":{"@id":"https:\/\/emailchef.com\/es\/#\/schema\/logo\/image\/"}}]}},"_links":{"self":[{"href":"https:\/\/emailchef.com\/es\/wp-json\/wp\/v2\/pages\/3147"}],"collection":[{"href":"https:\/\/emailchef.com\/es\/wp-json\/wp\/v2\/pages"}],"about":[{"href":"https:\/\/emailchef.com\/es\/wp-json\/wp\/v2\/types\/page"}],"author":[{"embeddable":true,"href":"https:\/\/emailchef.com\/es\/wp-json\/wp\/v2\/users\/5"}],"replies":[{"embeddable":true,"href":"https:\/\/emailchef.com\/es\/wp-json\/wp\/v2\/comments?post=3147"}],"version-history":[{"count":7,"href":"https:\/\/emailchef.com\/es\/wp-json\/wp\/v2\/pages\/3147\/revisions"}],"predecessor-version":[{"id":47286,"href":"https:\/\/emailchef.com\/es\/wp-json\/wp\/v2\/pages\/3147\/revisions\/47286"}],"up":[{"embeddable":true,"href":"https:\/\/emailchef.com\/es\/wp-json\/wp\/v2\/pages\/3110"}],"wp:attachment":[{"href":"https:\/\/emailchef.com\/es\/wp-json\/wp\/v2\/media?parent=3147"}],"wp:term":[{"taxonomy":"g1_relation_tag","embeddable":true,"href":"https:\/\/emailchef.com\/es\/wp-json\/wp\/v2\/g1_relation_tag?post=3147"}],"curies":[{"name":"wp","href":"https:\/\/api.w.org\/{rel}","templated":true}]}}