{"id":3134,"date":"2014-09-22T08:22:58","date_gmt":"2014-09-22T08:22:58","guid":{"rendered":"http:\/\/emailchef.com\/es\/?page_id=3134"},"modified":"2021-07-27T15:32:21","modified_gmt":"2021-07-27T15:32:21","slug":"edicion-de-los-detalles-de-un-unico-suscriptor","status":"publish","type":"page","link":"https:\/\/emailchef.com\/es\/base-de-conocimiento\/edicion-de-los-detalles-de-un-unico-suscriptor\/","title":{"rendered":"Edici\u00f3n de los detalles de un \u00fanico suscriptor"},"content":{"rendered":"<p class=\"western\" lang=\"es-AR\"><span style=\"font-weight: 400;\">Al hacer clic en cada suscriptor de la lista, podr\u00e1 ver una tarjeta con sus datos:<\/span><\/p>\n<p><a href=\"https:\/\/emailchef.com\/wp-content\/uploads\/2021\/01\/Screenshot_62.jpg\" rel=\"lightbox\"><img fetchpriority=\"high\" decoding=\"async\" class=\"alignnone wp-image-35724 size-full\" src=\"https:\/\/emailchef.com\/wp-content\/uploads\/2021\/01\/Screenshot_62.jpg\" alt=\"\" width=\"1206\" height=\"963\" srcset=\"https:\/\/emailchef.com\/wp-content\/uploads\/2021\/01\/Screenshot_62.jpg 1206w, https:\/\/emailchef.com\/wp-content\/uploads\/2021\/01\/Screenshot_62-300x240.jpg 300w, https:\/\/emailchef.com\/wp-content\/uploads\/2021\/01\/Screenshot_62-768x613.jpg 768w, https:\/\/emailchef.com\/wp-content\/uploads\/2021\/01\/Screenshot_62-1024x818.jpg 1024w, https:\/\/emailchef.com\/wp-content\/uploads\/2021\/01\/Screenshot_62-968x773.jpg 968w, https:\/\/emailchef.com\/wp-content\/uploads\/2021\/01\/Screenshot_62-636x508.jpg 636w, https:\/\/emailchef.com\/wp-content\/uploads\/2021\/01\/Screenshot_62-320x256.jpg 320w, https:\/\/emailchef.com\/wp-content\/uploads\/2021\/01\/Screenshot_62-239x191.jpg 239w\" sizes=\"(max-width: 1206px) 100vw, 1206px\" \/><\/a><\/p>\n<p><span style=\"font-weight: 400;\">A la izquierda, encontrar\u00e1 los datos de contacto divididos por campos. Haga clic en &#8220;EDITAR&#8221; <\/span><b>para editar el contenido de los campos<\/b><span style=\"font-weight: 400;\"> o completar los campos vac\u00edos.<\/span><\/p>\n<p><a href=\"https:\/\/emailchef.com\/wp-content\/uploads\/2021\/01\/Screenshot_63.jpg\" rel=\"lightbox\"><img decoding=\"async\" class=\"alignnone wp-image-35740 size-full\" src=\"https:\/\/emailchef.com\/wp-content\/uploads\/2021\/01\/Screenshot_63.jpg\" alt=\"\" width=\"668\" height=\"667\" srcset=\"https:\/\/emailchef.com\/wp-content\/uploads\/2021\/01\/Screenshot_63.jpg 668w, https:\/\/emailchef.com\/wp-content\/uploads\/2021\/01\/Screenshot_63-150x150.jpg 150w, https:\/\/emailchef.com\/wp-content\/uploads\/2021\/01\/Screenshot_63-300x300.jpg 300w, https:\/\/emailchef.com\/wp-content\/uploads\/2021\/01\/Screenshot_63-636x635.jpg 636w, https:\/\/emailchef.com\/wp-content\/uploads\/2021\/01\/Screenshot_63-320x320.jpg 320w, https:\/\/emailchef.com\/wp-content\/uploads\/2021\/01\/Screenshot_63-239x239.jpg 239w, https:\/\/emailchef.com\/wp-content\/uploads\/2021\/01\/Screenshot_63-55x55.jpg 55w\" sizes=\"(max-width: 668px) 100vw, 668px\" \/><\/a><\/p>\n<p><span style=\"font-weight: 400;\">En la parte superior izquierda, puede verificar el estado de su contacto. En este ejemplo, el contacto est\u00e1 activo (Suscrito). Con un clic puede <strong>cambiar el estado del contacto<\/strong> (en este caso, desuscribi\u00e9ndolo), o puede eliminar el contacto de la lista.<\/span><\/p>\n<p><a href=\"https:\/\/emailchef.com\/wp-content\/uploads\/2021\/01\/Screenshot_64.jpg\" rel=\"lightbox\"><img decoding=\"async\" class=\"alignnone wp-image-35756 size-full\" src=\"https:\/\/emailchef.com\/wp-content\/uploads\/2021\/01\/Screenshot_64.jpg\" alt=\"\" width=\"668\" height=\"199\" srcset=\"https:\/\/emailchef.com\/wp-content\/uploads\/2021\/01\/Screenshot_64.jpg 668w, https:\/\/emailchef.com\/wp-content\/uploads\/2021\/01\/Screenshot_64-300x89.jpg 300w, https:\/\/emailchef.com\/wp-content\/uploads\/2021\/01\/Screenshot_64-636x189.jpg 636w, https:\/\/emailchef.com\/wp-content\/uploads\/2021\/01\/Screenshot_64-320x95.jpg 320w, https:\/\/emailchef.com\/wp-content\/uploads\/2021\/01\/Screenshot_64-239x71.jpg 239w\" sizes=\"(max-width: 668px) 100vw, 668px\" \/><\/a><\/p>\n<p><span style=\"font-weight: 400;\">En el lado derecho, encontrar\u00e1 un resumen de los <strong>datos de actividad del contacto.<\/strong> En la parte superior, un informe muestra las campa\u00f1as y los autoresponders que ha recibido el contacto. Puede seguir el historial de todos los eventos del contacto, como correos electr\u00f3nicos entregados, abiertos, cliqueados, rebotados, etc.<\/span><\/p>\n<p><a href=\"https:\/\/emailchef.com\/wp-content\/uploads\/2021\/01\/Screenshot_61.jpg\" rel=\"lightbox\"><img loading=\"lazy\" decoding=\"async\" class=\"alignnone wp-image-35772 size-full\" src=\"https:\/\/emailchef.com\/wp-content\/uploads\/2021\/01\/Screenshot_61.jpg\" alt=\"\" width=\"468\" height=\"738\" srcset=\"https:\/\/emailchef.com\/wp-content\/uploads\/2021\/01\/Screenshot_61.jpg 468w, https:\/\/emailchef.com\/wp-content\/uploads\/2021\/01\/Screenshot_61-190x300.jpg 190w, https:\/\/emailchef.com\/wp-content\/uploads\/2021\/01\/Screenshot_61-320x505.jpg 320w, https:\/\/emailchef.com\/wp-content\/uploads\/2021\/01\/Screenshot_61-239x377.jpg 239w\" sizes=\"(max-width: 468px) 100vw, 468px\" \/><\/a><\/p>\n<p><span style=\"font-weight: 400;\">Con Emailchef tendr\u00e1 un <strong>panel detallado en tiempo real de las actividades realizadas por sus contactos.<\/strong> Monitorear los resultados le ayudar\u00e1 a comprender la efectividad de sus campa\u00f1as de email marketing y tomar acci\u00f3n para mejorar sus tasas de conversi\u00f3n.<\/span><\/p>\n<p><span style=\"font-weight: 400;\">Para saber m\u00e1s sobre el \u00e1rea de detalles de contacto, le sugerimos ver este video tutorial:<\/span><\/p>\n<div class=\"lyte-wrapper\" title=\"[ES] Obtenga datos detallados de sus contactos\" style=\"width:640px;max-width:100%;margin:5px;\"><div class=\"lyMe\" id=\"WYL_IgGO7dXSobQ\"><div id=\"lyte_IgGO7dXSobQ\" data-src=\"https:\/\/emailchef.com\/wp-content\/plugins\/wp-youtube-lyte\/lyteCache.php?origThumbUrl=https%3A%2F%2Fi.ytimg.com%2Fvi%2FIgGO7dXSobQ%2Fhqdefault.jpg\" class=\"pL\"><div class=\"tC\"><div class=\"tT\">[ES] Obtenga datos detallados de sus contactos<\/div><\/div><div class=\"play\"><\/div><div class=\"ctrl\"><div class=\"Lctrl\"><\/div><div class=\"Rctrl\"><\/div><\/div><\/div><noscript><a href=\"https:\/\/youtu.be\/IgGO7dXSobQ\" rel=\"nofollow\"><img loading=\"lazy\" decoding=\"async\" src=\"https:\/\/emailchef.com\/wp-content\/plugins\/wp-youtube-lyte\/lyteCache.php?origThumbUrl=https%3A%2F%2Fi.ytimg.com%2Fvi%2FIgGO7dXSobQ%2F0.jpg\" alt=\"[ES] Obtenga datos detallados de sus contactos\" width=\"640\" height=\"340\" \/><br \/>Mire este video en YouTube<\/a><\/noscript><\/div><\/div><div class=\"lL\" style=\"max-width:100%;width:640px;margin:5px;\"><\/div>\n<div class=\"ec-video-button hide centered\">\n\t<a href=\"https:\/\/youtu.be\/IgGO7dXSobQ\" rel=\"prettyPhoto\" title=\"Reproducir v\u00eddeo\">Reproducir v\u00eddeo <i class=\"fa fa-play-circle fa-2x\"><\/i><\/a>\n<\/div>\n","protected":false},"excerpt":{"rendered":"<p>Al hacer clic en cada suscriptor de la lista, podr\u00e1 ver una tarjeta con sus datos: A la izquierda, encontrar\u00e1 los datos de contacto divididos por campos. Haga clic en &#8220;EDITAR&#8221; para editar el contenido de los campos o completar los campos vac\u00edos. En la parte superior izquierda, puede verificar el estado de su contacto. [&hellip;]<\/p>\n","protected":false},"author":5,"featured_media":0,"parent":3110,"menu_order":0,"comment_status":"closed","ping_status":"closed","template":"","meta":{"_acf_changed":false,"inline_featured_image":false,"footnotes":""},"g1_relation_tag":[],"class_list":["post-3134","page","type-page","status-publish","hentry"],"acf":[],"yoast_head":"<!-- This site is optimized with the Yoast SEO plugin v24.8.1 - https:\/\/yoast.com\/wordpress\/plugins\/seo\/ -->\n<title>Edici\u00f3n de los detalles de un \u00fanico suscriptor - Emailchef<\/title>\n<meta name=\"description\" content=\"Destalles de suscriptor\" \/>\n<meta name=\"robots\" content=\"index, follow, max-snippet:-1, max-image-preview:large, max-video-preview:-1\" \/>\n<link rel=\"canonical\" href=\"https:\/\/emailchef.com\/es\/base-de-conocimiento\/edicion-de-los-detalles-de-un-unico-suscriptor\/\" \/>\n<meta name=\"twitter:label1\" content=\"Tiempo de lectura\" \/>\n\t<meta name=\"twitter:data1\" content=\"2 minutos\" \/>\n<!-- \/ Yoast SEO plugin. -->","yoast_head_json":{"title":"Edici\u00f3n de los detalles de un \u00fanico suscriptor - Emailchef","description":"Destalles de suscriptor","robots":{"index":"index","follow":"follow","max-snippet":"max-snippet:-1","max-image-preview":"max-image-preview:large","max-video-preview":"max-video-preview:-1"},"canonical":"https:\/\/emailchef.com\/es\/base-de-conocimiento\/edicion-de-los-detalles-de-un-unico-suscriptor\/","twitter_misc":{"Tiempo de lectura":"2 minutos"},"schema":{"@context":"https:\/\/schema.org","@graph":[{"@type":"WebPage","@id":"https:\/\/emailchef.com\/es\/base-de-conocimiento\/edicion-de-los-detalles-de-un-unico-suscriptor\/","url":"https:\/\/emailchef.com\/es\/base-de-conocimiento\/edicion-de-los-detalles-de-un-unico-suscriptor\/","name":"Edici\u00f3n de los detalles de un \u00fanico suscriptor - Emailchef","isPartOf":{"@id":"https:\/\/emailchef.com\/es\/#website"},"primaryImageOfPage":{"@id":"https:\/\/emailchef.com\/es\/base-de-conocimiento\/edicion-de-los-detalles-de-un-unico-suscriptor\/#primaryimage"},"image":{"@id":"https:\/\/emailchef.com\/es\/base-de-conocimiento\/edicion-de-los-detalles-de-un-unico-suscriptor\/#primaryimage"},"thumbnailUrl":"https:\/\/emailchef.com\/wp-content\/uploads\/2021\/01\/Screenshot_62.jpg","datePublished":"2014-09-22T08:22:58+00:00","dateModified":"2021-07-27T15:32:21+00:00","description":"Destalles de suscriptor","breadcrumb":{"@id":"https:\/\/emailchef.com\/es\/base-de-conocimiento\/edicion-de-los-detalles-de-un-unico-suscriptor\/#breadcrumb"},"inLanguage":"es","potentialAction":[{"@type":"ReadAction","target":["https:\/\/emailchef.com\/es\/base-de-conocimiento\/edicion-de-los-detalles-de-un-unico-suscriptor\/"]}]},{"@type":"ImageObject","inLanguage":"es","@id":"https:\/\/emailchef.com\/es\/base-de-conocimiento\/edicion-de-los-detalles-de-un-unico-suscriptor\/#primaryimage","url":"https:\/\/emailchef.com\/wp-content\/uploads\/2021\/01\/Screenshot_62.jpg","contentUrl":"https:\/\/emailchef.com\/wp-content\/uploads\/2021\/01\/Screenshot_62.jpg"},{"@type":"BreadcrumbList","@id":"https:\/\/emailchef.com\/es\/base-de-conocimiento\/edicion-de-los-detalles-de-un-unico-suscriptor\/#breadcrumb","itemListElement":[{"@type":"ListItem","position":1,"name":"Home","item":"https:\/\/emailchef.com\/es\/emailchef-email-marketing-services\/"},{"@type":"ListItem","position":2,"name":"Base de conocimiento","item":"https:\/\/emailchef.com\/es\/base-de-conocimiento\/"},{"@type":"ListItem","position":3,"name":"Edici\u00f3n de los detalles de un \u00fanico suscriptor"}]},{"@type":"WebSite","@id":"https:\/\/emailchef.com\/es\/#website","url":"https:\/\/emailchef.com\/es\/","name":"Emailchef","description":"Tasty recipes for email marketing","publisher":{"@id":"https:\/\/emailchef.com\/es\/#organization"},"potentialAction":[{"@type":"SearchAction","target":{"@type":"EntryPoint","urlTemplate":"https:\/\/emailchef.com\/es\/?s={search_term_string}"},"query-input":{"@type":"PropertyValueSpecification","valueRequired":true,"valueName":"search_term_string"}}],"inLanguage":"es"},{"@type":"Organization","@id":"https:\/\/emailchef.com\/es\/#organization","name":"Delivery Tech Corp.","url":"https:\/\/emailchef.com\/es\/","logo":{"@type":"ImageObject","inLanguage":"es","@id":"https:\/\/emailchef.com\/es\/#\/schema\/logo\/image\/","url":"https:\/\/emailchef.com\/wp-content\/uploads\/2022\/04\/logo-sama.png","contentUrl":"https:\/\/emailchef.com\/wp-content\/uploads\/2022\/04\/logo-sama.png","width":237,"height":80,"caption":"Delivery Tech Corp."},"image":{"@id":"https:\/\/emailchef.com\/es\/#\/schema\/logo\/image\/"}}]}},"_links":{"self":[{"href":"https:\/\/emailchef.com\/es\/wp-json\/wp\/v2\/pages\/3134"}],"collection":[{"href":"https:\/\/emailchef.com\/es\/wp-json\/wp\/v2\/pages"}],"about":[{"href":"https:\/\/emailchef.com\/es\/wp-json\/wp\/v2\/types\/page"}],"author":[{"embeddable":true,"href":"https:\/\/emailchef.com\/es\/wp-json\/wp\/v2\/users\/5"}],"replies":[{"embeddable":true,"href":"https:\/\/emailchef.com\/es\/wp-json\/wp\/v2\/comments?post=3134"}],"version-history":[{"count":8,"href":"https:\/\/emailchef.com\/es\/wp-json\/wp\/v2\/pages\/3134\/revisions"}],"predecessor-version":[{"id":47278,"href":"https:\/\/emailchef.com\/es\/wp-json\/wp\/v2\/pages\/3134\/revisions\/47278"}],"up":[{"embeddable":true,"href":"https:\/\/emailchef.com\/es\/wp-json\/wp\/v2\/pages\/3110"}],"wp:attachment":[{"href":"https:\/\/emailchef.com\/es\/wp-json\/wp\/v2\/media?parent=3134"}],"wp:term":[{"taxonomy":"g1_relation_tag","embeddable":true,"href":"https:\/\/emailchef.com\/es\/wp-json\/wp\/v2\/g1_relation_tag?post=3134"}],"curies":[{"name":"wp","href":"https:\/\/api.w.org\/{rel}","templated":true}]}}