{"id":3126,"date":"2014-09-22T08:25:39","date_gmt":"2014-09-22T08:25:39","guid":{"rendered":"http:\/\/emailchef.com\/es\/?page_id=3126"},"modified":"2021-07-27T15:24:28","modified_gmt":"2021-07-27T15:24:28","slug":"campos-personalizados","status":"publish","type":"page","link":"https:\/\/emailchef.com\/es\/base-de-conocimiento\/campos-personalizados\/","title":{"rendered":"Campos personalizados"},"content":{"rendered":"<p class=\"western\" lang=\"es-AR\"><span style=\"font-weight: 400;\">Los <strong>campos personalizados<\/strong> son como contenedores llenos de informaci\u00f3n sobre sus contactos. Para cada tipo de datos recopilados de sus contactos, puede crear un campo espec\u00edfico. Puede utilizar campos personalizados para <a href=\"https:\/\/emailchef.com\/es\/academia-emailchef\/como-segmentar-contactos-en-sus-listas\/\"><strong>segmentar su lista<\/strong><\/a> o <strong>personalizar sus correos electr\u00f3nicos.<\/strong><\/span><\/p>\n<p lang=\"es-AR\"><a href=\"https:\/\/emailchef.com\/wp-content\/uploads\/2021\/01\/Screenshot_67.jpg\" rel=\"lightbox\"><img fetchpriority=\"high\" decoding=\"async\" class=\"alignnone wp-image-35836 size-full\" src=\"https:\/\/emailchef.com\/wp-content\/uploads\/2021\/01\/Screenshot_67.jpg\" alt=\"\" width=\"1209\" height=\"506\" srcset=\"https:\/\/emailchef.com\/wp-content\/uploads\/2021\/01\/Screenshot_67.jpg 1209w, https:\/\/emailchef.com\/wp-content\/uploads\/2021\/01\/Screenshot_67-300x126.jpg 300w, https:\/\/emailchef.com\/wp-content\/uploads\/2021\/01\/Screenshot_67-768x321.jpg 768w, https:\/\/emailchef.com\/wp-content\/uploads\/2021\/01\/Screenshot_67-1024x429.jpg 1024w, https:\/\/emailchef.com\/wp-content\/uploads\/2021\/01\/Screenshot_67-968x405.jpg 968w, https:\/\/emailchef.com\/wp-content\/uploads\/2021\/01\/Screenshot_67-636x266.jpg 636w, https:\/\/emailchef.com\/wp-content\/uploads\/2021\/01\/Screenshot_67-320x134.jpg 320w, https:\/\/emailchef.com\/wp-content\/uploads\/2021\/01\/Screenshot_67-239x100.jpg 239w\" sizes=\"(max-width: 1209px) 100vw, 1209px\" \/><\/a><\/p>\n<p><b>Tipos de campos personalizados<\/b><\/p>\n<p><span style=\"font-weight: 400;\">Cada tipo de campo es usando para administrar diferentes tipos de datos:<\/span><span style=\"font-weight: 400;\"><br \/>\n<\/span><\/p>\n<ul>\n<li style=\"font-weight: 400;\" aria-level=\"1\"><span style=\"font-weight: 400;\"><strong>N\u00famero<\/strong> = valores n\u00famericos<\/span><\/li>\n<li style=\"font-weight: 400;\" aria-level=\"1\"><span style=\"font-weight: 400;\"><strong>Fecha<\/strong> = fechas<\/span><\/li>\n<li style=\"font-weight: 400;\" aria-level=\"1\"><span style=\"font-weight: 400;\"><strong>Si\/No<\/strong> = Valor verdadero o falso<\/span><\/li>\n<li style=\"font-weight: 400;\" aria-level=\"1\"><span style=\"font-weight: 400;\"><strong>Lista desplegable<\/strong> = diferentes valores de una lista de opciones<\/span><\/li>\n<li style=\"font-weight: 400;\" aria-level=\"1\"><span style=\"font-weight: 400;\"><strong>Pa\u00eds<\/strong> = pa\u00eds de origen<\/span><\/li>\n<li style=\"font-weight: 400;\" aria-level=\"1\"><span style=\"font-weight: 400;\"><strong>Estado<\/strong> = Estado de Origen dentro de los Estados Unidos<\/span><\/li>\n<li style=\"font-weight: 400;\" aria-level=\"1\"><span style=\"font-weight: 400;\"><strong>Texto<\/strong> = Datos de texto o alfanum\u00e9ricos<\/span><\/li>\n<\/ul>\n<p><b>Definir un nuevo campo personalizado&nbsp;<\/b><\/p>\n<ul>\n<li style=\"font-weight: 400;\" aria-level=\"1\"><span style=\"font-weight: 400;\">En la secci\u00f3n &#8220;LISTAS&#8221;, seleccione una lista y haga clic en &#8220;Campos predeterminados&#8221; en el men\u00fa superior. A continuaci\u00f3n, haga clic en el bot\u00f3n &#8220;CREAR NUEVO CAMPO&#8221;.<\/span><\/li>\n<\/ul>\n<p class=\"western\" lang=\"es-AR\"><a href=\"https:\/\/emailchef.com\/wp-content\/uploads\/2015\/11\/presonalizado.jpg\" rel=\"lightbox\"><img decoding=\"async\" class=\"alignnone wp-image-3641 size-full\" src=\"https:\/\/emailchef.com\/wp-content\/uploads\/2015\/11\/presonalizado.jpg\" alt=\"\" width=\"711\" height=\"422\"><\/a><\/p>\n<ul>\n<li style=\"font-weight: 400;\" aria-level=\"1\"><span style=\"font-weight: 400;\">Seleccione el tipo de campo que desea agregar seg\u00fan el tipo de datos que representar\u00e1. El m\u00e1s vers\u00e1til es el campo de texto.<\/span><\/li>\n<li style=\"font-weight: 400;\" aria-level=\"1\"><span style=\"font-weight: 400;\">Agregue un nombre a su campo.<\/span><\/li>\n<li style=\"font-weight: 400;\" aria-level=\"1\"><span style=\"font-weight: 400;\">El marcador ser\u00e1 el elemento textual que definir\u00e1 su campo personalizado.<\/span><\/li>\n<li style=\"font-weight: 400;\" aria-level=\"1\"><span style=\"font-weight: 400;\">Si desea brindar a sus contactos la posibilidad de modificar los datos de este campo, marque la \u00faltima casilla.<\/span><\/li>\n<li style=\"font-weight: 400;\" aria-level=\"1\"><span style=\"font-weight: 400;\">Finalmente, haga clic en &#8220;GUARDAR&#8221;.<\/span><\/li>\n<\/ul>\n<p><span style=\"font-weight: 400;\">Puede agregar cualquier campo personalizado a su formulario de suscripci\u00f3n para recopilar datos. Sin embargo, tenga cuidado de no incluir demasiados campos en su formulario. El registro debe ser r\u00e1pido y sencillo.<\/span><\/p>\n<p><span style=\"font-weight: 400;\">Puede cambiar el orden de los campos seleccionando el icono de hamburguesa para arrastrar y soltar los campos.<\/span><\/p>\n<p><span style=\"font-weight: 400;\">Tambi\u00e9n puede elegir qu\u00e9 campos personalizados mostrar en la p\u00e1gina &#8220;actualizar sus preferencias&#8221; activando o desactivando la barra de &#8220;encendido\/apagado&#8221;.<\/span><\/p>\n<p><a href=\"https:\/\/emailchef.com\/wp-content\/uploads\/2021\/01\/Screenshot_68.jpg\" rel=\"lightbox\"><img decoding=\"async\" class=\"alignnone wp-image-35852 size-full\" src=\"https:\/\/emailchef.com\/wp-content\/uploads\/2021\/01\/Screenshot_68.jpg\" alt=\"\" width=\"1211\" height=\"503\" srcset=\"https:\/\/emailchef.com\/wp-content\/uploads\/2021\/01\/Screenshot_68.jpg 1211w, https:\/\/emailchef.com\/wp-content\/uploads\/2021\/01\/Screenshot_68-300x125.jpg 300w, https:\/\/emailchef.com\/wp-content\/uploads\/2021\/01\/Screenshot_68-768x319.jpg 768w, https:\/\/emailchef.com\/wp-content\/uploads\/2021\/01\/Screenshot_68-1024x425.jpg 1024w, https:\/\/emailchef.com\/wp-content\/uploads\/2021\/01\/Screenshot_68-968x402.jpg 968w, https:\/\/emailchef.com\/wp-content\/uploads\/2021\/01\/Screenshot_68-636x264.jpg 636w, https:\/\/emailchef.com\/wp-content\/uploads\/2021\/01\/Screenshot_68-320x133.jpg 320w, https:\/\/emailchef.com\/wp-content\/uploads\/2021\/01\/Screenshot_68-239x99.jpg 239w\" sizes=\"(max-width: 1211px) 100vw, 1211px\" \/><\/a><\/p>\n<p><span style=\"font-weight: 400;\">Sus contactos podr\u00e1n modificar sus datos cuando lo deseen en los campos personalizados si la barra est\u00e1 activada. Simplemente agregue el enlace <\/span><b>\u201cActualizar sus preferencias\u201d<\/b><span style=\"font-weight: 400;\"> en el pie de p\u00e1gina de su newsletter: una vez que hagan clic, sus contactos ser\u00e1n dirigidos a una p\u00e1gina donde podr\u00e1 actualizar sus datos.<\/span><\/p>\n<p><a href=\"https:\/\/emailchef.com\/wp-content\/uploads\/2021\/01\/Screenshot_70.jpg\" rel=\"lightbox\"><img loading=\"lazy\" decoding=\"async\" class=\"alignnone wp-image-35896 size-full\" src=\"https:\/\/emailchef.com\/wp-content\/uploads\/2021\/01\/Screenshot_70.jpg\" alt=\"\" width=\"585\" height=\"779\" srcset=\"https:\/\/emailchef.com\/wp-content\/uploads\/2021\/01\/Screenshot_70.jpg 585w, https:\/\/emailchef.com\/wp-content\/uploads\/2021\/01\/Screenshot_70-225x300.jpg 225w, https:\/\/emailchef.com\/wp-content\/uploads\/2021\/01\/Screenshot_70-320x426.jpg 320w, https:\/\/emailchef.com\/wp-content\/uploads\/2021\/01\/Screenshot_70-239x318.jpg 239w\" sizes=\"(max-width: 585px) 100vw, 585px\" \/><\/a><\/p>\n<p><span style=\"font-weight: 400;\">El enlace &#8220;Actualizar sus preferencias&#8221; ya est\u00e1 presente en los bloques del editor que contienen la <\/span><span style=\"font-weight: 400;\"><a href=\"https:\/\/emailchef.com\/es\/base-de-conocimiento\/cumplimiento-de-acta-can-spam\/\">CAN-SPAM Act<\/a>.<\/span><span style=\"font-weight: 400;\"> Y se encuentra vinculado a la URL con el formulario autom\u00e1tico para actualizar las preferencias.<\/span><\/p>\n<p><a href=\"https:\/\/emailchef.com\/wp-content\/uploads\/2021\/01\/Screenshot_69.jpg\" rel=\"lightbox\"><img loading=\"lazy\" decoding=\"async\" class=\"alignnone wp-image-35878 size-full\" src=\"https:\/\/emailchef.com\/wp-content\/uploads\/2021\/01\/Screenshot_69.jpg\" alt=\"\" width=\"1460\" height=\"927\" srcset=\"https:\/\/emailchef.com\/wp-content\/uploads\/2021\/01\/Screenshot_69.jpg 1460w, https:\/\/emailchef.com\/wp-content\/uploads\/2021\/01\/Screenshot_69-300x190.jpg 300w, https:\/\/emailchef.com\/wp-content\/uploads\/2021\/01\/Screenshot_69-768x488.jpg 768w, https:\/\/emailchef.com\/wp-content\/uploads\/2021\/01\/Screenshot_69-1024x650.jpg 1024w, https:\/\/emailchef.com\/wp-content\/uploads\/2021\/01\/Screenshot_69-968x615.jpg 968w, https:\/\/emailchef.com\/wp-content\/uploads\/2021\/01\/Screenshot_69-636x404.jpg 636w, https:\/\/emailchef.com\/wp-content\/uploads\/2021\/01\/Screenshot_69-320x203.jpg 320w, https:\/\/emailchef.com\/wp-content\/uploads\/2021\/01\/Screenshot_69-239x152.jpg 239w\" sizes=\"(max-width: 1460px) 100vw, 1460px\" \/><\/a><\/p>\n<p><span style=\"font-weight: 400;\">Para saber m\u00e1s sobre los campos personalizados, por favor vea este tutorial en&nbsp; v\u00eddeo: <\/span><\/p>\n<div class=\"lyte-wrapper\" title=\"[ES] C&oacute;mo crear campos predeterminados y agregarlos a un formulario de suscripci&oacute;n\" style=\"width:640px;max-width:100%;margin:5px;\"><div class=\"lyMe\" id=\"WYL_S2QCkJhZBlY\"><div id=\"lyte_S2QCkJhZBlY\" data-src=\"https:\/\/emailchef.com\/wp-content\/plugins\/wp-youtube-lyte\/lyteCache.php?origThumbUrl=https%3A%2F%2Fi.ytimg.com%2Fvi%2FS2QCkJhZBlY%2Fhqdefault.jpg\" class=\"pL\"><div class=\"tC\"><div class=\"tT\">[ES] C\u00f3mo crear campos predeterminados y agregarlos a un formulario de suscripci\u00f3n<\/div><\/div><div class=\"play\"><\/div><div class=\"ctrl\"><div class=\"Lctrl\"><\/div><div class=\"Rctrl\"><\/div><\/div><\/div><noscript><a href=\"https:\/\/youtu.be\/S2QCkJhZBlY\" rel=\"nofollow\"><img loading=\"lazy\" decoding=\"async\" src=\"https:\/\/emailchef.com\/wp-content\/plugins\/wp-youtube-lyte\/lyteCache.php?origThumbUrl=https%3A%2F%2Fi.ytimg.com%2Fvi%2FS2QCkJhZBlY%2F0.jpg\" alt=\"[ES] C&oacute;mo crear campos predeterminados y agregarlos a un formulario de suscripci&oacute;n\" width=\"640\" height=\"340\" \/><br \/>Mire este video en YouTube<\/a><\/noscript><\/div><\/div><div class=\"lL\" style=\"max-width:100%;width:640px;margin:5px;\"><\/div>\n<div class=\"ec-video-button hide centered\">\n\t<a href=\"https:\/\/youtu.be\/S2QCkJhZBlY\" rel=\"prettyPhoto\" title=\"Reproducir v\u00eddeo\">Reproducir v\u00eddeo <i class=\"fa fa-play-circle fa-2x\"><\/i><\/a>\n<\/div>\n","protected":false},"excerpt":{"rendered":"<p>Los campos personalizados son como contenedores llenos de informaci\u00f3n sobre sus contactos. Para cada tipo de datos recopilados de sus contactos, puede crear un campo espec\u00edfico. Puede utilizar campos personalizados para segmentar su lista o personalizar sus correos electr\u00f3nicos. Tipos de campos personalizados Cada tipo de campo es usando para administrar diferentes tipos de datos: [&hellip;]<\/p>\n","protected":false},"author":5,"featured_media":0,"parent":3110,"menu_order":0,"comment_status":"closed","ping_status":"closed","template":"","meta":{"_acf_changed":false,"inline_featured_image":false,"footnotes":""},"g1_relation_tag":[],"class_list":["post-3126","page","type-page","status-publish","hentry"],"acf":[],"yoast_head":"<!-- This site is optimized with the Yoast SEO plugin v24.8.1 - https:\/\/yoast.com\/wordpress\/plugins\/seo\/ -->\n<title>Campos personalizados - Emailchef<\/title>\n<meta name=\"robots\" content=\"index, follow, max-snippet:-1, max-image-preview:large, max-video-preview:-1\" \/>\n<link rel=\"canonical\" href=\"https:\/\/emailchef.com\/es\/base-de-conocimiento\/campos-personalizados\/\" \/>\n<meta name=\"twitter:label1\" content=\"Tiempo de lectura\" \/>\n\t<meta name=\"twitter:data1\" content=\"3 minutos\" \/>\n<!-- \/ Yoast SEO plugin. -->","yoast_head_json":{"title":"Campos personalizados - Emailchef","robots":{"index":"index","follow":"follow","max-snippet":"max-snippet:-1","max-image-preview":"max-image-preview:large","max-video-preview":"max-video-preview:-1"},"canonical":"https:\/\/emailchef.com\/es\/base-de-conocimiento\/campos-personalizados\/","twitter_misc":{"Tiempo de lectura":"3 minutos"},"schema":{"@context":"https:\/\/schema.org","@graph":[{"@type":"WebPage","@id":"https:\/\/emailchef.com\/es\/base-de-conocimiento\/campos-personalizados\/","url":"https:\/\/emailchef.com\/es\/base-de-conocimiento\/campos-personalizados\/","name":"Campos personalizados - Emailchef","isPartOf":{"@id":"https:\/\/emailchef.com\/es\/#website"},"primaryImageOfPage":{"@id":"https:\/\/emailchef.com\/es\/base-de-conocimiento\/campos-personalizados\/#primaryimage"},"image":{"@id":"https:\/\/emailchef.com\/es\/base-de-conocimiento\/campos-personalizados\/#primaryimage"},"thumbnailUrl":"https:\/\/emailchef.com\/wp-content\/uploads\/2021\/01\/Screenshot_67.jpg","datePublished":"2014-09-22T08:25:39+00:00","dateModified":"2021-07-27T15:24:28+00:00","breadcrumb":{"@id":"https:\/\/emailchef.com\/es\/base-de-conocimiento\/campos-personalizados\/#breadcrumb"},"inLanguage":"es","potentialAction":[{"@type":"ReadAction","target":["https:\/\/emailchef.com\/es\/base-de-conocimiento\/campos-personalizados\/"]}]},{"@type":"ImageObject","inLanguage":"es","@id":"https:\/\/emailchef.com\/es\/base-de-conocimiento\/campos-personalizados\/#primaryimage","url":"https:\/\/emailchef.com\/wp-content\/uploads\/2021\/01\/Screenshot_67.jpg","contentUrl":"https:\/\/emailchef.com\/wp-content\/uploads\/2021\/01\/Screenshot_67.jpg"},{"@type":"BreadcrumbList","@id":"https:\/\/emailchef.com\/es\/base-de-conocimiento\/campos-personalizados\/#breadcrumb","itemListElement":[{"@type":"ListItem","position":1,"name":"Home","item":"https:\/\/emailchef.com\/es\/emailchef-email-marketing-services\/"},{"@type":"ListItem","position":2,"name":"Base de conocimiento","item":"https:\/\/emailchef.com\/es\/base-de-conocimiento\/"},{"@type":"ListItem","position":3,"name":"Campos personalizados"}]},{"@type":"WebSite","@id":"https:\/\/emailchef.com\/es\/#website","url":"https:\/\/emailchef.com\/es\/","name":"Emailchef","description":"Tasty recipes for email marketing","publisher":{"@id":"https:\/\/emailchef.com\/es\/#organization"},"potentialAction":[{"@type":"SearchAction","target":{"@type":"EntryPoint","urlTemplate":"https:\/\/emailchef.com\/es\/?s={search_term_string}"},"query-input":{"@type":"PropertyValueSpecification","valueRequired":true,"valueName":"search_term_string"}}],"inLanguage":"es"},{"@type":"Organization","@id":"https:\/\/emailchef.com\/es\/#organization","name":"Delivery Tech Corp.","url":"https:\/\/emailchef.com\/es\/","logo":{"@type":"ImageObject","inLanguage":"es","@id":"https:\/\/emailchef.com\/es\/#\/schema\/logo\/image\/","url":"https:\/\/emailchef.com\/wp-content\/uploads\/2022\/04\/logo-sama.png","contentUrl":"https:\/\/emailchef.com\/wp-content\/uploads\/2022\/04\/logo-sama.png","width":237,"height":80,"caption":"Delivery Tech Corp."},"image":{"@id":"https:\/\/emailchef.com\/es\/#\/schema\/logo\/image\/"}}]}},"_links":{"self":[{"href":"https:\/\/emailchef.com\/es\/wp-json\/wp\/v2\/pages\/3126"}],"collection":[{"href":"https:\/\/emailchef.com\/es\/wp-json\/wp\/v2\/pages"}],"about":[{"href":"https:\/\/emailchef.com\/es\/wp-json\/wp\/v2\/types\/page"}],"author":[{"embeddable":true,"href":"https:\/\/emailchef.com\/es\/wp-json\/wp\/v2\/users\/5"}],"replies":[{"embeddable":true,"href":"https:\/\/emailchef.com\/es\/wp-json\/wp\/v2\/comments?post=3126"}],"version-history":[{"count":7,"href":"https:\/\/emailchef.com\/es\/wp-json\/wp\/v2\/pages\/3126\/revisions"}],"predecessor-version":[{"id":47262,"href":"https:\/\/emailchef.com\/es\/wp-json\/wp\/v2\/pages\/3126\/revisions\/47262"}],"up":[{"embeddable":true,"href":"https:\/\/emailchef.com\/es\/wp-json\/wp\/v2\/pages\/3110"}],"wp:attachment":[{"href":"https:\/\/emailchef.com\/es\/wp-json\/wp\/v2\/media?parent=3126"}],"wp:term":[{"taxonomy":"g1_relation_tag","embeddable":true,"href":"https:\/\/emailchef.com\/es\/wp-json\/wp\/v2\/g1_relation_tag?post=3126"}],"curies":[{"name":"wp","href":"https:\/\/api.w.org\/{rel}","templated":true}]}}