{"id":3124,"date":"2014-09-22T08:30:13","date_gmt":"2014-09-22T08:30:13","guid":{"rendered":"http:\/\/emailchef.com\/es\/?page_id=3124"},"modified":"2024-03-06T10:24:32","modified_gmt":"2024-03-06T10:24:32","slug":"seleccione-su-diseno","status":"publish","type":"page","link":"https:\/\/emailchef.com\/es\/base-de-conocimiento\/seleccione-su-diseno\/","title":{"rendered":"Elige la plantilla para tu correo electr\u00f3nico"},"content":{"rendered":"\t\t<div data-elementor-type=\"wp-page\" data-elementor-id=\"3124\" class=\"elementor elementor-3124 elementor-588\" data-elementor-post-type=\"page\">\n\t\t\t\t\t\t<section class=\"elementor-section elementor-top-section elementor-element elementor-element-c40d8d9 elementor-section-boxed elementor-section-height-default elementor-section-height-default\" data-id=\"c40d8d9\" data-element_type=\"section\">\n\t\t\t\t\t\t<div class=\"elementor-container elementor-column-gap-default\">\n\t\t\t\t\t<div class=\"elementor-column elementor-col-100 elementor-top-column elementor-element elementor-element-9e03be8\" data-id=\"9e03be8\" data-element_type=\"column\">\n\t\t\t<div class=\"elementor-widget-wrap elementor-element-populated\">\n\t\t\t\t\t\t<div class=\"elementor-element elementor-element-a32b67f elementor-widget elementor-widget-text-editor\" data-id=\"a32b67f\" data-element_type=\"widget\" data-widget_type=\"text-editor.default\">\n\t\t\t\t<div class=\"elementor-widget-container\">\n\t\t\t\t\t\t\t\t\t<p>Elegir la plantilla es un aspecto fundamental de cualquier campa\u00f1a de marketing por correo electr\u00f3nico. Para crear y personalizar la que mejor se adapte a ti, haz clic en &#8216;Campa\u00f1as&#8217; en el men\u00fa lateral izquierdo de tu panel de control, luego selecciona el bot\u00f3n &#8216;Crear una campa\u00f1a&#8217;.<\/p><p>Tendr\u00e1s varias opciones para crear tu plantilla.<\/p>\t\t\t\t\t\t\t\t<\/div>\n\t\t\t\t<\/div>\n\t\t\t\t<div class=\"elementor-element elementor-element-7b641cf elementor-widget elementor-widget-text-editor\" data-id=\"7b641cf\" data-element_type=\"widget\" data-widget_type=\"text-editor.default\">\n\t\t\t\t<div class=\"elementor-widget-container\">\n\t\t\t\t\t\t\t\t\t<ol><li>Puedes elegir una plantilla predefinida de nuestra \u2018<strong>Plantillas drag&amp;drop<\/strong>\u2019. Hay m\u00e1s de 1000 plantillas disponibles, divididas por idioma y categor\u00eda, y todas son personalizables utilizando el editor de arrastrar y soltar.<br \/>Todas las plantillas incluyen etiquetas con la informaci\u00f3n requerida para <a title=\"Gu\u00eda sobre GDPR, CAN-SPAM y CSA y Sus Diferencias\" href=\"https:\/\/emailchef.com\/es\/academia-emailchef\/guia-sobre-gdpr-can-spam-y-csa-y-sus-diferencias\/\">cumplir con la Ley CAN-SPAM<\/a> y el enlace para darse de baja de la lista de correo. Y todas est\u00e1n optimizadas por nuestros dise\u00f1adores para mostrarse perfectamente en todos los dispositivos.<\/li><\/ol>\t\t\t\t\t\t\t\t<\/div>\n\t\t\t\t<\/div>\n\t\t\t\t<div class=\"elementor-element elementor-element-ea18b75 elementor-widget elementor-widget-image\" data-id=\"ea18b75\" data-element_type=\"widget\" data-widget_type=\"image.default\">\n\t\t\t\t<div class=\"elementor-widget-container\">\n\t\t\t\t\t\t\t\t\t\t\t\t\t\t\t\t<a href=\"https:\/\/emailchef.com\/wp-content\/uploads\/2024\/03\/elige-la-plantilla-para-tu-correo-electronico-1.png\" data-elementor-open-lightbox=\"yes\" data-elementor-lightbox-title=\"Elige la plantilla para tu correo electr\u00f3nico\" data-e-action-hash=\"#elementor-action%3Aaction%3Dlightbox%26settings%3DeyJpZCI6NzEyMjIsInVybCI6Imh0dHBzOlwvXC9lbWFpbGNoZWYuY29tXC93cC1jb250ZW50XC91cGxvYWRzXC8yMDI0XC8wM1wvZWxpZ2UtbGEtcGxhbnRpbGxhLXBhcmEtdHUtY29ycmVvLWVsZWN0cm9uaWNvLTEucG5nIn0%3D\">\n\t\t\t\t\t\t\t<img fetchpriority=\"high\" decoding=\"async\" width=\"768\" height=\"258\" src=\"https:\/\/emailchef.com\/wp-content\/uploads\/2024\/03\/elige-la-plantilla-para-tu-correo-electronico-1-768x258.png\" class=\"attachment-medium_large size-medium_large wp-image-71222\" alt=\"Elige la plantilla para tu correo electr\u00f3nico\" srcset=\"https:\/\/emailchef.com\/wp-content\/uploads\/2024\/03\/elige-la-plantilla-para-tu-correo-electronico-1-768x258.png 768w, https:\/\/emailchef.com\/wp-content\/uploads\/2024\/03\/elige-la-plantilla-para-tu-correo-electronico-1-300x101.png 300w, https:\/\/emailchef.com\/wp-content\/uploads\/2024\/03\/elige-la-plantilla-para-tu-correo-electronico-1-1024x345.png 1024w, https:\/\/emailchef.com\/wp-content\/uploads\/2024\/03\/elige-la-plantilla-para-tu-correo-electronico-1-1536x517.png 1536w, https:\/\/emailchef.com\/wp-content\/uploads\/2024\/03\/elige-la-plantilla-para-tu-correo-electronico-1.png 1593w\" sizes=\"(max-width: 768px) 100vw, 768px\" \/>\t\t\t\t\t\t\t\t<\/a>\n\t\t\t\t\t\t\t\t\t\t\t\t\t\t\t<\/div>\n\t\t\t\t<\/div>\n\t\t\t\t<div class=\"elementor-element elementor-element-101f510 elementor-widget elementor-widget-text-editor\" data-id=\"101f510\" data-element_type=\"widget\" data-widget_type=\"text-editor.default\">\n\t\t\t\t<div class=\"elementor-widget-container\">\n\t\t\t\t\t\t\t\t\t<ol start=\"2\"><li><strong>Puedes cargar una de tus propias plantillas<\/strong> directamente en Emailchef. Si ya tienes tu propia plantilla y deseas usarla en Emailchef, esta es la soluci\u00f3n para ti. Haz clic en la pesta\u00f1a &#8216;Importar dise\u00f1o&#8217; para cargarla en Emailchef. Puedes <a href=\"https:\/\/www.youtube.com\/watch?v=CSnJd3jpnd0\" target=\"_blank\" rel=\"noopener\">importarla como un archivo HTML<\/a> (con extensi\u00f3n .html o .htm) o cargar un archivo .zip (en este caso, aseg\u00farate de que contenga el archivo HTML con todas las im\u00e1genes necesarias). Tambi\u00e9n podr\u00e1s cargar una plantilla desde una direcci\u00f3n de internet externa.<\/li><\/ol>\t\t\t\t\t\t\t\t<\/div>\n\t\t\t\t<\/div>\n\t\t\t\t<div class=\"elementor-element elementor-element-0a955de elementor-widget elementor-widget-image\" data-id=\"0a955de\" data-element_type=\"widget\" data-widget_type=\"image.default\">\n\t\t\t\t<div class=\"elementor-widget-container\">\n\t\t\t\t\t\t\t\t\t\t\t\t\t\t\t\t<a href=\"https:\/\/emailchef.com\/wp-content\/uploads\/2024\/03\/elige-la-plantilla-para-tu-correo-electronico-2.png\" data-elementor-open-lightbox=\"yes\" data-elementor-lightbox-title=\"Elige la plantilla para tu correo electr\u00f3nico\" data-e-action-hash=\"#elementor-action%3Aaction%3Dlightbox%26settings%3DeyJpZCI6NzEyMzEsInVybCI6Imh0dHBzOlwvXC9lbWFpbGNoZWYuY29tXC93cC1jb250ZW50XC91cGxvYWRzXC8yMDI0XC8wM1wvZWxpZ2UtbGEtcGxhbnRpbGxhLXBhcmEtdHUtY29ycmVvLWVsZWN0cm9uaWNvLTIucG5nIn0%3D\">\n\t\t\t\t\t\t\t<img decoding=\"async\" width=\"768\" height=\"498\" src=\"https:\/\/emailchef.com\/wp-content\/uploads\/2024\/03\/elige-la-plantilla-para-tu-correo-electronico-2-768x498.png\" class=\"attachment-medium_large size-medium_large wp-image-71231\" alt=\"Elige la plantilla para tu correo electr\u00f3nico\" srcset=\"https:\/\/emailchef.com\/wp-content\/uploads\/2024\/03\/elige-la-plantilla-para-tu-correo-electronico-2-768x498.png 768w, https:\/\/emailchef.com\/wp-content\/uploads\/2024\/03\/elige-la-plantilla-para-tu-correo-electronico-2-300x195.png 300w, https:\/\/emailchef.com\/wp-content\/uploads\/2024\/03\/elige-la-plantilla-para-tu-correo-electronico-2.png 812w\" sizes=\"(max-width: 768px) 100vw, 768px\" \/>\t\t\t\t\t\t\t\t<\/a>\n\t\t\t\t\t\t\t\t\t\t\t\t\t\t\t<\/div>\n\t\t\t\t<\/div>\n\t\t\t\t<div class=\"elementor-element elementor-element-d661379 elementor-widget elementor-widget-text-editor\" data-id=\"d661379\" data-element_type=\"widget\" data-widget_type=\"text-editor.default\">\n\t\t\t\t<div class=\"elementor-widget-container\">\n\t\t\t\t\t\t\t\t\t<ol start=\"3\"><li>Puedes <strong>crear tu propia plantilla desde cero<\/strong> gracias al editor de arrastrar y soltar de Emailchef. Solo lleva unos minutos (\u00a1y es muy f\u00e1cil!).<br \/>Haz clic en la pesta\u00f1a &#8216;Mis plantillas&#8217;. Aqu\u00ed encontrar\u00e1s todas las plantillas que crees, edites o importes. Desde aqu\u00ed, tambi\u00e9n puedes acceder al editor para crear tus plantillas. Simplemente haz clic en el s\u00edmbolo verde &#8216;+&#8217; (similar al que se muestra a continuaci\u00f3n).<\/li><\/ol>\t\t\t\t\t\t\t\t<\/div>\n\t\t\t\t<\/div>\n\t\t\t\t<div class=\"elementor-element elementor-element-17819f9 elementor-widget elementor-widget-image\" data-id=\"17819f9\" data-element_type=\"widget\" data-widget_type=\"image.default\">\n\t\t\t\t<div class=\"elementor-widget-container\">\n\t\t\t\t\t\t\t\t\t\t\t\t\t\t\t<img decoding=\"async\" width=\"223\" height=\"331\" src=\"https:\/\/emailchef.com\/wp-content\/uploads\/2024\/03\/elige-la-plantilla-para-tu-correo-electronico-3.jpg\" class=\"attachment-medium_large size-medium_large wp-image-71240\" alt=\"Elige la plantilla para tu correo electr\u00f3nico\" srcset=\"https:\/\/emailchef.com\/wp-content\/uploads\/2024\/03\/elige-la-plantilla-para-tu-correo-electronico-3.jpg 223w, https:\/\/emailchef.com\/wp-content\/uploads\/2024\/03\/elige-la-plantilla-para-tu-correo-electronico-3-202x300.jpg 202w\" sizes=\"(max-width: 223px) 100vw, 223px\" \/>\t\t\t\t\t\t\t\t\t\t\t\t\t\t\t<\/div>\n\t\t\t\t<\/div>\n\t\t\t\t<div class=\"elementor-element elementor-element-dcf3283 elementor-widget elementor-widget-text-editor\" data-id=\"dcf3283\" data-element_type=\"widget\" data-widget_type=\"text-editor.default\">\n\t\t\t\t<div class=\"elementor-widget-container\">\n\t\t\t\t\t\t\t\t\t<p>\u00bfBuscas un tutorial para personalizar tus plantillas? Aqu\u00ed puedes encontrar una <a title=\"Edite su email y agregue su contenido \" href=\"https:\/\/emailchef.com\/es\/base-de-conocimiento\/edite-email-y-agregue-contenido\/\">gu\u00eda completa con todas las caracter\u00edsticas del editor drag&amp;drop<\/a>.<\/p>\t\t\t\t\t\t\t\t<\/div>\n\t\t\t\t<\/div>\n\t\t\t\t\t<\/div>\n\t\t<\/div>\n\t\t\t\t\t<\/div>\n\t\t<\/section>\n\t\t\t\t<\/div>\n\t\t","protected":false},"excerpt":{"rendered":"<p>Elegir la plantilla es un aspecto fundamental de cualquier campa\u00f1a de marketing por correo electr\u00f3nico. Para crear y personalizar la que mejor se adapte a ti, haz clic en &#8216;Campa\u00f1as&#8217; en el men\u00fa lateral izquierdo de tu panel de control, luego selecciona el bot\u00f3n &#8216;Crear una campa\u00f1a&#8217;. Tendr\u00e1s varias opciones para crear tu plantilla. Puedes [&hellip;]<\/p>\n","protected":false},"author":5,"featured_media":0,"parent":3110,"menu_order":0,"comment_status":"closed","ping_status":"closed","template":"","meta":{"_acf_changed":false,"inline_featured_image":false,"footnotes":""},"g1_relation_tag":[],"class_list":["post-3124","page","type-page","status-publish","hentry"],"acf":[],"yoast_head":"<!-- This site is optimized with the Yoast SEO plugin v24.8.1 - https:\/\/yoast.com\/wordpress\/plugins\/seo\/ -->\n<title>Seleccione su dise\u00f1o - Emailchef<\/title>\n<meta name=\"description\" content=\"El primer paso para crear una campa\u00f1a de email consiste en seleccionar su dise\u00f1o. Presione en \u201cCampa\u00f1as\u201d en el men\u00fa superior y presione \u201cNueva\u201d.\" \/>\n<meta name=\"robots\" content=\"index, follow, max-snippet:-1, max-image-preview:large, max-video-preview:-1\" \/>\n<link rel=\"canonical\" href=\"https:\/\/emailchef.com\/es\/base-de-conocimiento\/seleccione-su-diseno\/\" \/>\n<meta name=\"twitter:label1\" content=\"Tiempo de lectura\" \/>\n\t<meta name=\"twitter:data1\" content=\"2 minutos\" \/>\n<!-- \/ Yoast SEO plugin. -->","yoast_head_json":{"title":"Seleccione su dise\u00f1o - Emailchef","description":"El primer paso para crear una campa\u00f1a de email consiste en seleccionar su dise\u00f1o. Presione en \u201cCampa\u00f1as\u201d en el men\u00fa superior y presione \u201cNueva\u201d.","robots":{"index":"index","follow":"follow","max-snippet":"max-snippet:-1","max-image-preview":"max-image-preview:large","max-video-preview":"max-video-preview:-1"},"canonical":"https:\/\/emailchef.com\/es\/base-de-conocimiento\/seleccione-su-diseno\/","twitter_misc":{"Tiempo de lectura":"2 minutos"},"schema":{"@context":"https:\/\/schema.org","@graph":[{"@type":"WebPage","@id":"https:\/\/emailchef.com\/es\/base-de-conocimiento\/seleccione-su-diseno\/","url":"https:\/\/emailchef.com\/es\/base-de-conocimiento\/seleccione-su-diseno\/","name":"Seleccione su dise\u00f1o - Emailchef","isPartOf":{"@id":"https:\/\/emailchef.com\/es\/#website"},"primaryImageOfPage":{"@id":"https:\/\/emailchef.com\/es\/base-de-conocimiento\/seleccione-su-diseno\/#primaryimage"},"image":{"@id":"https:\/\/emailchef.com\/es\/base-de-conocimiento\/seleccione-su-diseno\/#primaryimage"},"thumbnailUrl":"https:\/\/emailchef.com\/wp-content\/uploads\/2024\/03\/elige-la-plantilla-para-tu-correo-electronico-1-768x258.png","datePublished":"2014-09-22T08:30:13+00:00","dateModified":"2024-03-06T10:24:32+00:00","description":"El primer paso para crear una campa\u00f1a de email consiste en seleccionar su dise\u00f1o. Presione en \u201cCampa\u00f1as\u201d en el men\u00fa superior y presione \u201cNueva\u201d.","breadcrumb":{"@id":"https:\/\/emailchef.com\/es\/base-de-conocimiento\/seleccione-su-diseno\/#breadcrumb"},"inLanguage":"es","potentialAction":[{"@type":"ReadAction","target":["https:\/\/emailchef.com\/es\/base-de-conocimiento\/seleccione-su-diseno\/"]}]},{"@type":"ImageObject","inLanguage":"es","@id":"https:\/\/emailchef.com\/es\/base-de-conocimiento\/seleccione-su-diseno\/#primaryimage","url":"https:\/\/emailchef.com\/wp-content\/uploads\/2024\/03\/elige-la-plantilla-para-tu-correo-electronico-1-768x258.png","contentUrl":"https:\/\/emailchef.com\/wp-content\/uploads\/2024\/03\/elige-la-plantilla-para-tu-correo-electronico-1-768x258.png"},{"@type":"BreadcrumbList","@id":"https:\/\/emailchef.com\/es\/base-de-conocimiento\/seleccione-su-diseno\/#breadcrumb","itemListElement":[{"@type":"ListItem","position":1,"name":"Home","item":"https:\/\/emailchef.com\/es\/emailchef-email-marketing-services\/"},{"@type":"ListItem","position":2,"name":"Base de conocimiento","item":"https:\/\/emailchef.com\/es\/base-de-conocimiento\/"},{"@type":"ListItem","position":3,"name":"Elige la plantilla para tu correo electr\u00f3nico"}]},{"@type":"WebSite","@id":"https:\/\/emailchef.com\/es\/#website","url":"https:\/\/emailchef.com\/es\/","name":"Emailchef","description":"Tasty recipes for email marketing","publisher":{"@id":"https:\/\/emailchef.com\/es\/#organization"},"potentialAction":[{"@type":"SearchAction","target":{"@type":"EntryPoint","urlTemplate":"https:\/\/emailchef.com\/es\/?s={search_term_string}"},"query-input":{"@type":"PropertyValueSpecification","valueRequired":true,"valueName":"search_term_string"}}],"inLanguage":"es"},{"@type":"Organization","@id":"https:\/\/emailchef.com\/es\/#organization","name":"Delivery Tech Corp.","url":"https:\/\/emailchef.com\/es\/","logo":{"@type":"ImageObject","inLanguage":"es","@id":"https:\/\/emailchef.com\/es\/#\/schema\/logo\/image\/","url":"https:\/\/emailchef.com\/wp-content\/uploads\/2022\/04\/logo-sama.png","contentUrl":"https:\/\/emailchef.com\/wp-content\/uploads\/2022\/04\/logo-sama.png","width":237,"height":80,"caption":"Delivery Tech Corp."},"image":{"@id":"https:\/\/emailchef.com\/es\/#\/schema\/logo\/image\/"}}]}},"_links":{"self":[{"href":"https:\/\/emailchef.com\/es\/wp-json\/wp\/v2\/pages\/3124"}],"collection":[{"href":"https:\/\/emailchef.com\/es\/wp-json\/wp\/v2\/pages"}],"about":[{"href":"https:\/\/emailchef.com\/es\/wp-json\/wp\/v2\/types\/page"}],"author":[{"embeddable":true,"href":"https:\/\/emailchef.com\/es\/wp-json\/wp\/v2\/users\/5"}],"replies":[{"embeddable":true,"href":"https:\/\/emailchef.com\/es\/wp-json\/wp\/v2\/comments?post=3124"}],"version-history":[{"count":11,"href":"https:\/\/emailchef.com\/es\/wp-json\/wp\/v2\/pages\/3124\/revisions"}],"predecessor-version":[{"id":71251,"href":"https:\/\/emailchef.com\/es\/wp-json\/wp\/v2\/pages\/3124\/revisions\/71251"}],"up":[{"embeddable":true,"href":"https:\/\/emailchef.com\/es\/wp-json\/wp\/v2\/pages\/3110"}],"wp:attachment":[{"href":"https:\/\/emailchef.com\/es\/wp-json\/wp\/v2\/media?parent=3124"}],"wp:term":[{"taxonomy":"g1_relation_tag","embeddable":true,"href":"https:\/\/emailchef.com\/es\/wp-json\/wp\/v2\/g1_relation_tag?post=3124"}],"curies":[{"name":"wp","href":"https:\/\/api.w.org\/{rel}","templated":true}]}}