{"id":3121,"date":"2014-09-22T08:31:37","date_gmt":"2014-09-22T08:31:37","guid":{"rendered":"http:\/\/emailchef.com\/es\/?page_id=3121"},"modified":"2021-07-27T09:59:36","modified_gmt":"2021-07-27T09:59:36","slug":"cumplimiento-de-acta-can-spam","status":"publish","type":"page","link":"https:\/\/emailchef.com\/es\/base-de-conocimiento\/cumplimiento-de-acta-can-spam\/","title":{"rendered":"Cumplimiento de Acta CAN-SPAM"},"content":{"rendered":"<p><span style=\"font-weight: 400;\">Para agregar los datos requeridos en el <a href=\"https:\/\/emailchef.com\/es\/base-de-conocimiento\/registro-y-cumplimiento-de-la-ley-can-spam\/\">cumplimiento de la Ley CAN-SPAM<\/a>, debe enviar sus emails usando un <strong>remitente validado.<\/strong><\/span><\/p>\n<p><span style=\"font-weight: 400;\">En la secci\u00f3n &#8220;CONFIGURACI\u00d3N&#8221;, seleccione &#8220;REMITENTES VALIDADOS&#8221; del&nbsp; men\u00fa de la derecha. Haga clic en &#8220;AGREGAR UN NUEVO REMITENTE&#8221; e introduzca los datos requeridos por la Ley CAN-SPAM. Cuando haya terminado, s\u00f3lo haga clic en &#8220;GUARDAR&#8221;.<\/span><\/p>\n<p class=\"western\" lang=\"es-AR\"><a href=\"https:\/\/emailchef.com\/wp-content\/uploads\/2021\/03\/Screenshot_103.jpg\" rel=\"lightbox\"><img fetchpriority=\"high\" decoding=\"async\" class=\"alignnone wp-image-37868 size-full\" src=\"https:\/\/emailchef.com\/wp-content\/uploads\/2021\/03\/Screenshot_103.jpg\" alt=\"\" width=\"1506\" height=\"927\" srcset=\"https:\/\/emailchef.com\/wp-content\/uploads\/2021\/03\/Screenshot_103.jpg 1506w, https:\/\/emailchef.com\/wp-content\/uploads\/2021\/03\/Screenshot_103-300x185.jpg 300w, https:\/\/emailchef.com\/wp-content\/uploads\/2021\/03\/Screenshot_103-768x473.jpg 768w, https:\/\/emailchef.com\/wp-content\/uploads\/2021\/03\/Screenshot_103-1024x630.jpg 1024w, https:\/\/emailchef.com\/wp-content\/uploads\/2021\/03\/Screenshot_103-968x596.jpg 968w, https:\/\/emailchef.com\/wp-content\/uploads\/2021\/03\/Screenshot_103-636x391.jpg 636w, https:\/\/emailchef.com\/wp-content\/uploads\/2021\/03\/Screenshot_103-320x197.jpg 320w, https:\/\/emailchef.com\/wp-content\/uploads\/2021\/03\/Screenshot_103-239x147.jpg 239w\" sizes=\"(max-width: 1506px) 100vw, 1506px\" \/><\/a><\/p>\n<p><span style=\"font-weight: 400;\">Los datos que ingrese se reemplazar\u00e1n autom\u00e1ticamente en las <strong>etiquetas de la CAN-SPAM Act<\/strong> y aparecer\u00e1n en todos los emails que env\u00ede a sus destinatarios:<\/span><\/p>\n<p><a href=\"https:\/\/emailchef.com\/wp-content\/uploads\/2021\/03\/Screenshot_104.jpg\" rel=\"lightbox\"><img decoding=\"async\" class=\"alignnone wp-image-37884 size-full\" src=\"https:\/\/emailchef.com\/wp-content\/uploads\/2021\/03\/Screenshot_104.jpg\" alt=\"\" width=\"664\" height=\"215\" srcset=\"https:\/\/emailchef.com\/wp-content\/uploads\/2021\/03\/Screenshot_104.jpg 664w, https:\/\/emailchef.com\/wp-content\/uploads\/2021\/03\/Screenshot_104-300x97.jpg 300w, https:\/\/emailchef.com\/wp-content\/uploads\/2021\/03\/Screenshot_104-636x206.jpg 636w, https:\/\/emailchef.com\/wp-content\/uploads\/2021\/03\/Screenshot_104-320x104.jpg 320w, https:\/\/emailchef.com\/wp-content\/uploads\/2021\/03\/Screenshot_104-239x77.jpg 239w\" sizes=\"(max-width: 664px) 100vw, 664px\" \/><\/a><\/p>\n<p><span style=\"font-weight: 400;\">Para agregar estos elementos importantes a su plantilla, vaya a la secci\u00f3n &#8220;BLOQUES&#8221; en el editor Drag &amp; Drop y seleccione &#8220;Pie de p\u00e1gina&#8221;. Encontrar\u00e1 los bloques que contienen tanto las etiquetas de la CAN-SPAM como el <strong>link para desuscribirse:<\/strong><\/span><\/p>\n<p><a href=\"https:\/\/emailchef.com\/wp-content\/uploads\/2021\/03\/Screenshot_105.jpg\" rel=\"lightbox\"><img decoding=\"async\" class=\"alignnone wp-image-37900 size-full\" src=\"https:\/\/emailchef.com\/wp-content\/uploads\/2021\/03\/Screenshot_105.jpg\" alt=\"\" width=\"1506\" height=\"927\" srcset=\"https:\/\/emailchef.com\/wp-content\/uploads\/2021\/03\/Screenshot_105.jpg 1506w, https:\/\/emailchef.com\/wp-content\/uploads\/2021\/03\/Screenshot_105-300x185.jpg 300w, https:\/\/emailchef.com\/wp-content\/uploads\/2021\/03\/Screenshot_105-768x473.jpg 768w, https:\/\/emailchef.com\/wp-content\/uploads\/2021\/03\/Screenshot_105-1024x630.jpg 1024w, https:\/\/emailchef.com\/wp-content\/uploads\/2021\/03\/Screenshot_105-968x596.jpg 968w, https:\/\/emailchef.com\/wp-content\/uploads\/2021\/03\/Screenshot_105-636x391.jpg 636w, https:\/\/emailchef.com\/wp-content\/uploads\/2021\/03\/Screenshot_105-320x197.jpg 320w, https:\/\/emailchef.com\/wp-content\/uploads\/2021\/03\/Screenshot_105-239x147.jpg 239w\" sizes=\"(max-width: 1506px) 100vw, 1506px\" \/><\/a><\/p>\n<p><span style=\"font-weight: 400;\">Los bloques est\u00e1n disponibles en varios idiomas, y se identifican con una bandera. Arrastre y suelte el bloque en el idioma que desee. La Ley CAN-SPAM generalmente se inserta en el pie de p\u00e1gina del bolet\u00edn.<\/span><\/p>\n<p><span style=\"font-weight: 400;\">Para enviar emails desde y hacia Alemania, debe <a href=\"https:\/\/youtu.be\/eumVoFage04\">cumplir adem\u00e1s con la CSA<\/a>. Los bloques de la CAN-SPAM tambi\u00e9n contienen las etiquetas CSA.<\/span><span style=\"font-weight: 400;\"><br \/>\n<\/span><\/p>\n<p><span style=\"font-weight: 400;\">Para obtener m\u00e1s informaci\u00f3n sobre la CAN-SPAM ACT y la CSA, le recomendamos ver estos videos tutoriales:<\/span><\/p>\n<div style=\"text-align: center;\"><div class=\"lyte-wrapper\" title=\"[ES] Validar un remitente\" style=\"width:640px;max-width:100%;margin:5px;\"><div class=\"lyMe\" id=\"WYL_RBc9JRpbLTg\"><div id=\"lyte_RBc9JRpbLTg\" data-src=\"https:\/\/emailchef.com\/wp-content\/plugins\/wp-youtube-lyte\/lyteCache.php?origThumbUrl=https%3A%2F%2Fi.ytimg.com%2Fvi%2FRBc9JRpbLTg%2Fhqdefault.jpg\" class=\"pL\"><div class=\"tC\"><div class=\"tT\">[ES] Validar un remitente<\/div><\/div><div class=\"play\"><\/div><div class=\"ctrl\"><div class=\"Lctrl\"><\/div><div class=\"Rctrl\"><\/div><\/div><\/div><noscript><a href=\"https:\/\/youtu.be\/RBc9JRpbLTg\" rel=\"nofollow\"><img loading=\"lazy\" decoding=\"async\" src=\"https:\/\/emailchef.com\/wp-content\/plugins\/wp-youtube-lyte\/lyteCache.php?origThumbUrl=https%3A%2F%2Fi.ytimg.com%2Fvi%2FRBc9JRpbLTg%2F0.jpg\" alt=\"[ES] Validar un remitente\" width=\"640\" height=\"340\" \/><br \/>Mire este video en YouTube<\/a><\/noscript><\/div><\/div><div class=\"lL\" style=\"max-width:100%;width:640px;margin:5px;\"><\/div>\n<div class=\"ec-video-button hide centered\">\n\t<a href=\"https:\/\/youtu.be\/RBc9JRpbLTg\" rel=\"prettyPhoto\" title=\"Reproducir v\u00eddeo\">Reproducir v\u00eddeo <i class=\"fa fa-play-circle fa-2x\"><\/i><\/a>\n<\/div><\/div>\n<div style=\"text-align: center;\"><div class=\"lyte-wrapper\" title=\"[ES] C&oacute;mo agregar la CAN-SPAM Act con el editor de Drag &amp;amp; Drop de eMailChef\" style=\"width:640px;max-width:100%;margin:5px;\"><div class=\"lyMe\" id=\"WYL_b3gg5UCJmw8\"><div id=\"lyte_b3gg5UCJmw8\" data-src=\"https:\/\/emailchef.com\/wp-content\/plugins\/wp-youtube-lyte\/lyteCache.php?origThumbUrl=https%3A%2F%2Fi.ytimg.com%2Fvi%2Fb3gg5UCJmw8%2Fhqdefault.jpg\" class=\"pL\"><div class=\"tC\"><div class=\"tT\">[ES] C\u00f3mo agregar la CAN-SPAM Act con el editor de Drag &amp; Drop de eMailChef<\/div><\/div><div class=\"play\"><\/div><div class=\"ctrl\"><div class=\"Lctrl\"><\/div><div class=\"Rctrl\"><\/div><\/div><\/div><noscript><a href=\"https:\/\/youtu.be\/b3gg5UCJmw8\" rel=\"nofollow\"><img loading=\"lazy\" decoding=\"async\" src=\"https:\/\/emailchef.com\/wp-content\/plugins\/wp-youtube-lyte\/lyteCache.php?origThumbUrl=https%3A%2F%2Fi.ytimg.com%2Fvi%2Fb3gg5UCJmw8%2F0.jpg\" alt=\"[ES] C&oacute;mo agregar la CAN-SPAM Act con el editor de Drag &amp;amp; Drop de eMailChef\" width=\"640\" height=\"340\" \/><br \/>Mire este video en YouTube<\/a><\/noscript><\/div><\/div><div class=\"lL\" style=\"max-width:100%;width:640px;margin:5px;\"><\/div>\n<div class=\"ec-video-button hide centered\">\n\t<a href=\"https:\/\/youtu.be\/b3gg5UCJmw8\" rel=\"prettyPhoto\" title=\"Reproducir v\u00eddeo\">Reproducir v\u00eddeo <i class=\"fa fa-play-circle fa-2x\"><\/i><\/a>\n<\/div><\/div>\n","protected":false},"excerpt":{"rendered":"<p>Para agregar los datos requeridos en el cumplimiento de la Ley CAN-SPAM, debe enviar sus emails usando un remitente validado. En la secci\u00f3n &#8220;CONFIGURACI\u00d3N&#8221;, seleccione &#8220;REMITENTES VALIDADOS&#8221; del&nbsp; men\u00fa de la derecha. Haga clic en &#8220;AGREGAR UN NUEVO REMITENTE&#8221; e introduzca los datos requeridos por la Ley CAN-SPAM. Cuando haya terminado, s\u00f3lo haga clic en [&hellip;]<\/p>\n","protected":false},"author":5,"featured_media":0,"parent":3110,"menu_order":0,"comment_status":"closed","ping_status":"closed","template":"","meta":{"_acf_changed":false,"inline_featured_image":false,"footnotes":""},"g1_relation_tag":[],"class_list":["post-3121","page","type-page","status-publish","hentry"],"acf":[],"yoast_head":"<!-- This site is optimized with the Yoast SEO plugin v24.8.1 - https:\/\/yoast.com\/wordpress\/plugins\/seo\/ -->\n<title>Cumplimiento de Acta CAN-SPAM - Emailchef<\/title>\n<meta name=\"description\" content=\"Para cumplir con las leyes americanas contra el spam (la denominada Acta CAN-SPAM) y enviar su newsletter en forma legal, usted necesita agregar una direcci\u00f3n postal v\u00e1lida y un v\u00ednculo de desuscripci\u00f3n.\" \/>\n<meta name=\"robots\" content=\"index, follow, max-snippet:-1, max-image-preview:large, max-video-preview:-1\" \/>\n<link rel=\"canonical\" href=\"https:\/\/emailchef.com\/es\/base-de-conocimiento\/cumplimiento-de-acta-can-spam\/\" \/>\n<meta name=\"twitter:label1\" content=\"Tiempo de lectura\" \/>\n\t<meta name=\"twitter:data1\" content=\"2 minutos\" \/>\n<!-- \/ Yoast SEO plugin. -->","yoast_head_json":{"title":"Cumplimiento de Acta CAN-SPAM - Emailchef","description":"Para cumplir con las leyes americanas contra el spam (la denominada Acta CAN-SPAM) y enviar su newsletter en forma legal, usted necesita agregar una direcci\u00f3n postal v\u00e1lida y un v\u00ednculo de desuscripci\u00f3n.","robots":{"index":"index","follow":"follow","max-snippet":"max-snippet:-1","max-image-preview":"max-image-preview:large","max-video-preview":"max-video-preview:-1"},"canonical":"https:\/\/emailchef.com\/es\/base-de-conocimiento\/cumplimiento-de-acta-can-spam\/","twitter_misc":{"Tiempo de lectura":"2 minutos"},"schema":{"@context":"https:\/\/schema.org","@graph":[{"@type":"WebPage","@id":"https:\/\/emailchef.com\/es\/base-de-conocimiento\/cumplimiento-de-acta-can-spam\/","url":"https:\/\/emailchef.com\/es\/base-de-conocimiento\/cumplimiento-de-acta-can-spam\/","name":"Cumplimiento de Acta CAN-SPAM - Emailchef","isPartOf":{"@id":"https:\/\/emailchef.com\/es\/#website"},"primaryImageOfPage":{"@id":"https:\/\/emailchef.com\/es\/base-de-conocimiento\/cumplimiento-de-acta-can-spam\/#primaryimage"},"image":{"@id":"https:\/\/emailchef.com\/es\/base-de-conocimiento\/cumplimiento-de-acta-can-spam\/#primaryimage"},"thumbnailUrl":"https:\/\/emailchef.com\/wp-content\/uploads\/2021\/03\/Screenshot_103.jpg","datePublished":"2014-09-22T08:31:37+00:00","dateModified":"2021-07-27T09:59:36+00:00","description":"Para cumplir con las leyes americanas contra el spam (la denominada Acta CAN-SPAM) y enviar su newsletter en forma legal, usted necesita agregar una direcci\u00f3n postal v\u00e1lida y un v\u00ednculo de desuscripci\u00f3n.","breadcrumb":{"@id":"https:\/\/emailchef.com\/es\/base-de-conocimiento\/cumplimiento-de-acta-can-spam\/#breadcrumb"},"inLanguage":"es","potentialAction":[{"@type":"ReadAction","target":["https:\/\/emailchef.com\/es\/base-de-conocimiento\/cumplimiento-de-acta-can-spam\/"]}]},{"@type":"ImageObject","inLanguage":"es","@id":"https:\/\/emailchef.com\/es\/base-de-conocimiento\/cumplimiento-de-acta-can-spam\/#primaryimage","url":"https:\/\/emailchef.com\/wp-content\/uploads\/2021\/03\/Screenshot_103.jpg","contentUrl":"https:\/\/emailchef.com\/wp-content\/uploads\/2021\/03\/Screenshot_103.jpg"},{"@type":"BreadcrumbList","@id":"https:\/\/emailchef.com\/es\/base-de-conocimiento\/cumplimiento-de-acta-can-spam\/#breadcrumb","itemListElement":[{"@type":"ListItem","position":1,"name":"Home","item":"https:\/\/emailchef.com\/es\/emailchef-email-marketing-services\/"},{"@type":"ListItem","position":2,"name":"Base de conocimiento","item":"https:\/\/emailchef.com\/es\/base-de-conocimiento\/"},{"@type":"ListItem","position":3,"name":"Cumplimiento de Acta CAN-SPAM"}]},{"@type":"WebSite","@id":"https:\/\/emailchef.com\/es\/#website","url":"https:\/\/emailchef.com\/es\/","name":"Emailchef","description":"Tasty recipes for email marketing","publisher":{"@id":"https:\/\/emailchef.com\/es\/#organization"},"potentialAction":[{"@type":"SearchAction","target":{"@type":"EntryPoint","urlTemplate":"https:\/\/emailchef.com\/es\/?s={search_term_string}"},"query-input":{"@type":"PropertyValueSpecification","valueRequired":true,"valueName":"search_term_string"}}],"inLanguage":"es"},{"@type":"Organization","@id":"https:\/\/emailchef.com\/es\/#organization","name":"Delivery Tech Corp.","url":"https:\/\/emailchef.com\/es\/","logo":{"@type":"ImageObject","inLanguage":"es","@id":"https:\/\/emailchef.com\/es\/#\/schema\/logo\/image\/","url":"https:\/\/emailchef.com\/wp-content\/uploads\/2022\/04\/logo-sama.png","contentUrl":"https:\/\/emailchef.com\/wp-content\/uploads\/2022\/04\/logo-sama.png","width":237,"height":80,"caption":"Delivery Tech Corp."},"image":{"@id":"https:\/\/emailchef.com\/es\/#\/schema\/logo\/image\/"}}]}},"_links":{"self":[{"href":"https:\/\/emailchef.com\/es\/wp-json\/wp\/v2\/pages\/3121"}],"collection":[{"href":"https:\/\/emailchef.com\/es\/wp-json\/wp\/v2\/pages"}],"about":[{"href":"https:\/\/emailchef.com\/es\/wp-json\/wp\/v2\/types\/page"}],"author":[{"embeddable":true,"href":"https:\/\/emailchef.com\/es\/wp-json\/wp\/v2\/users\/5"}],"replies":[{"embeddable":true,"href":"https:\/\/emailchef.com\/es\/wp-json\/wp\/v2\/comments?post=3121"}],"version-history":[{"count":6,"href":"https:\/\/emailchef.com\/es\/wp-json\/wp\/v2\/pages\/3121\/revisions"}],"predecessor-version":[{"id":46944,"href":"https:\/\/emailchef.com\/es\/wp-json\/wp\/v2\/pages\/3121\/revisions\/46944"}],"up":[{"embeddable":true,"href":"https:\/\/emailchef.com\/es\/wp-json\/wp\/v2\/pages\/3110"}],"wp:attachment":[{"href":"https:\/\/emailchef.com\/es\/wp-json\/wp\/v2\/media?parent=3121"}],"wp:term":[{"taxonomy":"g1_relation_tag","embeddable":true,"href":"https:\/\/emailchef.com\/es\/wp-json\/wp\/v2\/g1_relation_tag?post=3121"}],"curies":[{"name":"wp","href":"https:\/\/api.w.org\/{rel}","templated":true}]}}