{"id":31208,"date":"2020-11-20T16:51:11","date_gmt":"2020-11-20T16:51:11","guid":{"rendered":"https:\/\/emailchef.com\/base-de-conocimiento\/set-yahoo-complaint-feedback-loop\/"},"modified":"2020-12-02T08:49:26","modified_gmt":"2020-12-02T08:49:26","slug":"configure-el-servicio-de-yahoo-complaint-feedback-loop","status":"publish","type":"page","link":"https:\/\/emailchef.com\/es\/base-de-conocimiento\/configure-el-servicio-de-yahoo-complaint-feedback-loop\/","title":{"rendered":"Configure el servicio de Yahoo complaint feedback loop"},"content":{"rendered":"<p>Un Feedback Loop es una herramienta que permite que las quejas de los destinatarios se registren autom\u00e1ticamente en su cuenta como desuscripciones.<\/p>\n<p>La configuraci\u00f3n del Yahoo complaint feedback loop (YFBL) le ser\u00e1 de ayuda cuando env\u00ede a destinatarios de yahoo.com. Si un destinatario de yahoo.com marca su mensaje como spam, es l\u00f3gico que Usted no querr\u00e1 seguir envi\u00e1ndole emails a esa persona, por lo que desuscribir autom\u00e1ticamente esa direcci\u00f3n es lo mejor, adem\u00e1s de que eso evitar\u00e1 que contin\u00fae enviando emails a destinatarios que ya no desean recibir sus emails.<\/p>\n<p>No tener el Yahoo complaint feedback loop configurado puede conllevar a que sus env\u00edos adquieran una mala reputaci\u00f3n, lo que causa que los mensajes no sean enviados y que se retrasen o incluso no se logren entregar en absoluto.<\/p>\n<div class=\"g1-space\" style=\"height: 1.5em\"><\/div>\n<h2><strong>C\u00f3mo configurar el Yahoo complaint feedback loop<\/strong><\/h2>\n<p>Debe realizarlo de la siguiente manera:<\/p>\n<div class=\"g1-space\" style=\"height: 1.5em\"><\/div>\n<h3><strong>1. Crea su buz\u00f3n<\/strong><\/h3>\n<p>Cree una direcci\u00f3n de correo electr\u00f3nico que sea postmaster@\u201dsu_dominio_de_env\u00edo.com\u201d \u2013 La cual se necesita para activar el YFBL.<br \/>\nEs recomendable tener este buz\u00f3n creado de forma predeterminada.<\/p>\n<div class=\"g1-space\" style=\"height: 1.5em\"><\/div>\n<h3><strong>2. Reg\u00edstrese en Yahoo FBL<\/strong><\/h3>\n<p>Acceda a la p\u00e1gina del Yahoo complaint feedback loop\u00a0<a href=\"https:\/\/io.help.yahoo.com\/contact\/index?page=contactform&amp;locale=en_US&amp;token=Zh%2FBBVqXzLHlIbokbUqVWTUbuuQeXGkGnZzhKR2JQ4O6mMQdy9JSWdtWFXvjthcYCRj9bUIFfycOfG%2B4GOHPHoOGa8HwDO2%2B0kYRtTcdR8Nja5P9HWkKh3VWfS3pyu4UdjhvwG%2BBCvnYFl5dToDK%2Fw%3D%3D&amp;selectedChannel=email-icon\">en este link<\/a>. Y ver\u00e1 una p\u00e1gina como esta:<\/p>\n<p>&nbsp;<\/p>\n<p><img fetchpriority=\"high\" decoding=\"async\" class=\"aligncenter wp-image-29556\" src=\"https:\/\/emailchef.com\/wp-content\/uploads\/2020\/11\/set-yahoo-complaint-feedback-loop-1-1024x460.png\" alt=\"\" width=\"450\" height=\"202\" srcset=\"https:\/\/emailchef.com\/wp-content\/uploads\/2020\/11\/set-yahoo-complaint-feedback-loop-1-1024x460.png 1024w, https:\/\/emailchef.com\/wp-content\/uploads\/2020\/11\/set-yahoo-complaint-feedback-loop-1-300x135.png 300w, https:\/\/emailchef.com\/wp-content\/uploads\/2020\/11\/set-yahoo-complaint-feedback-loop-1-768x345.png 768w, https:\/\/emailchef.com\/wp-content\/uploads\/2020\/11\/set-yahoo-complaint-feedback-loop-1-968x435.png 968w, https:\/\/emailchef.com\/wp-content\/uploads\/2020\/11\/set-yahoo-complaint-feedback-loop-1-636x286.png 636w, https:\/\/emailchef.com\/wp-content\/uploads\/2020\/11\/set-yahoo-complaint-feedback-loop-1-320x144.png 320w, https:\/\/emailchef.com\/wp-content\/uploads\/2020\/11\/set-yahoo-complaint-feedback-loop-1-239x107.png 239w, https:\/\/emailchef.com\/wp-content\/uploads\/2020\/11\/set-yahoo-complaint-feedback-loop-1.png 1873w\" sizes=\"(max-width: 450px) 100vw, 450px\" \/><\/p>\n<p>&nbsp;<\/p>\n<p>Complete todos los campos de la p\u00e1gina de la siguiente manera:<\/p>\n<ul>\n<li>Company Name: Emailchef.com<\/li>\n<li>Contact Name: Deliverability Team<\/li>\n<li>Contact email: info@emailchef.com<\/li>\n<li>Reporting email: loop@emailchef.com<\/li>\n<li>Selector: mailchef._domainkey<\/li>\n<li>Request type: Select Add<\/li>\n<li>Domain: Enter your sender domain<\/li>\n<\/ul>\n<p>&nbsp;<\/p>\n<p><img decoding=\"async\" class=\"wp-image-29580 aligncenter\" src=\"https:\/\/emailchef.com\/wp-content\/uploads\/2020\/11\/set-yahoo-complaint-feedback-loop-2-e1605890190880.png\" alt=\"\" width=\"450\" height=\"489\" srcset=\"https:\/\/emailchef.com\/wp-content\/uploads\/2020\/11\/set-yahoo-complaint-feedback-loop-2-e1605890190880.png 798w, https:\/\/emailchef.com\/wp-content\/uploads\/2020\/11\/set-yahoo-complaint-feedback-loop-2-e1605890190880-276x300.png 276w, https:\/\/emailchef.com\/wp-content\/uploads\/2020\/11\/set-yahoo-complaint-feedback-loop-2-e1605890190880-768x834.png 768w, https:\/\/emailchef.com\/wp-content\/uploads\/2020\/11\/set-yahoo-complaint-feedback-loop-2-e1605890190880-636x691.png 636w, https:\/\/emailchef.com\/wp-content\/uploads\/2020\/11\/set-yahoo-complaint-feedback-loop-2-e1605890190880-320x348.png 320w, https:\/\/emailchef.com\/wp-content\/uploads\/2020\/11\/set-yahoo-complaint-feedback-loop-2-e1605890190880-239x260.png 239w\" sizes=\"(max-width: 450px) 100vw, 450px\" \/><\/p>\n<p>&nbsp;<\/p>\n<p><img decoding=\"async\" class=\"aligncenter wp-image-29940\" src=\"https:\/\/emailchef.com\/wp-content\/uploads\/2020\/11\/set-yahoo-complaint-feedback-loop-3.png\" alt=\"\" width=\"450\" height=\"338\" srcset=\"https:\/\/emailchef.com\/wp-content\/uploads\/2020\/11\/set-yahoo-complaint-feedback-loop-3.png 967w, https:\/\/emailchef.com\/wp-content\/uploads\/2020\/11\/set-yahoo-complaint-feedback-loop-3-300x226.png 300w, https:\/\/emailchef.com\/wp-content\/uploads\/2020\/11\/set-yahoo-complaint-feedback-loop-3-768x577.png 768w, https:\/\/emailchef.com\/wp-content\/uploads\/2020\/11\/set-yahoo-complaint-feedback-loop-3-636x478.png 636w, https:\/\/emailchef.com\/wp-content\/uploads\/2020\/11\/set-yahoo-complaint-feedback-loop-3-320x241.png 320w, https:\/\/emailchef.com\/wp-content\/uploads\/2020\/11\/set-yahoo-complaint-feedback-loop-3-239x180.png 239w\" sizes=\"(max-width: 450px) 100vw, 450px\" \/><\/p>\n<p>&nbsp;<\/p>\n<p>Para enviar su registro, haga clic en\u00a0<strong>Get Verification Code<\/strong>.<\/p>\n<p>Deje la ventana abierta y en otra pesta\u00f1a de su navegador vaya a la bandeja de entrada de postmaster@\u201dsu_dominio_de_env\u00edo.com\u201d.<br \/>\nYahoo le enviar\u00e1 un c\u00f3digo de verificaci\u00f3n a su correo electr\u00f3nico. Verifique que haya recibido el c\u00f3digo de verificaci\u00f3n.<\/p>\n<p>Copie el c\u00f3digo que se le envi\u00f3 y vuelva a la p\u00e1gina de YFBL. Ingrese el c\u00f3digo y haga clic en <strong>Create Request<\/strong> para completar el registro.<\/p>\n<p>&nbsp;<\/p>\n<p><img loading=\"lazy\" decoding=\"async\" class=\"aligncenter wp-image-29958\" src=\"https:\/\/emailchef.com\/wp-content\/uploads\/2020\/11\/set-yahoo-complaint-feedback-loop-4.png\" alt=\"\" width=\"450\" height=\"448\" srcset=\"https:\/\/emailchef.com\/wp-content\/uploads\/2020\/11\/set-yahoo-complaint-feedback-loop-4.png 761w, https:\/\/emailchef.com\/wp-content\/uploads\/2020\/11\/set-yahoo-complaint-feedback-loop-4-150x150.png 150w, https:\/\/emailchef.com\/wp-content\/uploads\/2020\/11\/set-yahoo-complaint-feedback-loop-4-300x298.png 300w, https:\/\/emailchef.com\/wp-content\/uploads\/2020\/11\/set-yahoo-complaint-feedback-loop-4-636x633.png 636w, https:\/\/emailchef.com\/wp-content\/uploads\/2020\/11\/set-yahoo-complaint-feedback-loop-4-320x318.png 320w, https:\/\/emailchef.com\/wp-content\/uploads\/2020\/11\/set-yahoo-complaint-feedback-loop-4-239x238.png 239w, https:\/\/emailchef.com\/wp-content\/uploads\/2020\/11\/set-yahoo-complaint-feedback-loop-4-55x55.png 55w\" sizes=\"(max-width: 450px) 100vw, 450px\" \/><\/p>\n<p>&nbsp;<\/p>\n<p>Deber\u00e1 recibir un mensaje de confirmaci\u00f3n. Si no lo hace, debe repetir los pasos nuevamente. Si nuevamente no recibe la confirmaci\u00f3n, por favor comun\u00edquese con el soporte de Yahoo.<\/p>\n<p>&nbsp;<\/p>\n<p><img loading=\"lazy\" decoding=\"async\" class=\"aligncenter wp-image-29976\" src=\"https:\/\/emailchef.com\/wp-content\/uploads\/2020\/11\/set-yahoo-complaint-feedback-loop-5-e1605890970550.png\" alt=\"\" width=\"450\" height=\"271\" srcset=\"https:\/\/emailchef.com\/wp-content\/uploads\/2020\/11\/set-yahoo-complaint-feedback-loop-5-e1605890970550.png 690w, https:\/\/emailchef.com\/wp-content\/uploads\/2020\/11\/set-yahoo-complaint-feedback-loop-5-e1605890970550-300x180.png 300w, https:\/\/emailchef.com\/wp-content\/uploads\/2020\/11\/set-yahoo-complaint-feedback-loop-5-e1605890970550-636x383.png 636w, https:\/\/emailchef.com\/wp-content\/uploads\/2020\/11\/set-yahoo-complaint-feedback-loop-5-e1605890970550-320x192.png 320w, https:\/\/emailchef.com\/wp-content\/uploads\/2020\/11\/set-yahoo-complaint-feedback-loop-5-e1605890970550-239x144.png 239w\" sizes=\"(max-width: 450px) 100vw, 450px\" \/><\/p>\n<p>&nbsp;<\/p>\n<p>Y listo, ahora podremos gestionar las quejas provenientes de Verizon en su cuenta de Emailchef. Podr\u00e1 encontrar en sus listas a los destinatarios que se han quejado con el nombre de \u201cReportados\u201d.<\/p>\n","protected":false},"excerpt":{"rendered":"<p>Un Feedback Loop es una herramienta que permite que las quejas de los destinatarios se registren autom\u00e1ticamente en su cuenta como desuscripciones. La configuraci\u00f3n del Yahoo complaint feedback loop (YFBL) le ser\u00e1 de ayuda cuando env\u00ede a destinatarios de yahoo.com. Si un destinatario de yahoo.com marca su mensaje como spam, es l\u00f3gico que Usted no [&hellip;]<\/p>\n","protected":false},"author":2,"featured_media":0,"parent":3110,"menu_order":0,"comment_status":"closed","ping_status":"closed","template":"","meta":{"_acf_changed":false,"inline_featured_image":false,"footnotes":""},"g1_relation_tag":[],"class_list":["post-31208","page","type-page","status-publish","hentry"],"acf":[],"yoast_head":"<!-- This site is optimized with the Yoast SEO plugin v24.8.1 - https:\/\/yoast.com\/wordpress\/plugins\/seo\/ -->\n<title>Configure el servicio de Yahoo complaint feedback loop - Emailchef<\/title>\n<meta name=\"robots\" content=\"index, follow, max-snippet:-1, max-image-preview:large, max-video-preview:-1\" \/>\n<link rel=\"canonical\" href=\"https:\/\/emailchef.com\/es\/base-de-conocimiento\/configure-el-servicio-de-yahoo-complaint-feedback-loop\/\" \/>\n<meta name=\"twitter:label1\" content=\"Tiempo de lectura\" \/>\n\t<meta name=\"twitter:data1\" content=\"2 minutos\" \/>\n<!-- \/ Yoast SEO plugin. -->","yoast_head_json":{"title":"Configure el servicio de Yahoo complaint feedback loop - Emailchef","robots":{"index":"index","follow":"follow","max-snippet":"max-snippet:-1","max-image-preview":"max-image-preview:large","max-video-preview":"max-video-preview:-1"},"canonical":"https:\/\/emailchef.com\/es\/base-de-conocimiento\/configure-el-servicio-de-yahoo-complaint-feedback-loop\/","twitter_misc":{"Tiempo de lectura":"2 minutos"},"schema":{"@context":"https:\/\/schema.org","@graph":[{"@type":"WebPage","@id":"https:\/\/emailchef.com\/es\/base-de-conocimiento\/configure-el-servicio-de-yahoo-complaint-feedback-loop\/","url":"https:\/\/emailchef.com\/es\/base-de-conocimiento\/configure-el-servicio-de-yahoo-complaint-feedback-loop\/","name":"Configure el servicio de Yahoo complaint feedback loop - Emailchef","isPartOf":{"@id":"https:\/\/emailchef.com\/es\/#website"},"primaryImageOfPage":{"@id":"https:\/\/emailchef.com\/es\/base-de-conocimiento\/configure-el-servicio-de-yahoo-complaint-feedback-loop\/#primaryimage"},"image":{"@id":"https:\/\/emailchef.com\/es\/base-de-conocimiento\/configure-el-servicio-de-yahoo-complaint-feedback-loop\/#primaryimage"},"thumbnailUrl":"https:\/\/emailchef.com\/wp-content\/uploads\/2020\/11\/set-yahoo-complaint-feedback-loop-1-1024x460.png","datePublished":"2020-11-20T16:51:11+00:00","dateModified":"2020-12-02T08:49:26+00:00","breadcrumb":{"@id":"https:\/\/emailchef.com\/es\/base-de-conocimiento\/configure-el-servicio-de-yahoo-complaint-feedback-loop\/#breadcrumb"},"inLanguage":"es","potentialAction":[{"@type":"ReadAction","target":["https:\/\/emailchef.com\/es\/base-de-conocimiento\/configure-el-servicio-de-yahoo-complaint-feedback-loop\/"]}]},{"@type":"ImageObject","inLanguage":"es","@id":"https:\/\/emailchef.com\/es\/base-de-conocimiento\/configure-el-servicio-de-yahoo-complaint-feedback-loop\/#primaryimage","url":"https:\/\/emailchef.com\/wp-content\/uploads\/2020\/11\/set-yahoo-complaint-feedback-loop-1-1024x460.png","contentUrl":"https:\/\/emailchef.com\/wp-content\/uploads\/2020\/11\/set-yahoo-complaint-feedback-loop-1-1024x460.png"},{"@type":"BreadcrumbList","@id":"https:\/\/emailchef.com\/es\/base-de-conocimiento\/configure-el-servicio-de-yahoo-complaint-feedback-loop\/#breadcrumb","itemListElement":[{"@type":"ListItem","position":1,"name":"Home","item":"https:\/\/emailchef.com\/es\/emailchef-email-marketing-services\/"},{"@type":"ListItem","position":2,"name":"Base de conocimiento","item":"https:\/\/emailchef.com\/es\/base-de-conocimiento\/"},{"@type":"ListItem","position":3,"name":"Configure el servicio de Yahoo complaint feedback loop"}]},{"@type":"WebSite","@id":"https:\/\/emailchef.com\/es\/#website","url":"https:\/\/emailchef.com\/es\/","name":"Emailchef","description":"Tasty recipes for email marketing","publisher":{"@id":"https:\/\/emailchef.com\/es\/#organization"},"potentialAction":[{"@type":"SearchAction","target":{"@type":"EntryPoint","urlTemplate":"https:\/\/emailchef.com\/es\/?s={search_term_string}"},"query-input":{"@type":"PropertyValueSpecification","valueRequired":true,"valueName":"search_term_string"}}],"inLanguage":"es"},{"@type":"Organization","@id":"https:\/\/emailchef.com\/es\/#organization","name":"Delivery Tech Corp.","url":"https:\/\/emailchef.com\/es\/","logo":{"@type":"ImageObject","inLanguage":"es","@id":"https:\/\/emailchef.com\/es\/#\/schema\/logo\/image\/","url":"https:\/\/emailchef.com\/wp-content\/uploads\/2022\/04\/logo-sama.png","contentUrl":"https:\/\/emailchef.com\/wp-content\/uploads\/2022\/04\/logo-sama.png","width":237,"height":80,"caption":"Delivery Tech Corp."},"image":{"@id":"https:\/\/emailchef.com\/es\/#\/schema\/logo\/image\/"}}]}},"_links":{"self":[{"href":"https:\/\/emailchef.com\/es\/wp-json\/wp\/v2\/pages\/31208"}],"collection":[{"href":"https:\/\/emailchef.com\/es\/wp-json\/wp\/v2\/pages"}],"about":[{"href":"https:\/\/emailchef.com\/es\/wp-json\/wp\/v2\/types\/page"}],"author":[{"embeddable":true,"href":"https:\/\/emailchef.com\/es\/wp-json\/wp\/v2\/users\/2"}],"replies":[{"embeddable":true,"href":"https:\/\/emailchef.com\/es\/wp-json\/wp\/v2\/comments?post=31208"}],"version-history":[{"count":2,"href":"https:\/\/emailchef.com\/es\/wp-json\/wp\/v2\/pages\/31208\/revisions"}],"predecessor-version":[{"id":31212,"href":"https:\/\/emailchef.com\/es\/wp-json\/wp\/v2\/pages\/31208\/revisions\/31212"}],"up":[{"embeddable":true,"href":"https:\/\/emailchef.com\/es\/wp-json\/wp\/v2\/pages\/3110"}],"wp:attachment":[{"href":"https:\/\/emailchef.com\/es\/wp-json\/wp\/v2\/media?parent=31208"}],"wp:term":[{"taxonomy":"g1_relation_tag","embeddable":true,"href":"https:\/\/emailchef.com\/es\/wp-json\/wp\/v2\/g1_relation_tag?post=31208"}],"curies":[{"name":"wp","href":"https:\/\/api.w.org\/{rel}","templated":true}]}}