{"id":3115,"date":"2014-09-22T08:19:23","date_gmt":"2014-09-22T08:19:23","guid":{"rendered":"http:\/\/emailchef.com\/es\/?page_id=3115"},"modified":"2021-07-27T15:24:01","modified_gmt":"2021-07-27T15:24:01","slug":"agregar-otras-direcciones-de-remitente","status":"publish","type":"page","link":"https:\/\/emailchef.com\/es\/base-de-conocimiento\/agregar-otras-direcciones-de-remitente\/","title":{"rendered":"Agregar otras direcciones de remitente"},"content":{"rendered":"<p class=\"western\" lang=\"es-AR\">En la p\u00e1gina de configuraciones, bajo la pesta\u00f1a \u201cREMITENTES VALIDADOS\u201d, usted puede <strong>agregar otras direcciones de email<\/strong> desde las cu\u00e1les enviar\u00e1 sus newsletters.&nbsp;Haga clic en &#8220;AGREGAR UN NUEVO REMITENTE&#8221;, complete los campos y guarde.<\/p>\n<p><a href=\"https:\/\/emailchef.com\/wp-content\/uploads\/2021\/01\/Screenshot_24.jpg\" rel=\"lightbox\"><img fetchpriority=\"high\" decoding=\"async\" class=\"alignnone wp-image-34912 size-full\" src=\"https:\/\/emailchef.com\/wp-content\/uploads\/2021\/01\/Screenshot_24.jpg\" alt=\"\" width=\"1487\" height=\"733\" srcset=\"https:\/\/emailchef.com\/wp-content\/uploads\/2021\/01\/Screenshot_24.jpg 1487w, https:\/\/emailchef.com\/wp-content\/uploads\/2021\/01\/Screenshot_24-300x148.jpg 300w, https:\/\/emailchef.com\/wp-content\/uploads\/2021\/01\/Screenshot_24-768x379.jpg 768w, https:\/\/emailchef.com\/wp-content\/uploads\/2021\/01\/Screenshot_24-1024x505.jpg 1024w, https:\/\/emailchef.com\/wp-content\/uploads\/2021\/01\/Screenshot_24-968x477.jpg 968w, https:\/\/emailchef.com\/wp-content\/uploads\/2021\/01\/Screenshot_24-636x314.jpg 636w, https:\/\/emailchef.com\/wp-content\/uploads\/2021\/01\/Screenshot_24-320x158.jpg 320w, https:\/\/emailchef.com\/wp-content\/uploads\/2021\/01\/Screenshot_24-239x118.jpg 239w\" sizes=\"(max-width: 1487px) 100vw, 1487px\" \/><\/a><\/p>\n<p class=\"western\" lang=\"es-AR\">S\u00f3lo uno es configurado por defecto, pero usted podr\u00e1 cambiarlo cuando edite una campa\u00f1a.<\/p>\n<p class=\"western\" lang=\"es-AR\">Recuerde que cada nuevo <strong>remitente debe ser autenticado.<\/strong><\/p>\n<p lang=\"es-AR\"><a href=\"https:\/\/emailchef.com\/wp-content\/uploads\/2021\/05\/Screenshot_25-1.jpg\" rel=\"lightbox\"><img decoding=\"async\" class=\"alignnone wp-image-40768 size-full\" src=\"https:\/\/emailchef.com\/wp-content\/uploads\/2021\/05\/Screenshot_25-1.jpg\" alt=\"\" width=\"722\" height=\"210\" srcset=\"https:\/\/emailchef.com\/wp-content\/uploads\/2021\/05\/Screenshot_25-1.jpg 722w, https:\/\/emailchef.com\/wp-content\/uploads\/2021\/05\/Screenshot_25-1-300x87.jpg 300w, https:\/\/emailchef.com\/wp-content\/uploads\/2021\/05\/Screenshot_25-1-636x185.jpg 636w, https:\/\/emailchef.com\/wp-content\/uploads\/2021\/05\/Screenshot_25-1-320x93.jpg 320w, https:\/\/emailchef.com\/wp-content\/uploads\/2021\/05\/Screenshot_25-1-239x70.jpg 239w\" sizes=\"(max-width: 722px) 100vw, 722px\" \/><\/a><\/p>\n<p>Para autenticar a un remitente, haga clic en el enlace del mensaje de confirmaci\u00f3n que le enviaremos a la direcci\u00f3n de correo electr\u00f3nico que ingres\u00f3.<\/p>\n<p><a href=\"https:\/\/emailchef.com\/wp-content\/uploads\/2021\/01\/Screenshot_2-1.jpg\" rel=\"lightbox\"><img decoding=\"async\" class=\"alignnone wp-image-34896 size-full\" src=\"https:\/\/emailchef.com\/wp-content\/uploads\/2021\/01\/Screenshot_2-1.jpg\" alt=\"\" width=\"631\" height=\"577\" srcset=\"https:\/\/emailchef.com\/wp-content\/uploads\/2021\/01\/Screenshot_2-1.jpg 631w, https:\/\/emailchef.com\/wp-content\/uploads\/2021\/01\/Screenshot_2-1-300x274.jpg 300w, https:\/\/emailchef.com\/wp-content\/uploads\/2021\/01\/Screenshot_2-1-320x293.jpg 320w, https:\/\/emailchef.com\/wp-content\/uploads\/2021\/01\/Screenshot_2-1-239x219.jpg 239w\" sizes=\"(max-width: 631px) 100vw, 631px\" \/><\/a><\/p>\n<p>Para obtener m\u00e1s informaci\u00f3n sobre la validaci\u00f3n de un remitente, vea el siguiente video tutorial:<\/p>\n<div class=\"lyte-wrapper\" title=\"[ES] Validar un remitente\" style=\"width:640px;max-width:100%;margin:5px;\"><div class=\"lyMe\" id=\"WYL_RBc9JRpbLTg\"><div id=\"lyte_RBc9JRpbLTg\" data-src=\"https:\/\/emailchef.com\/wp-content\/plugins\/wp-youtube-lyte\/lyteCache.php?origThumbUrl=https%3A%2F%2Fi.ytimg.com%2Fvi%2FRBc9JRpbLTg%2Fhqdefault.jpg\" class=\"pL\"><div class=\"tC\"><div class=\"tT\">[ES] Validar un remitente<\/div><\/div><div class=\"play\"><\/div><div class=\"ctrl\"><div class=\"Lctrl\"><\/div><div class=\"Rctrl\"><\/div><\/div><\/div><noscript><a href=\"https:\/\/youtu.be\/RBc9JRpbLTg\" rel=\"nofollow\"><img loading=\"lazy\" decoding=\"async\" src=\"https:\/\/emailchef.com\/wp-content\/plugins\/wp-youtube-lyte\/lyteCache.php?origThumbUrl=https%3A%2F%2Fi.ytimg.com%2Fvi%2FRBc9JRpbLTg%2F0.jpg\" alt=\"[ES] Validar un remitente\" width=\"640\" height=\"340\" \/><br \/>Mire este video en YouTube<\/a><\/noscript><\/div><\/div><div class=\"lL\" style=\"max-width:100%;width:640px;margin:5px;\"><\/div>\n<div class=\"ec-video-button hide centered\">\n\t<a href=\"https:\/\/youtu.be\/RBc9JRpbLTg\" rel=\"prettyPhoto\" title=\"Reproducir v\u00eddeo\">Reproducir v\u00eddeo <i class=\"fa fa-play-circle fa-2x\"><\/i><\/a>\n<\/div>\n","protected":false},"excerpt":{"rendered":"<p>En la p\u00e1gina de configuraciones, bajo la pesta\u00f1a \u201cREMITENTES VALIDADOS\u201d, usted puede agregar otras direcciones de email desde las cu\u00e1les enviar\u00e1 sus newsletters.&nbsp;Haga clic en &#8220;AGREGAR UN NUEVO REMITENTE&#8221;, complete los campos y guarde. S\u00f3lo uno es configurado por defecto, pero usted podr\u00e1 cambiarlo cuando edite una campa\u00f1a. Recuerde que cada nuevo remitente debe ser [&hellip;]<\/p>\n","protected":false},"author":5,"featured_media":0,"parent":3110,"menu_order":0,"comment_status":"closed","ping_status":"closed","template":"","meta":{"_acf_changed":false,"inline_featured_image":false,"footnotes":""},"g1_relation_tag":[],"class_list":["post-3115","page","type-page","status-publish","hentry"],"acf":[],"yoast_head":"<!-- This site is optimized with the Yoast SEO plugin v24.8.1 - https:\/\/yoast.com\/wordpress\/plugins\/seo\/ -->\n<title>Agregar otras direcciones de remitente - Emailchef<\/title>\n<meta name=\"description\" content=\"En la p\u00e1gina de configuraciones, bajo la pesta\u00f1a \u201cRemitentes validados\u201d, usted puede agregar otras direcciones de email desde las cu\u00e1les enviar\u00e1 sus newsletters.\" \/>\n<meta name=\"robots\" content=\"index, follow, max-snippet:-1, max-image-preview:large, max-video-preview:-1\" \/>\n<link rel=\"canonical\" href=\"https:\/\/emailchef.com\/es\/base-de-conocimiento\/agregar-otras-direcciones-de-remitente\/\" \/>\n<meta name=\"twitter:label1\" content=\"Tiempo de lectura\" \/>\n\t<meta name=\"twitter:data1\" content=\"2 minutos\" \/>\n<!-- \/ Yoast SEO plugin. -->","yoast_head_json":{"title":"Agregar otras direcciones de remitente - Emailchef","description":"En la p\u00e1gina de configuraciones, bajo la pesta\u00f1a \u201cRemitentes validados\u201d, usted puede agregar otras direcciones de email desde las cu\u00e1les enviar\u00e1 sus newsletters.","robots":{"index":"index","follow":"follow","max-snippet":"max-snippet:-1","max-image-preview":"max-image-preview:large","max-video-preview":"max-video-preview:-1"},"canonical":"https:\/\/emailchef.com\/es\/base-de-conocimiento\/agregar-otras-direcciones-de-remitente\/","twitter_misc":{"Tiempo de lectura":"2 minutos"},"schema":{"@context":"https:\/\/schema.org","@graph":[{"@type":"WebPage","@id":"https:\/\/emailchef.com\/es\/base-de-conocimiento\/agregar-otras-direcciones-de-remitente\/","url":"https:\/\/emailchef.com\/es\/base-de-conocimiento\/agregar-otras-direcciones-de-remitente\/","name":"Agregar otras direcciones de remitente - Emailchef","isPartOf":{"@id":"https:\/\/emailchef.com\/es\/#website"},"primaryImageOfPage":{"@id":"https:\/\/emailchef.com\/es\/base-de-conocimiento\/agregar-otras-direcciones-de-remitente\/#primaryimage"},"image":{"@id":"https:\/\/emailchef.com\/es\/base-de-conocimiento\/agregar-otras-direcciones-de-remitente\/#primaryimage"},"thumbnailUrl":"https:\/\/emailchef.com\/wp-content\/uploads\/2021\/01\/Screenshot_24.jpg","datePublished":"2014-09-22T08:19:23+00:00","dateModified":"2021-07-27T15:24:01+00:00","description":"En la p\u00e1gina de configuraciones, bajo la pesta\u00f1a \u201cRemitentes validados\u201d, usted puede agregar otras direcciones de email desde las cu\u00e1les enviar\u00e1 sus newsletters.","breadcrumb":{"@id":"https:\/\/emailchef.com\/es\/base-de-conocimiento\/agregar-otras-direcciones-de-remitente\/#breadcrumb"},"inLanguage":"es","potentialAction":[{"@type":"ReadAction","target":["https:\/\/emailchef.com\/es\/base-de-conocimiento\/agregar-otras-direcciones-de-remitente\/"]}]},{"@type":"ImageObject","inLanguage":"es","@id":"https:\/\/emailchef.com\/es\/base-de-conocimiento\/agregar-otras-direcciones-de-remitente\/#primaryimage","url":"https:\/\/emailchef.com\/wp-content\/uploads\/2021\/01\/Screenshot_24.jpg","contentUrl":"https:\/\/emailchef.com\/wp-content\/uploads\/2021\/01\/Screenshot_24.jpg"},{"@type":"BreadcrumbList","@id":"https:\/\/emailchef.com\/es\/base-de-conocimiento\/agregar-otras-direcciones-de-remitente\/#breadcrumb","itemListElement":[{"@type":"ListItem","position":1,"name":"Home","item":"https:\/\/emailchef.com\/es\/emailchef-email-marketing-services\/"},{"@type":"ListItem","position":2,"name":"Base de conocimiento","item":"https:\/\/emailchef.com\/es\/base-de-conocimiento\/"},{"@type":"ListItem","position":3,"name":"Agregar otras direcciones de remitente"}]},{"@type":"WebSite","@id":"https:\/\/emailchef.com\/es\/#website","url":"https:\/\/emailchef.com\/es\/","name":"Emailchef","description":"Tasty recipes for email marketing","publisher":{"@id":"https:\/\/emailchef.com\/es\/#organization"},"potentialAction":[{"@type":"SearchAction","target":{"@type":"EntryPoint","urlTemplate":"https:\/\/emailchef.com\/es\/?s={search_term_string}"},"query-input":{"@type":"PropertyValueSpecification","valueRequired":true,"valueName":"search_term_string"}}],"inLanguage":"es"},{"@type":"Organization","@id":"https:\/\/emailchef.com\/es\/#organization","name":"Delivery Tech Corp.","url":"https:\/\/emailchef.com\/es\/","logo":{"@type":"ImageObject","inLanguage":"es","@id":"https:\/\/emailchef.com\/es\/#\/schema\/logo\/image\/","url":"https:\/\/emailchef.com\/wp-content\/uploads\/2022\/04\/logo-sama.png","contentUrl":"https:\/\/emailchef.com\/wp-content\/uploads\/2022\/04\/logo-sama.png","width":237,"height":80,"caption":"Delivery Tech Corp."},"image":{"@id":"https:\/\/emailchef.com\/es\/#\/schema\/logo\/image\/"}}]}},"_links":{"self":[{"href":"https:\/\/emailchef.com\/es\/wp-json\/wp\/v2\/pages\/3115"}],"collection":[{"href":"https:\/\/emailchef.com\/es\/wp-json\/wp\/v2\/pages"}],"about":[{"href":"https:\/\/emailchef.com\/es\/wp-json\/wp\/v2\/types\/page"}],"author":[{"embeddable":true,"href":"https:\/\/emailchef.com\/es\/wp-json\/wp\/v2\/users\/5"}],"replies":[{"embeddable":true,"href":"https:\/\/emailchef.com\/es\/wp-json\/wp\/v2\/comments?post=3115"}],"version-history":[{"count":6,"href":"https:\/\/emailchef.com\/es\/wp-json\/wp\/v2\/pages\/3115\/revisions"}],"predecessor-version":[{"id":47260,"href":"https:\/\/emailchef.com\/es\/wp-json\/wp\/v2\/pages\/3115\/revisions\/47260"}],"up":[{"embeddable":true,"href":"https:\/\/emailchef.com\/es\/wp-json\/wp\/v2\/pages\/3110"}],"wp:attachment":[{"href":"https:\/\/emailchef.com\/es\/wp-json\/wp\/v2\/media?parent=3115"}],"wp:term":[{"taxonomy":"g1_relation_tag","embeddable":true,"href":"https:\/\/emailchef.com\/es\/wp-json\/wp\/v2\/g1_relation_tag?post=3115"}],"curies":[{"name":"wp","href":"https:\/\/api.w.org\/{rel}","templated":true}]}}