{"id":3112,"date":"2014-09-22T08:33:27","date_gmt":"2014-09-22T08:33:27","guid":{"rendered":"http:\/\/emailchef.com\/es\/?page_id=3112"},"modified":"2024-12-05T13:30:20","modified_gmt":"2024-12-05T13:30:20","slug":"una-revision-final","status":"publish","type":"page","link":"https:\/\/emailchef.com\/es\/base-de-conocimiento\/una-revision-final\/","title":{"rendered":"Una revisi\u00f3n final"},"content":{"rendered":"<p>Antes de enviar tu campa\u00f1a, un resumen te permite revisar todos los elementos principales.<\/p>\n<p>En esta etapa, puedes previsualizar <strong>la plantilla<\/strong>, <strong>la l\u00ednea de asunto<\/strong>, <strong>el preheader<\/strong> y <strong>la direcci\u00f3n del remitente<\/strong>. Tambi\u00e9n puedes verificar <strong>la lista<\/strong> y <strong>los segmentos<\/strong> seleccionados, con una indicaci\u00f3n del n\u00famero total de destinatarios.<\/p>\n<p>Si es necesario, a\u00fan puedes realizar ajustes para perfeccionar los detalles de tu campa\u00f1a.<\/p>\n<p><a href=\"https:\/\/emailchef.com\/wp-content\/uploads\/2024\/12\/envio-de-campana-de-email-marketing-revision-final.jpg\" rel=\"lightbox\" title=\"Env\u00edo de campa\u00f1a de email marketing, revisi\u00f3n final\"><img decoding=\"async\" src=\"https:\/\/emailchef.com\/wp-content\/uploads\/2024\/12\/envio-de-campana-de-email-marketing-revision-final.jpg\" alt=\"Env\u00edo de campa\u00f1a de email marketing, revisi\u00f3n final\" style=\"margin-top: 15px; margin-bottom: 15px;\" \/><\/a><\/p>\n<h2>Consejos \u00fatiles antes de enviar<\/h2>\n<ul style=\"margin-top:30px;\">\n<li><strong>Enviar prueba:<\/strong> te recomendamos enviarte un correo de prueba para asegurarte de que todo est\u00e1 como deseas. Ingresa tu direcci\u00f3n (o la preferida) y haz clic en &#8220;ENVIAR PRUEBA.&#8221;<br \/><a href=\"https:\/\/emailchef.com\/wp-content\/uploads\/2024\/12\/envio-de-campana-de-email-marketing-revision-final-2.jpg\" rel=\"lightbox\" title=\"Env\u00edo de campa\u00f1a de email marketing, revisi\u00f3n final\"><img decoding=\"async\" src=\"https:\/\/emailchef.com\/wp-content\/uploads\/2024\/12\/envio-de-campana-de-email-marketing-revision-final-2.jpg\" alt=\"Env\u00edo de campa\u00f1a de email marketing, revisi\u00f3n final\" style=\"margin-top: 15px; margin-bottom: 20px;\" \/><\/a><\/li>\n<li><strong>Prueba de spam:<\/strong> realiza un control del nivel de spam de tu correo. La puntuaci\u00f3n obtenida te ayudar\u00e1 a entender qu\u00e9 tan probable es que el mensaje llegue a la bandeja de entrada principal de tus destinatarios, evitando la carpeta de spam. El informe detallado destacar\u00e1 posibles puntos d\u00e9biles a mejorar.<br \/><a href=\"https:\/\/emailchef.com\/wp-content\/uploads\/2024\/12\/envio-de-campana-de-email-marketing-revision-final-3.jpg\" rel=\"lightbox\" title=\"Env\u00edo de campa\u00f1a de email marketing, revisi\u00f3n final\"><img decoding=\"async\" src=\"https:\/\/emailchef.com\/wp-content\/uploads\/2024\/12\/envio-de-campana-de-email-marketing-revision-final-3.jpg\" alt=\"Env\u00edo de campa\u00f1a de email marketing, revisi\u00f3n final\" style=\"margin-top: 15px; margin-bottom: 25px;\" \/><\/a><\/li>\n<\/ul>\n<p>Cuando hayas completado todas las verificaciones, haz clic en &#8220;<strong>SIGUIENTE<\/strong>&#8221; para proceder con el env\u00edo o la programaci\u00f3n de la campa\u00f1a.<\/p>\n","protected":false},"excerpt":{"rendered":"<p>Antes de enviar tu campa\u00f1a, un resumen te permite revisar todos los elementos principales. En esta etapa, puedes previsualizar la plantilla, la l\u00ednea de asunto, el preheader y la direcci\u00f3n del remitente. Tambi\u00e9n puedes verificar la lista y los segmentos seleccionados, con una indicaci\u00f3n del n\u00famero total de destinatarios. Si es necesario, a\u00fan puedes realizar [&hellip;]<\/p>\n","protected":false},"author":5,"featured_media":0,"parent":3110,"menu_order":0,"comment_status":"closed","ping_status":"closed","template":"","meta":{"_acf_changed":false,"inline_featured_image":false,"footnotes":""},"g1_relation_tag":[],"class_list":["post-3112","page","type-page","status-publish","hentry"],"acf":[],"yoast_head":"<!-- This site is optimized with the Yoast SEO plugin v24.8.1 - https:\/\/yoast.com\/wordpress\/plugins\/seo\/ -->\n<title>Una revisi\u00f3n final - Emailchef<\/title>\n<meta name=\"description\" content=\"Antes de enviar, siempre es una buena idea revisar todos los elementos claves de su email (l\u00ednea de asunto, lectores, remitente...) y realizar una calificaci\u00f3n de spam.\" \/>\n<meta name=\"robots\" content=\"index, follow, max-snippet:-1, max-image-preview:large, max-video-preview:-1\" \/>\n<link rel=\"canonical\" href=\"https:\/\/emailchef.com\/es\/base-de-conocimiento\/una-revision-final\/\" \/>\n<meta name=\"twitter:label1\" content=\"Tiempo de lectura\" \/>\n\t<meta name=\"twitter:data1\" content=\"2 minutos\" \/>\n<!-- \/ Yoast SEO plugin. -->","yoast_head_json":{"title":"Una revisi\u00f3n final - Emailchef","description":"Antes de enviar, siempre es una buena idea revisar todos los elementos claves de su email (l\u00ednea de asunto, lectores, remitente...) y realizar una calificaci\u00f3n de spam.","robots":{"index":"index","follow":"follow","max-snippet":"max-snippet:-1","max-image-preview":"max-image-preview:large","max-video-preview":"max-video-preview:-1"},"canonical":"https:\/\/emailchef.com\/es\/base-de-conocimiento\/una-revision-final\/","twitter_misc":{"Tiempo de lectura":"2 minutos"},"schema":{"@context":"https:\/\/schema.org","@graph":[{"@type":"WebPage","@id":"https:\/\/emailchef.com\/es\/base-de-conocimiento\/una-revision-final\/","url":"https:\/\/emailchef.com\/es\/base-de-conocimiento\/una-revision-final\/","name":"Una revisi\u00f3n final - Emailchef","isPartOf":{"@id":"https:\/\/emailchef.com\/es\/#website"},"primaryImageOfPage":{"@id":"https:\/\/emailchef.com\/es\/base-de-conocimiento\/una-revision-final\/#primaryimage"},"image":{"@id":"https:\/\/emailchef.com\/es\/base-de-conocimiento\/una-revision-final\/#primaryimage"},"thumbnailUrl":"https:\/\/emailchef.com\/wp-content\/uploads\/2024\/12\/envio-de-campana-de-email-marketing-revision-final.jpg","datePublished":"2014-09-22T08:33:27+00:00","dateModified":"2024-12-05T13:30:20+00:00","description":"Antes de enviar, siempre es una buena idea revisar todos los elementos claves de su email (l\u00ednea de asunto, lectores, remitente...) y realizar una calificaci\u00f3n de spam.","breadcrumb":{"@id":"https:\/\/emailchef.com\/es\/base-de-conocimiento\/una-revision-final\/#breadcrumb"},"inLanguage":"es","potentialAction":[{"@type":"ReadAction","target":["https:\/\/emailchef.com\/es\/base-de-conocimiento\/una-revision-final\/"]}]},{"@type":"ImageObject","inLanguage":"es","@id":"https:\/\/emailchef.com\/es\/base-de-conocimiento\/una-revision-final\/#primaryimage","url":"https:\/\/emailchef.com\/wp-content\/uploads\/2024\/12\/envio-de-campana-de-email-marketing-revision-final.jpg","contentUrl":"https:\/\/emailchef.com\/wp-content\/uploads\/2024\/12\/envio-de-campana-de-email-marketing-revision-final.jpg"},{"@type":"BreadcrumbList","@id":"https:\/\/emailchef.com\/es\/base-de-conocimiento\/una-revision-final\/#breadcrumb","itemListElement":[{"@type":"ListItem","position":1,"name":"Home","item":"https:\/\/emailchef.com\/es\/emailchef-email-marketing-services\/"},{"@type":"ListItem","position":2,"name":"Base de conocimiento","item":"https:\/\/emailchef.com\/es\/base-de-conocimiento\/"},{"@type":"ListItem","position":3,"name":"Una revisi\u00f3n final"}]},{"@type":"WebSite","@id":"https:\/\/emailchef.com\/es\/#website","url":"https:\/\/emailchef.com\/es\/","name":"Emailchef","description":"Tasty recipes for email marketing","publisher":{"@id":"https:\/\/emailchef.com\/es\/#organization"},"potentialAction":[{"@type":"SearchAction","target":{"@type":"EntryPoint","urlTemplate":"https:\/\/emailchef.com\/es\/?s={search_term_string}"},"query-input":{"@type":"PropertyValueSpecification","valueRequired":true,"valueName":"search_term_string"}}],"inLanguage":"es"},{"@type":"Organization","@id":"https:\/\/emailchef.com\/es\/#organization","name":"Delivery Tech Corp.","url":"https:\/\/emailchef.com\/es\/","logo":{"@type":"ImageObject","inLanguage":"es","@id":"https:\/\/emailchef.com\/es\/#\/schema\/logo\/image\/","url":"https:\/\/emailchef.com\/wp-content\/uploads\/2022\/04\/logo-sama.png","contentUrl":"https:\/\/emailchef.com\/wp-content\/uploads\/2022\/04\/logo-sama.png","width":237,"height":80,"caption":"Delivery Tech Corp."},"image":{"@id":"https:\/\/emailchef.com\/es\/#\/schema\/logo\/image\/"}}]}},"_links":{"self":[{"href":"https:\/\/emailchef.com\/es\/wp-json\/wp\/v2\/pages\/3112"}],"collection":[{"href":"https:\/\/emailchef.com\/es\/wp-json\/wp\/v2\/pages"}],"about":[{"href":"https:\/\/emailchef.com\/es\/wp-json\/wp\/v2\/types\/page"}],"author":[{"embeddable":true,"href":"https:\/\/emailchef.com\/es\/wp-json\/wp\/v2\/users\/5"}],"replies":[{"embeddable":true,"href":"https:\/\/emailchef.com\/es\/wp-json\/wp\/v2\/comments?post=3112"}],"version-history":[{"count":5,"href":"https:\/\/emailchef.com\/es\/wp-json\/wp\/v2\/pages\/3112\/revisions"}],"predecessor-version":[{"id":78104,"href":"https:\/\/emailchef.com\/es\/wp-json\/wp\/v2\/pages\/3112\/revisions\/78104"}],"up":[{"embeddable":true,"href":"https:\/\/emailchef.com\/es\/wp-json\/wp\/v2\/pages\/3110"}],"wp:attachment":[{"href":"https:\/\/emailchef.com\/es\/wp-json\/wp\/v2\/media?parent=3112"}],"wp:term":[{"taxonomy":"g1_relation_tag","embeddable":true,"href":"https:\/\/emailchef.com\/es\/wp-json\/wp\/v2\/g1_relation_tag?post=3112"}],"curies":[{"name":"wp","href":"https:\/\/api.w.org\/{rel}","templated":true}]}}