{"id":3110,"date":"2014-09-22T08:04:21","date_gmt":"2014-09-22T08:04:21","guid":{"rendered":"http:\/\/emailchef.com\/es\/?page_id=3110"},"modified":"2020-06-23T15:02:35","modified_gmt":"2020-06-23T15:02:35","slug":"base-de-conocimiento","status":"publish","type":"page","link":"https:\/\/emailchef.com\/es\/base-de-conocimiento\/","title":{"rendered":"Base de conocimiento"},"content":{"rendered":"<p class=\"western\" lang=\"es-AR\">En esta p\u00e1gina usted encontrar\u00e1 una <strong>gu\u00eda completa<\/strong> de Emailchef, desde c\u00f3mo construir una lista de contactos hasta c\u00f3mo crear, enviar y analizar su campa\u00f1a de marketing.<\/p>\n<p class=\"western\" lang=\"es-AR\">Usted puede navegar los diferentes temas presionando el men\u00fa del panel izquierdo. Si desea observar un resumen de Emailchef, lea nuestro art<span lang=\"es\">\u00ed<\/span>culo para <a href=\"http:\/\/emailchef.com\/es\/ejecutar-campana-en-5-minutos\/\">ejecutar una campa\u00f1a en 5 minutos<\/a>.<\/p>\n","protected":false},"excerpt":{"rendered":"<p>En esta p\u00e1gina usted encontrar\u00e1 una gu\u00eda completa de Emailchef, desde c\u00f3mo construir una lista de contactos hasta c\u00f3mo crear, enviar y analizar su campa\u00f1a de marketing. Usted puede navegar los diferentes temas presionando el men\u00fa del panel izquierdo. Si desea observar un resumen de Emailchef, lea nuestro art\u00edculo para ejecutar una campa\u00f1a en 5 [&hellip;]<\/p>\n","protected":false},"author":5,"featured_media":0,"parent":0,"menu_order":171,"comment_status":"closed","ping_status":"closed","template":"","meta":{"_acf_changed":false,"inline_featured_image":false,"footnotes":""},"g1_relation_tag":[],"class_list":["post-3110","page","type-page","status-publish","hentry"],"acf":[],"yoast_head":"<!-- This site is optimized with the Yoast SEO plugin v24.8.1 - https:\/\/yoast.com\/wordpress\/plugins\/seo\/ -->\n<title>Base de conocimiento - Emailchef<\/title>\n<meta name=\"description\" content=\"En esta p\u00e1gina usted encontrar\u00e1 una gu\u00eda completa de Emailchef, desde c\u00f3mo construir una lista de contactos hasta c\u00f3mo crear, enviar y analizar su campa\u00f1a de marketing.\" \/>\n<meta name=\"robots\" content=\"index, follow, max-snippet:-1, max-image-preview:large, max-video-preview:-1\" \/>\n<link rel=\"canonical\" href=\"https:\/\/emailchef.com\/es\/base-de-conocimiento\/\" \/>\n<!-- \/ Yoast SEO plugin. -->","yoast_head_json":{"title":"Base de conocimiento - Emailchef","description":"En esta p\u00e1gina usted encontrar\u00e1 una gu\u00eda completa de Emailchef, desde c\u00f3mo construir una lista de contactos hasta c\u00f3mo crear, enviar y analizar su campa\u00f1a de marketing.","robots":{"index":"index","follow":"follow","max-snippet":"max-snippet:-1","max-image-preview":"max-image-preview:large","max-video-preview":"max-video-preview:-1"},"canonical":"https:\/\/emailchef.com\/es\/base-de-conocimiento\/","schema":{"@context":"https:\/\/schema.org","@graph":[{"@type":"WebPage","@id":"https:\/\/emailchef.com\/es\/base-de-conocimiento\/","url":"https:\/\/emailchef.com\/es\/base-de-conocimiento\/","name":"Base de conocimiento - Emailchef","isPartOf":{"@id":"https:\/\/emailchef.com\/es\/#website"},"datePublished":"2014-09-22T08:04:21+00:00","dateModified":"2020-06-23T15:02:35+00:00","description":"En esta p\u00e1gina usted encontrar\u00e1 una gu\u00eda completa de Emailchef, desde c\u00f3mo construir una lista de contactos hasta c\u00f3mo crear, enviar y analizar su campa\u00f1a de marketing.","breadcrumb":{"@id":"https:\/\/emailchef.com\/es\/base-de-conocimiento\/#breadcrumb"},"inLanguage":"es","potentialAction":[{"@type":"ReadAction","target":["https:\/\/emailchef.com\/es\/base-de-conocimiento\/"]}]},{"@type":"BreadcrumbList","@id":"https:\/\/emailchef.com\/es\/base-de-conocimiento\/#breadcrumb","itemListElement":[{"@type":"ListItem","position":1,"name":"Home","item":"https:\/\/emailchef.com\/es\/emailchef-email-marketing-services\/"},{"@type":"ListItem","position":2,"name":"Base de conocimiento"}]},{"@type":"WebSite","@id":"https:\/\/emailchef.com\/es\/#website","url":"https:\/\/emailchef.com\/es\/","name":"Emailchef","description":"Tasty recipes for email marketing","publisher":{"@id":"https:\/\/emailchef.com\/es\/#organization"},"potentialAction":[{"@type":"SearchAction","target":{"@type":"EntryPoint","urlTemplate":"https:\/\/emailchef.com\/es\/?s={search_term_string}"},"query-input":{"@type":"PropertyValueSpecification","valueRequired":true,"valueName":"search_term_string"}}],"inLanguage":"es"},{"@type":"Organization","@id":"https:\/\/emailchef.com\/es\/#organization","name":"Delivery Tech Corp.","url":"https:\/\/emailchef.com\/es\/","logo":{"@type":"ImageObject","inLanguage":"es","@id":"https:\/\/emailchef.com\/es\/#\/schema\/logo\/image\/","url":"https:\/\/emailchef.com\/wp-content\/uploads\/2022\/04\/logo-sama.png","contentUrl":"https:\/\/emailchef.com\/wp-content\/uploads\/2022\/04\/logo-sama.png","width":237,"height":80,"caption":"Delivery Tech Corp."},"image":{"@id":"https:\/\/emailchef.com\/es\/#\/schema\/logo\/image\/"}}]}},"_links":{"self":[{"href":"https:\/\/emailchef.com\/es\/wp-json\/wp\/v2\/pages\/3110"}],"collection":[{"href":"https:\/\/emailchef.com\/es\/wp-json\/wp\/v2\/pages"}],"about":[{"href":"https:\/\/emailchef.com\/es\/wp-json\/wp\/v2\/types\/page"}],"author":[{"embeddable":true,"href":"https:\/\/emailchef.com\/es\/wp-json\/wp\/v2\/users\/5"}],"replies":[{"embeddable":true,"href":"https:\/\/emailchef.com\/es\/wp-json\/wp\/v2\/comments?post=3110"}],"version-history":[{"count":6,"href":"https:\/\/emailchef.com\/es\/wp-json\/wp\/v2\/pages\/3110\/revisions"}],"predecessor-version":[{"id":20216,"href":"https:\/\/emailchef.com\/es\/wp-json\/wp\/v2\/pages\/3110\/revisions\/20216"}],"wp:attachment":[{"href":"https:\/\/emailchef.com\/es\/wp-json\/wp\/v2\/media?parent=3110"}],"wp:term":[{"taxonomy":"g1_relation_tag","embeddable":true,"href":"https:\/\/emailchef.com\/es\/wp-json\/wp\/v2\/g1_relation_tag?post=3110"}],"curies":[{"name":"wp","href":"https:\/\/api.w.org\/{rel}","templated":true}]}}