{"id":3104,"date":"2014-09-18T07:59:30","date_gmt":"2014-09-18T07:59:30","guid":{"rendered":"http:\/\/emailchef.com\/es\/?page_id=3104"},"modified":"2021-07-09T08:57:54","modified_gmt":"2021-07-09T08:57:54","slug":"como-enviar-emails-masivos","status":"publish","type":"page","link":"https:\/\/emailchef.com\/es\/como-enviar-emails-masivos\/","title":{"rendered":"C\u00f3mo enviar emails masivos"},"content":{"rendered":"<p class=\"western\" lang=\"es-AR\">Si necesita <strong>enviar emails masivos<\/strong> \u2013 tales como newsletters, mensajes de marketing por email directo, o hasta simples emails m\u00faltiples \u2013 definitivamente la mejor opci\u00f3n consiste en confiar en una plataforma de<strong> env\u00edos profesionales<\/strong> en lugar de utilizar un cliente com\u00fan o servicio de webmail.<\/p>\n<p class=\"western\" lang=\"es-AR\">Seguro, un<strong> servicio de email masivo dedicado<\/strong> tal como Emailchef facilita el proceso de la gesti\u00f3n de contacto: en lugar de colocar todas las direcciones en campos CC o BCC, usted puede enviar directamente a m\u00faltiples destinatarios simplemente importando una lista \u00fanica.<\/p>\n<p class=\"western\" lang=\"es-AR\">Pero a\u00fan hay mucho m\u00e1s. Nuestra plataforma de emails masivos le permite:<\/p>\n<ul>\n<li class=\"western\" lang=\"es-AR\">obtener la <strong>m\u00e1s alta tasa de entrega de emails<\/strong>, debido a que (al contrario de los servicios de email comunes) conf\u00eda en un servicio SMTP profesional que evita filtros antispam y restricciones de Proveedores de Internet (muy comunes cuando se trata de mensajes masivos);<\/li>\n<li class=\"western\" lang=\"es-AR\">enviar <strong>emails ilimitados<\/strong>;<\/li>\n<li class=\"western\" lang=\"es-AR\">asegurar el <strong>proceso de env\u00edo m\u00e1s r\u00e1pido<\/strong>;<\/li>\n<li class=\"western\" lang=\"es-AR\">obtener cientos de<strong> plantillas HTML profesionales<\/strong> listas para utilizar, y un poderoso <strong>Template Creator<\/strong> para crear sus propias plantillas.<\/li>\n<li class=\"western\" lang=\"es-AR\">Obtener <strong>m\u00e9tricas valiosas<\/strong> sobre sus emails masivos gracias a sus herramientas de an\u00e1lisis;<\/li>\n<li class=\"western\" lang=\"es-AR\">y mucho m\u00e1s.<\/li>\n<\/ul>\n<p>El env\u00edo de emails masivos nunca <strong>ha sido tan f\u00e1cil y seguro<\/strong>. <a href=\"\/user-signup\">Pruebe Emailchef<\/a> y luego en caso estar satisfecho, actualice al plan que mejor le convenga.<\/p>\n<p>&nbsp;<\/p>\n","protected":false},"excerpt":{"rendered":"<p>If you need to send mass emails \u2013 such as a newsletter or even a simple multiple email \u2013 is best to rely on a professional platform instead.<\/p>\n","protected":false},"author":5,"featured_media":0,"parent":0,"menu_order":161,"comment_status":"closed","ping_status":"closed","template":"","meta":{"_acf_changed":false,"inline_featured_image":false,"footnotes":""},"g1_relation_tag":[14],"class_list":["post-3104","page","type-page","status-publish","hentry","g1_relation_tag-email-sending-service"],"acf":[],"yoast_head":"<!-- This site is optimized with the Yoast SEO plugin v24.8.1 - https:\/\/yoast.com\/wordpress\/plugins\/seo\/ -->\n<title>C\u00f3mo enviar emails masivos - Emailchef<\/title>\n<meta name=\"description\" content=\"Si necesita enviar emails masivos \u2013 tales como newsletters, mensajes de marketing por email directo, o hasta simples emails m\u00faltiples \u2013 definitivamente la mejor opci\u00f3n consiste en confiar en una plataforma de env\u00edos profesionales en lugar de utilizar un cliente com\u00fan o servicio de webmail.\" \/>\n<meta name=\"robots\" content=\"index, follow, max-snippet:-1, max-image-preview:large, max-video-preview:-1\" \/>\n<link rel=\"canonical\" href=\"https:\/\/emailchef.com\/es\/como-enviar-emails-masivos\/\" \/>\n<meta name=\"twitter:label1\" content=\"Tiempo de lectura\" \/>\n\t<meta name=\"twitter:data1\" content=\"1 minuto\" \/>\n<!-- \/ Yoast SEO plugin. -->","yoast_head_json":{"title":"C\u00f3mo enviar emails masivos - Emailchef","description":"Si necesita enviar emails masivos \u2013 tales como newsletters, mensajes de marketing por email directo, o hasta simples emails m\u00faltiples \u2013 definitivamente la mejor opci\u00f3n consiste en confiar en una plataforma de env\u00edos profesionales en lugar de utilizar un cliente com\u00fan o servicio de webmail.","robots":{"index":"index","follow":"follow","max-snippet":"max-snippet:-1","max-image-preview":"max-image-preview:large","max-video-preview":"max-video-preview:-1"},"canonical":"https:\/\/emailchef.com\/es\/como-enviar-emails-masivos\/","twitter_misc":{"Tiempo de lectura":"1 minuto"},"schema":{"@context":"https:\/\/schema.org","@graph":[{"@type":"WebPage","@id":"https:\/\/emailchef.com\/es\/como-enviar-emails-masivos\/","url":"https:\/\/emailchef.com\/es\/como-enviar-emails-masivos\/","name":"C\u00f3mo enviar emails masivos - Emailchef","isPartOf":{"@id":"https:\/\/emailchef.com\/es\/#website"},"datePublished":"2014-09-18T07:59:30+00:00","dateModified":"2021-07-09T08:57:54+00:00","description":"Si necesita enviar emails masivos \u2013 tales como newsletters, mensajes de marketing por email directo, o hasta simples emails m\u00faltiples \u2013 definitivamente la mejor opci\u00f3n consiste en confiar en una plataforma de env\u00edos profesionales en lugar de utilizar un cliente com\u00fan o servicio de webmail.","breadcrumb":{"@id":"https:\/\/emailchef.com\/es\/como-enviar-emails-masivos\/#breadcrumb"},"inLanguage":"es","potentialAction":[{"@type":"ReadAction","target":["https:\/\/emailchef.com\/es\/como-enviar-emails-masivos\/"]}]},{"@type":"BreadcrumbList","@id":"https:\/\/emailchef.com\/es\/como-enviar-emails-masivos\/#breadcrumb","itemListElement":[{"@type":"ListItem","position":1,"name":"Home","item":"https:\/\/emailchef.com\/es\/emailchef-email-marketing-services\/"},{"@type":"ListItem","position":2,"name":"C\u00f3mo enviar emails masivos"}]},{"@type":"WebSite","@id":"https:\/\/emailchef.com\/es\/#website","url":"https:\/\/emailchef.com\/es\/","name":"Emailchef","description":"Tasty recipes for email marketing","publisher":{"@id":"https:\/\/emailchef.com\/es\/#organization"},"potentialAction":[{"@type":"SearchAction","target":{"@type":"EntryPoint","urlTemplate":"https:\/\/emailchef.com\/es\/?s={search_term_string}"},"query-input":{"@type":"PropertyValueSpecification","valueRequired":true,"valueName":"search_term_string"}}],"inLanguage":"es"},{"@type":"Organization","@id":"https:\/\/emailchef.com\/es\/#organization","name":"Delivery Tech Corp.","url":"https:\/\/emailchef.com\/es\/","logo":{"@type":"ImageObject","inLanguage":"es","@id":"https:\/\/emailchef.com\/es\/#\/schema\/logo\/image\/","url":"https:\/\/emailchef.com\/wp-content\/uploads\/2022\/04\/logo-sama.png","contentUrl":"https:\/\/emailchef.com\/wp-content\/uploads\/2022\/04\/logo-sama.png","width":237,"height":80,"caption":"Delivery Tech Corp."},"image":{"@id":"https:\/\/emailchef.com\/es\/#\/schema\/logo\/image\/"}}]}},"_links":{"self":[{"href":"https:\/\/emailchef.com\/es\/wp-json\/wp\/v2\/pages\/3104"}],"collection":[{"href":"https:\/\/emailchef.com\/es\/wp-json\/wp\/v2\/pages"}],"about":[{"href":"https:\/\/emailchef.com\/es\/wp-json\/wp\/v2\/types\/page"}],"author":[{"embeddable":true,"href":"https:\/\/emailchef.com\/es\/wp-json\/wp\/v2\/users\/5"}],"replies":[{"embeddable":true,"href":"https:\/\/emailchef.com\/es\/wp-json\/wp\/v2\/comments?post=3104"}],"version-history":[{"count":3,"href":"https:\/\/emailchef.com\/es\/wp-json\/wp\/v2\/pages\/3104\/revisions"}],"predecessor-version":[{"id":6246,"href":"https:\/\/emailchef.com\/es\/wp-json\/wp\/v2\/pages\/3104\/revisions\/6246"}],"wp:attachment":[{"href":"https:\/\/emailchef.com\/es\/wp-json\/wp\/v2\/media?parent=3104"}],"wp:term":[{"taxonomy":"g1_relation_tag","embeddable":true,"href":"https:\/\/emailchef.com\/es\/wp-json\/wp\/v2\/g1_relation_tag?post=3104"}],"curies":[{"name":"wp","href":"https:\/\/api.w.org\/{rel}","templated":true}]}}