{"id":3098,"date":"2014-09-18T07:14:51","date_gmt":"2014-09-18T07:14:51","guid":{"rendered":"http:\/\/emailchef.com\/es\/?page_id=3098"},"modified":"2017-10-31T16:54:03","modified_gmt":"2017-10-31T16:54:03","slug":"como-enviar-un-email-masivo","status":"publish","type":"page","link":"https:\/\/emailchef.com\/es\/como-enviar-un-email-masivo\/","title":{"rendered":"C\u00f3mo enviar un email masivo"},"content":{"rendered":"<p class=\"western\" lang=\"es-AR\">La \u00fanica forma confiable para<strong> enviar un email masivo<\/strong> \u2013 sea transaccional o un mensaje de marketing, o un newsletter \u2013 consiste en suscribirse a una <strong>plataforma de email dedicada<\/strong> tal como Emailchef.<\/p>\n<p class=\"western\" lang=\"es-AR\">Los emails masivos pueden constituir una forma extraordinaria de publicitar su producto y conectarse con sus clientes \u2013 siempre, por supuesto, que usted lo haga bien. Esto significa: que usted debe <strong>enviar emails s\u00f3lo a aquellos usuarios que han otorgado premiso<\/strong> previo para recibir sus comunicaciones y usted debe entregarles contenido de buena calidad bien dise\u00f1ado y relevante. De hecho, a\u00fan muchos profesionales del marketing creen que el correo masivo es como un \u201cdisparo en la oscuridad\u201d: un env\u00edo indiscriminado de mensajes a una lista de direcciones, y eso es todo.<\/p>\n<p class=\"western\" lang=\"en-US\">Pero no lo es.<\/p>\n<p class=\"western\" lang=\"es-AR\">Por el contrario, la \u00fanica y verdadera estrategia de email implica primero que todo una <strong>estrategia de contenido<\/strong> adecuada en base a un profundo conocimiento de su base de clientes. Es decir, que se trata de un <strong>env\u00edo de contenido relevante a personas reales y no mensajes a direcciones<\/strong>. Este marco de trabajo es crucial para configurar y llevar a cabo una <strong>campa\u00f1a de marketing por email profesiona<\/strong>l.<\/p>\n<p class=\"western\" lang=\"es-AR\">Con esto dicho, y nuevamente, es verdaderamente importante confiar en una aplicaci\u00f3n tal como Emailchef cuando se trata de <strong>correo masivo<\/strong>. No s\u00f3lo porque Emailchef le ofrece una <strong>plataforma integrada<\/strong> para crear, editar y analizar todas sus campa\u00f1as: sino tambi\u00e9n, y m\u00e1s importante, porque es la \u00fanica forma de <strong>asegurar la correcta entrega<\/strong>. El confiar en un servidor SMTP dedicado y poderoso, asegura que los mensajes lleguen correctamente a la bandeja de entrada deseada.<\/p>\n<p class=\"western\" lang=\"es-AR\">El env\u00edo del email masivo online se vuelve extremadamente f\u00e1cil y efectivo. Con nuestra <a href=\"\/user-signup\">plataforma de email de avanzada<\/a> \u2013 en combinaci\u00f3n con un servicio SMTP poderoso \u2013 usted se asegurar\u00e1 que todos sus mensajes lleguen al objetivo. <strong>Disparando su Retorno de la Inversi\u00f3n<\/strong>.<\/p>\n<p>&nbsp;<\/p>\n<p>&nbsp;<\/p>\n","protected":false},"excerpt":{"rendered":"<p>The only reliable way to send a bulk email \u2013 be it a transactional or marketing message, or a newsletter \u2013 is to opt for a dedicated email platform like Emailchef.<\/p>\n","protected":false},"author":5,"featured_media":0,"parent":0,"menu_order":155,"comment_status":"closed","ping_status":"closed","template":"","meta":{"_acf_changed":false,"inline_featured_image":false,"footnotes":""},"g1_relation_tag":[11],"class_list":["post-3098","page","type-page","status-publish","hentry","g1_relation_tag-bulk-email-sending"],"acf":[],"yoast_head":"<!-- This site is optimized with the Yoast SEO plugin v24.8.1 - https:\/\/yoast.com\/wordpress\/plugins\/seo\/ -->\n<title>C\u00f3mo enviar un email masivo - Emailchef<\/title>\n<meta name=\"description\" content=\"La \u00fanica forma confiable para enviar un email masivo \u2013 sea transaccional o un mensaje de marketing, o un newsletter \u2013 consiste en suscribirse a una plataforma de email dedicada tal como Emailchef.\" \/>\n<meta name=\"robots\" content=\"index, follow, max-snippet:-1, max-image-preview:large, max-video-preview:-1\" \/>\n<link rel=\"canonical\" href=\"https:\/\/emailchef.com\/es\/como-enviar-un-email-masivo\/\" \/>\n<meta name=\"twitter:label1\" content=\"Tiempo de lectura\" \/>\n\t<meta name=\"twitter:data1\" content=\"2 minutos\" \/>\n<!-- \/ Yoast SEO plugin. -->","yoast_head_json":{"title":"C\u00f3mo enviar un email masivo - Emailchef","description":"La \u00fanica forma confiable para enviar un email masivo \u2013 sea transaccional o un mensaje de marketing, o un newsletter \u2013 consiste en suscribirse a una plataforma de email dedicada tal como Emailchef.","robots":{"index":"index","follow":"follow","max-snippet":"max-snippet:-1","max-image-preview":"max-image-preview:large","max-video-preview":"max-video-preview:-1"},"canonical":"https:\/\/emailchef.com\/es\/como-enviar-un-email-masivo\/","twitter_misc":{"Tiempo de lectura":"2 minutos"},"schema":{"@context":"https:\/\/schema.org","@graph":[{"@type":"WebPage","@id":"https:\/\/emailchef.com\/es\/como-enviar-un-email-masivo\/","url":"https:\/\/emailchef.com\/es\/como-enviar-un-email-masivo\/","name":"C\u00f3mo enviar un email masivo - Emailchef","isPartOf":{"@id":"https:\/\/emailchef.com\/es\/#website"},"datePublished":"2014-09-18T07:14:51+00:00","dateModified":"2017-10-31T16:54:03+00:00","description":"La \u00fanica forma confiable para enviar un email masivo \u2013 sea transaccional o un mensaje de marketing, o un newsletter \u2013 consiste en suscribirse a una plataforma de email dedicada tal como Emailchef.","breadcrumb":{"@id":"https:\/\/emailchef.com\/es\/como-enviar-un-email-masivo\/#breadcrumb"},"inLanguage":"es","potentialAction":[{"@type":"ReadAction","target":["https:\/\/emailchef.com\/es\/como-enviar-un-email-masivo\/"]}]},{"@type":"BreadcrumbList","@id":"https:\/\/emailchef.com\/es\/como-enviar-un-email-masivo\/#breadcrumb","itemListElement":[{"@type":"ListItem","position":1,"name":"Home","item":"https:\/\/emailchef.com\/es\/emailchef-email-marketing-services\/"},{"@type":"ListItem","position":2,"name":"C\u00f3mo enviar un email masivo"}]},{"@type":"WebSite","@id":"https:\/\/emailchef.com\/es\/#website","url":"https:\/\/emailchef.com\/es\/","name":"Emailchef","description":"Tasty recipes for email marketing","publisher":{"@id":"https:\/\/emailchef.com\/es\/#organization"},"potentialAction":[{"@type":"SearchAction","target":{"@type":"EntryPoint","urlTemplate":"https:\/\/emailchef.com\/es\/?s={search_term_string}"},"query-input":{"@type":"PropertyValueSpecification","valueRequired":true,"valueName":"search_term_string"}}],"inLanguage":"es"},{"@type":"Organization","@id":"https:\/\/emailchef.com\/es\/#organization","name":"Delivery Tech Corp.","url":"https:\/\/emailchef.com\/es\/","logo":{"@type":"ImageObject","inLanguage":"es","@id":"https:\/\/emailchef.com\/es\/#\/schema\/logo\/image\/","url":"https:\/\/emailchef.com\/wp-content\/uploads\/2022\/04\/logo-sama.png","contentUrl":"https:\/\/emailchef.com\/wp-content\/uploads\/2022\/04\/logo-sama.png","width":237,"height":80,"caption":"Delivery Tech Corp."},"image":{"@id":"https:\/\/emailchef.com\/es\/#\/schema\/logo\/image\/"}}]}},"_links":{"self":[{"href":"https:\/\/emailchef.com\/es\/wp-json\/wp\/v2\/pages\/3098"}],"collection":[{"href":"https:\/\/emailchef.com\/es\/wp-json\/wp\/v2\/pages"}],"about":[{"href":"https:\/\/emailchef.com\/es\/wp-json\/wp\/v2\/types\/page"}],"author":[{"embeddable":true,"href":"https:\/\/emailchef.com\/es\/wp-json\/wp\/v2\/users\/5"}],"replies":[{"embeddable":true,"href":"https:\/\/emailchef.com\/es\/wp-json\/wp\/v2\/comments?post=3098"}],"version-history":[{"count":5,"href":"https:\/\/emailchef.com\/es\/wp-json\/wp\/v2\/pages\/3098\/revisions"}],"predecessor-version":[{"id":6248,"href":"https:\/\/emailchef.com\/es\/wp-json\/wp\/v2\/pages\/3098\/revisions\/6248"}],"wp:attachment":[{"href":"https:\/\/emailchef.com\/es\/wp-json\/wp\/v2\/media?parent=3098"}],"wp:term":[{"taxonomy":"g1_relation_tag","embeddable":true,"href":"https:\/\/emailchef.com\/es\/wp-json\/wp\/v2\/g1_relation_tag?post=3098"}],"curies":[{"name":"wp","href":"https:\/\/api.w.org\/{rel}","templated":true}]}}