{"id":3090,"date":"2014-09-18T09:51:28","date_gmt":"2014-09-18T09:51:28","guid":{"rendered":"http:\/\/emailchef.com\/es\/?page_id=3090"},"modified":"2021-07-09T08:59:32","modified_gmt":"2021-07-09T08:59:32","slug":"como-construir-lista-de-emails","status":"publish","type":"page","link":"https:\/\/emailchef.com\/es\/como-construir-lista-de-emails\/","title":{"rendered":"C\u00f3mo construir una lista de emails"},"content":{"rendered":"<p class=\"western\" lang=\"es-AR\"><strong>Construir una buena lista de emails<\/strong> es crucial cuando se refiere al marketing por email; sus contenidos y ofertas pueden ser impresionantes, pero si usted no posee direcciones de valor, no valen nada. Por ello, a continuaci\u00f3n le mostraremos c\u00f3mo construir una lista de emails perfecta en nueve pasos, y c\u00f3mo<strong> incrementarla en consecuencia<\/strong>.<\/p>\n<p class=\"western\" lang=\"es-AR\">Pero antes de esto, una palabra.<\/p>\n<p class=\"western\" lang=\"es-AR\">La \u00fanica lista de correos valiosa es una lista de direcciones cuyos propietarios <strong>han otorgado permiso expreso<\/strong> para recibir sus mensajes. Por ello nos enfocaremos s\u00f3lo en la construcci\u00f3n de listas basadas en suscripciones y nada m\u00e1s: comprar listas es siempre una <strong>mala idea, muy mala<\/strong> \u2013 y lo mismo aplica a listas alquiladas. El marketing por email se encuentra basado en la confianza y el compromiso en base a la relevancia del contenido difundido en el momento correcto hacia personas interesadas: todo el resto es simplemente spam \u2013 y no nos interesa trabajar con el spam.<\/p>\n<p class=\"western\" lang=\"es-AR\">Y ahora, aqu\u00ed le mostramos c\u00f3mo crear una lista de emails basada en permisos.<\/p>\n<p class=\"western\" lang=\"es-AR\"><strong>1. Coloque un formulario de suscripci\u00f3n en un lugar relevante de su sitio web.<\/strong><\/p>\n<p class=\"western\" lang=\"es-AR\">Los formularios de suscripci\u00f3n en los sitios a\u00fan constituyen la mejor forma de construir una lista de correos y adquirir nuevos prospectos. Emailchef est\u00e1 aqu\u00ed para ayudarle a crear un formulario de registro atractivo y efectivo (tambi\u00e9n con campos de informaci\u00f3n avanzados) y para gestionar los contactos adquiridos con una simple herramienta de organizaci\u00f3n. No tema a esta estrategia \u201clenta y demandante\u201d, a\u00fan cuando toma tiempo, es segura: todas las direcciones obtenidas de esta forma constituyen oro puro. Por supuesto, es mejor integrar esta pr\u00e1ctica b\u00e1sica con otras ideas m\u00e1s modernas y r\u00e1pidas, tales como las que siguen.<\/p>\n<p class=\"western\" lang=\"es-AR\"><strong>2. Ofrezca alg\u00fan contenido relevante a cambio de la suscripci\u00f3n.<\/strong><\/p>\n<p class=\"western\" lang=\"es-AR\">Un libro gratuito; un escrito sobre una noticia de marketing, o hasta una encuesta. Cualquier cosa de valor que pueda ser descargada y disfrutada a cambio de una suscripci\u00f3n gratuita a su lista de correos. Recuerde que tambi\u00e9n este tipo de trabajo funciona muy bien en las redes sociales \u2013 es altamente compartible \u2013 por ello puede aprovechar la capacidad viral y aumentar las probabilidades de obtener m\u00e1s direcciones. (Vea tambi\u00e9n el punto 6).<\/p>\n<p class=\"western\" lang=\"es-AR\"><strong>3. Realice un webinario.<\/strong><\/p>\n<p class=\"western\" lang=\"es-AR\">Una t\u00e1ctica similar, un poco m\u00e1s refinada: si su negocio posee la posibilidad de realizar un webinario no lo dude. Luego simplemente mencione que el valor del mismo consiste simplemente en un registro.<\/p>\n<p class=\"western\" lang=\"es-AR\"><strong>4. Si utiliza alg\u00fan material de marketing impreso, agregue un c\u00f3digo QR.<\/strong><\/p>\n<p class=\"western\" lang=\"es-AR\">El marketing por email puede aprovechar las ventajas de sus t\u00e1cticas de marketing offline! Si posee folletos sobre sus actividades, no olvide agregar un c\u00f3digo QR apuntando directamente a su p\u00e1gina de suscripci\u00f3n \u2013 para ayudar a las personas a \u201cpermanecer en contacto\u201d online con su newsletter peri\u00f3dico. (Consejo: para crear c\u00f3digos QR puede probar <a href=\"http:\/\/www.labeljoy.com\/es\/\">LabelJoy<\/a>).<\/p>\n<p class=\"western\" lang=\"es-AR\"><strong>5. Obtenga direcciones en eventos.<\/strong><\/p>\n<p class=\"western\" lang=\"es-AR\">Otro truco offline: cada vez que asista a un evento o reuni\u00f3n de negocio \u2013 mejor a\u00fan si posee un stand \u2013 siempre otorgue a las personas la posibilidad de suscribirse directamente a su newsletter. Seguro, usted tambi\u00e9n puede otorgarle una hoja y solicitar que escriba su direcci\u00f3n de email si lo desea: pero porqu\u00e9 no utilizar una tablet en su lugar, y permitirles la suscripci\u00f3n en segundos?<\/p>\n<p class=\"western\" lang=\"es-AR\"><strong>6. Utilice las redes sociales para aumentar su lista de emails con nuevas direcciones.<\/strong><\/p>\n<p class=\"western\" lang=\"es-AR\">Las plataformas de redes sociales tales como Twitter, Facebook, Pinterest y LinkedIn pueden ser una herramienta impresionante para difundir su contenido y hacer atractiva la suscripci\u00f3n a su newsletter. Por ejemplo, usted puede compartir algo \u2013 un art\u00edculo, una publicaci\u00f3n, algunas noticias \u2013 y agregar que s\u00f3lo las personas que se suscriban a la lista de emails recibir\u00e1n m\u00e1s contenido en el momento justo.<\/p>\n<p class=\"western\" lang=\"es-AR\"><strong>7. Aliente a futuros suscriptores con mejores ofertas.<\/strong><\/p>\n<p class=\"western\" lang=\"es-AR\">En lo relativo a la publicidad de las ventajas de su newsletter, considere tambi\u00e9n preparar algunas ofertas dedicadas (descuentos u ofertas): siempre es un buen incentivo. No exagere: si bien es importante obtener nuevas direcciones, nunca deber\u00eda sacrificar su Retorno de la Inversi\u00f3n!<\/p>\n<p class=\"western\" lang=\"es-AR\"><strong>8. Mantenga sus listas limpias.<\/strong><\/p>\n<p class=\"western\" lang=\"es-AR\">Una vez que ha construido su lista, y esta comienza a crecer, no olvide mantenerla limpia \u2013 esta es una parte central de la estrategia. Por ello: peri\u00f3dicamente compruebe su base de datos para encontrar y remover direcciones duplicadas o con errores de escritura, y contactos que provoquen devoluciones fuertes (ya que son inexistentes). Emailchef ofrece una herramienta inteligente que puede facilitar esta tarea \u2013 suscr\u00edbase ahora!<\/p>\n<p class=\"western\" lang=\"es-AR\"><strong>9. Cultive la relaci\u00f3n con su cliente con gran contenido.<\/strong><\/p>\n<p class=\"western\" lang=\"es-AR\">Y finalmente, recuerde que para mantener una lista de emails en forma usted debe siempre respetar la promesa impl\u00edcita realizada al suscriptor: siempre entregue contenido de calidad, siempre a tiempo. Si decepciona a sus lectores y simplemente env\u00eda newsletters \u201csimplemente porque tiene que hacerlo\u201d, estos lo abandonar\u00e1n.<\/p>\n","protected":false},"excerpt":{"rendered":"<p>Building a good email list is crucial when it comes to email marketing; here&#8217;s some pieces of advice about how to do that properly and without cheating.<\/p>\n","protected":false},"author":5,"featured_media":0,"parent":0,"menu_order":146,"comment_status":"closed","ping_status":"closed","template":"","meta":{"_acf_changed":false,"inline_featured_image":false,"footnotes":""},"g1_relation_tag":[17],"class_list":["post-3090","page","type-page","status-publish","hentry","g1_relation_tag-email-list-management"],"acf":[],"yoast_head":"<!-- This site is optimized with the Yoast SEO plugin v24.8.1 - https:\/\/yoast.com\/wordpress\/plugins\/seo\/ -->\n<title>C\u00f3mo construir una lista de emails - Emailchef<\/title>\n<meta name=\"description\" content=\"Construir una buena lista de emails es crucial cuando se refiere al marketing por email; sus contenidos y ofertas pueden ser impresionantes, pero si usted no posee direcciones de valor, no valen nada.\" \/>\n<meta name=\"robots\" content=\"index, follow, max-snippet:-1, max-image-preview:large, max-video-preview:-1\" \/>\n<link rel=\"canonical\" href=\"https:\/\/emailchef.com\/es\/como-construir-lista-de-emails\/\" \/>\n<meta name=\"twitter:label1\" content=\"Tiempo de lectura\" \/>\n\t<meta name=\"twitter:data1\" content=\"4 minutos\" \/>\n<!-- \/ Yoast SEO plugin. -->","yoast_head_json":{"title":"C\u00f3mo construir una lista de emails - Emailchef","description":"Construir una buena lista de emails es crucial cuando se refiere al marketing por email; sus contenidos y ofertas pueden ser impresionantes, pero si usted no posee direcciones de valor, no valen nada.","robots":{"index":"index","follow":"follow","max-snippet":"max-snippet:-1","max-image-preview":"max-image-preview:large","max-video-preview":"max-video-preview:-1"},"canonical":"https:\/\/emailchef.com\/es\/como-construir-lista-de-emails\/","twitter_misc":{"Tiempo de lectura":"4 minutos"},"schema":{"@context":"https:\/\/schema.org","@graph":[{"@type":"WebPage","@id":"https:\/\/emailchef.com\/es\/como-construir-lista-de-emails\/","url":"https:\/\/emailchef.com\/es\/como-construir-lista-de-emails\/","name":"C\u00f3mo construir una lista de emails - Emailchef","isPartOf":{"@id":"https:\/\/emailchef.com\/es\/#website"},"datePublished":"2014-09-18T09:51:28+00:00","dateModified":"2021-07-09T08:59:32+00:00","description":"Construir una buena lista de emails es crucial cuando se refiere al marketing por email; sus contenidos y ofertas pueden ser impresionantes, pero si usted no posee direcciones de valor, no valen nada.","breadcrumb":{"@id":"https:\/\/emailchef.com\/es\/como-construir-lista-de-emails\/#breadcrumb"},"inLanguage":"es","potentialAction":[{"@type":"ReadAction","target":["https:\/\/emailchef.com\/es\/como-construir-lista-de-emails\/"]}]},{"@type":"BreadcrumbList","@id":"https:\/\/emailchef.com\/es\/como-construir-lista-de-emails\/#breadcrumb","itemListElement":[{"@type":"ListItem","position":1,"name":"Home","item":"https:\/\/emailchef.com\/es\/emailchef-email-marketing-services\/"},{"@type":"ListItem","position":2,"name":"C\u00f3mo construir una lista de emails"}]},{"@type":"WebSite","@id":"https:\/\/emailchef.com\/es\/#website","url":"https:\/\/emailchef.com\/es\/","name":"Emailchef","description":"Tasty recipes for email marketing","publisher":{"@id":"https:\/\/emailchef.com\/es\/#organization"},"potentialAction":[{"@type":"SearchAction","target":{"@type":"EntryPoint","urlTemplate":"https:\/\/emailchef.com\/es\/?s={search_term_string}"},"query-input":{"@type":"PropertyValueSpecification","valueRequired":true,"valueName":"search_term_string"}}],"inLanguage":"es"},{"@type":"Organization","@id":"https:\/\/emailchef.com\/es\/#organization","name":"Delivery Tech Corp.","url":"https:\/\/emailchef.com\/es\/","logo":{"@type":"ImageObject","inLanguage":"es","@id":"https:\/\/emailchef.com\/es\/#\/schema\/logo\/image\/","url":"https:\/\/emailchef.com\/wp-content\/uploads\/2022\/04\/logo-sama.png","contentUrl":"https:\/\/emailchef.com\/wp-content\/uploads\/2022\/04\/logo-sama.png","width":237,"height":80,"caption":"Delivery Tech Corp."},"image":{"@id":"https:\/\/emailchef.com\/es\/#\/schema\/logo\/image\/"}}]}},"_links":{"self":[{"href":"https:\/\/emailchef.com\/es\/wp-json\/wp\/v2\/pages\/3090"}],"collection":[{"href":"https:\/\/emailchef.com\/es\/wp-json\/wp\/v2\/pages"}],"about":[{"href":"https:\/\/emailchef.com\/es\/wp-json\/wp\/v2\/types\/page"}],"author":[{"embeddable":true,"href":"https:\/\/emailchef.com\/es\/wp-json\/wp\/v2\/users\/5"}],"replies":[{"embeddable":true,"href":"https:\/\/emailchef.com\/es\/wp-json\/wp\/v2\/comments?post=3090"}],"version-history":[{"count":4,"href":"https:\/\/emailchef.com\/es\/wp-json\/wp\/v2\/pages\/3090\/revisions"}],"predecessor-version":[{"id":6232,"href":"https:\/\/emailchef.com\/es\/wp-json\/wp\/v2\/pages\/3090\/revisions\/6232"}],"wp:attachment":[{"href":"https:\/\/emailchef.com\/es\/wp-json\/wp\/v2\/media?parent=3090"}],"wp:term":[{"taxonomy":"g1_relation_tag","embeddable":true,"href":"https:\/\/emailchef.com\/es\/wp-json\/wp\/v2\/g1_relation_tag?post=3090"}],"curies":[{"name":"wp","href":"https:\/\/api.w.org\/{rel}","templated":true}]}}