{"id":3086,"date":"2016-02-08T11:23:45","date_gmt":"2016-02-08T11:23:45","guid":{"rendered":"http:\/\/emailchef.com\/es\/?page_id=3086"},"modified":"2016-02-15T09:54:50","modified_gmt":"2016-02-15T09:54:50","slug":"politicas-head-chef","status":"publish","type":"page","link":"https:\/\/emailchef.com\/es\/politicas-head-chef\/","title":{"rendered":"Pol\u00edticas Head Chef"},"content":{"rendered":"<p><img fetchpriority=\"high\" decoding=\"async\" class=\"alignnone wp-image-2078\" src=\"http:\/\/emailchef.com\/wp-content\/uploads\/2015\/02\/head-chef.png\" alt=\"Head Chef policy details\" width=\"636\" height=\"216\" \/><br \/>\n\n<ul id=\"\" class=\"g1-list g1-list--icon g1-list--none \">\n<li><i class=\"fa fa-arrow-right g1-list__icon\"><\/i>Usted <strong>puede resuscribir un contacto<\/strong> que usted mismo ha desuscripto anteriormente<\/li>\n<li><i class=\"fa fa-arrow-right g1-list__icon\"><\/i>Una solicitud de <strong>desuscripci\u00f3n no remover\u00e1 el contacto<\/strong> de todas las listas o prevendr\u00e1 cualquier resuscripci\u00f3n futura<\/li>\n<li><i class=\"fa fa-arrow-right g1-list__icon\"><\/i>Un contacto<strong> puede resuscribirse<\/strong> utilizando un formulario de registro<\/li>\n<li><i class=\"fa fa-arrow-right g1-list__icon\"><\/i>Las <strong>suscripciones simples<\/strong> no est\u00e1n permitidas<\/li>\n<li><i class=\"fa fa-arrow-right g1-list__icon\"><\/i>Usted no puede enviar email sin las <strong>etiquetas CAN-SPAM<\/strong><\/li>\n<li><i class=\"fa fa-arrow-right g1-list__icon\"><\/i>Las alertas sobre el a<strong>gregado de etiquetas CAN-SPAM<\/strong> est\u00e1n siempre activas<\/li>\n<\/ul>\n<\/p>\n<hr \/>\n<p class=\"western\" lang=\"es-AR\">Obtenga m\u00e1s informaci\u00f3n sobre nuestra pol\u00edtica de privacidad:<\/p>\n<ul>\n<li class=\"western\" lang=\"es-AR\"><a href=\"http:\/\/emailchef.com\/es\/detalles-de-politica-sous-chef\/\">Pol\u00edtica Sous Chef<\/a><\/li>\n<li class=\"western\" lang=\"es-AR\"><a href=\"http:\/\/emailchef.com\/es\/politicas-excecutive-chef\/\">Pol\u00edtica Excecutive Chef<\/a><\/li>\n<\/ul>\n","protected":false},"excerpt":{"rendered":"<p>Obtenga m\u00e1s informaci\u00f3n sobre nuestra pol\u00edtica de privacidad: Pol\u00edtica Sous Chef Pol\u00edtica Excecutive Chef<\/p>\n","protected":false},"author":5,"featured_media":0,"parent":0,"menu_order":138,"comment_status":"closed","ping_status":"closed","template":"g1_template_page_sidebar_right.php","meta":{"_acf_changed":false,"inline_featured_image":false,"footnotes":""},"g1_relation_tag":[],"class_list":["post-3086","page","type-page","status-publish","hentry"],"acf":[],"yoast_head":"<!-- This site is optimized with the Yoast SEO plugin v24.8.1 - https:\/\/yoast.com\/wordpress\/plugins\/seo\/ -->\n<title>Pol\u00edticas Head Chef - Emailchef<\/title>\n<meta name=\"description\" content=\"C\u00f3mo funcionan las pol\u00edticas?\" \/>\n<meta name=\"robots\" content=\"index, follow, max-snippet:-1, max-image-preview:large, max-video-preview:-1\" \/>\n<link rel=\"canonical\" href=\"https:\/\/emailchef.com\/es\/politicas-head-chef\/\" \/>\n<!-- \/ Yoast SEO plugin. -->","yoast_head_json":{"title":"Pol\u00edticas Head Chef - Emailchef","description":"C\u00f3mo funcionan las pol\u00edticas?","robots":{"index":"index","follow":"follow","max-snippet":"max-snippet:-1","max-image-preview":"max-image-preview:large","max-video-preview":"max-video-preview:-1"},"canonical":"https:\/\/emailchef.com\/es\/politicas-head-chef\/","schema":{"@context":"https:\/\/schema.org","@graph":[{"@type":"WebPage","@id":"https:\/\/emailchef.com\/es\/politicas-head-chef\/","url":"https:\/\/emailchef.com\/es\/politicas-head-chef\/","name":"Pol\u00edticas Head Chef - Emailchef","isPartOf":{"@id":"https:\/\/emailchef.com\/es\/#website"},"primaryImageOfPage":{"@id":"https:\/\/emailchef.com\/es\/politicas-head-chef\/#primaryimage"},"image":{"@id":"https:\/\/emailchef.com\/es\/politicas-head-chef\/#primaryimage"},"thumbnailUrl":"http:\/\/emailchef.com\/wp-content\/uploads\/2015\/02\/head-chef.png","datePublished":"2016-02-08T11:23:45+00:00","dateModified":"2016-02-15T09:54:50+00:00","description":"C\u00f3mo funcionan las pol\u00edticas?","breadcrumb":{"@id":"https:\/\/emailchef.com\/es\/politicas-head-chef\/#breadcrumb"},"inLanguage":"es","potentialAction":[{"@type":"ReadAction","target":["https:\/\/emailchef.com\/es\/politicas-head-chef\/"]}]},{"@type":"ImageObject","inLanguage":"es","@id":"https:\/\/emailchef.com\/es\/politicas-head-chef\/#primaryimage","url":"http:\/\/emailchef.com\/wp-content\/uploads\/2015\/02\/head-chef.png","contentUrl":"http:\/\/emailchef.com\/wp-content\/uploads\/2015\/02\/head-chef.png"},{"@type":"BreadcrumbList","@id":"https:\/\/emailchef.com\/es\/politicas-head-chef\/#breadcrumb","itemListElement":[{"@type":"ListItem","position":1,"name":"Home","item":"https:\/\/emailchef.com\/es\/emailchef-email-marketing-services\/"},{"@type":"ListItem","position":2,"name":"Pol\u00edticas Head Chef"}]},{"@type":"WebSite","@id":"https:\/\/emailchef.com\/es\/#website","url":"https:\/\/emailchef.com\/es\/","name":"Emailchef","description":"Tasty recipes for email marketing","publisher":{"@id":"https:\/\/emailchef.com\/es\/#organization"},"potentialAction":[{"@type":"SearchAction","target":{"@type":"EntryPoint","urlTemplate":"https:\/\/emailchef.com\/es\/?s={search_term_string}"},"query-input":{"@type":"PropertyValueSpecification","valueRequired":true,"valueName":"search_term_string"}}],"inLanguage":"es"},{"@type":"Organization","@id":"https:\/\/emailchef.com\/es\/#organization","name":"Delivery Tech Corp.","url":"https:\/\/emailchef.com\/es\/","logo":{"@type":"ImageObject","inLanguage":"es","@id":"https:\/\/emailchef.com\/es\/#\/schema\/logo\/image\/","url":"https:\/\/emailchef.com\/wp-content\/uploads\/2022\/04\/logo-sama.png","contentUrl":"https:\/\/emailchef.com\/wp-content\/uploads\/2022\/04\/logo-sama.png","width":237,"height":80,"caption":"Delivery Tech Corp."},"image":{"@id":"https:\/\/emailchef.com\/es\/#\/schema\/logo\/image\/"}}]}},"_links":{"self":[{"href":"https:\/\/emailchef.com\/es\/wp-json\/wp\/v2\/pages\/3086"}],"collection":[{"href":"https:\/\/emailchef.com\/es\/wp-json\/wp\/v2\/pages"}],"about":[{"href":"https:\/\/emailchef.com\/es\/wp-json\/wp\/v2\/types\/page"}],"author":[{"embeddable":true,"href":"https:\/\/emailchef.com\/es\/wp-json\/wp\/v2\/users\/5"}],"replies":[{"embeddable":true,"href":"https:\/\/emailchef.com\/es\/wp-json\/wp\/v2\/comments?post=3086"}],"version-history":[{"count":4,"href":"https:\/\/emailchef.com\/es\/wp-json\/wp\/v2\/pages\/3086\/revisions"}],"predecessor-version":[{"id":3811,"href":"https:\/\/emailchef.com\/es\/wp-json\/wp\/v2\/pages\/3086\/revisions\/3811"}],"wp:attachment":[{"href":"https:\/\/emailchef.com\/es\/wp-json\/wp\/v2\/media?parent=3086"}],"wp:term":[{"taxonomy":"g1_relation_tag","embeddable":true,"href":"https:\/\/emailchef.com\/es\/wp-json\/wp\/v2\/g1_relation_tag?post=3086"}],"curies":[{"name":"wp","href":"https:\/\/api.w.org\/{rel}","templated":true}]}}