{"id":3084,"date":"2014-09-11T09:19:23","date_gmt":"2014-09-11T09:19:23","guid":{"rendered":"http:\/\/emailchef.com\/es\/?page_id=3084"},"modified":"2018-10-17T15:59:29","modified_gmt":"2018-10-17T15:59:29","slug":"glosario-de-email-marketing","status":"publish","type":"page","link":"https:\/\/emailchef.com\/es\/glosario-de-email-marketing\/","title":{"rendered":"Glosario de email marketing"},"content":{"rendered":"<p><strong>Autoresponder<\/strong>: un email disparado por un evento. Por ejemplo, un mensaje dedicado cuando uno de sus suscriptores cumple a\u00f1os o un mensaje de bienvenida luego de una nueva suscripci\u00f3n.<\/p>\n<p><strong>Capacidad de entrega<\/strong>: la capacidad de que el remitente entregue los emails enviados en forma exitosa, sin ser bloqueados por filtros de Proveedores de Internet o terminen como spam.<\/p>\n<p><strong>Cliente<\/strong>: un software que permite a los usuarios leer y escribir emails, tal como Microsoft Outlook.<\/p>\n<p><strong>Contacto<\/strong>: un cliente potencial a ser \u201cactivado\u201d mediante un enfoque de marketing dirigido.<\/p>\n<p><strong>Conversi\u00f3n<\/strong>: un t\u00e9rmino t\u00e9cnico que describe la finalizaci\u00f3n de un proceso por parte de los lectores de acuerdo con los objetivos espec\u00edficos del remitente. Existen diferentes tipos de conversiones, tales como la compra de un producto, la suscripci\u00f3n a un newsletter, o hasta la visita a un sitio web que dure m\u00e1s de una determinada cantidad de tiempo.<\/p>\n<p><strong>Desuscripci\u00f3n<\/strong>: El proceso de cancelaci\u00f3n de una suscripci\u00f3n a un newsletter \u2013 tambi\u00e9n conocido como abandono. La direcci\u00f3n del suscriptor es removida de la base de datos del remitente.<\/p>\n<p><strong>Devoluci\u00f3n<\/strong>: la acci\u00f3n de abandonar una p\u00e1gina (o un email) sin realizar ninguna acci\u00f3n. La tasa de devoluciones representa el porcentaje de devoluciones detectadas.<\/p>\n<p><strong>Emails devueltos<\/strong>: emails que son retornados al remitente porque no pueden ser entregados. Generalmente se realiza una distinci\u00f3n entre devoluciones d\u00e9biles (incapacidad temporal para entregar, por ejemple debido a que los lectores han excedido su l\u00edmite de almacenamiento, o un email autom\u00e1tico de fuera de la oficina) y devoluciones fuertes (emails que no son entregados, y no podr\u00e1n ser entregados debido a una direcci\u00f3n no existente).<\/p>\n<p><strong>Emails transaccionales<\/strong>: emails de servicio que son dise\u00f1ados para realizar varios tipos de acciones funcionales o el env\u00edo de informaci\u00f3n sin objetivo comercial o simplemente para prop\u00f3sitos de informaci\u00f3n. Generalmente son disparados por un evento en particular, tal como una suscripci\u00f3n.<\/p>\n<p><strong>Embudo<\/strong>: indica el camino y pasos necesarios para convertir una simple visita en una conversi\u00f3n.<\/p>\n<p><strong>Formulario de registro<\/strong>: una p\u00e1gina web que permite a los usuarios suscribirse a un newsletter. Puede ser de suscripci\u00f3n simple o confirmada.<\/p>\n<p><strong>Impresi\u00f3n<\/strong>: la muestra \u00fanica de cualquier tipo de p\u00e1gina web, como as\u00ed tambi\u00e9n emails HTML.<\/p>\n<p><strong>IP<\/strong>: se refiere a Internet Protocol (Protocolo de Internet), un n\u00famero fijo que identifica el dispositivo conectado a la Internet.<\/p>\n<p><strong>KPI<\/strong>: el acr\u00f3nimo de Key Performance Indicator (indicador de rendimiento clave) que representa los par\u00e1metros utilizados para evaluar el rendimiento de una campa\u00f1a de email (o m\u00e1s general) un proceso de negocio.<\/p>\n<p><strong>Lista blanca<\/strong>: una base de datos que contiene direcciones de email cuyos propietarios han consentido recibir mensajes de marketing.<\/p>\n<p><strong>L\u00ednea de asunto<\/strong>: el campo en el cu\u00e1l se escribe el asunto del email.<\/p>\n<p><strong>Lista negra<\/strong>: una lista de direcciones de email o direcciones Ips consideradas como fuentes de spam, y por ello bloqueadas por servidores entrantes.<\/p>\n<p><strong>Llamado a la acci\u00f3n<\/strong>: la invitaci\u00f3n en un email o p\u00e1gina web a realizar una acci\u00f3n particular, la cual a su vez se supone que lleve a una conversi\u00f3n. Los llamados a la acci\u00f3n generalmente son soportados por alg\u00fan tipo de gr\u00e1fico atractivo, para alentar a los usuarios a realizar la acci\u00f3n, por ejemplo un bot\u00f3n o un banner con colores de contraste.<\/p>\n<p><strong>MED<\/strong>: el acr\u00f3nimo de Marketing por Email Directo, representa el env\u00edo de emails con prop\u00f3sitos de publicidad o comerciales, como as\u00ed tambi\u00e9n estos emails en s\u00ed.<\/p>\n<p><strong>Mejor pr\u00e1ctica<\/strong>: hablando ampliamente, una pr\u00e1ctica o t\u00e9cnica dise\u00f1ada para generar los mejores resultados en un \u00e1rea espec\u00edfica. Las mejores pr\u00e1cticas en el marketing por email se encuentran orientadas a la transparencia de usuario, prestando especial atenci\u00f3n al formato y contenido de los emails y la relevancia del asunto, etc.<\/p>\n<p><strong>P\u00e1gina de aterrizaje<\/strong>: la p\u00e1gina en su sitio web a la cu\u00e1l un lector es dirigido al realizar clics en un mensaje de MED \u2013 y en la cual el lector deber\u00eda realizar la conversi\u00f3n.<\/p>\n<p><strong>Pesca<\/strong>: una forma particular de spam, con el objetivo de robar la informaci\u00f3n privada de los lectores almacenada en sus computadoras, tales como n\u00fameros de tarjetas de cr\u00e9ditos, contrase\u00f1as, c\u00f3digos de identificaci\u00f3n, etc.<\/p>\n<p><strong>Pol\u00edtica de privacidad<\/strong>: un texto que explica c\u00f3mo toda la informaci\u00f3n provista por los clientes (al registrarse a un sitio o newsletter) ser\u00e1 tratada.<\/p>\n<p><strong>Pruebas A\/B<\/strong>: la forma m\u00e1s com\u00fan de probar los newsletters y correos masivos. Involucra la selecci\u00f3n de una secci\u00f3n de su base de contactos, la cual se divide en un grupo A y otro grupo B y se env\u00edan dos versiones de email a cada una. Esto posibilita evaluar con exactitud la efectividad de cada mensaje. Tambi\u00e9n se conoce como pruebas de divisi\u00f3n.<\/p>\n<p><strong>Renderizado<\/strong>: la forma en que los mensajes de email son mostrados. Espec\u00edficamente, este t\u00e9rmino incluye las t\u00e9cnicas de los remitentes para lograr la mejor visi\u00f3n en el cliente en formato original.<\/p>\n<p><strong>SMTP<\/strong>: acr\u00f3nimo para Simple Mail Transfer Protocol (Protocolo de Transferencia de Email Simple). Es el protocolo que act\u00faa como cartero, entregando t\u00e9cnicamente todos los mensajes de email desde el remitente hasta los servidores entrantes.<\/p>\n<p><strong>Spam<\/strong>: en su sentido amplio, cualquier tipo de email masivo no solicitado. Los mensajes de spam tambi\u00e9n son conocidos como correo basura o emails masivos no solicitados.<\/p>\n<p><strong>Suscripci\u00f3n<\/strong>: todas las acciones que el usuario realiza para suscribirse a un newsletter, proveyendo su direcci\u00f3n de email y en consecuencia otorgando al remitente su consentimiento para utilizar esta direcci\u00f3n en un \u00e1mbito espec\u00edfico. La suscripci\u00f3n confirmada requiere que el usuario otorgue su consentimiento dos veces \u2013 generalmente mediante un email transaccional con un v\u00ednculo a seguir \u2013 para completar el proceso de suscripci\u00f3n.<\/p>\n<p><strong>Tasa de apertura<\/strong>: el porcentaje de emails abiertos sobre la cantidad de emails entregados. Si bien constituye un indicador importante, no es inteligente sobrestimar la importancia: en s\u00ed, la sola apertura de un email no dispara autom\u00e1ticamente ninguna acci\u00f3n o conversi\u00f3n.<\/p>\n<p><strong>Tasa de clics<\/strong>: el clic sobre un v\u00ednculo que se encuentra contenido en el email enviado. La tasa de clics representa el porcentaje de clics sobre la cantidad total de emails recibidos.<\/p>\n<p><strong>Tasa de retorno<\/strong>: se refiere al Retorno de la Inversi\u00f3n, y representa la relaci\u00f3n entre el retorno y la inversi\u00f3n. En resumen, la forma m\u00e1s f\u00e1cil de medir la rentabilidad econ\u00f3mica de una operaci\u00f3n.<\/p>\n<p><strong>Temporalmente demorado<\/strong>: Los correos electr\u00f3nicos que est\u00e1n a la espera de ser entregados a los destinatarios. Si despu\u00e9s de un cierto n\u00famero de intentos no se entrega el correo electr\u00f3nico, se considerar\u00e1 como un rebote.<\/p>\n","protected":false},"excerpt":{"rendered":"<p>Autoresponder: un email disparado por un evento. Por ejemplo, un mensaje dedicado cuando uno de sus suscriptores cumple a\u00f1os o un mensaje de bienvenida luego de una nueva suscripci\u00f3n. Capacidad de entrega: la capacidad de que el remitente entregue los emails enviados en forma exitosa, sin ser bloqueados por filtros de Proveedores de Internet o [&hellip;]<\/p>\n","protected":false},"author":5,"featured_media":0,"parent":0,"menu_order":137,"comment_status":"closed","ping_status":"closed","template":"","meta":{"_acf_changed":false,"inline_featured_image":false,"footnotes":""},"g1_relation_tag":[],"class_list":["post-3084","page","type-page","status-publish","hentry"],"acf":[],"yoast_head":"<!-- This site is optimized with the Yoast SEO plugin v24.8.1 - https:\/\/yoast.com\/wordpress\/plugins\/seo\/ -->\n<title>Glosario - Emailchef<\/title>\n<meta name=\"robots\" content=\"index, follow, max-snippet:-1, max-image-preview:large, max-video-preview:-1\" \/>\n<link rel=\"canonical\" href=\"https:\/\/emailchef.com\/es\/glosario-de-email-marketing\/\" \/>\n<meta name=\"twitter:label1\" content=\"Tiempo de lectura\" \/>\n\t<meta name=\"twitter:data1\" content=\"6 minutos\" \/>\n<!-- \/ Yoast SEO plugin. -->","yoast_head_json":{"title":"Glosario - Emailchef","robots":{"index":"index","follow":"follow","max-snippet":"max-snippet:-1","max-image-preview":"max-image-preview:large","max-video-preview":"max-video-preview:-1"},"canonical":"https:\/\/emailchef.com\/es\/glosario-de-email-marketing\/","twitter_misc":{"Tiempo de lectura":"6 minutos"},"schema":{"@context":"https:\/\/schema.org","@graph":[{"@type":"WebPage","@id":"https:\/\/emailchef.com\/es\/glosario-de-email-marketing\/","url":"https:\/\/emailchef.com\/es\/glosario-de-email-marketing\/","name":"Glosario - Emailchef","isPartOf":{"@id":"https:\/\/emailchef.com\/es\/#website"},"datePublished":"2014-09-11T09:19:23+00:00","dateModified":"2018-10-17T15:59:29+00:00","breadcrumb":{"@id":"https:\/\/emailchef.com\/es\/glosario-de-email-marketing\/#breadcrumb"},"inLanguage":"es","potentialAction":[{"@type":"ReadAction","target":["https:\/\/emailchef.com\/es\/glosario-de-email-marketing\/"]}]},{"@type":"BreadcrumbList","@id":"https:\/\/emailchef.com\/es\/glosario-de-email-marketing\/#breadcrumb","itemListElement":[{"@type":"ListItem","position":1,"name":"Home","item":"https:\/\/emailchef.com\/es\/emailchef-email-marketing-services\/"},{"@type":"ListItem","position":2,"name":"Glosario de email marketing"}]},{"@type":"WebSite","@id":"https:\/\/emailchef.com\/es\/#website","url":"https:\/\/emailchef.com\/es\/","name":"Emailchef","description":"Tasty recipes for email marketing","publisher":{"@id":"https:\/\/emailchef.com\/es\/#organization"},"potentialAction":[{"@type":"SearchAction","target":{"@type":"EntryPoint","urlTemplate":"https:\/\/emailchef.com\/es\/?s={search_term_string}"},"query-input":{"@type":"PropertyValueSpecification","valueRequired":true,"valueName":"search_term_string"}}],"inLanguage":"es"},{"@type":"Organization","@id":"https:\/\/emailchef.com\/es\/#organization","name":"Delivery Tech Corp.","url":"https:\/\/emailchef.com\/es\/","logo":{"@type":"ImageObject","inLanguage":"es","@id":"https:\/\/emailchef.com\/es\/#\/schema\/logo\/image\/","url":"https:\/\/emailchef.com\/wp-content\/uploads\/2022\/04\/logo-sama.png","contentUrl":"https:\/\/emailchef.com\/wp-content\/uploads\/2022\/04\/logo-sama.png","width":237,"height":80,"caption":"Delivery Tech Corp."},"image":{"@id":"https:\/\/emailchef.com\/es\/#\/schema\/logo\/image\/"}}]}},"_links":{"self":[{"href":"https:\/\/emailchef.com\/es\/wp-json\/wp\/v2\/pages\/3084"}],"collection":[{"href":"https:\/\/emailchef.com\/es\/wp-json\/wp\/v2\/pages"}],"about":[{"href":"https:\/\/emailchef.com\/es\/wp-json\/wp\/v2\/types\/page"}],"author":[{"embeddable":true,"href":"https:\/\/emailchef.com\/es\/wp-json\/wp\/v2\/users\/5"}],"replies":[{"embeddable":true,"href":"https:\/\/emailchef.com\/es\/wp-json\/wp\/v2\/comments?post=3084"}],"version-history":[{"count":6,"href":"https:\/\/emailchef.com\/es\/wp-json\/wp\/v2\/pages\/3084\/revisions"}],"predecessor-version":[{"id":7980,"href":"https:\/\/emailchef.com\/es\/wp-json\/wp\/v2\/pages\/3084\/revisions\/7980"}],"wp:attachment":[{"href":"https:\/\/emailchef.com\/es\/wp-json\/wp\/v2\/media?parent=3084"}],"wp:term":[{"taxonomy":"g1_relation_tag","embeddable":true,"href":"https:\/\/emailchef.com\/es\/wp-json\/wp\/v2\/g1_relation_tag?post=3084"}],"curies":[{"name":"wp","href":"https:\/\/api.w.org\/{rel}","templated":true}]}}