{"id":3064,"date":"2014-09-11T10:04:11","date_gmt":"2014-09-11T10:04:11","guid":{"rendered":"http:\/\/emailchef.com\/es\/?page_id=3064"},"modified":"2021-07-09T08:48:40","modified_gmt":"2021-07-09T08:48:40","slug":"servicios-de-marketing-por-email-como-elegir","status":"publish","type":"page","link":"https:\/\/emailchef.com\/es\/servicios-de-marketing-por-email-como-elegir\/","title":{"rendered":"Servicios de marketing por email: c\u00f3mo elegir"},"content":{"rendered":"<p class=\"western\" lang=\"es-AR\">La cantidad de <strong>servicios de marketing por email<\/strong> disponible es grande. Esto no es de sorprender, ya que los newsletters y campa\u00f1as de email han probado su valor por mucho tiempo, asegurando la <strong>el mayor Retorno de la Inversi\u00f3n<\/strong> sobre todas las herramientas de marketing digital.<\/p>\n<p class=\"western\" lang=\"es-AR\">Pero en un escenario tan complejo, es<strong> esencial comprender las caracter\u00edsticas que una plataforma de marketing<\/strong> por email deber\u00eda poseer para cumplir con las necesidades reales.<\/p>\n<p class=\"western\" lang=\"es-AR\">Emailchef provee un conjunto completo de servicios de marketing por email que incluyen desde una herramienta de <strong>env\u00edos b\u00e1sica hasta<\/strong> las <strong>m\u00e1s avanzadas t\u00e9cnicas de segmentaci\u00f3n<\/strong> de listas y reportes. Gracias a su poderoso sistema de servicio SMTP, asegura la mejor tasa de entrega para todos los mensajes \u2013 sin importar cu\u00e1ntos lectores usted posea.<\/p>\n<p class=\"western\" lang=\"es-AR\">El objetivo de Emailchef consiste en proveer la plataforma de newsletters m\u00e1s completa y flexible, para ayudarle a crear, editar y verificar su campa\u00f1a en minutos. Adem\u00e1s, Emailchef ofrece los siguientes servicios de marketing por email avanzados:<\/p>\n<p class=\"western\" lang=\"es-AR\">\n<ul id=\"\" class=\"g1-list g1-list--icon g1-list--simple \">\n<li class=\"western\" lang=\"es-AR\">un editor de <strong>formularios de registros<\/strong> para asegurarse de crecer r\u00e1pido y seguro;<\/li>\n<li class=\"western\" lang=\"es-AR\">un software de <strong>construcci\u00f3n de newsletters dedicado<\/strong> (Template Creator) que perfeccionar\u00e1 su dise\u00f1o de email;<\/li>\n<li class=\"western\" lang=\"es-AR\">un amplio conjunto de <strong>plantillas HTML gratis<\/strong>;<\/li>\n<li class=\"western\" lang=\"es-AR\"><strong>recursos<\/strong> y <strong>art\u00edculos<\/strong> actualizados para aprender a obtener lo mejor de su campa\u00f1a de email.<\/li>\n<\/ul>\n<\/p>\n<p>Y mucho m\u00e1s.<\/p>\n<p>&nbsp;<\/p>\n<p>&nbsp;<\/p>\n","protected":false},"excerpt":{"rendered":"<p>The number of email marketing services that one can find around is huge. Which is not a surprise, since newsletters and email campaigns have been proving their value for a long time, ensuring the highest ROI of all digital communication tools.<\/p>\n","protected":false},"author":5,"featured_media":0,"parent":0,"menu_order":96,"comment_status":"closed","ping_status":"closed","template":"","meta":{"_acf_changed":false,"inline_featured_image":false,"footnotes":""},"g1_relation_tag":[9],"class_list":["post-3064","page","type-page","status-publish","hentry","g1_relation_tag-email-marketing-practices"],"acf":[],"yoast_head":"<!-- This site is optimized with the Yoast SEO plugin v24.8.1 - https:\/\/yoast.com\/wordpress\/plugins\/seo\/ -->\n<title>Servicios de marketing por email: c\u00f3mo elegir - Emailchef<\/title>\n<meta name=\"description\" content=\"La cantidad de servicios de marketing por email disponible es grande. Esto no es de sorprender, ya que los newsletters y campa\u00f1as de email han probado su valor por mucho tiempo, asegurando la el mayor Retorno de la Inversi\u00f3n sobre todas las herramientas de marketing digital.\" \/>\n<meta name=\"robots\" content=\"index, follow, max-snippet:-1, max-image-preview:large, max-video-preview:-1\" \/>\n<link rel=\"canonical\" href=\"https:\/\/emailchef.com\/es\/servicios-de-marketing-por-email-como-elegir\/\" \/>\n<meta name=\"twitter:label1\" content=\"Tiempo de lectura\" \/>\n\t<meta name=\"twitter:data1\" content=\"1 minuto\" \/>\n<!-- \/ Yoast SEO plugin. -->","yoast_head_json":{"title":"Servicios de marketing por email: c\u00f3mo elegir - Emailchef","description":"La cantidad de servicios de marketing por email disponible es grande. Esto no es de sorprender, ya que los newsletters y campa\u00f1as de email han probado su valor por mucho tiempo, asegurando la el mayor Retorno de la Inversi\u00f3n sobre todas las herramientas de marketing digital.","robots":{"index":"index","follow":"follow","max-snippet":"max-snippet:-1","max-image-preview":"max-image-preview:large","max-video-preview":"max-video-preview:-1"},"canonical":"https:\/\/emailchef.com\/es\/servicios-de-marketing-por-email-como-elegir\/","twitter_misc":{"Tiempo de lectura":"1 minuto"},"schema":{"@context":"https:\/\/schema.org","@graph":[{"@type":"WebPage","@id":"https:\/\/emailchef.com\/es\/servicios-de-marketing-por-email-como-elegir\/","url":"https:\/\/emailchef.com\/es\/servicios-de-marketing-por-email-como-elegir\/","name":"Servicios de marketing por email: c\u00f3mo elegir - Emailchef","isPartOf":{"@id":"https:\/\/emailchef.com\/es\/#website"},"datePublished":"2014-09-11T10:04:11+00:00","dateModified":"2021-07-09T08:48:40+00:00","description":"La cantidad de servicios de marketing por email disponible es grande. Esto no es de sorprender, ya que los newsletters y campa\u00f1as de email han probado su valor por mucho tiempo, asegurando la el mayor Retorno de la Inversi\u00f3n sobre todas las herramientas de marketing digital.","breadcrumb":{"@id":"https:\/\/emailchef.com\/es\/servicios-de-marketing-por-email-como-elegir\/#breadcrumb"},"inLanguage":"es","potentialAction":[{"@type":"ReadAction","target":["https:\/\/emailchef.com\/es\/servicios-de-marketing-por-email-como-elegir\/"]}]},{"@type":"BreadcrumbList","@id":"https:\/\/emailchef.com\/es\/servicios-de-marketing-por-email-como-elegir\/#breadcrumb","itemListElement":[{"@type":"ListItem","position":1,"name":"Home","item":"https:\/\/emailchef.com\/es\/emailchef-email-marketing-services\/"},{"@type":"ListItem","position":2,"name":"Servicios de marketing por email: c\u00f3mo elegir"}]},{"@type":"WebSite","@id":"https:\/\/emailchef.com\/es\/#website","url":"https:\/\/emailchef.com\/es\/","name":"Emailchef","description":"Tasty recipes for email marketing","publisher":{"@id":"https:\/\/emailchef.com\/es\/#organization"},"potentialAction":[{"@type":"SearchAction","target":{"@type":"EntryPoint","urlTemplate":"https:\/\/emailchef.com\/es\/?s={search_term_string}"},"query-input":{"@type":"PropertyValueSpecification","valueRequired":true,"valueName":"search_term_string"}}],"inLanguage":"es"},{"@type":"Organization","@id":"https:\/\/emailchef.com\/es\/#organization","name":"Delivery Tech Corp.","url":"https:\/\/emailchef.com\/es\/","logo":{"@type":"ImageObject","inLanguage":"es","@id":"https:\/\/emailchef.com\/es\/#\/schema\/logo\/image\/","url":"https:\/\/emailchef.com\/wp-content\/uploads\/2022\/04\/logo-sama.png","contentUrl":"https:\/\/emailchef.com\/wp-content\/uploads\/2022\/04\/logo-sama.png","width":237,"height":80,"caption":"Delivery Tech Corp."},"image":{"@id":"https:\/\/emailchef.com\/es\/#\/schema\/logo\/image\/"}}]}},"_links":{"self":[{"href":"https:\/\/emailchef.com\/es\/wp-json\/wp\/v2\/pages\/3064"}],"collection":[{"href":"https:\/\/emailchef.com\/es\/wp-json\/wp\/v2\/pages"}],"about":[{"href":"https:\/\/emailchef.com\/es\/wp-json\/wp\/v2\/types\/page"}],"author":[{"embeddable":true,"href":"https:\/\/emailchef.com\/es\/wp-json\/wp\/v2\/users\/5"}],"replies":[{"embeddable":true,"href":"https:\/\/emailchef.com\/es\/wp-json\/wp\/v2\/comments?post=3064"}],"version-history":[{"count":7,"href":"https:\/\/emailchef.com\/es\/wp-json\/wp\/v2\/pages\/3064\/revisions"}],"predecessor-version":[{"id":6238,"href":"https:\/\/emailchef.com\/es\/wp-json\/wp\/v2\/pages\/3064\/revisions\/6238"}],"wp:attachment":[{"href":"https:\/\/emailchef.com\/es\/wp-json\/wp\/v2\/media?parent=3064"}],"wp:term":[{"taxonomy":"g1_relation_tag","embeddable":true,"href":"https:\/\/emailchef.com\/es\/wp-json\/wp\/v2\/g1_relation_tag?post=3064"}],"curies":[{"name":"wp","href":"https:\/\/api.w.org\/{rel}","templated":true}]}}