{"id":3054,"date":"2014-09-18T12:47:44","date_gmt":"2014-09-18T12:47:44","guid":{"rendered":"http:\/\/emailchef.com\/es\/?page_id=3054"},"modified":"2021-07-09T09:01:06","modified_gmt":"2021-07-09T09:01:06","slug":"servicio-de-entrega-de-email","status":"publish","type":"page","link":"https:\/\/emailchef.com\/es\/servicio-de-entrega-de-email\/","title":{"rendered":"Servicio de entrega de email"},"content":{"rendered":"<p class=\"western\" lang=\"es-AR\">Un servicio de <strong>entrega de email<\/strong> es una aplicaci\u00f3n que se encarga de transmitir un mensaje de email desde el remitente hacia el servidor del destinatario, evitando ser bloqueado por filtros antispam o filtros de Proveedores de Internet. Este sistema constituye una herramienta<strong> cr\u00edtica para cualquier profesional del marketing<\/strong> por email, ya que sin una entrega correcta, a\u00fan el newsletter mejor orientado carece de valor.<\/p>\n<p class=\"western\" lang=\"es-AR\">En un sentido restringido, por \u201cservicio de entrega de email\u201d nos referimos a una soluci\u00f3n que simplemente gestiona el proceso de entrega y nada m\u00e1s, tal como un servidor dedicado de salida de email: pero en un sentido m\u00e1s amplio, podemos considerar tambi\u00e9n las <a href=\"http:\/\/emailchef.com\/es\/servicios-de-marketing-por-email-como-elegir\/\">plataformas de marketing por email<\/a> tales como Emailchef. Despu\u00e9s de todo, parte del trabajo es entregar sus newsletters a las bandejas de entrada de los lectores.<\/p>\n<p class=\"western\" lang=\"es-AR\">En Emailchef, colocamos <strong>toda la atenci\u00f3n<\/strong> en lo relativo a la entrega de sus emails.<\/p>\n<p class=\"western\" lang=\"es-AR\">Es por ello que mantenemos un di\u00e1logo constante con los <strong>principales Proveedores de Internet<\/strong> \u2013 para asegurar que ninguno de sus mensajes sea bloqueado o etiquetado como spam. Tambi\u00e9n adoptamos un sistema de autenticaci\u00f3n y confiamos en una serie de direcciones <strong>IP de confianza, monitoreadas constantemente<\/strong> para mantener nuestra alta reputaci\u00f3n y de esta forma garantizar las mejores tasas de entrega.<\/p>\n<p class=\"western\" lang=\"es-AR\">Por supuesto, Emailchef es mucho m\u00e1s que eso: al ser una plataforma de marketing por email integrada, tambi\u00e9n ofrece un editor de newsletters WYSIWYG, una herramienta de administraci\u00f3n de listas avanzada, an\u00e1lisis completos, etc. <a href=\"http:\/\/emailchef.com\/es\/caracteristicas\/el-template-creator-mas-rapido\/\">Descubra todo ahora!<\/a><\/p>\n<p>&nbsp;<\/p>\n","protected":false},"excerpt":{"rendered":"<p>An email delivery service is an application that takes care to transmit an email message from the sender to the recipient&#8217;s server, avoiding any filters.<\/p>\n","protected":false},"author":5,"featured_media":0,"parent":0,"menu_order":73,"comment_status":"closed","ping_status":"closed","template":"","meta":{"_acf_changed":false,"inline_featured_image":false,"footnotes":""},"g1_relation_tag":[21],"class_list":["post-3054","page","type-page","status-publish","hentry","g1_relation_tag-email-delivery"],"acf":[],"yoast_head":"<!-- This site is optimized with the Yoast SEO plugin v24.8.1 - https:\/\/yoast.com\/wordpress\/plugins\/seo\/ -->\n<title>Servicio de entrega de email - Emailchef<\/title>\n<meta name=\"description\" content=\"Un servicio de entrega de email es una aplicaci\u00f3n que se encarga de transmitir un mensaje de email desde el remitente hacia el servidor del destinatario, evitando ser bloqueado por filtros antispam o filtros de Proveedores de Internet.\" \/>\n<meta name=\"robots\" content=\"index, follow, max-snippet:-1, max-image-preview:large, max-video-preview:-1\" \/>\n<link rel=\"canonical\" href=\"https:\/\/emailchef.com\/es\/servicio-de-entrega-de-email\/\" \/>\n<meta name=\"twitter:label1\" content=\"Tiempo de lectura\" \/>\n\t<meta name=\"twitter:data1\" content=\"2 minutos\" \/>\n<!-- \/ Yoast SEO plugin. -->","yoast_head_json":{"title":"Servicio de entrega de email - Emailchef","description":"Un servicio de entrega de email es una aplicaci\u00f3n que se encarga de transmitir un mensaje de email desde el remitente hacia el servidor del destinatario, evitando ser bloqueado por filtros antispam o filtros de Proveedores de Internet.","robots":{"index":"index","follow":"follow","max-snippet":"max-snippet:-1","max-image-preview":"max-image-preview:large","max-video-preview":"max-video-preview:-1"},"canonical":"https:\/\/emailchef.com\/es\/servicio-de-entrega-de-email\/","twitter_misc":{"Tiempo de lectura":"2 minutos"},"schema":{"@context":"https:\/\/schema.org","@graph":[{"@type":"WebPage","@id":"https:\/\/emailchef.com\/es\/servicio-de-entrega-de-email\/","url":"https:\/\/emailchef.com\/es\/servicio-de-entrega-de-email\/","name":"Servicio de entrega de email - Emailchef","isPartOf":{"@id":"https:\/\/emailchef.com\/es\/#website"},"datePublished":"2014-09-18T12:47:44+00:00","dateModified":"2021-07-09T09:01:06+00:00","description":"Un servicio de entrega de email es una aplicaci\u00f3n que se encarga de transmitir un mensaje de email desde el remitente hacia el servidor del destinatario, evitando ser bloqueado por filtros antispam o filtros de Proveedores de Internet.","breadcrumb":{"@id":"https:\/\/emailchef.com\/es\/servicio-de-entrega-de-email\/#breadcrumb"},"inLanguage":"es","potentialAction":[{"@type":"ReadAction","target":["https:\/\/emailchef.com\/es\/servicio-de-entrega-de-email\/"]}]},{"@type":"BreadcrumbList","@id":"https:\/\/emailchef.com\/es\/servicio-de-entrega-de-email\/#breadcrumb","itemListElement":[{"@type":"ListItem","position":1,"name":"Home","item":"https:\/\/emailchef.com\/es\/emailchef-email-marketing-services\/"},{"@type":"ListItem","position":2,"name":"Servicio de entrega de email"}]},{"@type":"WebSite","@id":"https:\/\/emailchef.com\/es\/#website","url":"https:\/\/emailchef.com\/es\/","name":"Emailchef","description":"Tasty recipes for email marketing","publisher":{"@id":"https:\/\/emailchef.com\/es\/#organization"},"potentialAction":[{"@type":"SearchAction","target":{"@type":"EntryPoint","urlTemplate":"https:\/\/emailchef.com\/es\/?s={search_term_string}"},"query-input":{"@type":"PropertyValueSpecification","valueRequired":true,"valueName":"search_term_string"}}],"inLanguage":"es"},{"@type":"Organization","@id":"https:\/\/emailchef.com\/es\/#organization","name":"Delivery Tech Corp.","url":"https:\/\/emailchef.com\/es\/","logo":{"@type":"ImageObject","inLanguage":"es","@id":"https:\/\/emailchef.com\/es\/#\/schema\/logo\/image\/","url":"https:\/\/emailchef.com\/wp-content\/uploads\/2022\/04\/logo-sama.png","contentUrl":"https:\/\/emailchef.com\/wp-content\/uploads\/2022\/04\/logo-sama.png","width":237,"height":80,"caption":"Delivery Tech Corp."},"image":{"@id":"https:\/\/emailchef.com\/es\/#\/schema\/logo\/image\/"}}]}},"_links":{"self":[{"href":"https:\/\/emailchef.com\/es\/wp-json\/wp\/v2\/pages\/3054"}],"collection":[{"href":"https:\/\/emailchef.com\/es\/wp-json\/wp\/v2\/pages"}],"about":[{"href":"https:\/\/emailchef.com\/es\/wp-json\/wp\/v2\/types\/page"}],"author":[{"embeddable":true,"href":"https:\/\/emailchef.com\/es\/wp-json\/wp\/v2\/users\/5"}],"replies":[{"embeddable":true,"href":"https:\/\/emailchef.com\/es\/wp-json\/wp\/v2\/comments?post=3054"}],"version-history":[{"count":4,"href":"https:\/\/emailchef.com\/es\/wp-json\/wp\/v2\/pages\/3054\/revisions"}],"predecessor-version":[{"id":6097,"href":"https:\/\/emailchef.com\/es\/wp-json\/wp\/v2\/pages\/3054\/revisions\/6097"}],"wp:attachment":[{"href":"https:\/\/emailchef.com\/es\/wp-json\/wp\/v2\/media?parent=3054"}],"wp:term":[{"taxonomy":"g1_relation_tag","embeddable":true,"href":"https:\/\/emailchef.com\/es\/wp-json\/wp\/v2\/g1_relation_tag?post=3054"}],"curies":[{"name":"wp","href":"https:\/\/api.w.org\/{rel}","templated":true}]}}