{"id":3051,"date":"2014-09-11T09:48:33","date_gmt":"2014-09-11T09:48:33","guid":{"rendered":"http:\/\/emailchef.com\/es\/?page_id=3051"},"modified":"2021-07-07T14:54:25","modified_gmt":"2021-07-07T14:54:25","slug":"entrega-de-email","status":"publish","type":"page","link":"https:\/\/emailchef.com\/es\/entrega-de-email\/","title":{"rendered":"Entrega de email"},"content":{"rendered":"<div class=\"gb-container gb-container-74cf0174\"><div class=\"gb-inside-container\">\n\n<p>Como nos gusta decir,<strong> no todo email enviado es un email entregado<\/strong>: el fino arte de la entrega de newsletters requiere de una estructura de servidor de email saliente s\u00f3lida (de esto nos encargamos nosotros) y tambi\u00e9n seguir algunas buenas pr\u00e1cticas (eso depende de usted).<\/p>\n\n\n\n<\/div><\/div>\n\n\n<p><\/p>\n","protected":false},"excerpt":{"rendered":"<p>Como nos gusta decir, no todo email enviado es un email entregado: el fino arte de la entrega de newsletters requiere de una estructura de servidor de email saliente s\u00f3lida (de esto nos encargamos nosotros) y tambi\u00e9n seguir algunas buenas pr\u00e1cticas (eso depende de usted).<\/p>\n","protected":false},"author":5,"featured_media":0,"parent":0,"menu_order":69,"comment_status":"closed","ping_status":"closed","template":"","meta":{"_acf_changed":false,"inline_featured_image":false,"footnotes":""},"g1_relation_tag":[21],"class_list":["post-3051","page","type-page","status-publish","hentry","g1_relation_tag-email-delivery"],"acf":[],"yoast_head":"<!-- This site is optimized with the Yoast SEO plugin v24.8.1 - https:\/\/yoast.com\/wordpress\/plugins\/seo\/ -->\n<title>Entrega de email - Emailchef<\/title>\n<meta name=\"description\" content=\"Como nos gusta decir, no todo email enviado es un email entregado: el fino arte de la entrega de newsletters requiere de una estructura de servidor de email saliente s\u00f3lida (de esto nos encargamos nosotros) y tambi\u00e9n seguir algunas buenas pr\u00e1cticas (eso depende de usted).\" \/>\n<meta name=\"robots\" content=\"index, follow, max-snippet:-1, max-image-preview:large, max-video-preview:-1\" \/>\n<link rel=\"canonical\" href=\"https:\/\/emailchef.com\/es\/entrega-de-email\/\" \/>\n<meta name=\"twitter:label1\" content=\"Tiempo de lectura\" \/>\n\t<meta name=\"twitter:data1\" content=\"1 minuto\" \/>\n<!-- \/ Yoast SEO plugin. -->","yoast_head_json":{"title":"Entrega de email - Emailchef","description":"Como nos gusta decir, no todo email enviado es un email entregado: el fino arte de la entrega de newsletters requiere de una estructura de servidor de email saliente s\u00f3lida (de esto nos encargamos nosotros) y tambi\u00e9n seguir algunas buenas pr\u00e1cticas (eso depende de usted).","robots":{"index":"index","follow":"follow","max-snippet":"max-snippet:-1","max-image-preview":"max-image-preview:large","max-video-preview":"max-video-preview:-1"},"canonical":"https:\/\/emailchef.com\/es\/entrega-de-email\/","twitter_misc":{"Tiempo de lectura":"1 minuto"},"schema":{"@context":"https:\/\/schema.org","@graph":[{"@type":"WebPage","@id":"https:\/\/emailchef.com\/es\/entrega-de-email\/","url":"https:\/\/emailchef.com\/es\/entrega-de-email\/","name":"Entrega de email - Emailchef","isPartOf":{"@id":"https:\/\/emailchef.com\/es\/#website"},"datePublished":"2014-09-11T09:48:33+00:00","dateModified":"2021-07-07T14:54:25+00:00","description":"Como nos gusta decir, no todo email enviado es un email entregado: el fino arte de la entrega de newsletters requiere de una estructura de servidor de email saliente s\u00f3lida (de esto nos encargamos nosotros) y tambi\u00e9n seguir algunas buenas pr\u00e1cticas (eso depende de usted).","breadcrumb":{"@id":"https:\/\/emailchef.com\/es\/entrega-de-email\/#breadcrumb"},"inLanguage":"es","potentialAction":[{"@type":"ReadAction","target":["https:\/\/emailchef.com\/es\/entrega-de-email\/"]}]},{"@type":"BreadcrumbList","@id":"https:\/\/emailchef.com\/es\/entrega-de-email\/#breadcrumb","itemListElement":[{"@type":"ListItem","position":1,"name":"Home","item":"https:\/\/emailchef.com\/es\/emailchef-email-marketing-services\/"},{"@type":"ListItem","position":2,"name":"Entrega de email"}]},{"@type":"WebSite","@id":"https:\/\/emailchef.com\/es\/#website","url":"https:\/\/emailchef.com\/es\/","name":"Emailchef","description":"Tasty recipes for email marketing","publisher":{"@id":"https:\/\/emailchef.com\/es\/#organization"},"potentialAction":[{"@type":"SearchAction","target":{"@type":"EntryPoint","urlTemplate":"https:\/\/emailchef.com\/es\/?s={search_term_string}"},"query-input":{"@type":"PropertyValueSpecification","valueRequired":true,"valueName":"search_term_string"}}],"inLanguage":"es"},{"@type":"Organization","@id":"https:\/\/emailchef.com\/es\/#organization","name":"Delivery Tech Corp.","url":"https:\/\/emailchef.com\/es\/","logo":{"@type":"ImageObject","inLanguage":"es","@id":"https:\/\/emailchef.com\/es\/#\/schema\/logo\/image\/","url":"https:\/\/emailchef.com\/wp-content\/uploads\/2022\/04\/logo-sama.png","contentUrl":"https:\/\/emailchef.com\/wp-content\/uploads\/2022\/04\/logo-sama.png","width":237,"height":80,"caption":"Delivery Tech Corp."},"image":{"@id":"https:\/\/emailchef.com\/es\/#\/schema\/logo\/image\/"}}]}},"_links":{"self":[{"href":"https:\/\/emailchef.com\/es\/wp-json\/wp\/v2\/pages\/3051"}],"collection":[{"href":"https:\/\/emailchef.com\/es\/wp-json\/wp\/v2\/pages"}],"about":[{"href":"https:\/\/emailchef.com\/es\/wp-json\/wp\/v2\/types\/page"}],"author":[{"embeddable":true,"href":"https:\/\/emailchef.com\/es\/wp-json\/wp\/v2\/users\/5"}],"replies":[{"embeddable":true,"href":"https:\/\/emailchef.com\/es\/wp-json\/wp\/v2\/comments?post=3051"}],"version-history":[{"count":3,"href":"https:\/\/emailchef.com\/es\/wp-json\/wp\/v2\/pages\/3051\/revisions"}],"predecessor-version":[{"id":44758,"href":"https:\/\/emailchef.com\/es\/wp-json\/wp\/v2\/pages\/3051\/revisions\/44758"}],"wp:attachment":[{"href":"https:\/\/emailchef.com\/es\/wp-json\/wp\/v2\/media?parent=3051"}],"wp:term":[{"taxonomy":"g1_relation_tag","embeddable":true,"href":"https:\/\/emailchef.com\/es\/wp-json\/wp\/v2\/g1_relation_tag?post=3051"}],"curies":[{"name":"wp","href":"https:\/\/api.w.org\/{rel}","templated":true}]}}