{"id":3046,"date":"2014-09-18T08:48:56","date_gmt":"2014-09-18T08:48:56","guid":{"rendered":"http:\/\/emailchef.com\/es\/?page_id=3046"},"modified":"2021-07-09T08:59:04","modified_gmt":"2021-07-09T08:59:04","slug":"gestion-de-campana-de-email","status":"publish","type":"page","link":"https:\/\/emailchef.com\/es\/gestion-de-campana-de-email\/","title":{"rendered":"Gesti\u00f3n de campa\u00f1a de email"},"content":{"rendered":"<p class=\"western\" lang=\"es-AR\">No existe duda de que<strong> la administraci\u00f3n de campa\u00f1as de email<\/strong> puede ser una tarea desafiante. Seguro, para administrar una estrategia de marketing por email integral usted necesitar\u00e1 supervisar y controlar diferentes tareas: obtener nuevas direcciones para <strong>incrementar su audiencia<\/strong>, cargar y limpiar listas de emails, por supuesto dise\u00f1ar una <strong>plantilla de newsletter HTML<\/strong> legible y atractiva, estudiar y configurar su agenda de acuerdo con la cantidad de ofertas o noticias que desee transmitir, redactar contenido como un escritor profesional, realizar un <strong>an\u00e1lisis extensivo post env\u00edo<\/strong> para mejorar su campa\u00f1a y alcanzar resultados medibles m\u00e1s eficaces&#8230;<\/p>\n<p class=\"western\" lang=\"es-AR\">Afortunadamente, Emailchef <strong>allana el proceso<\/strong> ayudando en cada paso. El marketing por email nunca ha sido tan f\u00e1cil: nuestro servicio de campa\u00f1as de emails es todo lo que usted necesita para lanzar una estrategia de emails exitosa.<\/p>\n<p>De hecho, gestionar una campa\u00f1a de email efectiva requiere conocimiento de su <strong>naturaleza cr\u00edtica<\/strong> y sus relaciones intr\u00ednsecas: realizar el marketing por email sin una campa\u00f1a profesional puede ser complicado \u2013 y usted puede tener <strong>repercusiones en el \u00e9xito de su marketing<\/strong>. Es por ello que Emailchef le ofrece un conjunto de herramientas de marketing completo:<\/p>\n<ul>\n<li class=\"western\" lang=\"es-AR\">Creaci\u00f3n y gesti\u00f3n de listas<\/li>\n<li class=\"western\" lang=\"es-AR\">Dise\u00f1o de newsletter<\/li>\n<li class=\"western\" lang=\"es-AR\">Env\u00edo y entrega de email<\/li>\n<li class=\"western\" lang=\"es-AR\">An\u00e1lisis de datos<\/li>\n<li class=\"western\" lang=\"es-AR\">Pruebas y segmentaci\u00f3n de listas<\/li>\n<\/ul>\n<p>Y hay m\u00e1s.<\/p>\n<p class=\"western\" lang=\"es-AR\">Al confiar en Emailchef usted nunca deber\u00e1 preocuparse por sus <strong>tasas de entrega<\/strong>. Es decir, que todos los mensajes ser\u00e1n enviados y entregados a las bandejas de entrada correspondiente en forma r\u00e1pida y segura \u2013 pasando por todas las restricciones de Proveedores de Internet y filtros antispam. (Por supuesto, siempre que usted s\u00f3lo env\u00ede newsletters leg\u00edtimos a personas que han optado por recibir su comunicaci\u00f3n).<\/p>\n<p class=\"western\" lang=\"es-AR\"><a href=\"\/user-signup\">Pruebe gratis ahora<\/a>.<\/p>\n<p>&nbsp;<\/p>\n","protected":false},"excerpt":{"rendered":"<p>Emailchef streamlines the management of all email campaigns, offering you a complete set of marketing tools.<\/p>\n","protected":false},"author":5,"featured_media":0,"parent":0,"menu_order":90,"comment_status":"closed","ping_status":"closed","template":"","meta":{"_acf_changed":false,"inline_featured_image":false,"footnotes":""},"g1_relation_tag":[16],"class_list":["post-3046","page","type-page","status-publish","hentry","g1_relation_tag-email-campaign-tips"],"acf":[],"yoast_head":"<!-- This site is optimized with the Yoast SEO plugin v24.8.1 - https:\/\/yoast.com\/wordpress\/plugins\/seo\/ -->\n<title>Gesti\u00f3n de campa\u00f1a de email - Emailchef<\/title>\n<meta name=\"description\" content=\"No existe duda de que la administraci\u00f3n de campa\u00f1as de email puede ser una tarea desafiante.\" \/>\n<meta name=\"robots\" content=\"index, follow, max-snippet:-1, max-image-preview:large, max-video-preview:-1\" \/>\n<link rel=\"canonical\" href=\"https:\/\/emailchef.com\/es\/gestion-de-campana-de-email\/\" \/>\n<meta name=\"twitter:label1\" content=\"Tiempo de lectura\" \/>\n\t<meta name=\"twitter:data1\" content=\"2 minutos\" \/>\n<!-- \/ Yoast SEO plugin. -->","yoast_head_json":{"title":"Gesti\u00f3n de campa\u00f1a de email - Emailchef","description":"No existe duda de que la administraci\u00f3n de campa\u00f1as de email puede ser una tarea desafiante.","robots":{"index":"index","follow":"follow","max-snippet":"max-snippet:-1","max-image-preview":"max-image-preview:large","max-video-preview":"max-video-preview:-1"},"canonical":"https:\/\/emailchef.com\/es\/gestion-de-campana-de-email\/","twitter_misc":{"Tiempo de lectura":"2 minutos"},"schema":{"@context":"https:\/\/schema.org","@graph":[{"@type":"WebPage","@id":"https:\/\/emailchef.com\/es\/gestion-de-campana-de-email\/","url":"https:\/\/emailchef.com\/es\/gestion-de-campana-de-email\/","name":"Gesti\u00f3n de campa\u00f1a de email - Emailchef","isPartOf":{"@id":"https:\/\/emailchef.com\/es\/#website"},"datePublished":"2014-09-18T08:48:56+00:00","dateModified":"2021-07-09T08:59:04+00:00","description":"No existe duda de que la administraci\u00f3n de campa\u00f1as de email puede ser una tarea desafiante.","breadcrumb":{"@id":"https:\/\/emailchef.com\/es\/gestion-de-campana-de-email\/#breadcrumb"},"inLanguage":"es","potentialAction":[{"@type":"ReadAction","target":["https:\/\/emailchef.com\/es\/gestion-de-campana-de-email\/"]}]},{"@type":"BreadcrumbList","@id":"https:\/\/emailchef.com\/es\/gestion-de-campana-de-email\/#breadcrumb","itemListElement":[{"@type":"ListItem","position":1,"name":"Home","item":"https:\/\/emailchef.com\/es\/emailchef-email-marketing-services\/"},{"@type":"ListItem","position":2,"name":"Gesti\u00f3n de campa\u00f1a de email"}]},{"@type":"WebSite","@id":"https:\/\/emailchef.com\/es\/#website","url":"https:\/\/emailchef.com\/es\/","name":"Emailchef","description":"Tasty recipes for email marketing","publisher":{"@id":"https:\/\/emailchef.com\/es\/#organization"},"potentialAction":[{"@type":"SearchAction","target":{"@type":"EntryPoint","urlTemplate":"https:\/\/emailchef.com\/es\/?s={search_term_string}"},"query-input":{"@type":"PropertyValueSpecification","valueRequired":true,"valueName":"search_term_string"}}],"inLanguage":"es"},{"@type":"Organization","@id":"https:\/\/emailchef.com\/es\/#organization","name":"Delivery Tech Corp.","url":"https:\/\/emailchef.com\/es\/","logo":{"@type":"ImageObject","inLanguage":"es","@id":"https:\/\/emailchef.com\/es\/#\/schema\/logo\/image\/","url":"https:\/\/emailchef.com\/wp-content\/uploads\/2022\/04\/logo-sama.png","contentUrl":"https:\/\/emailchef.com\/wp-content\/uploads\/2022\/04\/logo-sama.png","width":237,"height":80,"caption":"Delivery Tech Corp."},"image":{"@id":"https:\/\/emailchef.com\/es\/#\/schema\/logo\/image\/"}}]}},"_links":{"self":[{"href":"https:\/\/emailchef.com\/es\/wp-json\/wp\/v2\/pages\/3046"}],"collection":[{"href":"https:\/\/emailchef.com\/es\/wp-json\/wp\/v2\/pages"}],"about":[{"href":"https:\/\/emailchef.com\/es\/wp-json\/wp\/v2\/types\/page"}],"author":[{"embeddable":true,"href":"https:\/\/emailchef.com\/es\/wp-json\/wp\/v2\/users\/5"}],"replies":[{"embeddable":true,"href":"https:\/\/emailchef.com\/es\/wp-json\/wp\/v2\/comments?post=3046"}],"version-history":[{"count":3,"href":"https:\/\/emailchef.com\/es\/wp-json\/wp\/v2\/pages\/3046\/revisions"}],"predecessor-version":[{"id":6235,"href":"https:\/\/emailchef.com\/es\/wp-json\/wp\/v2\/pages\/3046\/revisions\/6235"}],"wp:attachment":[{"href":"https:\/\/emailchef.com\/es\/wp-json\/wp\/v2\/media?parent=3046"}],"wp:term":[{"taxonomy":"g1_relation_tag","embeddable":true,"href":"https:\/\/emailchef.com\/es\/wp-json\/wp\/v2\/g1_relation_tag?post=3046"}],"curies":[{"name":"wp","href":"https:\/\/api.w.org\/{rel}","templated":true}]}}