{"id":3041,"date":"2014-09-04T10:46:01","date_gmt":"2014-09-04T10:46:01","guid":{"rendered":"http:\/\/emailchef.com\/es\/?page_id=3041"},"modified":"2024-10-17T12:28:10","modified_gmt":"2024-10-17T12:28:10","slug":"el-template-creator-mas-rapido","status":"publish","type":"page","link":"https:\/\/emailchef.com\/es\/caracteristicas\/el-template-creator-mas-rapido\/","title":{"rendered":"Un editor drag-and-drop al alcance de expertos y principiantes"},"content":{"rendered":"\t\t<div data-elementor-type=\"wp-page\" data-elementor-id=\"3041\" class=\"elementor elementor-3041 elementor-149\" data-elementor-post-type=\"page\">\n\t\t\t\t\t\t<section class=\"elementor-section elementor-top-section elementor-element elementor-element-96207a9 elementor-section-boxed elementor-section-height-default elementor-section-height-default\" data-id=\"96207a9\" data-element_type=\"section\">\n\t\t\t\t\t\t<div class=\"elementor-container elementor-column-gap-default\">\n\t\t\t\t\t<div class=\"elementor-column elementor-col-100 elementor-top-column elementor-element elementor-element-5dc4ec8\" data-id=\"5dc4ec8\" data-element_type=\"column\">\n\t\t\t<div class=\"elementor-widget-wrap elementor-element-populated\">\n\t\t\t\t\t\t<div class=\"elementor-element elementor-element-cf25f49 elementor-widget elementor-widget-image\" data-id=\"cf25f49\" data-element_type=\"widget\" data-widget_type=\"image.default\">\n\t\t\t\t<div class=\"elementor-widget-container\">\n\t\t\t\t\t\t\t\t\t\t\t\t\t\t\t<img fetchpriority=\"high\" decoding=\"async\" width=\"800\" height=\"600\" src=\"https:\/\/emailchef.com\/wp-content\/uploads\/2022\/06\/templates-creator.png\" class=\"attachment-full size-full wp-image-57108\" alt=\"El Creador De Plantillas M\u00e1s R\u00e1pido\" \/>\t\t\t\t\t\t\t\t\t\t\t\t\t\t\t<\/div>\n\t\t\t\t<\/div>\n\t\t\t\t\t<\/div>\n\t\t<\/div>\n\t\t\t\t\t<\/div>\n\t\t<\/section>\n\t\t\t\t<section class=\"elementor-section elementor-top-section elementor-element elementor-element-d35fb09 elementor-section-boxed elementor-section-height-default elementor-section-height-default\" data-id=\"d35fb09\" data-element_type=\"section\">\n\t\t\t\t\t\t<div class=\"elementor-container elementor-column-gap-default\">\n\t\t\t\t\t<div class=\"elementor-column elementor-col-100 elementor-top-column elementor-element elementor-element-357f8fa\" data-id=\"357f8fa\" data-element_type=\"column\">\n\t\t\t<div class=\"elementor-widget-wrap elementor-element-populated\">\n\t\t\t\t\t\t<div class=\"elementor-element elementor-element-6ea31d1 elementor-widget elementor-widget-text-editor\" data-id=\"6ea31d1\" data-element_type=\"widget\" data-widget_type=\"text-editor.default\">\n\t\t\t\t<div class=\"elementor-widget-container\">\n\t\t\t\t\t\t\t\t\t<p>El editor drag-and-drop de Emailchef est&aacute; dise&ntilde;ado para ser simple, divertido y accesible para todos.<\/p>\n<p>Lo creamos con un objetivo claro: adaptarse a las necesidades tanto de expertos como de principiantes.<\/p>\n<p>As&iacute; naci&oacute; nuestro <strong>editor de bloques<\/strong>. De esta manera, podr&aacute;s crear correos electr&oacute;nicos personalizados, profesionales y que se adapten autom&aacute;ticamente a todas las pantallas.<\/p>\n<p>Y no, no es necesario que conozcas HTML para hacerlo.<\/p>\n<p>Este sistema asegura que tus dise&ntilde;os est&eacute;n siempre perfectamente alineados y visualizados. Dile adi&oacute;s a los textos cortados, im&aacute;genes a medias o CTAs fuera de lugar.<\/p>\t\t\t\t\t\t\t\t<\/div>\n\t\t\t\t<\/div>\n\t\t\t\t<div class=\"elementor-element elementor-element-e6a2c37 elementor-widget elementor-widget-image\" data-id=\"e6a2c37\" data-element_type=\"widget\" data-widget_type=\"image.default\">\n\t\t\t\t<div class=\"elementor-widget-container\">\n\t\t\t\t\t\t\t\t\t\t\t\t\t\t\t\t<a href=\"https:\/\/emailchef.com\/wp-content\/uploads\/2024\/10\/editor-drag-and-drop-plantillas-de-correo-electronico.png\" data-elementor-open-lightbox=\"yes\" data-elementor-lightbox-title=\"editor-drag-and-drop-plantillas-de-correo-electronico\" data-e-action-hash=\"#elementor-action%3Aaction%3Dlightbox%26settings%3DeyJpZCI6NzYxOTcsInVybCI6Imh0dHBzOlwvXC9lbWFpbGNoZWYuY29tXC93cC1jb250ZW50XC91cGxvYWRzXC8yMDI0XC8xMFwvZWRpdG9yLWRyYWctYW5kLWRyb3AtcGxhbnRpbGxhcy1kZS1jb3JyZW8tZWxlY3Ryb25pY28ucG5nIn0%3D\">\n\t\t\t\t\t\t\t<img decoding=\"async\" width=\"800\" height=\"286\" src=\"https:\/\/emailchef.com\/wp-content\/uploads\/2024\/10\/editor-drag-and-drop-plantillas-de-correo-electronico-1024x366.png\" class=\"attachment-large size-large wp-image-76197\" alt=\"\" srcset=\"https:\/\/emailchef.com\/wp-content\/uploads\/2024\/10\/editor-drag-and-drop-plantillas-de-correo-electronico-1024x366.png 1024w, https:\/\/emailchef.com\/wp-content\/uploads\/2024\/10\/editor-drag-and-drop-plantillas-de-correo-electronico-300x107.png 300w, https:\/\/emailchef.com\/wp-content\/uploads\/2024\/10\/editor-drag-and-drop-plantillas-de-correo-electronico-768x274.png 768w, https:\/\/emailchef.com\/wp-content\/uploads\/2024\/10\/editor-drag-and-drop-plantillas-de-correo-electronico-1536x548.png 1536w, https:\/\/emailchef.com\/wp-content\/uploads\/2024\/10\/editor-drag-and-drop-plantillas-de-correo-electronico.png 1919w\" sizes=\"(max-width: 800px) 100vw, 800px\" \/>\t\t\t\t\t\t\t\t<\/a>\n\t\t\t\t\t\t\t\t\t\t\t\t\t\t\t<\/div>\n\t\t\t\t<\/div>\n\t\t\t\t<div class=\"elementor-element elementor-element-46ed3b9 elementor-widget elementor-widget-text-editor\" data-id=\"46ed3b9\" data-element_type=\"widget\" data-widget_type=\"text-editor.default\">\n\t\t\t\t<div class=\"elementor-widget-container\">\n\t\t\t\t\t\t\t\t\t<p>Con frecuencia, con los editores de boletines est&aacute;ndar, los elementos ya insertados tienden a moverse cuando modificas la plantilla.<\/p>\n<p>Los bloques fueron creados precisamente para evitar esto, asegurando que los nuevos elementos se adapten autom&aacute;ticamente dentro de tu correo (y adi&oacute;s al molesto efecto Frankenstein).<\/p>\n<p>En Emailchef, puedes elegir entre una amplia gama de bloques para a&ntilde;adir a tus correos electr&oacute;nicos, y por supuesto, puedes modificarlos en cualquier momento (quiz&aacute;s a&ntilde;adiendo im&aacute;genes, textos o llamadas a la acci&oacute;n), moverlos a donde prefieras o eliminarlos.<\/p>\n<p>Pero eso no es todo.<\/p>\n<p>Si lo deseas, puedes crear tu propio dise&ntilde;o a partir de plantillas en blanco, completamente personalizables.<\/p>\n<p>O bien, <a href=\"https:\/\/emailchef.com\/es\/templates\/\">puedes editar una de nuestras plantillas ya preparadas<\/a>. Emailchef ofrece una galer&iacute;a de m&aacute;s de 1,000 plantillas optimizadas y listas para usar, creadas por nuestros dise&ntilde;adores.<\/p>\n<p>Y ya vienen con contenido, que puedes modificar y personalizar en solo unos clics \ud83d\ude0e.<\/p>\n<p>En resumen, sin necesidad de experiencia en dise&ntilde;o de correos electr&oacute;nicos, podr&aacute;s crear plantillas profesionales que se visualicen perfectamente en todos los dispositivos y clientes de correo (como Outlook, Thunderbird o Mail, por ejemplo).<\/p>\n<p>Y si deseas obtener una vista previa de c&oacute;mo se ver&aacute; tu correo en escritorio, tableta o smartphone, podr&aacute;s verlo en cualquier momento haciendo clic en los &iacute;conos sobre tu plantilla.<\/p>\t\t\t\t\t\t\t\t<\/div>\n\t\t\t\t<\/div>\n\t\t\t\t<section class=\"elementor-section elementor-inner-section elementor-element elementor-element-a1a0a60 elementor-section-boxed elementor-section-height-default elementor-section-height-default\" data-id=\"a1a0a60\" data-element_type=\"section\">\n\t\t\t\t\t\t<div class=\"elementor-container elementor-column-gap-default\">\n\t\t\t\t\t<div class=\"elementor-column elementor-col-100 elementor-inner-column elementor-element elementor-element-12dad1e\" data-id=\"12dad1e\" data-element_type=\"column\">\n\t\t\t<div class=\"elementor-widget-wrap elementor-element-populated\">\n\t\t\t\t\t\t<div class=\"elementor-element elementor-element-3bce911 elementor-widget elementor-widget-heading\" data-id=\"3bce911\" data-element_type=\"widget\" data-widget_type=\"heading.default\">\n\t\t\t\t<div class=\"elementor-widget-container\">\n\t\t\t\t\t<h3 class=\"elementor-heading-title elementor-size-default\">\u00bfHas insertado im\u00e1genes y deseas modificarlas?<\/h3>\t\t\t\t<\/div>\n\t\t\t\t<\/div>\n\t\t\t\t<div class=\"elementor-element elementor-element-8959994 elementor-widget elementor-widget-text-editor\" data-id=\"8959994\" data-element_type=\"widget\" data-widget_type=\"text-editor.default\">\n\t\t\t\t<div class=\"elementor-widget-container\">\n\t\t\t\t\t\t\t\t\t<p>Usa el editor de fotos de Emailchef y no necesitar\u00e1s programas externos. Recorta tus im\u00e1genes, redimensi\u00f3nalas, a\u00f1ade bordes, stickers, aplica filtros y mucho m\u00e1s.<\/p><p>Todas las im\u00e1genes subidas (as\u00ed como las plantillas creadas) se guardar\u00e1n en el espacio en la nube incluido con tu suscripci\u00f3n.<\/p>\t\t\t\t\t\t\t\t<\/div>\n\t\t\t\t<\/div>\n\t\t\t\t<div class=\"elementor-element elementor-element-8405de6 elementor-widget elementor-widget-image\" data-id=\"8405de6\" data-element_type=\"widget\" data-widget_type=\"image.default\">\n\t\t\t\t<div class=\"elementor-widget-container\">\n\t\t\t\t\t\t\t\t\t\t\t\t\t\t\t\t<a href=\"https:\/\/emailchef.com\/wp-content\/uploads\/2024\/10\/editor-drag-and-drop-plantillas-de-correo-electronico-2.png\" data-elementor-open-lightbox=\"yes\" data-elementor-lightbox-title=\"editor-drag-and-drop-plantillas-de-correo-electronico-2\" data-e-action-hash=\"#elementor-action%3Aaction%3Dlightbox%26settings%3DeyJpZCI6NzYxODgsInVybCI6Imh0dHBzOlwvXC9lbWFpbGNoZWYuY29tXC93cC1jb250ZW50XC91cGxvYWRzXC8yMDI0XC8xMFwvZWRpdG9yLWRyYWctYW5kLWRyb3AtcGxhbnRpbGxhcy1kZS1jb3JyZW8tZWxlY3Ryb25pY28tMi5wbmcifQ%3D%3D\">\n\t\t\t\t\t\t\t<img decoding=\"async\" width=\"800\" height=\"241\" src=\"https:\/\/emailchef.com\/wp-content\/uploads\/2024\/10\/editor-drag-and-drop-plantillas-de-correo-electronico-2-1024x308.png\" class=\"attachment-large size-large wp-image-76188\" alt=\"Editor drag &amp; drop para plantillas de correo electr\u00f3nico\" srcset=\"https:\/\/emailchef.com\/wp-content\/uploads\/2024\/10\/editor-drag-and-drop-plantillas-de-correo-electronico-2-1024x308.png 1024w, https:\/\/emailchef.com\/wp-content\/uploads\/2024\/10\/editor-drag-and-drop-plantillas-de-correo-electronico-2-300x90.png 300w, https:\/\/emailchef.com\/wp-content\/uploads\/2024\/10\/editor-drag-and-drop-plantillas-de-correo-electronico-2-768x231.png 768w, https:\/\/emailchef.com\/wp-content\/uploads\/2024\/10\/editor-drag-and-drop-plantillas-de-correo-electronico-2-1536x463.png 1536w, https:\/\/emailchef.com\/wp-content\/uploads\/2024\/10\/editor-drag-and-drop-plantillas-de-correo-electronico-2.png 1919w\" sizes=\"(max-width: 800px) 100vw, 800px\" \/>\t\t\t\t\t\t\t\t<\/a>\n\t\t\t\t\t\t\t\t\t\t\t\t\t\t\t<\/div>\n\t\t\t\t<\/div>\n\t\t\t\t\t<\/div>\n\t\t<\/div>\n\t\t\t\t\t<\/div>\n\t\t<\/section>\n\t\t\t\t<div class=\"elementor-element elementor-element-5cb3d0a elementor-widget elementor-widget-text-editor\" data-id=\"5cb3d0a\" data-element_type=\"widget\" data-widget_type=\"text-editor.default\">\n\t\t\t\t<div class=\"elementor-widget-container\">\n\t\t\t\t\t\t\t\t\t<p>\u00bfBuscas un tutorial que te gu\u00ede paso a paso? \u00a1Tenemos el que necesitas!<\/p>\t\t\t\t\t\t\t\t<\/div>\n\t\t\t\t<\/div>\n\t\t\t\t<div class=\"elementor-element elementor-element-e53de67 elementor-widget elementor-widget-html\" data-id=\"e53de67\" data-element_type=\"widget\" data-widget_type=\"html.default\">\n\t\t\t\t<div class=\"elementor-widget-container\">\n\t\t\t\t\t<div class=\"lyte-wrapper\" title=\"C&oacute;mo crear una plantilla responsiva desde cero con nuestro editor Drag &amp;amp; Drop\" style=\"width:640px;max-width:100%;margin:5px;\"><div class=\"lyMe\" id=\"WYL_ISYX8_rcgh8\"><div id=\"lyte_ISYX8_rcgh8\" data-src=\"https:\/\/emailchef.com\/wp-content\/plugins\/wp-youtube-lyte\/lyteCache.php?origThumbUrl=https%3A%2F%2Fi.ytimg.com%2Fvi%2FISYX8_rcgh8%2Fhqdefault.jpg\" class=\"pL\"><div class=\"tC\"><div class=\"tT\">C\u00f3mo crear una plantilla responsiva desde cero con nuestro editor Drag &amp; Drop<\/div><\/div><div class=\"play\"><\/div><div class=\"ctrl\"><div class=\"Lctrl\"><\/div><div class=\"Rctrl\"><\/div><\/div><\/div><noscript><a href=\"https:\/\/youtu.be\/ISYX8_rcgh8\" rel=\"nofollow\"><img loading=\"lazy\" decoding=\"async\" src=\"https:\/\/emailchef.com\/wp-content\/plugins\/wp-youtube-lyte\/lyteCache.php?origThumbUrl=https%3A%2F%2Fi.ytimg.com%2Fvi%2FISYX8_rcgh8%2F0.jpg\" alt=\"C&oacute;mo crear una plantilla responsiva desde cero con nuestro editor Drag &amp;amp; Drop\" width=\"640\" height=\"340\" \/><br \/>Mire este video en YouTube<\/a><\/noscript><\/div><\/div><div class=\"lL\" style=\"max-width:100%;width:640px;margin:5px;\"><\/div>\n<div class=\"ec-video-button hide centered\">\n\t<a href=\"https:\/\/youtu.be\/ISYX8_rcgh8\" rel=\"prettyPhoto\" title=\"Play Video\">Play Video <i class=\"fa fa-play-circle fa-2x\"><\/i><\/a>\n<\/div>\t\t\t\t<\/div>\n\t\t\t\t<\/div>\n\t\t\t\t<div class=\"elementor-element elementor-element-e7764ab elementor-widget elementor-widget-text-editor\" data-id=\"e7764ab\" data-element_type=\"widget\" data-widget_type=\"text-editor.default\">\n\t\t\t\t<div class=\"elementor-widget-container\">\n\t\t\t\t\t\t\t\t\t<p>&iquest;Necesitas ayuda? &iexcl;<a href=\"https:\/\/emailchef.com\/es\/soporte-a-clientes\/\">Cont&aacute;ctanos<\/a>!&nbsp;<\/p>\n<p>Nuestro servicio de atenci&oacute;n al cliente est&aacute; aqu&iacute; para ayudarte.<\/p>\t\t\t\t\t\t\t\t<\/div>\n\t\t\t\t<\/div>\n\t\t\t\t\t<\/div>\n\t\t<\/div>\n\t\t\t\t\t<\/div>\n\t\t<\/section>\n\t\t\t\t<\/div>\n\t\t","protected":false},"excerpt":{"rendered":"<p>El editor drag-and-drop de Emailchef est&aacute; dise&ntilde;ado para ser simple, divertido y accesible para todos. Lo creamos con un objetivo claro: adaptarse a las necesidades tanto de expertos como de principiantes. As&iacute; naci&oacute; nuestro editor de bloques. De esta manera, podr&aacute;s crear correos electr&oacute;nicos personalizados, profesionales y que se adapten autom&aacute;ticamente a todas las pantallas. [&hellip;]<\/p>\n","protected":false},"author":5,"featured_media":0,"parent":3006,"menu_order":3,"comment_status":"closed","ping_status":"closed","template":"","meta":{"_acf_changed":false,"inline_featured_image":false,"footnotes":""},"g1_relation_tag":[],"class_list":["post-3041","page","type-page","status-publish","hentry"],"acf":[],"yoast_head":"<!-- This site is optimized with the Yoast SEO plugin v24.8.1 - https:\/\/yoast.com\/wordpress\/plugins\/seo\/ -->\n<title>El Template Creator m\u00e1s r\u00e1pido - Emailchef<\/title>\n<meta name=\"description\" content=\"Desea una plantilla personalizada para su campa\u00f1a de marketing por email... pero no tiene conocimientos sobre HTML? Emailchef es simple, claro, e intuitivo.\" \/>\n<meta name=\"robots\" content=\"index, follow, max-snippet:-1, max-image-preview:large, max-video-preview:-1\" \/>\n<link rel=\"canonical\" href=\"https:\/\/emailchef.com\/es\/caracteristicas\/el-template-creator-mas-rapido\/\" \/>\n<meta name=\"twitter:label1\" content=\"Tiempo de lectura\" \/>\n\t<meta name=\"twitter:data1\" content=\"3 minutos\" \/>\n<!-- \/ Yoast SEO plugin. -->","yoast_head_json":{"title":"El Template Creator m\u00e1s r\u00e1pido - Emailchef","description":"Desea una plantilla personalizada para su campa\u00f1a de marketing por email... pero no tiene conocimientos sobre HTML? Emailchef es simple, claro, e intuitivo.","robots":{"index":"index","follow":"follow","max-snippet":"max-snippet:-1","max-image-preview":"max-image-preview:large","max-video-preview":"max-video-preview:-1"},"canonical":"https:\/\/emailchef.com\/es\/caracteristicas\/el-template-creator-mas-rapido\/","twitter_misc":{"Tiempo de lectura":"3 minutos"},"schema":{"@context":"https:\/\/schema.org","@graph":[{"@type":"WebPage","@id":"https:\/\/emailchef.com\/es\/caracteristicas\/el-template-creator-mas-rapido\/","url":"https:\/\/emailchef.com\/es\/caracteristicas\/el-template-creator-mas-rapido\/","name":"El Template Creator m\u00e1s r\u00e1pido - Emailchef","isPartOf":{"@id":"https:\/\/emailchef.com\/es\/#website"},"primaryImageOfPage":{"@id":"https:\/\/emailchef.com\/es\/caracteristicas\/el-template-creator-mas-rapido\/#primaryimage"},"image":{"@id":"https:\/\/emailchef.com\/es\/caracteristicas\/el-template-creator-mas-rapido\/#primaryimage"},"thumbnailUrl":"https:\/\/emailchef.com\/wp-content\/uploads\/2022\/06\/templates-creator.png","datePublished":"2014-09-04T10:46:01+00:00","dateModified":"2024-10-17T12:28:10+00:00","description":"Desea una plantilla personalizada para su campa\u00f1a de marketing por email... pero no tiene conocimientos sobre HTML? Emailchef es simple, claro, e intuitivo.","breadcrumb":{"@id":"https:\/\/emailchef.com\/es\/caracteristicas\/el-template-creator-mas-rapido\/#breadcrumb"},"inLanguage":"es","potentialAction":[{"@type":"ReadAction","target":["https:\/\/emailchef.com\/es\/caracteristicas\/el-template-creator-mas-rapido\/"]}]},{"@type":"ImageObject","inLanguage":"es","@id":"https:\/\/emailchef.com\/es\/caracteristicas\/el-template-creator-mas-rapido\/#primaryimage","url":"https:\/\/emailchef.com\/wp-content\/uploads\/2022\/06\/templates-creator.png","contentUrl":"https:\/\/emailchef.com\/wp-content\/uploads\/2022\/06\/templates-creator.png"},{"@type":"BreadcrumbList","@id":"https:\/\/emailchef.com\/es\/caracteristicas\/el-template-creator-mas-rapido\/#breadcrumb","itemListElement":[{"@type":"ListItem","position":1,"name":"Home","item":"https:\/\/emailchef.com\/es\/emailchef-email-marketing-services\/"},{"@type":"ListItem","position":2,"name":"Descubre las funciones de Emailchef","item":"https:\/\/emailchef.com\/es\/caracteristicas\/"},{"@type":"ListItem","position":3,"name":"Un editor drag-and-drop al alcance de expertos y principiantes"}]},{"@type":"WebSite","@id":"https:\/\/emailchef.com\/es\/#website","url":"https:\/\/emailchef.com\/es\/","name":"Emailchef","description":"Tasty recipes for email marketing","publisher":{"@id":"https:\/\/emailchef.com\/es\/#organization"},"potentialAction":[{"@type":"SearchAction","target":{"@type":"EntryPoint","urlTemplate":"https:\/\/emailchef.com\/es\/?s={search_term_string}"},"query-input":{"@type":"PropertyValueSpecification","valueRequired":true,"valueName":"search_term_string"}}],"inLanguage":"es"},{"@type":"Organization","@id":"https:\/\/emailchef.com\/es\/#organization","name":"Delivery Tech Corp.","url":"https:\/\/emailchef.com\/es\/","logo":{"@type":"ImageObject","inLanguage":"es","@id":"https:\/\/emailchef.com\/es\/#\/schema\/logo\/image\/","url":"https:\/\/emailchef.com\/wp-content\/uploads\/2022\/04\/logo-sama.png","contentUrl":"https:\/\/emailchef.com\/wp-content\/uploads\/2022\/04\/logo-sama.png","width":237,"height":80,"caption":"Delivery Tech Corp."},"image":{"@id":"https:\/\/emailchef.com\/es\/#\/schema\/logo\/image\/"}}]}},"_links":{"self":[{"href":"https:\/\/emailchef.com\/es\/wp-json\/wp\/v2\/pages\/3041"}],"collection":[{"href":"https:\/\/emailchef.com\/es\/wp-json\/wp\/v2\/pages"}],"about":[{"href":"https:\/\/emailchef.com\/es\/wp-json\/wp\/v2\/types\/page"}],"author":[{"embeddable":true,"href":"https:\/\/emailchef.com\/es\/wp-json\/wp\/v2\/users\/5"}],"replies":[{"embeddable":true,"href":"https:\/\/emailchef.com\/es\/wp-json\/wp\/v2\/comments?post=3041"}],"version-history":[{"count":16,"href":"https:\/\/emailchef.com\/es\/wp-json\/wp\/v2\/pages\/3041\/revisions"}],"predecessor-version":[{"id":76208,"href":"https:\/\/emailchef.com\/es\/wp-json\/wp\/v2\/pages\/3041\/revisions\/76208"}],"up":[{"embeddable":true,"href":"https:\/\/emailchef.com\/es\/wp-json\/wp\/v2\/pages\/3006"}],"wp:attachment":[{"href":"https:\/\/emailchef.com\/es\/wp-json\/wp\/v2\/media?parent=3041"}],"wp:term":[{"taxonomy":"g1_relation_tag","embeddable":true,"href":"https:\/\/emailchef.com\/es\/wp-json\/wp\/v2\/g1_relation_tag?post=3041"}],"curies":[{"name":"wp","href":"https:\/\/api.w.org\/{rel}","templated":true}]}}