{"id":3039,"date":"2014-09-11T09:44:32","date_gmt":"2014-09-11T09:44:32","guid":{"rendered":"http:\/\/emailchef.com\/es\/?page_id=3039"},"modified":"2016-12-29T10:45:43","modified_gmt":"2016-12-29T10:45:43","slug":"servicios-de-email-masivos","status":"publish","type":"page","link":"https:\/\/emailchef.com\/es\/servicios-de-email-masivos\/","title":{"rendered":"Servicios de email masivos"},"content":{"rendered":"<p class=\"western\" lang=\"es-AR\">Todo lo que usted necesita saber sobre los <strong>servicios de email masivos<\/strong>: qu\u00e9 son, c\u00f3mo utilizarlos, c\u00f3mo potenciar su marca y ganancias con estos servicios.<\/p>\n<p>[related_pages template=&#8221;one_third&#8221; effect=&#8221;none&#8221; hide=&#8221;featured-media,author&#8221;] [\/related_pages]<\/p>\n","protected":false},"excerpt":{"rendered":"<p>Todo lo que usted necesita saber sobre los servicios de email masivos: qu\u00e9 son, c\u00f3mo utilizarlos, c\u00f3mo potenciar su marca y ganancias con estos servicios. [related_pages template=&#8221;one_third&#8221; effect=&#8221;none&#8221; hide=&#8221;featured-media,author&#8221;] [\/related_pages]<\/p>\n","protected":false},"author":5,"featured_media":0,"parent":0,"menu_order":60,"comment_status":"closed","ping_status":"closed","template":"","meta":{"_acf_changed":false,"inline_featured_image":false,"footnotes":""},"g1_relation_tag":[59],"class_list":["post-3039","page","type-page","status-publish","hentry","g1_relation_tag-email-massa"],"acf":[],"yoast_head":"<!-- This site is optimized with the Yoast SEO plugin v24.8.1 - https:\/\/yoast.com\/wordpress\/plugins\/seo\/ -->\n<title>Servicios de email masivos - Emailchef<\/title>\n<meta name=\"description\" content=\"Todo lo que usted necesita saber sobre los servicios de email masivos: qu\u00e9 son, c\u00f3mo utilizarlos, c\u00f3mo potenciar su marca y ganancias con estos servicios.\" \/>\n<meta name=\"robots\" content=\"index, follow, max-snippet:-1, max-image-preview:large, max-video-preview:-1\" \/>\n<link rel=\"canonical\" href=\"https:\/\/emailchef.com\/es\/servicios-de-email-masivos\/\" \/>\n<!-- \/ Yoast SEO plugin. -->","yoast_head_json":{"title":"Servicios de email masivos - Emailchef","description":"Todo lo que usted necesita saber sobre los servicios de email masivos: qu\u00e9 son, c\u00f3mo utilizarlos, c\u00f3mo potenciar su marca y ganancias con estos servicios.","robots":{"index":"index","follow":"follow","max-snippet":"max-snippet:-1","max-image-preview":"max-image-preview:large","max-video-preview":"max-video-preview:-1"},"canonical":"https:\/\/emailchef.com\/es\/servicios-de-email-masivos\/","schema":{"@context":"https:\/\/schema.org","@graph":[{"@type":"WebPage","@id":"https:\/\/emailchef.com\/es\/servicios-de-email-masivos\/","url":"https:\/\/emailchef.com\/es\/servicios-de-email-masivos\/","name":"Servicios de email masivos - Emailchef","isPartOf":{"@id":"https:\/\/emailchef.com\/es\/#website"},"datePublished":"2014-09-11T09:44:32+00:00","dateModified":"2016-12-29T10:45:43+00:00","description":"Todo lo que usted necesita saber sobre los servicios de email masivos: qu\u00e9 son, c\u00f3mo utilizarlos, c\u00f3mo potenciar su marca y ganancias con estos servicios.","breadcrumb":{"@id":"https:\/\/emailchef.com\/es\/servicios-de-email-masivos\/#breadcrumb"},"inLanguage":"es","potentialAction":[{"@type":"ReadAction","target":["https:\/\/emailchef.com\/es\/servicios-de-email-masivos\/"]}]},{"@type":"BreadcrumbList","@id":"https:\/\/emailchef.com\/es\/servicios-de-email-masivos\/#breadcrumb","itemListElement":[{"@type":"ListItem","position":1,"name":"Home","item":"https:\/\/emailchef.com\/es\/emailchef-email-marketing-services\/"},{"@type":"ListItem","position":2,"name":"Servicios de email masivos"}]},{"@type":"WebSite","@id":"https:\/\/emailchef.com\/es\/#website","url":"https:\/\/emailchef.com\/es\/","name":"Emailchef","description":"Tasty recipes for email marketing","publisher":{"@id":"https:\/\/emailchef.com\/es\/#organization"},"potentialAction":[{"@type":"SearchAction","target":{"@type":"EntryPoint","urlTemplate":"https:\/\/emailchef.com\/es\/?s={search_term_string}"},"query-input":{"@type":"PropertyValueSpecification","valueRequired":true,"valueName":"search_term_string"}}],"inLanguage":"es"},{"@type":"Organization","@id":"https:\/\/emailchef.com\/es\/#organization","name":"Delivery Tech Corp.","url":"https:\/\/emailchef.com\/es\/","logo":{"@type":"ImageObject","inLanguage":"es","@id":"https:\/\/emailchef.com\/es\/#\/schema\/logo\/image\/","url":"https:\/\/emailchef.com\/wp-content\/uploads\/2022\/04\/logo-sama.png","contentUrl":"https:\/\/emailchef.com\/wp-content\/uploads\/2022\/04\/logo-sama.png","width":237,"height":80,"caption":"Delivery Tech Corp."},"image":{"@id":"https:\/\/emailchef.com\/es\/#\/schema\/logo\/image\/"}}]}},"_links":{"self":[{"href":"https:\/\/emailchef.com\/es\/wp-json\/wp\/v2\/pages\/3039"}],"collection":[{"href":"https:\/\/emailchef.com\/es\/wp-json\/wp\/v2\/pages"}],"about":[{"href":"https:\/\/emailchef.com\/es\/wp-json\/wp\/v2\/types\/page"}],"author":[{"embeddable":true,"href":"https:\/\/emailchef.com\/es\/wp-json\/wp\/v2\/users\/5"}],"replies":[{"embeddable":true,"href":"https:\/\/emailchef.com\/es\/wp-json\/wp\/v2\/comments?post=3039"}],"version-history":[{"count":1,"href":"https:\/\/emailchef.com\/es\/wp-json\/wp\/v2\/pages\/3039\/revisions"}],"predecessor-version":[{"id":3040,"href":"https:\/\/emailchef.com\/es\/wp-json\/wp\/v2\/pages\/3039\/revisions\/3040"}],"wp:attachment":[{"href":"https:\/\/emailchef.com\/es\/wp-json\/wp\/v2\/media?parent=3039"}],"wp:term":[{"taxonomy":"g1_relation_tag","embeddable":true,"href":"https:\/\/emailchef.com\/es\/wp-json\/wp\/v2\/g1_relation_tag?post=3039"}],"curies":[{"name":"wp","href":"https:\/\/api.w.org\/{rel}","templated":true}]}}