{"id":3037,"date":"2014-09-18T12:20:33","date_gmt":"2014-09-18T12:20:33","guid":{"rendered":"http:\/\/emailchef.com\/es\/?page_id=3037"},"modified":"2017-09-29T12:32:59","modified_gmt":"2017-09-29T12:32:59","slug":"email-autoresponder","status":"publish","type":"page","link":"https:\/\/emailchef.com\/es\/email-autoresponder\/","title":{"rendered":"Email autoresponder"},"content":{"rendered":"<p class=\"western\" lang=\"es-AR\">Un <strong>email autoresponder<\/strong> es un mensaje enviado autom\u00e1ticamente debido a un \u201cevento de disparo\u201d: un email de bienvenida despu\u00e9s de una suscripci\u00f3n, un recibo luego de una compra, un recordatorio despu\u00e9s de un cierto per\u00edodo de tiempo, etc.<\/p>\n<p class=\"western\" lang=\"es-AR\">El <strong>marketing por email autom\u00e1tico<\/strong> constituye un recurso esencial para toda campa\u00f1a de email profesional moderna, ya que ahorra tiempo y allana el flujo de informaci\u00f3n hacia los usuarios.<\/p>\n<p class=\"western\" lang=\"es-AR\">Es por ello que <a href=\"http:\/\/emailchef.com\/es\/servicio-gratuito-de-por-vida\/\">Emailchef<\/a> provee un servicio de <strong>autoresponder para gestionar<\/strong> f\u00e1cilmente cualquier tipo de mensajes recurrentes (tambi\u00e9n denominados <a href=\"http:\/\/emailchef.com\/es\/servicio-de-email-transaccional\/\">emails transaccionales<\/a>).<\/p>\n<p class=\"western\"><span lang=\"es-AR\">Todo lo que usted necesita hacer es definir si el email<strong> estar\u00e1 basado en el tiempo o una acci\u00f3n<\/strong> \u2013 es decir, qu\u00e9 evento en particular ser\u00e1 disparado: por ejemplo, un email de seguimiento, un cumplea\u00f1os, un recordatorio despu\u00e9s de un clic en un newsletter.<\/span><\/p>\n<p class=\"western\" lang=\"es-AR\">Y una vez que lo haya configurado, no hay nada de qu\u00e9 preocuparse; Emailchef se encargar\u00e1 del proceso completo de env\u00edo.<\/p>\n<p class=\"western\" lang=\"es-AR\">Una caracter\u00edstica destacable de los autoresponders es que estos poseen la<strong> tasa de aperturas m\u00e1s altas<\/strong> entre todos los emails de marketing, debido a que se encuentran altamente orientados y son generados por un evento conocido por el usuario. Por supuesto, debido a que son tan \u201cpoderosos\u201d, es crucial dise\u00f1arlos perfectamente para convertirlos en una fuente de conversiones. En particular, usted deber\u00eda recordar:<\/p>\n<p class=\"western\" lang=\"es-AR\"><\/p>\n<ul>\n<li class=\"western\" lang=\"es-AR\"><strong>Redactar una l\u00ednea de asunto clara como el cristal<\/strong>: No existe necesidad de ser muy creativo en este caso; es m\u00e1s importante ser claro y declarar el objetivo del email transaccional.<\/li>\n<li class=\"western\"><span lang=\"es-AR\"><strong>Vaya directo al punto<\/strong>. Ya que posee al menos el sentido de la expectativa sobre el autoresponder, sea tan conciso como pueda.<\/span><\/li>\n<li class=\"western\" lang=\"es-AR\"><strong>Utilice una plantilla simple<\/strong>. Nuevamente, no se exceda: una plantilla de email clara es todo lo que usted necesita para transmitir la informaci\u00f3n en la forma m\u00e1s r\u00e1pida.<\/li>\n<li class=\"western\"><span lang=\"es-AR\"><strong>Recuerde verificar los v\u00ednculos<\/strong>. Si su autoresponder contiene un llamado a la acci\u00f3n, siempre verifique que el v\u00ednculo funciona.<\/span><\/li>\n<\/ul>\n","protected":false},"excerpt":{"rendered":"<p>It&#8217;s a message sent automatically because of a &#8220;trigger event&#8221;: a welcome email after the subscription, a receipt after a purchase, a reminder etc.<\/p>\n","protected":false},"author":5,"featured_media":0,"parent":0,"menu_order":88,"comment_status":"closed","ping_status":"closed","template":"","meta":{"_acf_changed":false,"inline_featured_image":false,"footnotes":""},"g1_relation_tag":[19],"class_list":["post-3037","page","type-page","status-publish","hentry","g1_relation_tag-transactional-emails"],"acf":[],"yoast_head":"<!-- This site is optimized with the Yoast SEO plugin v24.8.1 - https:\/\/yoast.com\/wordpress\/plugins\/seo\/ -->\n<title>Email autoresponder - Emailchef<\/title>\n<meta name=\"description\" content=\"Un email autoresponder es un mensaje enviado autom\u00e1ticamente debido a un \u201cevento de disparo\u201d: un email de bienvenida despu\u00e9s de una suscripci\u00f3n, un recibo luego de una compra, un recordatorio despu\u00e9s de un cierto per\u00edodo de tiempo, etc.\" \/>\n<meta name=\"robots\" content=\"index, follow, max-snippet:-1, max-image-preview:large, max-video-preview:-1\" \/>\n<link rel=\"canonical\" href=\"https:\/\/emailchef.com\/es\/email-autoresponder\/\" \/>\n<meta name=\"twitter:label1\" content=\"Tiempo de lectura\" \/>\n\t<meta name=\"twitter:data1\" content=\"2 minutos\" \/>\n<!-- \/ Yoast SEO plugin. -->","yoast_head_json":{"title":"Email autoresponder - Emailchef","description":"Un email autoresponder es un mensaje enviado autom\u00e1ticamente debido a un \u201cevento de disparo\u201d: un email de bienvenida despu\u00e9s de una suscripci\u00f3n, un recibo luego de una compra, un recordatorio despu\u00e9s de un cierto per\u00edodo de tiempo, etc.","robots":{"index":"index","follow":"follow","max-snippet":"max-snippet:-1","max-image-preview":"max-image-preview:large","max-video-preview":"max-video-preview:-1"},"canonical":"https:\/\/emailchef.com\/es\/email-autoresponder\/","twitter_misc":{"Tiempo de lectura":"2 minutos"},"schema":{"@context":"https:\/\/schema.org","@graph":[{"@type":"WebPage","@id":"https:\/\/emailchef.com\/es\/email-autoresponder\/","url":"https:\/\/emailchef.com\/es\/email-autoresponder\/","name":"Email autoresponder - Emailchef","isPartOf":{"@id":"https:\/\/emailchef.com\/es\/#website"},"datePublished":"2014-09-18T12:20:33+00:00","dateModified":"2017-09-29T12:32:59+00:00","description":"Un email autoresponder es un mensaje enviado autom\u00e1ticamente debido a un \u201cevento de disparo\u201d: un email de bienvenida despu\u00e9s de una suscripci\u00f3n, un recibo luego de una compra, un recordatorio despu\u00e9s de un cierto per\u00edodo de tiempo, etc.","breadcrumb":{"@id":"https:\/\/emailchef.com\/es\/email-autoresponder\/#breadcrumb"},"inLanguage":"es","potentialAction":[{"@type":"ReadAction","target":["https:\/\/emailchef.com\/es\/email-autoresponder\/"]}]},{"@type":"BreadcrumbList","@id":"https:\/\/emailchef.com\/es\/email-autoresponder\/#breadcrumb","itemListElement":[{"@type":"ListItem","position":1,"name":"Home","item":"https:\/\/emailchef.com\/es\/emailchef-email-marketing-services\/"},{"@type":"ListItem","position":2,"name":"Email autoresponder"}]},{"@type":"WebSite","@id":"https:\/\/emailchef.com\/es\/#website","url":"https:\/\/emailchef.com\/es\/","name":"Emailchef","description":"Tasty recipes for email marketing","publisher":{"@id":"https:\/\/emailchef.com\/es\/#organization"},"potentialAction":[{"@type":"SearchAction","target":{"@type":"EntryPoint","urlTemplate":"https:\/\/emailchef.com\/es\/?s={search_term_string}"},"query-input":{"@type":"PropertyValueSpecification","valueRequired":true,"valueName":"search_term_string"}}],"inLanguage":"es"},{"@type":"Organization","@id":"https:\/\/emailchef.com\/es\/#organization","name":"Delivery Tech Corp.","url":"https:\/\/emailchef.com\/es\/","logo":{"@type":"ImageObject","inLanguage":"es","@id":"https:\/\/emailchef.com\/es\/#\/schema\/logo\/image\/","url":"https:\/\/emailchef.com\/wp-content\/uploads\/2022\/04\/logo-sama.png","contentUrl":"https:\/\/emailchef.com\/wp-content\/uploads\/2022\/04\/logo-sama.png","width":237,"height":80,"caption":"Delivery Tech Corp."},"image":{"@id":"https:\/\/emailchef.com\/es\/#\/schema\/logo\/image\/"}}]}},"_links":{"self":[{"href":"https:\/\/emailchef.com\/es\/wp-json\/wp\/v2\/pages\/3037"}],"collection":[{"href":"https:\/\/emailchef.com\/es\/wp-json\/wp\/v2\/pages"}],"about":[{"href":"https:\/\/emailchef.com\/es\/wp-json\/wp\/v2\/types\/page"}],"author":[{"embeddable":true,"href":"https:\/\/emailchef.com\/es\/wp-json\/wp\/v2\/users\/5"}],"replies":[{"embeddable":true,"href":"https:\/\/emailchef.com\/es\/wp-json\/wp\/v2\/comments?post=3037"}],"version-history":[{"count":3,"href":"https:\/\/emailchef.com\/es\/wp-json\/wp\/v2\/pages\/3037\/revisions"}],"predecessor-version":[{"id":3743,"href":"https:\/\/emailchef.com\/es\/wp-json\/wp\/v2\/pages\/3037\/revisions\/3743"}],"wp:attachment":[{"href":"https:\/\/emailchef.com\/es\/wp-json\/wp\/v2\/media?parent=3037"}],"wp:term":[{"taxonomy":"g1_relation_tag","embeddable":true,"href":"https:\/\/emailchef.com\/es\/wp-json\/wp\/v2\/g1_relation_tag?post=3037"}],"curies":[{"name":"wp","href":"https:\/\/api.w.org\/{rel}","templated":true}]}}