{"id":3024,"date":"2014-09-18T13:08:39","date_gmt":"2014-09-18T13:08:39","guid":{"rendered":"http:\/\/emailchef.com\/es\/?page_id=3024"},"modified":"2021-07-09T09:01:29","modified_gmt":"2021-07-09T09:01:29","slug":"email-marketing-basado-en-la-nube","status":"publish","type":"page","link":"https:\/\/emailchef.com\/es\/email-marketing-basado-en-la-nube\/","title":{"rendered":"Email marketing basado en la nube"},"content":{"rendered":"<p class=\"western\" lang=\"es-AR\">La principal diferencia entre ejecutar una aplicaci\u00f3n de <strong>marketing por email basada en web<\/strong> y gestionar un software de env\u00edo de emails de escritorio consiste en que la primera se encuentra <strong>completamente disponible en la web<\/strong>.<\/p>\n<p class=\"western\"><span lang=\"es-AR\">En otras palabras, usted no necesita descargar ning\u00fan software, y puede utilizar el servicio de marketing por email en <strong>donde lo desee<\/strong>, desde cualquier dispositivo: todo se encuentra \u201cen la nube\u201d, es decir en servidores remotos, listos para ser accedidos en cualquier momento.<\/span><\/p>\n<p>En resumen, un <strong>cliente de email basado en web<\/strong> le permite:<\/p>\n<ul>\n<li class=\"western\" lang=\"es-AR\">enviar m\u00e1s emails en menos tiempo;<\/li>\n<li class=\"western\" lang=\"es-AR\">tener m\u00e1s opciones de env\u00edo flexibles;<\/li>\n<li class=\"western\" lang=\"es-AR\">guardar y recuperar f\u00e1cilmente toda su informaci\u00f3n mediante el almacenamiento en la nube;<\/li>\n<li class=\"western\" lang=\"es-AR\">trabajar con sus listas en cualquier lugar en cualquier momento;<\/li>\n<li class=\"western\" lang=\"es-AR\">disfrutar de herramientas de an\u00e1lisis avanzadas;<\/li>\n<li class=\"western\" lang=\"es-AR\">elegir entre diferentes planes de servicios de acuerdo a sus necesidades.<\/li>\n<\/ul>\n<p class=\"western\" lang=\"es-AR\">Por supuesto, usted podr\u00eda cuestionarse sobre la seguridad del <strong>email basado en la nube<\/strong>. Despu\u00e9s de todo, usted sube todas sus listas a un servidor en la nube que puede estar sujeto a ataques.<\/p>\n<p class=\"western\"><span lang=\"es-AR\">Nos enorgullece afirmar que Emailchef <strong>valora la privacidad y seguridad de toda su informaci\u00f3n<\/strong>: nuestros servidores de confianza posee m\u00faltiples capas de protecci\u00f3n digital, y por ninguna raz\u00f3n su informaci\u00f3n ser\u00e1 compartida o utilizada. <strong>Todo el contenido se encuentra y siempre se encontrar\u00e1 bajo su estricto control directo<\/strong>.<\/span><\/p>\n<p class=\"western\" lang=\"es-AR\">El marketing por email basado en web ofrece una gran oportunidad para estimular el inter\u00e9s y compromiso de sus clientes, trabajando directamente desde la web y gestionando f\u00e1cilmente sus listas y newsletters. <a href=\"http:\/\/emailchef.com\/user-signup\">Prueba ahora nuestro servicio<\/a>&nbsp;y <strong>comience a cocinar su propia campa\u00f1a<\/strong>!<\/p>\n","protected":false},"excerpt":{"rendered":"<p>Using a cloud email sending service you can access your account and manage your lists and campaigns whenever you want and wherever you are.<\/p>\n","protected":false},"author":5,"featured_media":0,"parent":0,"menu_order":96,"comment_status":"closed","ping_status":"closed","template":"","meta":{"_acf_changed":false,"inline_featured_image":false,"footnotes":""},"g1_relation_tag":[22],"class_list":["post-3024","page","type-page","status-publish","hentry","g1_relation_tag-cloud-email-sending"],"acf":[],"yoast_head":"<!-- This site is optimized with the Yoast SEO plugin v24.8.1 - https:\/\/yoast.com\/wordpress\/plugins\/seo\/ -->\n<title>Email marketing basado en la nube - Emailchef<\/title>\n<meta name=\"robots\" content=\"index, follow, max-snippet:-1, max-image-preview:large, max-video-preview:-1\" \/>\n<link rel=\"canonical\" href=\"https:\/\/emailchef.com\/es\/email-marketing-basado-en-la-nube\/\" \/>\n<meta name=\"twitter:label1\" content=\"Tiempo de lectura\" \/>\n\t<meta name=\"twitter:data1\" content=\"2 minutos\" \/>\n<!-- \/ Yoast SEO plugin. -->","yoast_head_json":{"title":"Email marketing basado en la nube - Emailchef","robots":{"index":"index","follow":"follow","max-snippet":"max-snippet:-1","max-image-preview":"max-image-preview:large","max-video-preview":"max-video-preview:-1"},"canonical":"https:\/\/emailchef.com\/es\/email-marketing-basado-en-la-nube\/","twitter_misc":{"Tiempo de lectura":"2 minutos"},"schema":{"@context":"https:\/\/schema.org","@graph":[{"@type":"WebPage","@id":"https:\/\/emailchef.com\/es\/email-marketing-basado-en-la-nube\/","url":"https:\/\/emailchef.com\/es\/email-marketing-basado-en-la-nube\/","name":"Email marketing basado en la nube - Emailchef","isPartOf":{"@id":"https:\/\/emailchef.com\/es\/#website"},"datePublished":"2014-09-18T13:08:39+00:00","dateModified":"2021-07-09T09:01:29+00:00","breadcrumb":{"@id":"https:\/\/emailchef.com\/es\/email-marketing-basado-en-la-nube\/#breadcrumb"},"inLanguage":"es","potentialAction":[{"@type":"ReadAction","target":["https:\/\/emailchef.com\/es\/email-marketing-basado-en-la-nube\/"]}]},{"@type":"BreadcrumbList","@id":"https:\/\/emailchef.com\/es\/email-marketing-basado-en-la-nube\/#breadcrumb","itemListElement":[{"@type":"ListItem","position":1,"name":"Home","item":"https:\/\/emailchef.com\/es\/"},{"@type":"ListItem","position":2,"name":"Email marketing basado en la nube"}]},{"@type":"WebSite","@id":"https:\/\/emailchef.com\/es\/#website","url":"https:\/\/emailchef.com\/es\/","name":"Emailchef","description":"Tasty recipes for email marketing","publisher":{"@id":"https:\/\/emailchef.com\/es\/#organization"},"potentialAction":[{"@type":"SearchAction","target":{"@type":"EntryPoint","urlTemplate":"https:\/\/emailchef.com\/es\/?s={search_term_string}"},"query-input":{"@type":"PropertyValueSpecification","valueRequired":true,"valueName":"search_term_string"}}],"inLanguage":"es"},{"@type":"Organization","@id":"https:\/\/emailchef.com\/es\/#organization","name":"Delivery Tech Corp.","url":"https:\/\/emailchef.com\/es\/","logo":{"@type":"ImageObject","inLanguage":"es","@id":"https:\/\/emailchef.com\/es\/#\/schema\/logo\/image\/","url":"https:\/\/emailchef.com\/wp-content\/uploads\/2022\/04\/logo-sama.png","contentUrl":"https:\/\/emailchef.com\/wp-content\/uploads\/2022\/04\/logo-sama.png","width":237,"height":80,"caption":"Delivery Tech Corp."},"image":{"@id":"https:\/\/emailchef.com\/es\/#\/schema\/logo\/image\/"}}]}},"_links":{"self":[{"href":"https:\/\/emailchef.com\/es\/wp-json\/wp\/v2\/pages\/3024"}],"collection":[{"href":"https:\/\/emailchef.com\/es\/wp-json\/wp\/v2\/pages"}],"about":[{"href":"https:\/\/emailchef.com\/es\/wp-json\/wp\/v2\/types\/page"}],"author":[{"embeddable":true,"href":"https:\/\/emailchef.com\/es\/wp-json\/wp\/v2\/users\/5"}],"replies":[{"embeddable":true,"href":"https:\/\/emailchef.com\/es\/wp-json\/wp\/v2\/comments?post=3024"}],"version-history":[{"count":4,"href":"https:\/\/emailchef.com\/es\/wp-json\/wp\/v2\/pages\/3024\/revisions"}],"predecessor-version":[{"id":45138,"href":"https:\/\/emailchef.com\/es\/wp-json\/wp\/v2\/pages\/3024\/revisions\/45138"}],"wp:attachment":[{"href":"https:\/\/emailchef.com\/es\/wp-json\/wp\/v2\/media?parent=3024"}],"wp:term":[{"taxonomy":"g1_relation_tag","embeddable":true,"href":"https:\/\/emailchef.com\/es\/wp-json\/wp\/v2\/g1_relation_tag?post=3024"}],"curies":[{"name":"wp","href":"https:\/\/api.w.org\/{rel}","templated":true}]}}