{"id":3019,"date":"2014-09-15T15:08:40","date_gmt":"2014-09-15T15:08:40","guid":{"rendered":"http:\/\/emailchef.com\/es\/?page_id=3019"},"modified":"2016-12-29T10:45:47","modified_gmt":"2016-12-29T10:45:47","slug":"servicio-de-correo-masivo","status":"publish","type":"page","link":"https:\/\/emailchef.com\/es\/servicio-de-correo-masivo\/","title":{"rendered":"Servicio de correo masivo"},"content":{"rendered":"<p class=\"western\"><span lang=\"es-AR\">Un <strong>servicio de email masivo<\/strong> es una plataforma online dedicada a gestionar corres <strong>masivos basados en permisos<\/strong> (tales como newsletters, emails publicitarios y ofertas comerciales).<\/span><\/p>\n<p class=\"western\"><span lang=\"es-AR\">Un servicio de email masivo b\u00e1sico simplemente permite enviar mensajes m\u00faltiples e ilimitados, pero las aplicaciones avanzadas tambi\u00e9n ofrecen herramientas para la <strong>edici\u00f3n de emails HTML<\/strong>, creaci\u00f3n y gesti\u00f3n de listas, dise\u00f1o de formularios de suscripci\u00f3n, reportes de informaci\u00f3n, etc. En este caso, generalmente hablamos de una plataforma de marketing por email m\u00e1s que un simple proveedor de servicios de correos masivos.<\/span><\/p>\n<p>&nbsp;<\/p>\n<p class=\"western\" lang=\"es-AR\">Por supuesto, es muy importante que estas aplicaciones aseguren la<strong> mayor capacidad de entrega<\/strong> \u2013 es decir, que deben garantizar que todos los emails sean entregados en forma r\u00e1pida y efectiva a las bandejas de entradas de los lectores, sin importar la cantidad de direcciones que posea en su lista.<\/p>\n<p class=\"western\" lang=\"es-AR\">Emailchef es el <strong>mejor servicio de correo masivo<\/strong> del mercado, tanto en t\u00e9rminos de flexibilidad como de potencia. Nos hemos esforzado para dise\u00f1ar la mejor interfaz que usted pueda encontrar: todo se encuentra en el lugar correcto para la creaci\u00f3n, env\u00edo y an\u00e1lisis de emails.<\/p>\n<p class=\"western\" lang=\"es-AR\">Tambi\u00e9n es posible gestionar autoresponders, crear formularios web de suscripci\u00f3n simple o confirmada, organizar sus listas de contactos como lo desee (con opciones de segmentaci\u00f3n avanzada para crear campa\u00f1as realmente orientadas) y mucho m\u00e1s. Con la certeza de que todos los emails enviados ser\u00e1n entregados correctamente a todos los destinatarios.<\/p>\n<p class=\"western\" lang=\"es-AR\">Oh, y hemos mencionado que nuestra plataforma de env\u00edo de emails es <strong>completamente gratis<\/strong> para enviar hasta 500 suscriptores?<\/p>\n","protected":false},"excerpt":{"rendered":"<p>A bulk email service is an online platform dedicated to manage permission-based mass mailings (like newsletters, advertising emails or commercial offers).<\/p>\n","protected":false},"author":5,"featured_media":0,"parent":0,"menu_order":66,"comment_status":"closed","ping_status":"closed","template":"","meta":{"_acf_changed":false,"inline_featured_image":false,"footnotes":""},"g1_relation_tag":[11],"class_list":["post-3019","page","type-page","status-publish","hentry","g1_relation_tag-bulk-email-sending"],"acf":[],"yoast_head":"<!-- This site is optimized with the Yoast SEO plugin v24.8.1 - https:\/\/yoast.com\/wordpress\/plugins\/seo\/ -->\n<title>Servicio de correo masivo - Emailchef<\/title>\n<meta name=\"description\" content=\"Un servicio de email masivo es una plataforma online dedicada a gestionar corres masivos basados en permisos (tales como newsletters, emails publicitarios y ofertas comerciales).\" \/>\n<meta name=\"robots\" content=\"index, follow, max-snippet:-1, max-image-preview:large, max-video-preview:-1\" \/>\n<link rel=\"canonical\" href=\"https:\/\/emailchef.com\/es\/servicio-de-correo-masivo\/\" \/>\n<meta name=\"twitter:label1\" content=\"Tiempo de lectura\" \/>\n\t<meta name=\"twitter:data1\" content=\"1 minuto\" \/>\n<!-- \/ Yoast SEO plugin. -->","yoast_head_json":{"title":"Servicio de correo masivo - Emailchef","description":"Un servicio de email masivo es una plataforma online dedicada a gestionar corres masivos basados en permisos (tales como newsletters, emails publicitarios y ofertas comerciales).","robots":{"index":"index","follow":"follow","max-snippet":"max-snippet:-1","max-image-preview":"max-image-preview:large","max-video-preview":"max-video-preview:-1"},"canonical":"https:\/\/emailchef.com\/es\/servicio-de-correo-masivo\/","twitter_misc":{"Tiempo de lectura":"1 minuto"},"schema":{"@context":"https:\/\/schema.org","@graph":[{"@type":"WebPage","@id":"https:\/\/emailchef.com\/es\/servicio-de-correo-masivo\/","url":"https:\/\/emailchef.com\/es\/servicio-de-correo-masivo\/","name":"Servicio de correo masivo - Emailchef","isPartOf":{"@id":"https:\/\/emailchef.com\/es\/#website"},"datePublished":"2014-09-15T15:08:40+00:00","dateModified":"2016-12-29T10:45:47+00:00","description":"Un servicio de email masivo es una plataforma online dedicada a gestionar corres masivos basados en permisos (tales como newsletters, emails publicitarios y ofertas comerciales).","breadcrumb":{"@id":"https:\/\/emailchef.com\/es\/servicio-de-correo-masivo\/#breadcrumb"},"inLanguage":"es","potentialAction":[{"@type":"ReadAction","target":["https:\/\/emailchef.com\/es\/servicio-de-correo-masivo\/"]}]},{"@type":"BreadcrumbList","@id":"https:\/\/emailchef.com\/es\/servicio-de-correo-masivo\/#breadcrumb","itemListElement":[{"@type":"ListItem","position":1,"name":"Home","item":"https:\/\/emailchef.com\/es\/emailchef-email-marketing-services\/"},{"@type":"ListItem","position":2,"name":"Servicio de correo masivo"}]},{"@type":"WebSite","@id":"https:\/\/emailchef.com\/es\/#website","url":"https:\/\/emailchef.com\/es\/","name":"Emailchef","description":"Tasty recipes for email marketing","publisher":{"@id":"https:\/\/emailchef.com\/es\/#organization"},"potentialAction":[{"@type":"SearchAction","target":{"@type":"EntryPoint","urlTemplate":"https:\/\/emailchef.com\/es\/?s={search_term_string}"},"query-input":{"@type":"PropertyValueSpecification","valueRequired":true,"valueName":"search_term_string"}}],"inLanguage":"es"},{"@type":"Organization","@id":"https:\/\/emailchef.com\/es\/#organization","name":"Delivery Tech Corp.","url":"https:\/\/emailchef.com\/es\/","logo":{"@type":"ImageObject","inLanguage":"es","@id":"https:\/\/emailchef.com\/es\/#\/schema\/logo\/image\/","url":"https:\/\/emailchef.com\/wp-content\/uploads\/2022\/04\/logo-sama.png","contentUrl":"https:\/\/emailchef.com\/wp-content\/uploads\/2022\/04\/logo-sama.png","width":237,"height":80,"caption":"Delivery Tech Corp."},"image":{"@id":"https:\/\/emailchef.com\/es\/#\/schema\/logo\/image\/"}}]}},"_links":{"self":[{"href":"https:\/\/emailchef.com\/es\/wp-json\/wp\/v2\/pages\/3019"}],"collection":[{"href":"https:\/\/emailchef.com\/es\/wp-json\/wp\/v2\/pages"}],"about":[{"href":"https:\/\/emailchef.com\/es\/wp-json\/wp\/v2\/types\/page"}],"author":[{"embeddable":true,"href":"https:\/\/emailchef.com\/es\/wp-json\/wp\/v2\/users\/5"}],"replies":[{"embeddable":true,"href":"https:\/\/emailchef.com\/es\/wp-json\/wp\/v2\/comments?post=3019"}],"version-history":[{"count":2,"href":"https:\/\/emailchef.com\/es\/wp-json\/wp\/v2\/pages\/3019\/revisions"}],"predecessor-version":[{"id":4742,"href":"https:\/\/emailchef.com\/es\/wp-json\/wp\/v2\/pages\/3019\/revisions\/4742"}],"wp:attachment":[{"href":"https:\/\/emailchef.com\/es\/wp-json\/wp\/v2\/media?parent=3019"}],"wp:term":[{"taxonomy":"g1_relation_tag","embeddable":true,"href":"https:\/\/emailchef.com\/es\/wp-json\/wp\/v2\/g1_relation_tag?post=3019"}],"curies":[{"name":"wp","href":"https:\/\/api.w.org\/{rel}","templated":true}]}}