{"id":27960,"date":"2020-07-16T13:36:17","date_gmt":"2020-07-16T13:36:17","guid":{"rendered":"https:\/\/emailchef.com\/prezzi-restore\/"},"modified":"2026-04-21T16:08:23","modified_gmt":"2026-04-21T16:08:23","slug":"templates","status":"publish","type":"page","link":"https:\/\/emailchef.com\/es\/templates\/","title":{"rendered":"Prueba el editor drag &#038; drop de Emailchef"},"content":{"rendered":"\t\t<div data-elementor-type=\"wp-page\" data-elementor-id=\"27960\" class=\"elementor elementor-27960 elementor-21622\" data-elementor-post-type=\"page\">\n\t\t\t\t\t\t<section class=\"elementor-section elementor-top-section elementor-element elementor-element-39642d4 elementor-section-boxed elementor-section-height-default elementor-section-height-default\" data-id=\"39642d4\" data-element_type=\"section\">\n\t\t\t\t\t\t<div class=\"elementor-container elementor-column-gap-default\">\n\t\t\t\t\t<div class=\"elementor-column elementor-col-100 elementor-top-column elementor-element elementor-element-6ca9de6d\" data-id=\"6ca9de6d\" data-element_type=\"column\">\n\t\t\t<div class=\"elementor-widget-wrap elementor-element-populated\">\n\t\t\t\t\t\t<div class=\"elementor-element elementor-element-6754087b elementor-widget elementor-widget-text-editor\" data-id=\"6754087b\" data-element_type=\"widget\" data-widget_type=\"text-editor.default\">\n\t\t\t\t<div class=\"elementor-widget-container\">\n\t\t\t\t\t\t\t\t\t<style>\r\n\t.ec_templates div.gallery {\r\n\t  border: 1px solid #ccc;\r\n\t\tposition: relative;\r\n\t\toverflow: hidden;\r\n\t\tmargin-bottom: 20px;\r\n\t}\r\n\t.ec_templates div.gallery:hover {\r\n\t  border: 1px solid #777;\r\n\t}\r\n\t.ec_templates div.gallery img {\r\n\t\ttransition: .5s;\r\n\t  width: 100%;\r\n\t  height: auto;\r\n\t\tdisplay: block;\r\n\t}\r\n\t.ec_templates div.gallery:hover img{\r\n\t  transform: scale(1.1);\r\n\t}\r\n\t.ec_templates div.desc {\r\n\t\twidth: 100%;\r\n\t\tbottom: -150px;\r\n\t\tposition: absolute;\r\n\t\tpadding: 15px 10px;\r\n\t\ttext-align: center;\r\n\t\tleft: 0;\r\n\t\tcolor: #FFFFFF;\r\n\t\tbackground-color: #899399;\r\n\t\ttransition: .5s;\r\n\t\t-webkit-box-shadow: 0px 0px 16px 0px rgba(0,0,0,0.33); \r\n\t\tbox-shadow: 0px 0px 16px 0px rgba(0,0,0,0.33);\r\n\t}\r\n\t.ec_templates .gallery:hover div.desc {\r\n\t\tbottom: 0;\r\n\t}\r\n\t.ec_templates * {\r\n\t  box-sizing: border-box;\r\n\t}\r\n\t.ec_templates-button{\r\n\t\tposition: absolute;\r\n\t\twidth: 100%;\r\n\t\theight: 100%;\r\n\t\tdisplay: flex;\r\n\t\ttop: 0;\r\n\t\tleft: 0;\r\n\t\talign-items: center;\r\n\t\tjustify-content: center;\r\n\t}\r\n\t.ec_templates a{\r\n\t\ttransition: .5s;\r\n\t\tdisplay: flex;\r\n\t\twidth: 100%;\r\n\t\theight: 100%;\r\n\t\tposition: relative;\r\n\t\ttop: 0;\r\n\t\tbottom: 0;\r\n\t\tleft: 0;\r\n\t\talign-items: center;\r\n\t\tjustify-content: center;\r\n\t}\r\n\t.ec_templates .responsive {\r\n\t  padding: 0 10px;\r\n\t  float: left;\r\n\t  width: 24.99999%;\r\n\t}\r\n\t.ec_templates .elementor-button-content-wrapper{\r\n\t\tdisplay: -webkit-box;\r\n\t\tdisplay: -ms-flexbox;\r\n\t\tdisplay: flex;\r\n\t\t-webkit-box-pack: center;\r\n\t\t-ms-flex-pack: center;\r\n\t\tjustify-content: center;\r\n\t\twidth: 100%;\r\n\t\theight: 100%;\r\n\t\tposition: absolute;\r\n\t\ttop: 0;\r\n\t\talign-items: center;\r\n\t}\r\n\t.ec_templates .elementor-button{\r\n\t\tbackground-color: #23244E;\r\n\t}\r\n\t@media only screen and (max-width: 1024px) {\r\n\t  .ec_templates .responsive {\r\n\t\twidth: 32.99999%;\r\n\t\tmargin: 6px 0;\r\n\t  }\r\n\t}\r\n\t@media only screen and (max-width: 600px) {\r\n\t  .ec_templates .responsive {\r\n\t\twidth: 100%;\r\n\t  }\r\n\t}\r\n\t\r\n<\/style>\r\n<div class=\"ec_templates clearfix\">\r\n\t<div class=\"responsive\">\r\n\t  <div class=\"gallery\">\r\n\t\t  <a href=\"https:\/\/www.emailchef.com\/editor?id=2260&#038;lang=es\" class=\"\" role=\"button\">\r\n\t\t\t<img decoding=\"async\" src=\"https:\/\/mailstyler.s3.amazonaws.com\/templates\/2\/2260_1710948066.png\">\r\n\t\t\t<span class=\"elementor-button-content-wrapper\">\r\n\t\t\t\t<span class=\"elementor-button-link elementor-button elementor-size-md\">Usar en el editor<\/span>\r\n\t\t\t<\/span>\r\n\t\t<\/a>\r\n\t\t<div class=\"desc\">Primavera &#8211; perfumer\u00eda<\/div>\r\n\t  <\/div>\r\n\t<\/div>\r\n\t\t<div class=\"responsive\">\r\n\t  <div class=\"gallery\">\r\n\t\t  <a href=\"https:\/\/www.emailchef.com\/editor?id=1791&#038;lang=es\" class=\"\" role=\"button\">\r\n\t\t\t<img decoding=\"async\" src=\"https:\/\/mailstyler.s3.amazonaws.com\/templates\/2\/1791_1658833449.png\">\r\n\t\t\t<span class=\"elementor-button-content-wrapper\">\r\n\t\t\t\t<span class=\"elementor-button-link elementor-button elementor-size-md\">Usar en el editor<\/span>\r\n\t\t\t<\/span>\r\n\t\t<\/a>\r\n\t\t<div class=\"desc\">Webinar Invitaci\u00f3n<\/div>\r\n\t  <\/div>\r\n\t<\/div>\r\n\t\t<div class=\"responsive\">\r\n\t  <div class=\"gallery\">\r\n\t\t  <a href=\"https:\/\/www.emailchef.com\/editor?id=2289&#038;lang=es\" class=\"\" role=\"button\">\r\n\t\t\t<img decoding=\"async\" src=\"https:\/\/mailstyler.s3.amazonaws.com\/templates\/2\/2289_1726051749.png\">\r\n\t\t\t<span class=\"elementor-button-content-wrapper\">\r\n\t\t\t\t<span class=\"elementor-button-link elementor-button elementor-size-md\">Usar en el editor<\/span>\r\n\t\t\t<\/span>\r\n\t\t<\/a>\r\n\t\t<div class=\"desc\">Cursos en l\u00ednea<\/div>\r\n\t  <\/div>\r\n\t<\/div>\r\n\t\t<div class=\"responsive\">\r\n\t  <div class=\"gallery\">\r\n\t\t  <a href=\"https:\/\/www.emailchef.com\/editor?id=1233&#038;lang=es\" class=\"\" role=\"button\">\r\n\t\t\t<img decoding=\"async\" src=\"https:\/\/mailstyler.s3.amazonaws.com\/templates\/2\/1233_1652266672.png\">\r\n\t\t\t<span class=\"elementor-button-content-wrapper\">\r\n\t\t\t\t<span class=\"elementor-button-link elementor-button elementor-size-md\">Usar en el editor<\/span>\r\n\t\t\t<\/span>\r\n\t\t<\/a>\r\n\t\t<div class=\"desc\">Correo electr\u00f3nico de bienvenida<\/div>\r\n\t  <\/div>\r\n\t<\/div>\r\n\t\t<div class=\"responsive\">\r\n\t  <div class=\"gallery\">\r\n\t\t  <a href=\"https:\/\/www.emailchef.com\/editor?id=2214&#038;lang=es\" class=\"\" role=\"button\">\r\n\t\t\t<img decoding=\"async\" src=\"https:\/\/mailstyler.s3.amazonaws.com\/templates\/2\/2214_1689860818.png\">\r\n\t\t\t<span class=\"elementor-button-content-wrapper\">\r\n\t\t\t\t<span class=\"elementor-button-link elementor-button elementor-size-md\">Usar en el editor<\/span>\r\n\t\t\t<\/span>\r\n\t\t<\/a>\r\n\t\t<div class=\"desc\">Locos por el deporte<\/div>\r\n\t  <\/div>\r\n\t<\/div>\r\n\t\t<div class=\"responsive\">\r\n\t  <div class=\"gallery\">\r\n\t\t  <a href=\"https:\/\/www.emailchef.com\/editor?id=1781&#038;lang=es\" class=\"\" role=\"button\">\r\n\t\t\t<img decoding=\"async\" src=\"https:\/\/mailstyler.s3.amazonaws.com\/templates\/2\/1781_1658761957.png\">\r\n\t\t\t<span class=\"elementor-button-content-wrapper\">\r\n\t\t\t\t<span class=\"elementor-button-link elementor-button elementor-size-md\">Usar en el editor<\/span>\r\n\t\t\t<\/span>\r\n\t\t<\/a>\r\n\t\t<div class=\"desc\">Voluntarios &#8211; cuidado de ancianos<\/div>\r\n\t  <\/div>\r\n\t<\/div>\r\n\t\t<div class=\"responsive\">\r\n\t  <div class=\"gallery\">\r\n\t\t  <a href=\"https:\/\/www.emailchef.com\/editor?id=1695&#038;lang=es\" class=\"\" role=\"button\">\r\n\t\t\t<img decoding=\"async\" src=\"https:\/\/mailstyler.s3.amazonaws.com\/templates\/2\/1695_1654265212.png\">\r\n\t\t\t<span class=\"elementor-button-content-wrapper\">\r\n\t\t\t\t<span class=\"elementor-button-link elementor-button elementor-size-md\">Usar en el editor<\/span>\r\n\t\t\t<\/span>\r\n\t\t<\/a>\r\n\t\t<div class=\"desc\">Entrega a domicilio &#8211; restaurantes<\/div>\r\n\t  <\/div>\r\n\t<\/div>\r\n\t\t<div class=\"responsive\">\r\n\t  <div class=\"gallery\">\r\n\t\t  <a href=\"https:\/\/www.emailchef.com\/editor?id=1790&#038;lang=es\" class=\"\" role=\"button\">\r\n\t\t\t<img decoding=\"async\" src=\"https:\/\/mailstyler.s3.amazonaws.com\/templates\/2\/1790_1658829824.png\">\r\n\t\t\t<span class=\"elementor-button-content-wrapper\">\r\n\t\t\t\t<span class=\"elementor-button-link elementor-button elementor-size-md\">Usar en el editor<\/span>\r\n\t\t\t<\/span>\r\n\t\t<\/a>\r\n\t\t<div class=\"desc\"> Feliz cumplea\u00f1os &#8211;  pastel<\/div>\r\n\t  <\/div>\r\n\t<\/div>\r\n\t\t<div class=\"responsive\">\r\n\t  <div class=\"gallery\">\r\n\t\t  <a href=\"https:\/\/www.emailchef.com\/editor?id=1690&#038;lang=es\" class=\"\" role=\"button\">\r\n\t\t\t<img decoding=\"async\" src=\"https:\/\/mailstyler.s3.amazonaws.com\/templates\/2\/1690_1653991664.png\">\r\n\t\t\t<span class=\"elementor-button-content-wrapper\">\r\n\t\t\t\t<span class=\"elementor-button-link elementor-button elementor-size-md\">Usar en el editor<\/span>\r\n\t\t\t<\/span>\r\n\t\t<\/a>\r\n\t\t<div class=\"desc\">Crear p\u00e1ginas web &#8211; correos electr\u00f3nicos de bienvenida<\/div>\r\n\t  <\/div>\r\n\t<\/div>\r\n\t\t<div class=\"responsive\">\r\n\t  <div class=\"gallery\">\r\n\t\t  <a href=\"https:\/\/www.emailchef.com\/editor?id=1693&#038;lang=es\" class=\"\" role=\"button\">\r\n\t\t\t<img decoding=\"async\" src=\"https:\/\/mailstyler.s3.amazonaws.com\/templates\/2\/1693_1654004578.png\">\r\n\t\t\t<span class=\"elementor-button-content-wrapper\">\r\n\t\t\t\t<span class=\"elementor-button-link elementor-button elementor-size-md\">Usar en el editor<\/span>\r\n\t\t\t<\/span>\r\n\t\t<\/a>\r\n\t\t<div class=\"desc\"> Ropa &#8211; carrito abandonado<\/div>\r\n\t  <\/div>\r\n\t<\/div>\r\n\t\t<div class=\"responsive\">\r\n\t  <div class=\"gallery\">\r\n\t\t  <a href=\"https:\/\/www.emailchef.com\/editor?id=1694&#038;lang=es\" class=\"\" role=\"button\">\r\n\t\t\t<img decoding=\"async\" src=\"https:\/\/mailstyler.s3.amazonaws.com\/templates\/2\/1694_1654264941.png\">\r\n\t\t\t<span class=\"elementor-button-content-wrapper\">\r\n\t\t\t\t<span class=\"elementor-button-link elementor-button elementor-size-md\">Usar en el editor<\/span>\r\n\t\t\t<\/span>\r\n\t\t<\/a>\r\n\t\t<div class=\"desc\">Restaurante europeo<\/div>\r\n\t  <\/div>\r\n\t<\/div>\r\n\t\t<div class=\"responsive\">\r\n\t  <div class=\"gallery\">\r\n\t\t  <a href=\"https:\/\/www.emailchef.com\/editor?id=1796&#038;lang=es\" class=\"\" role=\"button\">\r\n\t\t\t<img decoding=\"async\" src=\"https:\/\/mailstyler.s3.amazonaws.com\/templates\/2\/1796_1658849929.png\">\r\n\t\t\t<span class=\"elementor-button-content-wrapper\">\r\n\t\t\t\t<span class=\"elementor-button-link elementor-button elementor-size-md\">Usar en el editor<\/span>\r\n\t\t\t<\/span>\r\n\t\t<\/a>\r\n\t\t<div class=\"desc\">HC &#8211; Correo electr\u00f3nico de bienvenida<\/div>\r\n\t  <\/div>\r\n\t<\/div>\r\n\t<\/div>\r\n\t\t\t\t\t\t\t\t<\/div>\n\t\t\t\t<\/div>\n\t\t\t\t\t<\/div>\n\t\t<\/div>\n\t\t\t\t\t<\/div>\n\t\t<\/section>\n\t\t\t\t<section class=\"elementor-section elementor-top-section elementor-element elementor-element-7867b615 elementor-section-boxed elementor-section-height-default elementor-section-height-default\" data-id=\"7867b615\" data-element_type=\"section\">\n\t\t\t\t\t\t<div class=\"elementor-container elementor-column-gap-default\">\n\t\t\t\t\t<div class=\"elementor-column elementor-col-100 elementor-top-column elementor-element elementor-element-36463b4\" data-id=\"36463b4\" data-element_type=\"column\">\n\t\t\t<div class=\"elementor-widget-wrap elementor-element-populated\">\n\t\t\t\t\t\t<div class=\"elementor-element elementor-element-1edc156c elementor-widget elementor-widget-text-editor\" data-id=\"1edc156c\" data-element_type=\"widget\" data-widget_type=\"text-editor.default\">\n\t\t\t\t<div class=\"elementor-widget-container\">\n\t\t\t\t\t\t\t\t\t<p>Un email profesional y responsivo es fundamental para aumentar las conversiones.<\/p><p>Para ayudarte en esta misi\u00f3n, nuestros expertos han creado una galer\u00eda de plantillas con dise\u00f1os y contenidos listos para usar.<\/p><p>\u00a1Y tenemos algo para todos los gustos!<\/p><p><strong>La galer\u00eda de plantillas de Emailchef contiene m\u00e1s de  modelos diferentes<\/strong>, divididos por idioma y categor\u00eda, que puedes elegir y personalizar como prefieras.<\/p><p>Explora las plantillas de bienvenida y de cumplea\u00f1os, selecciona el modelo para tu ecommerce o negocio, y env\u00eda el email perfecto para tu audiencia en la temporada.<\/p><p>Empieza con una de nuestras plantillas predefinidas y personal\u00edzala utilizando el editor por bloques.<\/p><p>Gracias a los bloques de Emailchef, ya no necesitas insertar elementos individuales, como componentes de texto o im\u00e1genes, en tus correos electr\u00f3nicos. De esta manera, tu plantilla ser\u00e1 siempre armoniosa y perfectamente visualizada.<\/p>\t\t\t\t\t\t\t\t<\/div>\n\t\t\t\t<\/div>\n\t\t\t\t\t<\/div>\n\t\t<\/div>\n\t\t\t\t\t<\/div>\n\t\t<\/section>\n\t\t\t\t<\/div>\n\t\t","protected":false},"excerpt":{"rendered":"Un email profesional y responsivo es fundamental para aumentar las conversiones. Para ayudarte en esta misi\u00f3n, nuestros expertos han creado una galer\u00eda de plantillas con dise\u00f1os y contenidos listos para usar. \u00a1Y tenemos algo para todos los gustos! La galer\u00eda de plantillas de Emailchef contiene m\u00e1s de modelos diferentes, divididos por idioma y categor\u00eda, que [&hellip;]","protected":false},"author":2,"featured_media":0,"parent":0,"menu_order":0,"comment_status":"closed","ping_status":"closed","template":"","meta":{"_acf_changed":false,"inline_featured_image":false,"footnotes":""},"g1_relation_tag":[],"class_list":["post-27960","page","type-page","status-publish","hentry"],"acf":[],"yoast_head":"<!-- This site is optimized with the Yoast SEO plugin v24.8.1 - https:\/\/yoast.com\/wordpress\/plugins\/seo\/ -->\n<title>Creador de plantillas de email \u2014 Editor Drag &amp; Drop | Emailchef<\/title>\n<meta name=\"description\" content=\"Elige una plantilla y personal\u00edzala con el editor drag &amp; drop de Emailchef. Accede a 1000+ dise\u00f1os \u2014 reg\u00edstrate gratis y empieza a enviar hoy.\" \/>\n<meta name=\"robots\" content=\"index, follow, max-snippet:-1, max-image-preview:large, max-video-preview:-1\" \/>\n<link rel=\"canonical\" href=\"https:\/\/emailchef.com\/es\/templates\/\" \/>\n<meta name=\"twitter:label1\" content=\"Tiempo de lectura\" \/>\n\t<meta name=\"twitter:data1\" content=\"1 minuto\" \/>\n<!-- \/ Yoast SEO plugin. -->","yoast_head_json":{"title":"Creador de plantillas de email \u2014 Editor Drag & Drop | Emailchef","description":"Elige una plantilla y personal\u00edzala con el editor drag & drop de Emailchef. Accede a 1000+ dise\u00f1os \u2014 reg\u00edstrate gratis y empieza a enviar hoy.","robots":{"index":"index","follow":"follow","max-snippet":"max-snippet:-1","max-image-preview":"max-image-preview:large","max-video-preview":"max-video-preview:-1"},"canonical":"https:\/\/emailchef.com\/es\/templates\/","twitter_misc":{"Tiempo de lectura":"1 minuto"},"schema":{"@context":"https:\/\/schema.org","@graph":[{"@type":"WebPage","@id":"https:\/\/emailchef.com\/es\/templates\/","url":"https:\/\/emailchef.com\/es\/templates\/","name":"Creador de plantillas de email \u2014 Editor Drag & Drop | Emailchef","isPartOf":{"@id":"https:\/\/emailchef.com\/es\/#website"},"datePublished":"2020-07-16T13:36:17+00:00","dateModified":"2026-04-21T16:08:23+00:00","description":"Elige una plantilla y personal\u00edzala con el editor drag & drop de Emailchef. Accede a 1000+ dise\u00f1os \u2014 reg\u00edstrate gratis y empieza a enviar hoy.","breadcrumb":{"@id":"https:\/\/emailchef.com\/es\/templates\/#breadcrumb"},"inLanguage":"es","potentialAction":[{"@type":"ReadAction","target":["https:\/\/emailchef.com\/es\/templates\/"]}]},{"@type":"BreadcrumbList","@id":"https:\/\/emailchef.com\/es\/templates\/#breadcrumb","itemListElement":[{"@type":"ListItem","position":1,"name":"Home","item":"https:\/\/emailchef.com\/es\/emailchef-email-marketing-services\/"},{"@type":"ListItem","position":2,"name":"Prueba el editor drag &#038; drop de Emailchef"}]},{"@type":"WebSite","@id":"https:\/\/emailchef.com\/es\/#website","url":"https:\/\/emailchef.com\/es\/","name":"Emailchef","description":"Tasty recipes for email marketing","publisher":{"@id":"https:\/\/emailchef.com\/es\/#organization"},"potentialAction":[{"@type":"SearchAction","target":{"@type":"EntryPoint","urlTemplate":"https:\/\/emailchef.com\/es\/?s={search_term_string}"},"query-input":{"@type":"PropertyValueSpecification","valueRequired":true,"valueName":"search_term_string"}}],"inLanguage":"es"},{"@type":"Organization","@id":"https:\/\/emailchef.com\/es\/#organization","name":"Delivery Tech Corp.","url":"https:\/\/emailchef.com\/es\/","logo":{"@type":"ImageObject","inLanguage":"es","@id":"https:\/\/emailchef.com\/es\/#\/schema\/logo\/image\/","url":"https:\/\/emailchef.com\/wp-content\/uploads\/2022\/04\/logo-sama.png","contentUrl":"https:\/\/emailchef.com\/wp-content\/uploads\/2022\/04\/logo-sama.png","width":237,"height":80,"caption":"Delivery Tech Corp."},"image":{"@id":"https:\/\/emailchef.com\/es\/#\/schema\/logo\/image\/"}}]}},"_links":{"self":[{"href":"https:\/\/emailchef.com\/es\/wp-json\/wp\/v2\/pages\/27960"}],"collection":[{"href":"https:\/\/emailchef.com\/es\/wp-json\/wp\/v2\/pages"}],"about":[{"href":"https:\/\/emailchef.com\/es\/wp-json\/wp\/v2\/types\/page"}],"author":[{"embeddable":true,"href":"https:\/\/emailchef.com\/es\/wp-json\/wp\/v2\/users\/2"}],"replies":[{"embeddable":true,"href":"https:\/\/emailchef.com\/es\/wp-json\/wp\/v2\/comments?post=27960"}],"version-history":[{"count":19,"href":"https:\/\/emailchef.com\/es\/wp-json\/wp\/v2\/pages\/27960\/revisions"}],"predecessor-version":[{"id":98044,"href":"https:\/\/emailchef.com\/es\/wp-json\/wp\/v2\/pages\/27960\/revisions\/98044"}],"wp:attachment":[{"href":"https:\/\/emailchef.com\/es\/wp-json\/wp\/v2\/media?parent=27960"}],"wp:term":[{"taxonomy":"g1_relation_tag","embeddable":true,"href":"https:\/\/emailchef.com\/es\/wp-json\/wp\/v2\/g1_relation_tag?post=27960"}],"curies":[{"name":"wp","href":"https:\/\/api.w.org\/{rel}","templated":true}]}}