{"id":23474,"date":"2020-07-27T07:58:19","date_gmt":"2020-07-27T07:58:19","guid":{"rendered":"https:\/\/emailchef.com\/?page_id=23474"},"modified":"2022-07-04T10:16:34","modified_gmt":"2022-07-04T10:16:34","slug":"emailchef-agency","status":"publish","type":"page","link":"https:\/\/emailchef.com\/es\/caracteristicas\/emailchef-agency\/","title":{"rendered":"Emailchef Agency"},"content":{"rendered":"\t\t<div data-elementor-type=\"wp-page\" data-elementor-id=\"23474\" class=\"elementor elementor-23474 elementor-22416\" data-elementor-post-type=\"page\">\n\t\t\t\t\t\t<section class=\"elementor-section elementor-top-section elementor-element elementor-element-c983dfc elementor-section-boxed elementor-section-height-default elementor-section-height-default\" data-id=\"c983dfc\" data-element_type=\"section\">\n\t\t\t\t\t\t<div class=\"elementor-container elementor-column-gap-default\">\n\t\t\t\t\t<div class=\"elementor-column elementor-col-100 elementor-top-column elementor-element elementor-element-b0e2e96\" data-id=\"b0e2e96\" data-element_type=\"column\">\n\t\t\t<div class=\"elementor-widget-wrap elementor-element-populated\">\n\t\t\t\t\t\t<div class=\"elementor-element elementor-element-0119046 elementor-widget elementor-widget-image\" data-id=\"0119046\" data-element_type=\"widget\" data-widget_type=\"image.default\">\n\t\t\t\t\t\t\t\t\t\t\t\t\t\t\t<img fetchpriority=\"high\" decoding=\"async\" width=\"1215\" height=\"600\" src=\"https:\/\/emailchef.com\/wp-content\/uploads\/2022\/06\/email-agency.png\" class=\"attachment-full size-full wp-image-57356\" alt=\"Emailchef Agency\" \/>\t\t\t\t\t\t\t\t\t\t\t\t\t\t\t<\/div>\n\t\t\t\t\t<\/div>\n\t\t<\/div>\n\t\t\t\t\t<\/div>\n\t\t<\/section>\n\t\t\t\t<section class=\"elementor-section elementor-top-section elementor-element elementor-element-7599b1a9 elementor-section-boxed elementor-section-height-default elementor-section-height-default\" data-id=\"7599b1a9\" data-element_type=\"section\">\n\t\t\t\t\t\t<div class=\"elementor-container elementor-column-gap-default\">\n\t\t\t\t\t<div class=\"elementor-column elementor-col-100 elementor-top-column elementor-element elementor-element-3d9f402e\" data-id=\"3d9f402e\" data-element_type=\"column\">\n\t\t\t<div class=\"elementor-widget-wrap elementor-element-populated\">\n\t\t\t\t\t\t<div class=\"elementor-element elementor-element-5d6d10a3 elementor-widget elementor-widget-text-editor\" data-id=\"5d6d10a3\" data-element_type=\"widget\" data-widget_type=\"text-editor.default\">\n\t\t\t\t\t\t\t\t\t<p><i>Un punto \u00fanico de acceso a su plataforma de email marketing personalizada.<\/i><\/p>\n\n<p>Si lo que necesita es administrar las campa\u00f1as de email marketing de m\u00faltiples clientes, o desea ofrecer una herramienta completa de env\u00edo de newsletters, <b>Emailchef Agency <\/b>es la mejor opci\u00f3n.<\/p>\n<div class=\"g1-space\" style=\"height: 25px;\"><\/div>\n\n<h3>Un punto \u00fanico de acceso<\/h3>\n\n<p>Creado para agencias de marketing y empresas que promueven soluciones digitales; nuestro programa para agencias le permite administrar varias cuentas desde un solo punto de acceso utilizando un panel de control dedicado.<\/p>\n\n<p><b>Simplifique su trabajo<\/b>: divida su plan de env\u00edos, asigne cr\u00e9ditos a diferentes cuentas y controle la actividad en los env\u00edos. Siempre tendr\u00e1 todo lo que necesita en un solo lugar.<\/p>\n<div class=\"g1-space\" style=\"height: 25px;\"><\/div>\n\n<h3>Su plataforma de email marketing personalizada<\/h3>\n\n<p>Emailchef Agency es el socio ideal para <b>empresas de marketing<\/b> y <b>agencias web<\/b>.<\/p>\n\n<p>Con nuestra opci\u00f3n de <b>&#8220;etiqueta blanca&#8221;<\/b>, podr\u00e1 personalizar la plataforma como desee, eliminando cualquier referencia a Emailchef.<\/p>\n\n<p>Configure un dominio, agregue su logotipo y cambie los colores de la aplicaci\u00f3n. Incluso puede alinear la interfaz para que coincida con la imagen corporativa de su marca. Es como tener <b>su propia plataforma de email marketing personalizada y patentada.<\/b><\/p>\n<div class=\"g1-space\" style=\"height: 25px;\"><\/div>\n\n<h3>Diferentes necesidades, diferentes perfiles de usuario<\/h3>\n\n<p>Agregue la <b>Administraci\u00f3n de usuarios<\/b> al panel de la agencia y podr\u00e1 crear hasta cinco tipos de perfil, cada uno con permisos y autorizaciones diferentes:<\/p>\n\n<div class=\"g1-space\" style=\"height: 20px;\"><\/div>\n\n\n<ul id=\"\" class=\"g1-list g1-list--icon g1-list--simple \">\n \t<li><i class=\"fa fa-arrow-right g1-list__icon\"><\/i><b>Propietario<\/b><\/li>\n \t<li><i class=\"fa fa-arrow-right g1-list__icon\"><\/i><b>Administrador<\/b><\/li>\n \t<li><i class=\"fa fa-arrow-right g1-list__icon\"><\/i><b>Gestor<\/b><\/li>\n \t<li><i class=\"fa fa-arrow-right g1-list__icon\"><\/i><b>Autor<\/b><\/li>\n \t<li><i class=\"fa fa-arrow-right g1-list__icon\"><\/i><b>Espectador<\/b><\/li>\n<\/ul>\n\n\n<div class=\"g1-space\" style=\"height: 20px;\"><\/div>\n\n<p><b>Emailchef Agency<\/b> es una herramienta vital para cualquier <b>agencia de comunicaci\u00f3n<\/b>, la cual permite compartir la gesti\u00f3n del flujo de trabajo de cada cliente en forma individual.<\/p>\t\t\t\t\t\t\t\t<\/div>\n\t\t\t\t\t<\/div>\n\t\t<\/div>\n\t\t\t\t\t<\/div>\n\t\t<\/section>\n\t\t\t\t<\/div>\n\t\t","protected":false},"excerpt":{"rendered":"<p>Un punto \u00fanico de acceso a su plataforma de email marketing personalizada. Si lo que necesita es administrar las campa\u00f1as de email marketing de m\u00faltiples clientes, o desea ofrecer una herramienta completa de env\u00edo de newsletters, Emailchef Agency es la mejor opci\u00f3n. Un punto \u00fanico de acceso Creado para agencias de marketing y empresas que [&hellip;]<\/p>\n","protected":false},"author":5,"featured_media":0,"parent":3006,"menu_order":0,"comment_status":"closed","ping_status":"closed","template":"","meta":{"_acf_changed":false,"inline_featured_image":false,"footnotes":""},"g1_relation_tag":[],"class_list":["post-23474","page","type-page","status-publish","hentry"],"acf":[],"yoast_head":"<!-- This site is optimized with the Yoast SEO plugin v24.8.1 - https:\/\/yoast.com\/wordpress\/plugins\/seo\/ -->\n<title>Emailchef Agency - Emailchef<\/title>\n<meta name=\"robots\" content=\"index, follow, max-snippet:-1, max-image-preview:large, max-video-preview:-1\" \/>\n<link rel=\"canonical\" href=\"https:\/\/emailchef.com\/es\/caracteristicas\/emailchef-agency\/\" \/>\n<meta name=\"twitter:label1\" content=\"Tiempo de lectura\" \/>\n\t<meta name=\"twitter:data1\" content=\"2 minutos\" \/>\n<!-- \/ Yoast SEO plugin. -->","yoast_head_json":{"title":"Emailchef Agency - Emailchef","robots":{"index":"index","follow":"follow","max-snippet":"max-snippet:-1","max-image-preview":"max-image-preview:large","max-video-preview":"max-video-preview:-1"},"canonical":"https:\/\/emailchef.com\/es\/caracteristicas\/emailchef-agency\/","twitter_misc":{"Tiempo de lectura":"2 minutos"},"schema":{"@context":"https:\/\/schema.org","@graph":[{"@type":"WebPage","@id":"https:\/\/emailchef.com\/es\/caracteristicas\/emailchef-agency\/","url":"https:\/\/emailchef.com\/es\/caracteristicas\/emailchef-agency\/","name":"Emailchef Agency - Emailchef","isPartOf":{"@id":"https:\/\/emailchef.com\/es\/#website"},"primaryImageOfPage":{"@id":"https:\/\/emailchef.com\/es\/caracteristicas\/emailchef-agency\/#primaryimage"},"image":{"@id":"https:\/\/emailchef.com\/es\/caracteristicas\/emailchef-agency\/#primaryimage"},"thumbnailUrl":"https:\/\/emailchef.com\/wp-content\/uploads\/2022\/06\/email-agency.png","datePublished":"2020-07-27T07:58:19+00:00","dateModified":"2022-07-04T10:16:34+00:00","breadcrumb":{"@id":"https:\/\/emailchef.com\/es\/caracteristicas\/emailchef-agency\/#breadcrumb"},"inLanguage":"es","potentialAction":[{"@type":"ReadAction","target":["https:\/\/emailchef.com\/es\/caracteristicas\/emailchef-agency\/"]}]},{"@type":"ImageObject","inLanguage":"es","@id":"https:\/\/emailchef.com\/es\/caracteristicas\/emailchef-agency\/#primaryimage","url":"https:\/\/emailchef.com\/wp-content\/uploads\/2022\/06\/email-agency.png","contentUrl":"https:\/\/emailchef.com\/wp-content\/uploads\/2022\/06\/email-agency.png"},{"@type":"BreadcrumbList","@id":"https:\/\/emailchef.com\/es\/caracteristicas\/emailchef-agency\/#breadcrumb","itemListElement":[{"@type":"ListItem","position":1,"name":"Home","item":"https:\/\/emailchef.com\/es\/"},{"@type":"ListItem","position":2,"name":"Descubre las funciones de Emailchef","item":"https:\/\/emailchef.com\/es\/caracteristicas\/"},{"@type":"ListItem","position":3,"name":"Emailchef Agency"}]},{"@type":"WebSite","@id":"https:\/\/emailchef.com\/es\/#website","url":"https:\/\/emailchef.com\/es\/","name":"Emailchef","description":"Tasty recipes for email marketing","publisher":{"@id":"https:\/\/emailchef.com\/es\/#organization"},"potentialAction":[{"@type":"SearchAction","target":{"@type":"EntryPoint","urlTemplate":"https:\/\/emailchef.com\/es\/?s={search_term_string}"},"query-input":{"@type":"PropertyValueSpecification","valueRequired":true,"valueName":"search_term_string"}}],"inLanguage":"es"},{"@type":"Organization","@id":"https:\/\/emailchef.com\/es\/#organization","name":"Delivery Tech Corp.","url":"https:\/\/emailchef.com\/es\/","logo":{"@type":"ImageObject","inLanguage":"es","@id":"https:\/\/emailchef.com\/es\/#\/schema\/logo\/image\/","url":"https:\/\/emailchef.com\/wp-content\/uploads\/2022\/04\/logo-sama.png","contentUrl":"https:\/\/emailchef.com\/wp-content\/uploads\/2022\/04\/logo-sama.png","width":237,"height":80,"caption":"Delivery Tech Corp."},"image":{"@id":"https:\/\/emailchef.com\/es\/#\/schema\/logo\/image\/"}}]}},"_links":{"self":[{"href":"https:\/\/emailchef.com\/es\/wp-json\/wp\/v2\/pages\/23474"}],"collection":[{"href":"https:\/\/emailchef.com\/es\/wp-json\/wp\/v2\/pages"}],"about":[{"href":"https:\/\/emailchef.com\/es\/wp-json\/wp\/v2\/types\/page"}],"author":[{"embeddable":true,"href":"https:\/\/emailchef.com\/es\/wp-json\/wp\/v2\/users\/5"}],"replies":[{"embeddable":true,"href":"https:\/\/emailchef.com\/es\/wp-json\/wp\/v2\/comments?post=23474"}],"version-history":[{"count":5,"href":"https:\/\/emailchef.com\/es\/wp-json\/wp\/v2\/pages\/23474\/revisions"}],"predecessor-version":[{"id":57898,"href":"https:\/\/emailchef.com\/es\/wp-json\/wp\/v2\/pages\/23474\/revisions\/57898"}],"up":[{"embeddable":true,"href":"https:\/\/emailchef.com\/es\/wp-json\/wp\/v2\/pages\/3006"}],"wp:attachment":[{"href":"https:\/\/emailchef.com\/es\/wp-json\/wp\/v2\/media?parent=23474"}],"wp:term":[{"taxonomy":"g1_relation_tag","embeddable":true,"href":"https:\/\/emailchef.com\/es\/wp-json\/wp\/v2\/g1_relation_tag?post=23474"}],"curies":[{"name":"wp","href":"https:\/\/api.w.org\/{rel}","templated":true}]}}