{"id":21916,"date":"2020-07-20T13:42:41","date_gmt":"2020-07-20T13:42:41","guid":{"rendered":"https:\/\/emailchef.com\/?page_id=21916"},"modified":"2020-07-21T10:20:49","modified_gmt":"2020-07-21T10:20:49","slug":"acerca-de-la-calificacion-de-contactos-y-actividad-de-la-lista","status":"publish","type":"page","link":"https:\/\/emailchef.com\/es\/base-de-conocimiento\/acerca-de-la-calificacion-de-contactos-y-actividad-de-la-lista\/","title":{"rendered":"Acerca de la Calificaci\u00f3n de Contactos y Actividad de la Lista"},"content":{"rendered":"<p><img fetchpriority=\"high\" decoding=\"async\" class=\"size-full wp-image-22380 aligncenter\" src=\"https:\/\/emailchef.com\/wp-content\/uploads\/2020\/07\/Rating-short.png\" alt=\"\" width=\"604\" height=\"180\" srcset=\"https:\/\/emailchef.com\/wp-content\/uploads\/2020\/07\/Rating-short.png 604w, https:\/\/emailchef.com\/wp-content\/uploads\/2020\/07\/Rating-short-300x89.png 300w, https:\/\/emailchef.com\/wp-content\/uploads\/2020\/07\/Rating-short-320x95.png 320w, https:\/\/emailchef.com\/wp-content\/uploads\/2020\/07\/Rating-short-239x71.png 239w\" sizes=\"(max-width: 604px) 100vw, 604px\" \/><\/p>\n<p>Entender c\u00f3mo interact\u00faan sus contactos con los mensajes y newsletters que Usted env\u00eca, es vital en el email marketing.<\/p>\n<p>Emailchef califica a sus contactos en una escala de cero a cinco. Puede usar esta informaci\u00f2n para enviar campa\u00f1as estrat\u00e9gicas a sus suscriptores m\u00e1s comprometidos, o crear nuevas campa\u00f1as para recuperar a los suscriptores que no han abierto o hecho clic en sus mensajes por alg\u00fan tiempo.<\/p>\n<p>La Calificaci\u00f2n del Contacto se muestra junto a la direcci\u00f2n de correo. Por otra parte, la Actividad de la Lista muestra el estado de actividad para todos los contactos en la lista.<\/p>\n<h3>\u00bfC\u00f3mo funciona la Calificaci\u00f3n de contactos?<\/h3>\n<p>Las Calificaciones de los Contactos se calculan con base en las actividades recientes de cada contacto en relaci\u00f3n a su frecuencia de env\u00edo. Consideramos como engagement &#8220;positivos&#8221; la tasa de apertura y la tasas de clics; y como engagement &#8220;negativos&#8221; las desuscripciones, los reportes por spam, los rebotes y los contactos que no reaccionan a sus env\u00edos.<\/p>\n<p>Para ayudarle a diferenciar el estatus de un suscriptor en comparaci\u00f3n a otros, convertimos el c\u00e1lculo en una calificaci\u00f3n por estrellas.<\/p>\n<p>Por ejemplo, los destinatarios que se den de baja de su campa\u00f1a obtienen una calificaci\u00f3n de cero estrellas. \u00a1Los suscriptores que leen regularmente sus campa\u00f1as y hacen clic en los enlaces valen cinco estrellas!<\/p>\n<p>Tambi\u00e8n re calculamos las Calificaciones de Contacto cada vez que env\u00eda una campa\u00f1a o cada vez que el destinatario realiza una acci\u00f3n en un mensaje que usted envi\u00f3.<\/p>\n<p>La calificaci\u00f3n del suscriptor es un puntaje general que muestra la actividad de sus contactos dentro de su cuenta de Emailchef.<\/p>\n<p>Aqu\u00ed le presentamos una descripci\u00f3n general de las clasificaciones por estrellas:<\/p>\n<div id=\"\" class=\"g1-table g1-table--solid \">\n<table>\n<thead>\n<tr>\n<th>Calificaci\u00f3n<\/th>\n<th>Comportamiento del contacto<\/th>\n<\/tr>\n<\/thead>\n<tbody>\n<tr>\n<td><img decoding=\"async\" class=\"size-full noBorders wp-image-21660 aligncenter\" src=\"https:\/\/emailchef.com\/wp-content\/uploads\/2020\/07\/star-0.png\" alt=\"\" width=\"90\" height=\"30\" border=\"0\" \/><\/td>\n<td>Este contacto ha cancelado su suscripci\u00f3n, report\u00f3 sus emails como spam o su direcci\u00f3n es inv\u00e1lida.<\/td>\n<\/tr>\n<tr>\n<td><img decoding=\"async\" class=\"size-full noBorders wp-image-21676 aligncenter\" src=\"https:\/\/emailchef.com\/wp-content\/uploads\/2020\/07\/star-1.png\" alt=\"\" width=\"90\" height=\"30\" \/><\/td>\n<td>Este contacto se ha vuelto a suscribir para recibir sus newsletters, o la direcci\u00f3n fue marcada anteriormente s\u00f3lo como una devoluci\u00f3n leve.<\/td>\n<\/tr>\n<tr>\n<td><img loading=\"lazy\" decoding=\"async\" class=\"size-full noBorders wp-image-21692 aligncenter\" src=\"https:\/\/emailchef.com\/wp-content\/uploads\/2020\/07\/star-2.png\" alt=\"\" width=\"90\" height=\"30\" \/><\/td>\n<td>Engagement Nulo. Este contacto que sol\u00eda abrir o clicar sus campa\u00f1as se ha vuelto inactivo.<\/td>\n<\/tr>\n<tr>\n<td><img loading=\"lazy\" decoding=\"async\" class=\"size-full noBorders wp-image-21708 aligncenter\" src=\"https:\/\/emailchef.com\/wp-content\/uploads\/2020\/07\/star-3.png\" alt=\"\" width=\"90\" height=\"30\" \/><\/td>\n<td>Engagement Bajo. Este contacto posiblemente es nuevo o no ha estado suficiente tiempo en la lista para ganarse una calificaci\u00f3n m\u00e1s alta.<\/td>\n<\/tr>\n<tr>\n<td><img loading=\"lazy\" decoding=\"async\" class=\"size-full noBorders wp-image-21724 aligncenter\" src=\"https:\/\/emailchef.com\/wp-content\/uploads\/2020\/07\/star-4.png\" alt=\"\" width=\"90\" height=\"30\" \/><\/td>\n<td>Engagement Moderado. Este contacto a menudo abre o hace click en sus campa\u00f1as.<\/td>\n<\/tr>\n<tr>\n<td><img loading=\"lazy\" decoding=\"async\" class=\"size-full noBorders wp-image-21740 aligncenter\" src=\"https:\/\/emailchef.com\/wp-content\/uploads\/2020\/07\/star-5.png\" alt=\"\" width=\"90\" height=\"30\" \/><\/td>\n<td>Engagement Alto. Este contacto abre o hace click de forma muy constante en sus campa\u00f1as.<\/td>\n<\/tr>\n<\/tbody>\n<\/table>\n<\/div>\n<ul>\n<li><strong>\u00bfQui\u00e9n es un nuevo contacto?<\/strong><br \/>\nUn nuevo contacto es un destinatario reci\u00e9n suscrito o agregado en su lista. Un nuevo contacto tiene un historial insuficiente para producir una calificaci\u00f3n confiable. Todos los suscriptores nuevos comienzan con tres estrellas, que puede considerarse como una puntuaci\u00f3n neutral o baja.<br \/>\nLas interacciones del contacto en campa\u00f1as futuras determinar\u00e1n su calificaci\u00f3n. Abrir sus mensajes o hacer clic en las URL del mensaje les dar\u00e1 una mejor calificaci\u00f3n (como 4 o 5 estrellas). Si presentan una queja por spam en su contra, o la direcci\u00f3n rebota, o no responden a sus correos electr\u00f3nicos, el contacto obtendr\u00e1n una puntuaci\u00f3n de participaci\u00f3n negativa y una calificaci\u00f3n m\u00e1s baja.<\/li>\n<li><strong>El efecto de los rebotes en la Calificaci\u00f2n de Contactos<\/strong><br \/>\nLas direcciones devueltas normalmente dan como resultado una calificaci\u00f3n de contacto baja. Sin embargo, los rebotes no siempre son 100% precisos. La validez o reputaci\u00f3n de una direcci\u00f3n puede cambiar, o bien, problemas temporales en el servidor del destinatario pueden afectar la entrega del mensaje. Por ejemplo, un suscriptor con una calificaci\u00f3n de contacto alta podr\u00eda sufrir un rebote suave o incluso un rebote duro. Cuando eso suceda, su puntaje de actividad se marcar\u00e1 con una calificaci\u00f3n m\u00e1s baja de incluso cero estrellas, sin embargo el contacto permanecer\u00e1 en su lista y en su cuenta.<br \/>\nEn general, los contactos con una calificaci\u00f3n cero son excluidos del siguiente env\u00edo.<\/li>\n<li><strong>Contatos inativos<\/strong><br \/>\nLos contactos inactivos son destinatarios que \u00faltimamente, o talvez nunca, han interactuado con sus campa\u00f1as.<br \/>\nEstos contactos reciben una calificaci\u00f3n de dos estrellas.<\/li>\n<li><strong>Contactos que interact\u00faan positivamente en sus mensajes<\/strong><br \/>\nLos contactos con un compromiso positivo son aquellos que a menudo o constantemente interact\u00faan en sus env\u00edos. Estos contactos obtienen una calificaci\u00f3n de cuatro estrellas y pueden llegar a obtener la mejor calificaci\u00f3n posible que es de cinco estrellas.<\/li>\n<\/ul>\n<h3><span style=\"font-weight: 400;\">La Actividad de Lista y c\u00f3mo funciona<\/span><\/h3>\n<p><img loading=\"lazy\" decoding=\"async\" class=\"wp-image-22318 size-full aligncenter\" src=\"https:\/\/emailchef.com\/wp-content\/uploads\/2020\/07\/list_activity_ES.png\" alt=\"\" width=\"363\" height=\"253\" srcset=\"https:\/\/emailchef.com\/wp-content\/uploads\/2020\/07\/list_activity_ES.png 363w, https:\/\/emailchef.com\/wp-content\/uploads\/2020\/07\/list_activity_ES-300x209.png 300w, https:\/\/emailchef.com\/wp-content\/uploads\/2020\/07\/list_activity_ES-320x223.png 320w, https:\/\/emailchef.com\/wp-content\/uploads\/2020\/07\/list_activity_ES-239x167.png 239w\" sizes=\"(max-width: 363px) 100vw, 363px\" \/><\/p>\n<p>La actividad de lista utiliza porcentajes para mostrar cu\u00e1ntos contactos en una lista tienen cero, uno, dos, tres, cuatro o cinco estrellas. Los n\u00fameros pueden cambiar con la actualizaci\u00f3n o reducci\u00f3n de la califaci\u00f2n de los contactos.<\/p>\n<p>Cuanto m\u00e1s interact\u00faen sus contactos positivamente en sus correos, mejor ser\u00e1 la Actividad de la Lista. Por el contrario, cuanto m\u00e1s interact\u00faen negativamente sus contactos en sus env\u00edos, ya sea porque se desuscriben o porque marcan sus mensajes como como spam, peor ser\u00e1 su Actividad de la Lista.<\/p>\n<p>La tabla global de Actividad de la Lista muestra el estado de todas sus listas.<\/p>\n<p>Para ver un solo gr\u00e1fico de Actividad de Lista o para ver el gr\u00e1fico de Actividad de Lista Global:<\/p>\n<p><img loading=\"lazy\" decoding=\"async\" class=\"size-full noBorders aligncenter\" src=\"https:\/\/emailchef.com\/wp-content\/uploads\/2020\/07\/global_list.png\" alt=\"\" width=\"67\" height=\"36\" \/><\/p>\n<h3>Qu\u00e9 puede hacer con la Calificaci\u00f3n de Contactos<\/h3>\n<p>Las clasificaciones de contacto funcionan como cualquier otro dato del suscriptor en sus listas. Puede verlos f\u00e1cilmente y usarlos para crear segmentos formados por suscriptores de baja, media o alta actividad, dependiendo de a qui\u00e9n est\u00e9 tratando de involucrar en su pr\u00f2ximo env\u00edo.<\/p>\n<p><img loading=\"lazy\" decoding=\"async\" class=\"alignnone wp-image-22112 size-full\" src=\"https:\/\/emailchef.com\/wp-content\/uploads\/2020\/07\/segments_rating8.png\" alt=\"\" width=\"886\" height=\"146\" srcset=\"https:\/\/emailchef.com\/wp-content\/uploads\/2020\/07\/segments_rating8.png 886w, https:\/\/emailchef.com\/wp-content\/uploads\/2020\/07\/segments_rating8-300x49.png 300w, https:\/\/emailchef.com\/wp-content\/uploads\/2020\/07\/segments_rating8-768x127.png 768w, https:\/\/emailchef.com\/wp-content\/uploads\/2020\/07\/segments_rating8-636x105.png 636w, https:\/\/emailchef.com\/wp-content\/uploads\/2020\/07\/segments_rating8-320x53.png 320w, https:\/\/emailchef.com\/wp-content\/uploads\/2020\/07\/segments_rating8-239x39.png 239w\" sizes=\"(max-width: 886px) 100vw, 886px\" \/><\/p>\n<p>Use la condici\u00f3n Calificaci\u00f3n de Contacto para crear un segmento con los suscriptores m\u00e1s o menos comprometidos.<\/p>\n<div id=\"\" class=\"g1-table g1-table--solid \">\n<table>\n<thead>\n<tr>\n<th>Nombre de la condici\u00f3n<\/th>\n<th>Operadores disponibles<\/th>\n<th>Elija el valor<\/th>\n<\/tr>\n<\/thead>\n<tbody>\n<tr>\n<td>Calificaci\u00f3n de Contacto<\/td>\n<td>\n<ul>\n<li>es<\/li>\n<li>no es<\/li>\n<li>Es igual o mayor que<\/li>\n<li>Es igual o menos que<\/li>\n<\/ul>\n<\/td>\n<td>\n<ul>\n<li>Haga click sobre la calificaci\u00f3n de estrellas.<\/li>\n<li>La selecci\u00f3n puede ser de: 1, 2, 3, 4 o 5 estrellas.<\/li>\n<li>Nota: La selecci\u00f3n contempla s\u00f3lo una estrella completa.<\/li>\n<\/ul>\n<\/td>\n<\/tr>\n<\/tbody>\n<\/table>\n<\/div>\n","protected":false},"excerpt":{"rendered":"<p>Entender c\u00f3mo interact\u00faan sus contactos con los mensajes y newsletters que Usted env\u00eca, es vital en el email marketing. Emailchef califica a sus contactos en una escala de cero a cinco. Puede usar esta informaci\u00f2n para enviar campa\u00f1as estrat\u00e9gicas a sus suscriptores m\u00e1s comprometidos, o crear nuevas campa\u00f1as para recuperar a los suscriptores que no [&hellip;]<\/p>\n","protected":false},"author":5,"featured_media":0,"parent":3110,"menu_order":0,"comment_status":"closed","ping_status":"closed","template":"","meta":{"_acf_changed":false,"inline_featured_image":false,"footnotes":""},"g1_relation_tag":[],"class_list":["post-21916","page","type-page","status-publish","hentry"],"acf":[],"yoast_head":"<!-- This site is optimized with the Yoast SEO plugin v24.8.1 - https:\/\/yoast.com\/wordpress\/plugins\/seo\/ -->\n<title>Acerca de la Calificaci\u00f3n de Contactos y Actividad de la Lista - Emailchef<\/title>\n<meta name=\"robots\" content=\"index, follow, max-snippet:-1, max-image-preview:large, max-video-preview:-1\" \/>\n<link rel=\"canonical\" href=\"https:\/\/emailchef.com\/es\/base-de-conocimiento\/acerca-de-la-calificacion-de-contactos-y-actividad-de-la-lista\/\" \/>\n<meta name=\"twitter:label1\" content=\"Tiempo de lectura\" \/>\n\t<meta name=\"twitter:data1\" content=\"5 minutos\" \/>\n<!-- \/ Yoast SEO plugin. -->","yoast_head_json":{"title":"Acerca de la Calificaci\u00f3n de Contactos y Actividad de la Lista - Emailchef","robots":{"index":"index","follow":"follow","max-snippet":"max-snippet:-1","max-image-preview":"max-image-preview:large","max-video-preview":"max-video-preview:-1"},"canonical":"https:\/\/emailchef.com\/es\/base-de-conocimiento\/acerca-de-la-calificacion-de-contactos-y-actividad-de-la-lista\/","twitter_misc":{"Tiempo de lectura":"5 minutos"},"schema":{"@context":"https:\/\/schema.org","@graph":[{"@type":"WebPage","@id":"https:\/\/emailchef.com\/es\/base-de-conocimiento\/acerca-de-la-calificacion-de-contactos-y-actividad-de-la-lista\/","url":"https:\/\/emailchef.com\/es\/base-de-conocimiento\/acerca-de-la-calificacion-de-contactos-y-actividad-de-la-lista\/","name":"Acerca de la Calificaci\u00f3n de Contactos y Actividad de la Lista - Emailchef","isPartOf":{"@id":"https:\/\/emailchef.com\/es\/#website"},"primaryImageOfPage":{"@id":"https:\/\/emailchef.com\/es\/base-de-conocimiento\/acerca-de-la-calificacion-de-contactos-y-actividad-de-la-lista\/#primaryimage"},"image":{"@id":"https:\/\/emailchef.com\/es\/base-de-conocimiento\/acerca-de-la-calificacion-de-contactos-y-actividad-de-la-lista\/#primaryimage"},"thumbnailUrl":"https:\/\/emailchef.com\/wp-content\/uploads\/2020\/07\/Rating-short.png","datePublished":"2020-07-20T13:42:41+00:00","dateModified":"2020-07-21T10:20:49+00:00","breadcrumb":{"@id":"https:\/\/emailchef.com\/es\/base-de-conocimiento\/acerca-de-la-calificacion-de-contactos-y-actividad-de-la-lista\/#breadcrumb"},"inLanguage":"es","potentialAction":[{"@type":"ReadAction","target":["https:\/\/emailchef.com\/es\/base-de-conocimiento\/acerca-de-la-calificacion-de-contactos-y-actividad-de-la-lista\/"]}]},{"@type":"ImageObject","inLanguage":"es","@id":"https:\/\/emailchef.com\/es\/base-de-conocimiento\/acerca-de-la-calificacion-de-contactos-y-actividad-de-la-lista\/#primaryimage","url":"https:\/\/emailchef.com\/wp-content\/uploads\/2020\/07\/Rating-short.png","contentUrl":"https:\/\/emailchef.com\/wp-content\/uploads\/2020\/07\/Rating-short.png"},{"@type":"BreadcrumbList","@id":"https:\/\/emailchef.com\/es\/base-de-conocimiento\/acerca-de-la-calificacion-de-contactos-y-actividad-de-la-lista\/#breadcrumb","itemListElement":[{"@type":"ListItem","position":1,"name":"Home","item":"https:\/\/emailchef.com\/es\/emailchef-email-marketing-services\/"},{"@type":"ListItem","position":2,"name":"Base de conocimiento","item":"https:\/\/emailchef.com\/es\/base-de-conocimiento\/"},{"@type":"ListItem","position":3,"name":"Acerca de la Calificaci\u00f3n de Contactos y Actividad de la Lista"}]},{"@type":"WebSite","@id":"https:\/\/emailchef.com\/es\/#website","url":"https:\/\/emailchef.com\/es\/","name":"Emailchef","description":"Tasty recipes for email marketing","publisher":{"@id":"https:\/\/emailchef.com\/es\/#organization"},"potentialAction":[{"@type":"SearchAction","target":{"@type":"EntryPoint","urlTemplate":"https:\/\/emailchef.com\/es\/?s={search_term_string}"},"query-input":{"@type":"PropertyValueSpecification","valueRequired":true,"valueName":"search_term_string"}}],"inLanguage":"es"},{"@type":"Organization","@id":"https:\/\/emailchef.com\/es\/#organization","name":"Delivery Tech Corp.","url":"https:\/\/emailchef.com\/es\/","logo":{"@type":"ImageObject","inLanguage":"es","@id":"https:\/\/emailchef.com\/es\/#\/schema\/logo\/image\/","url":"https:\/\/emailchef.com\/wp-content\/uploads\/2022\/04\/logo-sama.png","contentUrl":"https:\/\/emailchef.com\/wp-content\/uploads\/2022\/04\/logo-sama.png","width":237,"height":80,"caption":"Delivery Tech Corp."},"image":{"@id":"https:\/\/emailchef.com\/es\/#\/schema\/logo\/image\/"}}]}},"_links":{"self":[{"href":"https:\/\/emailchef.com\/es\/wp-json\/wp\/v2\/pages\/21916"}],"collection":[{"href":"https:\/\/emailchef.com\/es\/wp-json\/wp\/v2\/pages"}],"about":[{"href":"https:\/\/emailchef.com\/es\/wp-json\/wp\/v2\/types\/page"}],"author":[{"embeddable":true,"href":"https:\/\/emailchef.com\/es\/wp-json\/wp\/v2\/users\/5"}],"replies":[{"embeddable":true,"href":"https:\/\/emailchef.com\/es\/wp-json\/wp\/v2\/comments?post=21916"}],"version-history":[{"count":10,"href":"https:\/\/emailchef.com\/es\/wp-json\/wp\/v2\/pages\/21916\/revisions"}],"predecessor-version":[{"id":22402,"href":"https:\/\/emailchef.com\/es\/wp-json\/wp\/v2\/pages\/21916\/revisions\/22402"}],"up":[{"embeddable":true,"href":"https:\/\/emailchef.com\/es\/wp-json\/wp\/v2\/pages\/3110"}],"wp:attachment":[{"href":"https:\/\/emailchef.com\/es\/wp-json\/wp\/v2\/media?parent=21916"}],"wp:term":[{"taxonomy":"g1_relation_tag","embeddable":true,"href":"https:\/\/emailchef.com\/es\/wp-json\/wp\/v2\/g1_relation_tag?post=21916"}],"curies":[{"name":"wp","href":"https:\/\/api.w.org\/{rel}","templated":true}]}}