{"id":19206,"date":"2017-02-28T09:50:39","date_gmt":"2017-02-28T09:50:39","guid":{"rendered":"https:\/\/emailchef.com\/?page_id=19206"},"modified":"2024-03-07T09:21:11","modified_gmt":"2024-03-07T09:21:11","slug":"como-configurar-la-autenticacion-de-dominio","status":"publish","type":"page","link":"https:\/\/emailchef.com\/es\/base-de-conocimiento\/como-configurar-la-autenticacion-de-dominio\/","title":{"rendered":"C\u00f3mo Configurar la Autenticaci\u00f3n de Dominio"},"content":{"rendered":"<p>La autenticaci\u00f3n de dominio le da a tu direcci\u00f3n de correo electr\u00f3nico una identidad rastreable. Muestra a los proveedores de correo de tus destinatarios que eres un &#8220;remite autorizado&#8221; y no un remitente de correo no deseado o alguien involucrado en el phishing (suplantaci\u00f3n de identidad).<\/p>\n<p>Para decirlo de forma simple, la autenticaci\u00f3n de dominio deja claro que tu direcci\u00f3n de remitente es confiable.<\/p>\n<h2 style=\"color: #605e6f; font-weight: bold!important; font-size: 18px; text-transform: uppercase; letter-spacing: -0.7px;\">\u00bfPOR QU\u00c9 ES TAN IMPORTANTE LA AUTENTICACI\u00d3N DE DOMINIO?<\/h2>\n<p>La autenticaci\u00f3n de dominio mantiene tus mensajes de correo electr\u00f3nico alejados de los filtros de spam y anti-phishing, y ayuda a mejorar tus tasas de entrega.<\/p>\n<p>Pero eso no es todo.<\/p>\n<p>El procedimiento de autenticaci\u00f3n de dominio tambi\u00e9n hace que tus correos electr\u00f3nicos se vean m\u00e1s profesionales. Los destinatarios ver\u00e1n tu direcci\u00f3n de correo electr\u00f3nico en sus bandejas de entrada, y no una frase como: &#8220;Enviado por Emailchef en nombre de TuNombre@tudominio.com&#8221;. Eso genera confianza.<\/p>\n<p>Y si eres un remitente de mediano o gran volumen, la autenticaci\u00f3n de dominio es esencial. Adem\u00e1s ahora es uno de los <a title=\"Nuevos requisitos establecidos por Google y Yahoo\" href=\"https:\/\/emailchef.com\/es\/base-de-conocimiento\/yahoo-y-gmail-estos-son-los-nuevos-requisitos-para-hacer-email-marketing-en-2024\/\">nuevos requisitos establecidos por Google y Yahoo<\/a> para cualquiera que env\u00ede 5000 o m\u00e1s mensajes al d\u00eda a usuarios de Gmail o Yahoo.<\/p>\n<h2 style=\"color: #605e6f; font-weight: bold!important; font-size: 18px; text-transform: uppercase; letter-spacing: -0.7px;\">ENTONCES, \u00bfC\u00d3MO AUTENTICAS TU DOMINIO?<\/h2>\n<p>Para configurar correctamente la autenticaci\u00f3n de dominio, necesitas insertar datos llamados DKIM, SPF y DMARC en el <strong>panel de administraci\u00f3n de tu dominio<\/strong>.<\/p>\n<p>Este es un procedimiento delicado. Si no est\u00e1s seguro de lo que est\u00e1s haciendo, siempre puedes pedirle a tu servicio de hosting que lo haga por ti.<\/p>\n<p>Simplemente copia y pega el contenido del cuadro de abajo y env\u00edalo al servicio de atenci\u00f3n al cliente de tu proveedor de dominio. Tu proveedor configurar\u00e1 los par\u00e1metros de autenticaci\u00f3n por ti, y puedes estar seguro de que el proceso funcionar\u00e1.<\/p>\n<div id=\"\" class=\"g1-message g1-message--info \" ><div class=\"g1-inner\"><strong>Advertencia<\/strong>: los par\u00e1metros proporcionados pueden ser diferentes a los que hay en su dominio. Antes de modificarlos en su dominio, por favor revise a detalle las instrucciones en la secci\u00f3n <em>Configuraci\u00f3n &gt; Autenticaci\u00f3n de Dominio<\/em>.<\/div><\/div>\n<div style=\"border: 1px solid #ccc; padding: 20px; background: #eee;\">Buenos d\u00edas,<br \/>\nMe gustar\u00eda configurar mis registros DNS con los siguientes par\u00e1metros:Registro SPF:<\/p>\n<pre>v=spf1 a mx include:spf.emailchef.com ?all<\/pre>\n<p>Registro DomainKey\/DKIM (Tipo TXT):<\/p>\n<pre>mailchef._domainkey<\/pre>\n<pre style=\"word-break: break-word;\">k=rsa; p=MIGfMA0GCSqGSIb3DQEBAQUAA4GNADCBiQKBgQDT3MWLni6so1q9eQggRYBCLHFjohZkCnYHH8gZNDBm6zRrodRVpWpJQW7x3cWWiuBhS1X0IfBB80l5tqFa+yc+mVgnk8tkUzOHFbPQPp4fi7egTpMtsQW\/ZMrxw73SItNvPr72qvJTYZNPxarMx+ULjEWybcfEdXHPY8jslGcpCwIDAQAB<\/pre>\n<p>Registro DMARC:<\/p>\n<pre>_dmarc<\/pre>\n<pre>v=DMARC1; p=none;<\/pre>\n<p>Muchas gracias,<\/p>\n<p>Saludos cordiales.<\/p>\n<\/div>\n<h2 style=\"color: #605e6f; font-weight: bold!important; font-size: 18px; text-transform: uppercase; letter-spacing: -0.7px;\">C\u00d3MO CONFIGURAR TU DOMINIO T\u00da MISMO<\/h2>\n<p>Si prefieres configurar los registros SPF, DKIM y DMARC t\u00fa mismo, deber\u00e1s acceder al panel DNS de tu proveedor de dominio e ingresar los siguientes par\u00e1metros.<\/p>\n<div id=\"\" class=\"g1-message g1-message--info \" ><div class=\"g1-inner\"><strong>Advertencia<\/strong>: los par\u00e1metros proporcionados a continuaci\u00f3n pueden ser diferentes a los que hay en su dominio. Antes de modificarlos en su dominio, por favor revise a detalle las instrucciones en la secci\u00f3n <em>Configuraci\u00f3n &gt; Autenticaci\u00f3n de Dominio<\/em>.<\/div><\/div>\n<h3 style=\"color: #605e6f; font-weight: bold!important; font-size: 18px; letter-spacing: -0.7px; margin-top: 40px;\">Registro SPF<\/h3>\n<p>Para cada dominio, puedes tener como <strong>m\u00e1ximo un registro SPF<\/strong>. Tienes dos opciones:<\/p>\n<ul>\n<li style=\"margin-bottom: 15px;\"><strong>Si ya existe un par\u00e1metro SPF en tu dominio<\/strong>, solo necesitas modificarlo agregando el include de Emailchef. Inserta: <code>include:spf.emailchef.com<\/code> despu\u00e9s de la cadena <code>v=spf1<\/code>.<br \/>\nAseg\u00farate de incluir un espacio antes y despu\u00e9s de la porci\u00f3n agregada.<\/li>\n<li><strong>Si el SPF a\u00fan no est\u00e1 presente<\/strong>, deber\u00e1s crear un registro TXT para agregarlo al dominio de tu direcci\u00f3n de correo electr\u00f3nico (tudominio.com).<br \/>\nEl registro que necesitar\u00e1s insertar es:<br \/>\n<code>v=spf1 a mx include:spf.emailchef.com ?all<\/code><\/li>\n<\/ul>\n<h3 style=\"color: #605e6f; font-weight: bold!important; font-size: 18px; letter-spacing: -0.7px; margin-top: 40px;\">Registro DomainKey\/DKIM<\/h3>\n<p>El registro DKIM debe agregarse al subdominio \u2018mailchef._domainkey\u2019. Al igual que el SPF, el registro DKIM tambi\u00e9n se puede insertar como un registro TXT.<\/p>\n<p>El registro que se debe insertar en <em>Domain<\/em> es:<\/p>\n<pre>mailchef._domainkey<\/pre>\n<p>En <em>Valor<\/em>, deber\u00e1s ingresar lo siguiente:<\/p>\n<pre style=\"word-break: break-word;\">k=rsa; p=MIGfMA0GCSqGSIb3DQEBAQUAA4GNADCBiQKBgQDT3MWLni6so1q9eQggRYBCLHFjohZkCnYHH8gZNDBm6zRrodRVpWpJQW7x3cWWiuBhS1X0IfBB80l5tqFa+yc+mVgnk8tkUzOHFbPQPp4fi7egTpMtsQW\/ZMrxw73SItNvPr72qvJTYZNPxarMx+ULjEWybcfEdXHPY8jslGcpCwIDAQAB\r\n<\/pre>\n<h3 style=\"color: #605e6f; font-weight: bold!important; font-size: 18px; letter-spacing: -0.7px; margin-top: 40px;\">Registro DMARC<\/h3>\n<p>El registro que se debe insertar en <em>Domain<\/em> es:<\/p>\n<pre>_dmarc<\/pre>\n<p>El campo <em>Valor<\/em> del registro DMARC se puede configurar inicialmente de la siguiente manera:<\/p>\n<pre>v=DMARC1; p=none;<\/pre>\n<p>DMARC indica a los buzones de correo de los destinatarios qu\u00e9 hacer con los mensajes que no superan las validaciones SPF y DKIM.<\/p>\n<p>Los par\u00e1metros anteriores crean un registro DMARC permisivo, pero su implementaci\u00f3n por s\u00ed sola asegura el cumplimiento de los requisitos para una entrega adecuada.<\/p>\n<p>Sin embargo, el registro DMARC deber\u00e1 ajustarse con el tiempo.<\/p>\n<p>Esta instrucci\u00f3n ser\u00e1 inicialmente permisiva, pero se volver\u00e1 cada vez m\u00e1s estricta despu\u00e9s de un per\u00edodo de an\u00e1lisis de tr\u00e1fico, t\u00edpicamente en unos meses.<\/p>\n<p>Una pol\u00edtica DMARC estricta puede bloquear correos electr\u00f3nicos corporativos leg\u00edtimos enviados a trav\u00e9s de un canal incorrecto o que no est\u00e9n configurados correctamente.<\/p>\n<p>Una pol\u00edtica DMARC muy restrictiva debe utilizarse \u00fanicamente despu\u00e9s de completar todas las comprobaciones internas, asegurando que todos los correos electr\u00f3nicos salientes pasen por los servicios autorizados enumerados en el registro SPF.<\/p>\n<p>Por lo general, el DMARC es administrado directamente por la empresa y no por un proveedor externo.<\/p>\n<h2 style=\"color: #605e6f; font-weight: bold!important; font-size: 18px; text-transform: uppercase; letter-spacing: -0.7px;\">C\u00d3MO VERIFICAR SI LA AUTENTICACI\u00d3N HA TENIDO \u00c9XITO.<\/h2>\n<p>Despu\u00e9s de configurar los par\u00e1metros SPF, DKIM y DMARC, puedes verificar que los valores se hayan insertado correctamente accediendo a tu perfil y haciendo clic en <em>Configuraci\u00f3n &gt; Autenticaci\u00f3n de Dominio<\/em>.<\/p>\n<p>A continuaci\u00f3n, haz clic en el bot\u00f3n <em>Verificar Dominios<\/em>.<\/p>\n<div id=\"\" class=\"g1-message g1-message--info \" ><div class=\"g1-inner\"><strong>Advertencia<\/strong>: Puede tomar varias horas para que los cambios surtan efecto.<\/div><\/div>\n<p><a href=\"https:\/\/emailchef.com\/wp-content\/uploads\/2024\/03\/autenticacion-de-dominio-1.png\" rel=\"lightbox\"><img decoding=\"async\" src=\"https:\/\/emailchef.com\/wp-content\/uploads\/2024\/03\/autenticacion-de-dominio-1.png\" alt=\"Autenticaci\u00f3n de dominio de correo electr\u00f3nico en Emailchef\" width=\"680px\" height=\"256px\" \/><\/a><\/p>\n<p>Si tu dominio se ha verificado correctamente, aparecer\u00e1 una marca de verificaci\u00f3n verde junto a cada registro (SPF, DKIM y DMARC).<\/p>\n<p><a href=\"https:\/\/emailchef.com\/wp-content\/uploads\/2024\/03\/autenticacion-de-dominio-2.png\" rel=\"lightbox\"><img decoding=\"async\" src=\"https:\/\/emailchef.com\/wp-content\/uploads\/2024\/03\/autenticacion-de-dominio-2.png\" alt=\"Autenticaci\u00f3n de dominio de correo electr\u00f3nico en Emailchef\" width=\"680px\" height=\"200px\" \/><\/a><\/p>\n<p>Una vez que hayas verificado correctamente tu dominio, puedes activar la autenticaci\u00f3n utilizando el bot\u00f3n de encendido\/apagado.<\/p>\n<p><a href=\"https:\/\/emailchef.com\/wp-content\/uploads\/2024\/03\/autenticacion-de-dominio-3.png\" rel=\"lightbox\"><img decoding=\"async\" src=\"https:\/\/emailchef.com\/wp-content\/uploads\/2024\/03\/autenticacion-de-dominio-3.png\" alt=\"Autenticaci\u00f3n de dominio activa\" width=\"445px\" height=\"84px\" \/><\/a><\/p>\n<p><a href=\"https:\/\/emailchef.com\/wp-content\/uploads\/2024\/03\/autenticacion-de-dominio-4.png\" rel=\"lightbox\"><img decoding=\"async\" src=\"https:\/\/emailchef.com\/wp-content\/uploads\/2024\/03\/autenticacion-de-dominio-4.png\" alt=\"Autenticaci\u00f3n de dominio no activa\" width=\"445px\" height=\"84px\" \/><\/a><\/p>\n<p>Emailchef gestiona tus rebotes para proporcionar estad\u00edsticas completas. Sin embargo, puedes recibir todos los rebotes generados de tus listas directamente en tu buz\u00f3n de correo electr\u00f3nico deshabilitando la opci\u00f3n <em>Permitir a Emailchef gestionar sus devoluciones<\/em>.<\/p>\n<p><a href=\"https:\/\/emailchef.com\/wp-content\/uploads\/2024\/03\/autenticacion-de-dominio-5.png\" rel=\"lightbox\"><img decoding=\"async\" src=\"https:\/\/emailchef.com\/wp-content\/uploads\/2024\/03\/autenticacion-de-dominio-5.png\" alt=\"Permitir a Emailchef gestionar sus devoluciones\" width=\"680px\" height=\"48px\" \/><\/a><\/p>\n<h2 style=\"color: #605e6f; font-weight: bold!important; font-size: 18px; text-transform: uppercase; letter-spacing: -0.7px;\">\u00bfNECESITAS AYUDA CON LA AUTENTICACI\u00d3N DE TU DOMINIO?<\/h2>\n<p><a title=\"Servicio de atenci\u00f3n al cliente\" href=\"https:\/\/support.emailchef.com\/?lang=es_ES\">Escribe un ticket a nuestro servicio de atenci\u00f3n al cliente<\/a> especificando &#8216;Autenticaci\u00f3n de Dominio&#8217; en la l\u00ednea de asunto.<\/p>\n","protected":false},"excerpt":{"rendered":"<p>La autenticaci\u00f3n de dominio le da a tu direcci\u00f3n de correo electr\u00f3nico una identidad rastreable. Muestra a los proveedores de correo de tus destinatarios que eres un &#8220;remite autorizado&#8221; y no un remitente de correo no deseado o alguien involucrado en el phishing (suplantaci\u00f3n de identidad). Para decirlo de forma simple, la autenticaci\u00f3n de dominio [&hellip;]<\/p>\n","protected":false},"author":5,"featured_media":0,"parent":3110,"menu_order":0,"comment_status":"closed","ping_status":"closed","template":"","meta":{"_acf_changed":false,"inline_featured_image":false,"footnotes":""},"g1_relation_tag":[],"class_list":["post-19206","page","type-page","status-publish","hentry"],"acf":[],"yoast_head":"<!-- This site is optimized with the Yoast SEO plugin v24.8.1 - https:\/\/yoast.com\/wordpress\/plugins\/seo\/ -->\n<title>C\u00f3mo Configurar la Autenticaci\u00f3n de Dominio<\/title>\n<meta name=\"robots\" content=\"index, follow, max-snippet:-1, max-image-preview:large, max-video-preview:-1\" \/>\n<link rel=\"canonical\" href=\"https:\/\/emailchef.com\/es\/base-de-conocimiento\/como-configurar-la-autenticacion-de-dominio\/\" \/>\n<meta name=\"twitter:label1\" content=\"Tiempo de lectura\" \/>\n\t<meta name=\"twitter:data1\" content=\"5 minutos\" \/>\n<!-- \/ Yoast SEO plugin. -->","yoast_head_json":{"title":"C\u00f3mo Configurar la Autenticaci\u00f3n de Dominio","robots":{"index":"index","follow":"follow","max-snippet":"max-snippet:-1","max-image-preview":"max-image-preview:large","max-video-preview":"max-video-preview:-1"},"canonical":"https:\/\/emailchef.com\/es\/base-de-conocimiento\/como-configurar-la-autenticacion-de-dominio\/","twitter_misc":{"Tiempo de lectura":"5 minutos"},"schema":{"@context":"https:\/\/schema.org","@graph":[{"@type":"WebPage","@id":"https:\/\/emailchef.com\/es\/base-de-conocimiento\/como-configurar-la-autenticacion-de-dominio\/","url":"https:\/\/emailchef.com\/es\/base-de-conocimiento\/como-configurar-la-autenticacion-de-dominio\/","name":"C\u00f3mo Configurar la Autenticaci\u00f3n de Dominio","isPartOf":{"@id":"https:\/\/emailchef.com\/es\/#website"},"primaryImageOfPage":{"@id":"https:\/\/emailchef.com\/es\/base-de-conocimiento\/como-configurar-la-autenticacion-de-dominio\/#primaryimage"},"image":{"@id":"https:\/\/emailchef.com\/es\/base-de-conocimiento\/como-configurar-la-autenticacion-de-dominio\/#primaryimage"},"thumbnailUrl":"https:\/\/emailchef.com\/wp-content\/uploads\/2024\/03\/autenticacion-de-dominio-1.png","datePublished":"2017-02-28T09:50:39+00:00","dateModified":"2024-03-07T09:21:11+00:00","breadcrumb":{"@id":"https:\/\/emailchef.com\/es\/base-de-conocimiento\/como-configurar-la-autenticacion-de-dominio\/#breadcrumb"},"inLanguage":"es","potentialAction":[{"@type":"ReadAction","target":["https:\/\/emailchef.com\/es\/base-de-conocimiento\/como-configurar-la-autenticacion-de-dominio\/"]}]},{"@type":"ImageObject","inLanguage":"es","@id":"https:\/\/emailchef.com\/es\/base-de-conocimiento\/como-configurar-la-autenticacion-de-dominio\/#primaryimage","url":"https:\/\/emailchef.com\/wp-content\/uploads\/2024\/03\/autenticacion-de-dominio-1.png","contentUrl":"https:\/\/emailchef.com\/wp-content\/uploads\/2024\/03\/autenticacion-de-dominio-1.png"},{"@type":"BreadcrumbList","@id":"https:\/\/emailchef.com\/es\/base-de-conocimiento\/como-configurar-la-autenticacion-de-dominio\/#breadcrumb","itemListElement":[{"@type":"ListItem","position":1,"name":"Home","item":"https:\/\/emailchef.com\/es\/emailchef-email-marketing-services\/"},{"@type":"ListItem","position":2,"name":"Base de conocimiento","item":"https:\/\/emailchef.com\/es\/base-de-conocimiento\/"},{"@type":"ListItem","position":3,"name":"C\u00f3mo Configurar la Autenticaci\u00f3n de Dominio"}]},{"@type":"WebSite","@id":"https:\/\/emailchef.com\/es\/#website","url":"https:\/\/emailchef.com\/es\/","name":"Emailchef","description":"Tasty recipes for email marketing","publisher":{"@id":"https:\/\/emailchef.com\/es\/#organization"},"potentialAction":[{"@type":"SearchAction","target":{"@type":"EntryPoint","urlTemplate":"https:\/\/emailchef.com\/es\/?s={search_term_string}"},"query-input":{"@type":"PropertyValueSpecification","valueRequired":true,"valueName":"search_term_string"}}],"inLanguage":"es"},{"@type":"Organization","@id":"https:\/\/emailchef.com\/es\/#organization","name":"Delivery Tech Corp.","url":"https:\/\/emailchef.com\/es\/","logo":{"@type":"ImageObject","inLanguage":"es","@id":"https:\/\/emailchef.com\/es\/#\/schema\/logo\/image\/","url":"https:\/\/emailchef.com\/wp-content\/uploads\/2022\/04\/logo-sama.png","contentUrl":"https:\/\/emailchef.com\/wp-content\/uploads\/2022\/04\/logo-sama.png","width":237,"height":80,"caption":"Delivery Tech Corp."},"image":{"@id":"https:\/\/emailchef.com\/es\/#\/schema\/logo\/image\/"}}]}},"_links":{"self":[{"href":"https:\/\/emailchef.com\/es\/wp-json\/wp\/v2\/pages\/19206"}],"collection":[{"href":"https:\/\/emailchef.com\/es\/wp-json\/wp\/v2\/pages"}],"about":[{"href":"https:\/\/emailchef.com\/es\/wp-json\/wp\/v2\/types\/page"}],"author":[{"embeddable":true,"href":"https:\/\/emailchef.com\/es\/wp-json\/wp\/v2\/users\/5"}],"replies":[{"embeddable":true,"href":"https:\/\/emailchef.com\/es\/wp-json\/wp\/v2\/comments?post=19206"}],"version-history":[{"count":14,"href":"https:\/\/emailchef.com\/es\/wp-json\/wp\/v2\/pages\/19206\/revisions"}],"predecessor-version":[{"id":71508,"href":"https:\/\/emailchef.com\/es\/wp-json\/wp\/v2\/pages\/19206\/revisions\/71508"}],"up":[{"embeddable":true,"href":"https:\/\/emailchef.com\/es\/wp-json\/wp\/v2\/pages\/3110"}],"wp:attachment":[{"href":"https:\/\/emailchef.com\/es\/wp-json\/wp\/v2\/media?parent=19206"}],"wp:term":[{"taxonomy":"g1_relation_tag","embeddable":true,"href":"https:\/\/emailchef.com\/es\/wp-json\/wp\/v2\/g1_relation_tag?post=19206"}],"curies":[{"name":"wp","href":"https:\/\/api.w.org\/{rel}","templated":true}]}}