{"id":10796,"date":"2019-07-16T08:33:32","date_gmt":"2019-07-16T08:33:32","guid":{"rendered":"https:\/\/emailchef.com\/?page_id=10796"},"modified":"2019-07-16T12:21:51","modified_gmt":"2019-07-16T12:21:51","slug":"noticias-y-actualizaciones","status":"publish","type":"page","link":"https:\/\/emailchef.com\/es\/noticias-y-actualizaciones\/","title":{"rendered":"Noticias y actualizaciones"},"content":{"rendered":"<div id=\"g1-box-counter-1\" class=\"g1-box g1-box--simple  g1-box--noicon\"><div class=\"g1-box__inner\">\n\t<ul class=\"g1-grid\"><li class=\"g1-column g1-two-fifth g1-valign-middle\"><img decoding=\"async\" src=\"https:\/\/emailchef.com\/wp-content\/uploads\/2026\/02\/pagino-email-ai.png\" style=\"margin-bottom: 16px;\"><\/li>\n\t<li class=\"g1-column g1-three-fifth g1-valign-top\">\n\t<h3 style=\"margin-bottom: 12px;\">Descubre Pagino y comienza a crear correos electr\u00f3nicos completos con inteligencia artificial.<\/h3>\n\t<!--p style=\"margin-top: 2px; margin-bottom: 6px; color: #999; font-size: 10px;\">febrero 11, 2026<\/p-->\n\t<p>Pagino es la \u00faltima herramienta de IA creada por los desarrolladores de Emailchef y TurboSMTP para generar tus emails a partir de unos simples comandos de texto. Solo tienes que describir en palabras sencillas lo que quieres comunicar y Pagino transforma tu idea en texto, dise\u00f1o y maquetaci\u00f3n listos para usar, que puedes personalizar seg\u00fan tu marca y estilo.\r\n\r\nLos emails generados se pueden importar directamente en Emailchef y enviar a tus contactos con solo unos clics, haciendo que el proceso de creaci\u00f3n y env\u00edo sea m\u00e1s r\u00e1pido y sencillo que nunca.\r\n\r\n<a href=\"https:\/\/pagino.ai\/\" target=\"_blank\" rel=\"noopener\">\u00a1Pru\u00e9balo ahora y descubre lo f\u00e1cil que es convertir una idea en un correo electr\u00f3nico!<\/a>\r\n<\/p><\/li><\/ul>\n\t<\/div><\/div><div id=\"g1-box-counter-2\" class=\"g1-box g1-box--simple  g1-box--noicon\"><div class=\"g1-box__inner\">\n\t<ul class=\"g1-grid\"><li class=\"g1-column g1-two-fifth g1-valign-middle\"><img decoding=\"async\" src=\"https:\/\/emailchef.com\/wp-content\/uploads\/2025\/09\/zapier-news.png\" style=\"margin-bottom: 16px;\"><\/li>\n\t<li class=\"g1-column g1-three-fifth g1-valign-top\">\n\t<h3 style=\"margin-bottom: 12px;\">Emailchef y Zapier: ha llegado la integraci\u00f3n para automatizaciones sin l\u00edmites<\/h3>\n\t<!--p style=\"margin-top: 2px; margin-bottom: 6px; color: #999; font-size: 10px;\">octubre 1, 2025<\/p-->\n\t<p>Desde hoy, Emailchef se integra con Zapier, permiti\u00e9ndote conectar tus campa\u00f1as de email con miles de aplicaciones y servicios con un solo clic. Gracias a esta integraci\u00f3n, puedes automatizar todas las actividades de marketing y gesti\u00f3n de contactos: actualizar contactos, sincronizar datos, activar campa\u00f1as de email en respuesta a eventos externos o acciones de tus suscriptores, y mucho m\u00e1s. Todo de manera sencilla y sin conocimientos t\u00e9cnicos.\r\n\r\nCon Emailchef y Zapier, todas las aplicaciones que utilizas, como CRM, redes sociales, formularios o herramientas de gesti\u00f3n de datos, pueden interactuar autom\u00e1ticamente con tus campa\u00f1as. As\u00ed puedes centralizar la informaci\u00f3n, enviar mensajes dirigidos y hacer que tus automatizaciones sean m\u00e1s r\u00e1pidas y eficaces.\r\n\r\n<a href=\"https:\/\/emailchef.com\/es\/emailchef-zapier-potencia-tus-automatizaciones-de-email\/\" target=\"_blank\" rel=\"noopener\">\u26a1Descubre ahora c\u00f3mo integrar Emailchef con Zapier \u26a1<\/a>\r\n<\/p><\/li><\/ul>\n\t<\/div><\/div><div id=\"g1-box-counter-3\" class=\"g1-box g1-box--simple  g1-box--noicon\"><div class=\"g1-box__inner\">\n\t<ul class=\"g1-grid\"><li class=\"g1-column g1-two-fifth g1-valign-middle\"><img decoding=\"async\" src=\"https:\/\/emailchef.com\/wp-content\/uploads\/2025\/07\/app-new-spoki.jpg\" style=\"margin-bottom: 16px;\"><\/li>\n\t<li class=\"g1-column g1-three-fifth g1-valign-top\">\n\t<h3 style=\"margin-bottom: 12px;\">Emailchef + Spoki: integrate email and WhatsApp for even more powerful automations<\/h3>\n\t<!--p style=\"margin-top: 2px; margin-bottom: 6px; color: #999; font-size: 10px;\">julio 16, 2025<\/p-->\n\t<p>Starting today, Emailchef integrates with Spoki to take your marketing to the next level by combining the power of email with the immediacy of WhatsApp. You can create automated multichannel flows to boost sales, engagement, and loyalty easily, with no technical skills required.\r\n\r\nThis integration lets you automate sending both emails and WhatsApp messages, guiding your customers throughout the entire sales funnel. Thanks to WhatsApp\u2019s speed, you can increase open and conversion rates by personalizing communications with urgent notifications, flash offers, and support messages. \r\n\r\n<a href=\"https:\/\/emailchef.com\/emailchef-spoki-the-integration-that-brings-together-email-and-whatsapp\/\" target=\"_blank\" rel=\"noopener\">Discover more about the Emailchef and Spoki integration!<\/a><\/p><\/li><\/ul>\n\t<\/div><\/div><div id=\"g1-box-counter-4\" class=\"g1-box g1-box--simple  g1-box--noicon\"><div class=\"g1-box__inner\">\n\t<ul class=\"g1-grid\"><li class=\"g1-column g1-two-fifth g1-valign-middle\"><img decoding=\"async\" src=\"https:\/\/emailchef.com\/wp-content\/uploads\/2025\/02\/templates-management.png\" style=\"margin-bottom: 16px;\"><\/li>\n\t<li class=\"g1-column g1-three-fifth g1-valign-top\">\n\t<h3 style=\"margin-bottom: 12px;\">Gesti\u00f3n avanzada de plantillas: simplicidad y control con Emailchef<\/h3>\n\t<!--p style=\"margin-top: 2px; margin-bottom: 6px; color: #999; font-size: 10px;\">febrero 24, 2025<\/p-->\n\t<p>\u00a1Desde hoy, organizar tus plantillas en Emailchef es a\u00fan m\u00e1s f\u00e1cil y eficiente!\r\n\r\nGracias a las nuevas funciones dedicadas, puedes crear carpetas y subcarpetas personalizadas para mantener todo en orden y renombrar las plantillas con solo unos clics para una gesti\u00f3n m\u00e1s intuitiva. Adem\u00e1s, podr\u00e1s encontrar r\u00e1pidamente tus plantillas con la b\u00fasqueda por nombre o palabra clave y previsualizarlas en versi\u00f3n m\u00f3vil y de escritorio.\r\n\r\nEstas herramientas garantizan un archivo siempre organizado, incluso con un gran n\u00famero de plantillas. Accede ahora a la secci\u00f3n Plantillas y empieza a simplificar la gesti\u00f3n de tus emails.\r\n\r\n<a href=\"https:\/\/emailchef.com\/es\/base-de-conocimiento\/gestion-de-plantillas-en-emailchef\/\" target=\"_blank\" rel=\"noopener\">Descubre m\u00e1s sobre la gesti\u00f3n de plantillas con Emailchef.<\/a><\/p><\/li><\/ul>\n\t<\/div><\/div><div id=\"g1-box-counter-5\" class=\"g1-box g1-box--simple  g1-box--noicon\"><div class=\"g1-box__inner\">\n\t<ul class=\"g1-grid\"><li class=\"g1-column g1-two-fifth g1-valign-middle\"><img decoding=\"async\" src=\"https:\/\/emailchef.com\/wp-content\/uploads\/2024\/11\/exclude-contacts.jpg\" style=\"margin-bottom: 16px;\"><\/li>\n\t<li class=\"g1-column g1-three-fifth g1-valign-top\">\n\t<h3 style=\"margin-bottom: 12px;\">Simplifica tus env\u00edos: excluye destinatarios no relevantes<\/h3>\n\t<!--p style=\"margin-top: 2px; margin-bottom: 6px; color: #999; font-size: 10px;\">noviembre 25, 2024<\/p-->\n\t<p>A partir de ahora, con Emailchef puedes crear campa\u00f1as de email a\u00fan m\u00e1s segmentadas y personalizadas. Al seleccionar tus destinatarios, puedes excluir f\u00e1cilmente contactos espec\u00edficos eligiendo las listas o segmentos a los que no deseas enviar tu campa\u00f1a.  \r\n\r\nEsta nueva funcionalidad te da un control total sobre tu p\u00fablico objetivo, asegurando que tus mensajes lleguen solo a la audiencia adecuada, con un mayor impacto y resultados m\u00e1s efectivos.  \r\n\r\nPrueba esta novedad desde tu panel de control y optimiza tu estrategia de marketing con Emailchef.\r\n\r\n<a href=\"https:\/\/emailchef.com\/es\/base-de-conocimiento\/seleccion-de-los-destinatarios\/\" rel=\"noopener\" target=\"_blank\">Descubre m\u00e1s sobre la funci\u00f3n de exclusi\u00f3n de contactos.<\/a>\r\n<\/p><\/li><\/ul>\n\t<\/div><\/div><div id=\"g1-box-counter-6\" class=\"g1-box g1-box--simple  g1-box--noicon\"><div class=\"g1-box__inner\">\n\t<ul class=\"g1-grid\"><li class=\"g1-column g1-two-fifth g1-valign-middle\"><img decoding=\"async\" src=\"https:\/\/emailchef.com\/wp-content\/uploads\/2024\/10\/subject-ai.jpg\" style=\"margin-bottom: 16px;\"><\/li>\n\t<li class=\"g1-column g1-three-fifth g1-valign-top\">\n\t<h3 style=\"margin-bottom: 12px;\">Crea l\u00edneas de asunto y preheader efectivos con la inteligencia artificial de Emailchef.<\/h3>\n\t<!--p style=\"margin-top: 2px; margin-bottom: 6px; color: #999; font-size: 10px;\">octubre 28, 2024<\/p-->\n\t<p>Con la inteligencia artificial integrada en tu cuenta de Emailchef, podr\u00e1s generar autom\u00e1ticamente l\u00edneas de asunto y preheader personalizados. Esto hace que captar la atenci\u00f3n de tus suscriptores y aumentar tus tasas de apertura sea a\u00fan m\u00e1s f\u00e1cil.\r\n\r\nSolo necesitas proporcionar indicaciones sobre el contenido del correo electr\u00f3nico y dejar que la IA de Emailchef cree textos optimizados para tus necesidades, ayud\u00e1ndote a obtener mejores resultados en menos tiempo.\r\n\r\nPrueba la nueva funci\u00f3n desde tu panel de control y mejora los resultados de tu email marketing de inmediato.\r\n\r\n<a href=\"https:\/\/emailchef.com\/es\/base-de-conocimiento\/personalice-los-detalles-de-campana\/\" rel=\"noopener\" target=\"_blank\">Descubre m\u00e1s sobre c\u00f3mo usar la IA de Emailchef para mejorar tus campa\u00f1as de correo electr\u00f3nico.<\/a>\r\n<\/p><\/li><\/ul>\n\t<\/div><\/div><div id=\"g1-box-counter-7\" class=\"g1-box g1-box--simple  g1-box--noicon\"><div class=\"g1-box__inner\">\n\t<ul class=\"g1-grid\"><li class=\"g1-column g1-two-fifth g1-valign-middle\"><img decoding=\"async\" src=\"https:\/\/emailchef.com\/wp-content\/uploads\/2024\/09\/Flows_img_1.png\" style=\"margin-bottom: 16px;\"><\/li>\n\t<li class=\"g1-column g1-three-fifth g1-valign-top\">\n\t<h3 style=\"margin-bottom: 12px;\">Descubre Emailchef Flow: \u00a1las nuevas automatizaciones de Emailchef ya est\u00e1n disponibles!<\/h3>\n\t<!--p style=\"margin-top: 2px; margin-bottom: 6px; color: #999; font-size: 10px;\">septiembre 27, 2024<\/p-->\n\t<p>A partir de hoy, crear y personalizar recorridos de correo electr\u00f3nico autom\u00e1ticos es a\u00fan m\u00e1s sencillo con Emailchef Flow.\r\n\r\nGracias a la \u00faltima tecnolog\u00eda de automatizaci\u00f3n del marketing por correo electr\u00f3nico, podr\u00e1s crear flujos de correo electr\u00f3nico autom\u00e1ticos, potentes y personalizables.\r\n\r\nEn otras palabras, puedes crear verdaderos recorridos de correos electr\u00f3nicos automatizados basados en las acciones de tus contactos, sus preferencias y las condiciones que elijas.\r\n\r\nY no se requieren habilidades t\u00e9cnicas.\r\n\r\nEmailchef Flow te ofrece el m\u00e1ximo control y flexibilidad para hacer crecer tu negocio. \u00a1Puedes probarlo hoy mismo en tu panel de control!\r\n\r\n<a href=\"https:\/\/emailchef.com\/es\/automatizacion-email-marketing\/\" rel=\"noopener\" target=\"_blank\">Descubre m\u00e1s sobre Emailchef Flow.<\/a>\r\n<\/p><\/li><\/ul>\n\t<\/div><\/div><div id=\"g1-box-counter-8\" class=\"g1-box g1-box--simple  g1-box--noicon\"><div class=\"g1-box__inner\">\n\t<ul class=\"g1-grid\"><li class=\"g1-column g1-two-fifth g1-valign-middle\"><img decoding=\"async\" src=\"https:\/\/emailchef.com\/wp-content\/uploads\/2024\/02\/gmail-yahoo-email-news-2024.png\" style=\"margin-bottom: 16px;\"><\/li>\n\t<li class=\"g1-column g1-three-fifth g1-valign-top\">\n\t<h3 style=\"margin-bottom: 12px;\">Gmail y Yahoo: Nuevos requisitos para el marketing por correo electr\u00f3nico en 2024<\/h3>\n\t<!--p style=\"margin-top: 2px; margin-bottom: 6px; color: #999; font-size: 10px;\">febrero 12, 2024<\/p-->\n\t<p>A partir de febrero de 2024, Gmail y Yahoo han hecho obligatorio lo que ya era una de las mejores pr\u00e1cticas para enviar correos electr\u00f3nicos de marketing: la autenticaci\u00f3n de dominio.\n\nEn resumen, cualquier persona que env\u00ede 5000 o m\u00e1s mensajes al d\u00eda a usuarios de Gmail o Yahoo debe configurar necesariamente registros SPF, DKIM y DMARC, bajo pena de que los mensajes no sean entregados en la bandeja de entrada. Pero, \u00bfqu\u00e9 se entiende por configuraci\u00f3n de dominio? \n\n\u00bfPara qu\u00e9 sirven los registros SPF, DKIM y DMARC? \u00bfY por qu\u00e9 ser\u00e1 necesario configurarlos?\n\n<a href=\"https:\/\/emailchef.com\/es\/base-de-conocimiento\/yahoo-y-gmail-estos-son-los-nuevos-requisitos-para-hacer-email-marketing-en-2024\/\" rel=\"noopener\" target=\"_blank\" tile=\"gu\u00eda sobre las \u00faltimas novedades en Gmail y Yahoo\">Obt\u00e9n m\u00e1s informaci\u00f3n en la gu\u00eda sobre las \u00faltimas novedades en Gmail y Yahoo.<\/a><\/p><\/li><\/ul>\n\t<\/div><\/div><div id=\"g1-box-counter-9\" class=\"g1-box g1-box--simple  g1-box--noicon\"><div class=\"g1-box__inner\">\n\t<ul class=\"g1-grid\"><li class=\"g1-column g1-two-fifth g1-valign-middle\"><img decoding=\"async\" src=\"https:\/\/emailchef.com\/wp-content\/uploads\/2024\/01\/segments-1.png\" style=\"margin-bottom: 16px;\"><\/li>\n\t<li class=\"g1-column g1-three-fifth g1-valign-top\">\n\t<h3 style=\"margin-bottom: 12px;\">Novedades: crea un segmento sobre la marcha antes de enviar tus campa\u00f1as.<\/h3>\n\t<!--p style=\"margin-top: 2px; margin-bottom: 6px; color: #999; font-size: 10px;\">enero 30, 2024<\/p-->\n\t<p>Con Emailchef, ahora es posible crear un nuevo segmento directamente durante el proceso de creaci\u00f3n de tu campa\u00f1a, incluyendo autorespondedores y campa\u00f1as por goteo.\n\n\u00bfC\u00f3mo? Al elegir tus destinatarios, simplemente haz clic en la opci\u00f3n 'Crear segmento', y podr\u00e1s generar r\u00e1pidamente un segmento que cumpla con tus requisitos sobre la marcha.\n\nSi olvidas crear tu segmento, ya no ser\u00e1 necesario interrumpir la creaci\u00f3n de la campa\u00f1a para volver a 'Listas y Segmentos'. En cambio, puedes crearlo directamente durante la fase de env\u00edo.\n\n<a href=\"https:\/\/emailchef.com\/es\/base-de-conocimiento\/seleccion-de-los-destinatarios\/\" rel=\"noopener\" target=\"_blank\" title=\"crea un segmento sobre la marcha antes de enviar tus campa\u00f1as\">\u00a1Descubre ahora c\u00f3mo usar esta nueva funci\u00f3n!<\/a><\/p><\/li><\/ul>\n\t<\/div><\/div><div id=\"g1-box-counter-10\" class=\"g1-box g1-box--simple  g1-box--noicon\"><div class=\"g1-box__inner\">\n\t<ul class=\"g1-grid\"><li class=\"g1-column g1-two-fifth g1-valign-middle\"><img decoding=\"async\" src=\"https:\/\/emailchef.com\/wp-content\/uploads\/2021\/12\/Labels.png\" style=\"margin-bottom: 16px;\"><\/li>\n\t<li class=\"g1-column g1-three-fifth g1-valign-top\">\n\t<h3 style=\"margin-bottom: 12px;\">Novedades: Use Etiquetas para Organizar sus Campa\u00f1as y Autoresponders<\/h3>\n\t<!--p style=\"margin-top: 2px; margin-bottom: 6px; color: #999; font-size: 10px;\">diciembre 28, 2021<\/p-->\n\t<p>Las etiquetas son una forma sencilla de organizar sus campa\u00f1as y autoresponders en Emailchef. Tambi\u00e9n le permiten filtrar de forma pr\u00e1ctica para facilitar la b\u00fasqueda de campa\u00f1as y autoresponders en su cuenta.\r\n\r\nHay varias formas de crear etiquetas y agregarlas a sus campa\u00f1as y autoresponders, adem\u00e1s podr\u00e1 editarlas o eliminarlas en cualquier momento.\r\n\r\nLas etiquetas que usted cree permanecer\u00e1n en su campa\u00f1a independientemente del estatus de la campa\u00f1a, ya sea un borrador, una campa\u00f1a programada, campa\u00f1a enviada o archivada. Las etiquetas tambi\u00e9n permanecen agregadas a sus autoresponders, ya sea que est\u00e9n activados o no.\r\n\r\nComience a usar las etiquetas ahora, <a href=\"https:\/\/emailchef.com\/es\/base-de-conocimiento\/use-etiquetas-para-organizar-sus-campanas-y-autoresponders\/\" target=\"_blank\" rel=\"noopener\">aprenda m\u00e1s<\/a>.<\/p><\/li><\/ul>\n\t<\/div><\/div>\n","protected":false},"excerpt":{"rendered":"","protected":false},"author":1,"featured_media":0,"parent":0,"menu_order":0,"comment_status":"closed","ping_status":"closed","template":"","meta":{"_acf_changed":false,"inline_featured_image":false,"footnotes":""},"g1_relation_tag":[],"class_list":["post-10796","page","type-page","status-publish","hentry"],"acf":[],"yoast_head":"<!-- This site is optimized with the Yoast SEO plugin v24.8.1 - https:\/\/yoast.com\/wordpress\/plugins\/seo\/ -->\n<title>Noticias y actualizaciones - Emailchef<\/title>\n<meta name=\"description\" content=\"Descubre las \u00faltimas noticias y actualizaciones del mundo Emailchef.\" \/>\n<meta name=\"robots\" content=\"index, follow, max-snippet:-1, max-image-preview:large, max-video-preview:-1\" \/>\n<link rel=\"canonical\" href=\"https:\/\/emailchef.com\/es\/noticias-y-actualizaciones\/\" \/>\n<!-- \/ Yoast SEO plugin. -->","yoast_head_json":{"title":"Noticias y actualizaciones - Emailchef","description":"Descubre las \u00faltimas noticias y actualizaciones del mundo Emailchef.","robots":{"index":"index","follow":"follow","max-snippet":"max-snippet:-1","max-image-preview":"max-image-preview:large","max-video-preview":"max-video-preview:-1"},"canonical":"https:\/\/emailchef.com\/es\/noticias-y-actualizaciones\/","schema":{"@context":"https:\/\/schema.org","@graph":[{"@type":"WebPage","@id":"https:\/\/emailchef.com\/es\/noticias-y-actualizaciones\/","url":"https:\/\/emailchef.com\/es\/noticias-y-actualizaciones\/","name":"Noticias y actualizaciones - Emailchef","isPartOf":{"@id":"https:\/\/emailchef.com\/es\/#website"},"datePublished":"2019-07-16T08:33:32+00:00","dateModified":"2019-07-16T12:21:51+00:00","description":"Descubre las \u00faltimas noticias y actualizaciones del mundo Emailchef.","breadcrumb":{"@id":"https:\/\/emailchef.com\/es\/noticias-y-actualizaciones\/#breadcrumb"},"inLanguage":"es","potentialAction":[{"@type":"ReadAction","target":["https:\/\/emailchef.com\/es\/noticias-y-actualizaciones\/"]}]},{"@type":"BreadcrumbList","@id":"https:\/\/emailchef.com\/es\/noticias-y-actualizaciones\/#breadcrumb","itemListElement":[{"@type":"ListItem","position":1,"name":"Home","item":"https:\/\/emailchef.com\/es\/emailchef-email-marketing-services\/"},{"@type":"ListItem","position":2,"name":"Noticias y actualizaciones"}]},{"@type":"WebSite","@id":"https:\/\/emailchef.com\/es\/#website","url":"https:\/\/emailchef.com\/es\/","name":"Emailchef","description":"Tasty recipes for email marketing","publisher":{"@id":"https:\/\/emailchef.com\/es\/#organization"},"potentialAction":[{"@type":"SearchAction","target":{"@type":"EntryPoint","urlTemplate":"https:\/\/emailchef.com\/es\/?s={search_term_string}"},"query-input":{"@type":"PropertyValueSpecification","valueRequired":true,"valueName":"search_term_string"}}],"inLanguage":"es"},{"@type":"Organization","@id":"https:\/\/emailchef.com\/es\/#organization","name":"Delivery Tech Corp.","url":"https:\/\/emailchef.com\/es\/","logo":{"@type":"ImageObject","inLanguage":"es","@id":"https:\/\/emailchef.com\/es\/#\/schema\/logo\/image\/","url":"https:\/\/emailchef.com\/wp-content\/uploads\/2022\/04\/logo-sama.png","contentUrl":"https:\/\/emailchef.com\/wp-content\/uploads\/2022\/04\/logo-sama.png","width":237,"height":80,"caption":"Delivery Tech Corp."},"image":{"@id":"https:\/\/emailchef.com\/es\/#\/schema\/logo\/image\/"}}]}},"_links":{"self":[{"href":"https:\/\/emailchef.com\/es\/wp-json\/wp\/v2\/pages\/10796"}],"collection":[{"href":"https:\/\/emailchef.com\/es\/wp-json\/wp\/v2\/pages"}],"about":[{"href":"https:\/\/emailchef.com\/es\/wp-json\/wp\/v2\/types\/page"}],"author":[{"embeddable":true,"href":"https:\/\/emailchef.com\/es\/wp-json\/wp\/v2\/users\/1"}],"replies":[{"embeddable":true,"href":"https:\/\/emailchef.com\/es\/wp-json\/wp\/v2\/comments?post=10796"}],"version-history":[{"count":1,"href":"https:\/\/emailchef.com\/es\/wp-json\/wp\/v2\/pages\/10796\/revisions"}],"predecessor-version":[{"id":10798,"href":"https:\/\/emailchef.com\/es\/wp-json\/wp\/v2\/pages\/10796\/revisions\/10798"}],"wp:attachment":[{"href":"https:\/\/emailchef.com\/es\/wp-json\/wp\/v2\/media?parent=10796"}],"wp:term":[{"taxonomy":"g1_relation_tag","embeddable":true,"href":"https:\/\/emailchef.com\/es\/wp-json\/wp\/v2\/g1_relation_tag?post=10796"}],"curies":[{"name":"wp","href":"https:\/\/api.w.org\/{rel}","templated":true}]}}