{"id":7204,"date":"2018-05-18T15:39:10","date_gmt":"2018-05-18T15:39:10","guid":{"rendered":"https:\/\/emailchef.com\/datenschutzerklarung-eu-verordnung-2016-79-dsgvo\/safety\/"},"modified":"2020-03-31T11:21:06","modified_gmt":"2020-03-31T11:21:06","slug":"sicherheit","status":"publish","type":"page","link":"https:\/\/emailchef.com\/de\/datenschutzerklarung-eu-verordnung-2016-79-dsgvo\/sicherheit\/","title":{"rendered":"Sicherheit"},"content":{"rendered":"<p><img fetchpriority=\"high\" decoding=\"async\" class=\"noBorders aligncenter wp-image-7025 size-full\" src=\"https:\/\/emailchef.com\/wp-content\/uploads\/2018\/05\/gdpr-protect.png\" alt=\"\" width=\"1280\" height=\"700\" srcset=\"https:\/\/emailchef.com\/wp-content\/uploads\/2018\/05\/gdpr-protect.png 1280w, https:\/\/emailchef.com\/wp-content\/uploads\/2018\/05\/gdpr-protect-300x164.png 300w, https:\/\/emailchef.com\/wp-content\/uploads\/2018\/05\/gdpr-protect-768x420.png 768w, https:\/\/emailchef.com\/wp-content\/uploads\/2018\/05\/gdpr-protect-1024x560.png 1024w, https:\/\/emailchef.com\/wp-content\/uploads\/2018\/05\/gdpr-protect-968x529.png 968w, https:\/\/emailchef.com\/wp-content\/uploads\/2018\/05\/gdpr-protect-636x348.png 636w, https:\/\/emailchef.com\/wp-content\/uploads\/2018\/05\/gdpr-protect-320x175.png 320w, https:\/\/emailchef.com\/wp-content\/uploads\/2018\/05\/gdpr-protect-239x131.png 239w\" sizes=\"(max-width: 1280px) 100vw, 1280px\" \/><\/p>\n<ul class=\"g1-grid\"><li class=\"g1-column g1-one-fourth g1-valign-top\">\n<h4>Technische Ma\u00dfnahmen<\/h4>\n<\/li><!-- -->\n<li class=\"g1-column g1-three-fourth g1-valign-top\">\n<p>Wir legen gr\u00f6\u00dften Wert auf die Sicherheit und Integrit\u00e4t Ihrer pers\u00f6nlichen Daten.<br \/>\nIn \u00dcbereinstimmung mit der DSGVO verpflichten wir uns t\u00e4glich, alle notwendigen Vorkehrungen zu treffen, um die Sicherheit Ihrer Daten zu gew\u00e4hrleisten und sie insbesondere zu sch\u00fctzen vor:<\/p>\n\n<ul id=\"\" class=\"g1-list g1-list--upper-alpha g1-list--none \">\n<li>versehentlicher oder nicht erlaubter Zerst\u00f6rung;<\/li>\n<li>unbeabsichtigtem oder nicht erlaubtem Verlust;<\/li>\n<li>versehentlicher oder nicht erlaubter Korruption;<\/li>\n<li>Weitergabe oder Offenlegung an Unbefugte;<\/li>\n<li>unbefugtem Zugriff;<\/li>\n<li>rechtswidriger Verarbeitung.<\/li>\n<\/ul>\n\n<p>Zu diesem Zweck haben wir branchen\u00fcbliche technische Sicherheitsvorkehrungen getroffen:<\/p>\n\n<ul id=\"\" class=\"g1-list g1-list--upper-alpha g1-list--none \">\n<li>eine mehrstufige Firewall;<\/li>\n<li>bew\u00e4hrte Antiviren- und Intrusion-Detection-Software;<\/li>\n<li>verschl\u00fcsselte \u00dcbertragung der Daten durch SSL \/ HTTPS \/ VPN Technologie.<\/li>\n<\/ul>\n\n<p>Zum Schutz personenbezogener Daten vor unbefugter Weitergabe haben wir speziell entwickelte Verschl\u00fcsselungsverfahren sowie Algorithmen eingesetzt, die die Sicherheit von Transaktionen, Zugriffen und Datensicherungen gew\u00e4hrleisten.<br \/>\nWir garantieren die Richtigkeit und korrekte Verwendung der Daten:<\/p>\n\n<ul id=\"\" class=\"g1-list g1-list--upper-alpha g1-list--none \">\n<li>mit geeigneten elektronischen, physischen und organisatorischen Verfahren, um die durch unsere Dienste gesammelten Daten zu sch\u00fctzen und zu bewahren;<\/li>\n<li>mit der entsprechenden Schulung der Mitarbeiter, die eine besondere Berechtigung zum Zugriff auf die Daten gem\u00e4\u00df den Bestimmungen der DSGVO erhalten haben.<\/li>\n<\/ul>\n\n<p>Es gibt jedoch keine absolute Verteidigung gegen Piraterieangriffe oder Hacker. Im Falle eines Sicherheitsversto\u00dfes (ein &#8220;Datenversto\u00df&#8221;) sind wir verpflichtet, Sie unverz\u00fcglich zu informieren und werden uns nach besten Kr\u00e4ften bem\u00fchen, das Eindringen zu neutralisieren und die Auswirkungen zu minimieren. Sollten Sie aufgrund einer Sicherheitsverletzung einen Schaden erleiden, sind wir verpflichtet, Ihnen alle Hilfe zu leisten, die Sie ben\u00f6tigen, um Ihre Rechte geltend machen zu k\u00f6nnen.<br \/>\nIst der Schaden ausnahmsweise auf ein schwerwiegendes Verschulden von uns zur\u00fcckzuf\u00fchren, leisten wir Schadenersatz im Rahmen der in unseren Allgemeinen Nutzungsbedingungen festgelegten Haftungsgrenzen.<br \/>\nWenn ein Benutzer, ein Abonnent von Kontaktlisten oder ein Hacker einen Sicherheitsversto\u00df entdeckt und ausnutzt, ist eine solche Person f\u00fcr die Strafverfolgung verantwortlich. Wir werden alle Ma\u00dfnahmen ergreifen, einschlie\u00dflich der Einreichung einer Beschwerde und\/oder rechtlicher Schritte, um die Daten und Rechte seiner Nutzer und uns selbst zu sch\u00fctzen und jegliche Auswirkungen zu begrenzen.<br \/>\nDie vorgenannten Ma\u00dfnahmen sind diejenigen, die wir zum Schutz Ihrer Daten ergreifen. Als Nutzer unserer Dienste, Anwendungen oder Software m\u00fcssen Sie die folgenden Aktionen durchf\u00fchren:<\/p>\n\n<ul id=\"\" class=\"g1-list g1-list--upper-alpha g1-list--none \">\n<li>die Authentifizierung von Personen, die auf die Daten zugreifen, \u00fcberpr\u00fcfen;<\/li>\n<li>ein eindeutiges und ausreichend sicheres Passwort verwenden, das Sie regelm\u00e4\u00dfig \u00e4ndern und nie unbeaufsichtigt lassen sollten;<\/li>\n<li>sicherstellen, dass Sie Sicherheitsma\u00dfnahmen f\u00fcr Daten ergreifen, die von uns verarbeitet werden und die Sie auf nicht sicheren Kommunikationskan\u00e4len gemeinsam nutzen.<\/li>\n<\/ul>\n\n<p>Zweck dieser technischen Ma\u00dfnahmen ist es, Ihre Daten f\u00fcr Unbefugte unverst\u00e4ndlich oder unzug\u00e4nglich zu machen.<br \/>\nBei Fragen zur Sicherheit unserer Dienste, Anwendungen und Software wenden Sie sich bitte an unseren technischen Support, der \u00fcber unsere offiziellen Kan\u00e4le E-Mail, Online-Chat und Telefon erreichbar ist.<\/p>\n<\/li><!-- --><\/ul>\n<div  class=\"g1-divider g1-divider--none g1-divider--noicon \"><\/div>\n<ul class=\"g1-grid\"><li class=\"g1-column g1-one-fourth g1-valign-top\">\n<h4>Zugriff auf autorisierte Daten f\u00fcr Kundenbetreuung und technische Unterst\u00fctzung<\/h4>\n<\/li><!-- -->\n<li class=\"g1-column g1-three-fourth g1-valign-top\">\n<p>Die gesammelten Daten werden verwendet, wenn es notwendig oder zweckdienlich ist f\u00fcr:<\/p>\n\n<ul id=\"\" class=\"g1-list g1-list--upper-alpha g1-list--none \">\n<li>die technische Unterst\u00fctzung der Benutzer f\u00fcr die von uns angebotenen Dienste, die sich auf die Datenverantwortlichen oder deren Kontaktlisten auswirken;<\/li>\n<li>den Abschluss von Gesch\u00e4ftsverhandlungen per Telefon oder E-Mail;<\/li>\n<li>die direkte oder indirekte kommerzielle Beratung.<\/li>\n<\/ul>\n\n<p><span style=\"font-weight: 400;\">Ihre Daten k\u00f6nnen von unseren Mitarbeitern oder Dritten verarbeitet werden, die gegebenenfalls als externe Bearbeiter eingesetzt werden. Der Inhaber oder der Datenverantwortliche wird von Zeit zu Zeit \u00fcber die Behandlungsmethoden informiert.<\/span><\/p>\n<\/li><!-- --><\/ul>\n<div  class=\"g1-divider g1-divider--none g1-divider--noicon \"><\/div>\n<ul class=\"g1-grid\"><li class=\"g1-column g1-one-fourth g1-valign-top\">\n<h4>Minimierung der Datenverarbeitung und -archivierung<\/h4>\n<\/li><!-- -->\n<li class=\"g1-column g1-three-fourth g1-valign-top\">\n<p>Wir haben technische und organisatorische Ma\u00dfnahmen vorbereitet, um das Prinzip der Minimierung der Datenverarbeitung zu gew\u00e4hrleisten. Jede Datenverarbeitung ist stets angemessen, relevant und auf die Erreichung der angegebenen Zwecke beschr\u00e4nkt.<br \/>\nDie Verarbeitung der Daten zu statistischen Zwecken, die Archivierung im \u00f6ffentlichen Interesse, die wissenschaftliche oder historische Forschung unterliegt Garantien, die den Rechten und Freiheiten des Betroffenen gem\u00e4\u00df den Bestimmungen der DSGVO entsprechen.<\/p>\n<\/li><!-- --><\/ul>\n","protected":false},"excerpt":{"rendered":"","protected":false},"author":2,"featured_media":0,"parent":7174,"menu_order":5,"comment_status":"closed","ping_status":"closed","template":"","meta":{"_acf_changed":false,"inline_featured_image":false,"footnotes":""},"g1_relation_tag":[],"class_list":["post-7204","page","type-page","status-publish","hentry"],"acf":[],"yoast_head":"<!-- This site is optimized with the Yoast SEO plugin v24.8.1 - https:\/\/yoast.com\/wordpress\/plugins\/seo\/ -->\n<title>Sicherheit - Emailchef<\/title>\n<meta name=\"robots\" content=\"index, follow, max-snippet:-1, max-image-preview:large, max-video-preview:-1\" \/>\n<link rel=\"canonical\" href=\"https:\/\/emailchef.com\/de\/datenschutzerklarung-eu-verordnung-2016-79-dsgvo\/sicherheit\/\" \/>\n<meta name=\"twitter:label1\" content=\"Gesch\u00e4tzte Lesezeit\" \/>\n\t<meta name=\"twitter:data1\" content=\"4\u00a0Minuten\" \/>\n<!-- \/ Yoast SEO plugin. -->","yoast_head_json":{"title":"Sicherheit - Emailchef","robots":{"index":"index","follow":"follow","max-snippet":"max-snippet:-1","max-image-preview":"max-image-preview:large","max-video-preview":"max-video-preview:-1"},"canonical":"https:\/\/emailchef.com\/de\/datenschutzerklarung-eu-verordnung-2016-79-dsgvo\/sicherheit\/","twitter_misc":{"Gesch\u00e4tzte Lesezeit":"4\u00a0Minuten"},"schema":{"@context":"https:\/\/schema.org","@graph":[{"@type":"WebPage","@id":"https:\/\/emailchef.com\/de\/datenschutzerklarung-eu-verordnung-2016-79-dsgvo\/sicherheit\/","url":"https:\/\/emailchef.com\/de\/datenschutzerklarung-eu-verordnung-2016-79-dsgvo\/sicherheit\/","name":"Sicherheit - Emailchef","isPartOf":{"@id":"https:\/\/emailchef.com\/de\/#website"},"primaryImageOfPage":{"@id":"https:\/\/emailchef.com\/de\/datenschutzerklarung-eu-verordnung-2016-79-dsgvo\/sicherheit\/#primaryimage"},"image":{"@id":"https:\/\/emailchef.com\/de\/datenschutzerklarung-eu-verordnung-2016-79-dsgvo\/sicherheit\/#primaryimage"},"thumbnailUrl":"https:\/\/emailchef.com\/wp-content\/uploads\/2018\/05\/gdpr-protect.png","datePublished":"2018-05-18T15:39:10+00:00","dateModified":"2020-03-31T11:21:06+00:00","breadcrumb":{"@id":"https:\/\/emailchef.com\/de\/datenschutzerklarung-eu-verordnung-2016-79-dsgvo\/sicherheit\/#breadcrumb"},"inLanguage":"de","potentialAction":[{"@type":"ReadAction","target":["https:\/\/emailchef.com\/de\/datenschutzerklarung-eu-verordnung-2016-79-dsgvo\/sicherheit\/"]}]},{"@type":"ImageObject","inLanguage":"de","@id":"https:\/\/emailchef.com\/de\/datenschutzerklarung-eu-verordnung-2016-79-dsgvo\/sicherheit\/#primaryimage","url":"https:\/\/emailchef.com\/wp-content\/uploads\/2018\/05\/gdpr-protect.png","contentUrl":"https:\/\/emailchef.com\/wp-content\/uploads\/2018\/05\/gdpr-protect.png"},{"@type":"BreadcrumbList","@id":"https:\/\/emailchef.com\/de\/datenschutzerklarung-eu-verordnung-2016-79-dsgvo\/sicherheit\/#breadcrumb","itemListElement":[{"@type":"ListItem","position":1,"name":"Home","item":"https:\/\/emailchef.com\/de\/emailchef-e-mail-marketing-service\/"},{"@type":"ListItem","position":2,"name":"DSGVO &#8211; Einf\u00fchrung &#8211; Ziele","item":"https:\/\/emailchef.com\/de\/datenschutzerklarung-eu-verordnung-2016-79-dsgvo\/"},{"@type":"ListItem","position":3,"name":"Sicherheit"}]},{"@type":"WebSite","@id":"https:\/\/emailchef.com\/de\/#website","url":"https:\/\/emailchef.com\/de\/","name":"Emailchef","description":"K\u00f6stliche Rezepte f\u00fcr E-Mail-Marketing","publisher":{"@id":"https:\/\/emailchef.com\/de\/#organization"},"potentialAction":[{"@type":"SearchAction","target":{"@type":"EntryPoint","urlTemplate":"https:\/\/emailchef.com\/de\/?s={search_term_string}"},"query-input":{"@type":"PropertyValueSpecification","valueRequired":true,"valueName":"search_term_string"}}],"inLanguage":"de"},{"@type":"Organization","@id":"https:\/\/emailchef.com\/de\/#organization","name":"Delivery Tech Corp.","url":"https:\/\/emailchef.com\/de\/","logo":{"@type":"ImageObject","inLanguage":"de","@id":"https:\/\/emailchef.com\/de\/#\/schema\/logo\/image\/","url":"https:\/\/emailchef.com\/wp-content\/uploads\/2022\/04\/logo-sama.png","contentUrl":"https:\/\/emailchef.com\/wp-content\/uploads\/2022\/04\/logo-sama.png","width":237,"height":80,"caption":"Delivery Tech Corp."},"image":{"@id":"https:\/\/emailchef.com\/de\/#\/schema\/logo\/image\/"}}]}},"_links":{"self":[{"href":"https:\/\/emailchef.com\/de\/wp-json\/wp\/v2\/pages\/7204"}],"collection":[{"href":"https:\/\/emailchef.com\/de\/wp-json\/wp\/v2\/pages"}],"about":[{"href":"https:\/\/emailchef.com\/de\/wp-json\/wp\/v2\/types\/page"}],"author":[{"embeddable":true,"href":"https:\/\/emailchef.com\/de\/wp-json\/wp\/v2\/users\/2"}],"replies":[{"embeddable":true,"href":"https:\/\/emailchef.com\/de\/wp-json\/wp\/v2\/comments?post=7204"}],"version-history":[{"count":4,"href":"https:\/\/emailchef.com\/de\/wp-json\/wp\/v2\/pages\/7204\/revisions"}],"predecessor-version":[{"id":18342,"href":"https:\/\/emailchef.com\/de\/wp-json\/wp\/v2\/pages\/7204\/revisions\/18342"}],"up":[{"embeddable":true,"href":"https:\/\/emailchef.com\/de\/wp-json\/wp\/v2\/pages\/7174"}],"wp:attachment":[{"href":"https:\/\/emailchef.com\/de\/wp-json\/wp\/v2\/media?parent=7204"}],"wp:term":[{"taxonomy":"g1_relation_tag","embeddable":true,"href":"https:\/\/emailchef.com\/de\/wp-json\/wp\/v2\/g1_relation_tag?post=7204"}],"curies":[{"name":"wp","href":"https:\/\/api.w.org\/{rel}","templated":true}]}}