{"id":7199,"date":"2018-05-18T15:35:45","date_gmt":"2018-05-18T15:35:45","guid":{"rendered":"https:\/\/emailchef.com\/datenschutzerklarung-eu-verordnung-2016-79-dsgvo\/access-export-modify-and-remove-information\/"},"modified":"2020-03-31T11:25:08","modified_gmt":"2020-03-31T11:25:08","slug":"zugriff-export-aenderung-und-entfernung-von-informationen","status":"publish","type":"page","link":"https:\/\/emailchef.com\/de\/datenschutzerklarung-eu-verordnung-2016-79-dsgvo\/zugriff-export-aenderung-und-entfernung-von-informationen\/","title":{"rendered":"Zugriff, Export, \u00c4nderung und Entfernung von Informationen"},"content":{"rendered":"<p><img fetchpriority=\"high\" decoding=\"async\" class=\"noBorders aligncenter wp-image-7032 size-full\" src=\"https:\/\/emailchef.com\/wp-content\/uploads\/2018\/05\/gdpr-esporta.png\" alt=\"\" width=\"1280\" height=\"700\" srcset=\"https:\/\/emailchef.com\/wp-content\/uploads\/2018\/05\/gdpr-esporta.png 1280w, https:\/\/emailchef.com\/wp-content\/uploads\/2018\/05\/gdpr-esporta-300x164.png 300w, https:\/\/emailchef.com\/wp-content\/uploads\/2018\/05\/gdpr-esporta-768x420.png 768w, https:\/\/emailchef.com\/wp-content\/uploads\/2018\/05\/gdpr-esporta-1024x560.png 1024w, https:\/\/emailchef.com\/wp-content\/uploads\/2018\/05\/gdpr-esporta-968x529.png 968w, https:\/\/emailchef.com\/wp-content\/uploads\/2018\/05\/gdpr-esporta-636x348.png 636w, https:\/\/emailchef.com\/wp-content\/uploads\/2018\/05\/gdpr-esporta-320x175.png 320w, https:\/\/emailchef.com\/wp-content\/uploads\/2018\/05\/gdpr-esporta-239x131.png 239w\" sizes=\"(max-width: 1280px) 100vw, 1280px\" \/><\/p>\n<ul class=\"g1-grid\"><li class=\"g1-column g1-one-fourth g1-valign-top\">\n<h4>Recht auf Zugriff, Berichtigung und Widerspruch<\/h4>\n<\/li><!-- -->\n<li class=\"g1-column g1-three-fourth g1-valign-top\">\n<p>Wir haben Mechanismen und Verfahren etabliert, die Ihnen jederzeit und aus legitimen Gr\u00fcnden die M\u00f6glichkeit garantieren:<\/p>\n\n<ul id=\"\" class=\"g1-list g1-list--upper-alpha g1-list--none \">\n<li>sich der Datenverarbeitung zu widersetzen;<\/li>\n<li>die L\u00f6schung, \u00c4nderung oder Aktualisierung aller Ihrer personenbezogenen Daten, die sich in unserem Besitz befinden, zu beantragen.<\/li>\n<\/ul>\n\n<p>Wir erm\u00f6glichen es Ihnen auch, Ihre Daten jederzeit zu \u00e4ndern, indem Sie \u00fcber unsere Portale auf Ihr Profil zugreifen oder sich an die E-Mail-Adresse wenden, die im Abschnitt &#8220;Datenschutz&#8221; der Website angegeben ist, auf die sich der jeweilige Dienst bezieht.<br \/>\nSie k\u00f6nnen sich von unserem Newsletter abmelden oder w\u00e4hlen, keine kommerziellen Mitteilungen per E-Mail erhalten. Benutzen Sie einfach den Abmeldelink, der in jeder E-Mail enthalten ist.<br \/>\nSie k\u00f6nnen Antr\u00e4ge auf L\u00f6schung, \u00c4nderung oder Aktualisierung aller personenbezogenen Daten elektronisch \u00fcber die entsprechenden Formulare oder per E-Mail an uns weiterleiten.<br \/>\nDiese Antr\u00e4ge werden innerhalb einer Frist von maximal 30 Tagen bearbeitet, es sei denn, es liegt eine begr\u00fcndete Verz\u00f6gerung vor.<br \/>\nWenn wir der Datenverarbeiter sind, helfen wir dem Datenverantwortlichen, die oben genannten Anforderungen zu erf\u00fcllen.<\/p>\n<\/li><!-- --><\/ul>\n<div  class=\"g1-divider g1-divider--none g1-divider--noicon \"><\/div>\n<ul class=\"g1-grid\"><li class=\"g1-column g1-one-fourth g1-valign-top\">\n<h4>Recht auf Vergessenwerden<\/h4>\n<\/li><!-- -->\n<li class=\"g1-column g1-three-fourth g1-valign-top\">\n<p>Wir haben alle notwendigen Verfahren entwickelt, um Ihr Recht auf Vergessen zu garantieren, damit Sie Ihre pers\u00f6nlichen Daten korrigieren k\u00f6nnen.<br \/>\nAuf Ihre berechtigte Anfrage hin l\u00f6schen wir Ihre Daten, die nicht mehr verarbeitet werden. Wir verwenden Ihre Daten auch nicht f\u00fcr andere Zwecke als die, f\u00fcr die sie zuvor erhoben oder verarbeitet wurden.<br \/>\nSie haben das Recht, Ihre Einwilligung zu widerrufen oder der Verarbeitung von Daten zu widersprechen, wenn Sie der Meinung sind, dass diese nicht dieser Regelung entsprechen.<br \/>\nUm von diesem Recht Gebrauch machen zu k\u00f6nnen, m\u00fcssen Sie die Berechtigung zur Beantragung durch Zusendung von Dokumenten, die Ihre Identit\u00e4t belegen, nachweisen. Bitte denken Sie daran, Ihre Entscheidung zu erl\u00e4utern.<br \/>\nSobald wir Ihre Mitteilung erhalten haben, werden wir so schnell wie m\u00f6glich antworten, um die L\u00f6schung Ihrer Daten zu best\u00e4tigen und nachzuweisen.<\/p>\n<\/li><!-- --><\/ul>\n<div  class=\"g1-divider g1-divider--none g1-divider--noicon \"><\/div>\n<ul class=\"g1-grid\"><li class=\"g1-column g1-one-fourth g1-valign-top\">\n<h4>Recht auf Daten\u00fcbertragbarkeit<\/h4>\n<\/li><!-- -->\n<li class=\"g1-column g1-three-fourth g1-valign-top\">\n<p>Um die Kontrolle \u00fcber die automatisch verarbeiteten Daten weiter zu st\u00e4rken, haben Sie das Recht, diese Daten aus unseren Anwendungen herunterzuladen.<br \/>\nDie Daten werden in einem strukturierten Format vorliegen, das von einem elektronischen Ger\u00e4t (z.B. Computer, Smartphones, Tablets usw.) verwendet und gelesen werden kann.<br \/>\nDie Dateien mit Ihren pers\u00f6nlichen Daten k\u00f6nnen an einen anderen \u00e4hnlichen Datenverantwortlichen \u00fcbermittelt werden, wodurch Ihr Recht auf Daten\u00fcbertragbarkeit gew\u00e4hrleistet ist.<\/p>\n<\/li><!-- --><\/ul>\n<div  class=\"g1-divider g1-divider--none g1-divider--noicon \"><\/div>\n<ul class=\"g1-grid\"><li class=\"g1-column g1-one-fourth g1-valign-top\">\n<h4>Recht auf Widerruf der Einwilligung in die Datenverarbeitung<\/h4>\n<\/li><!-- -->\n<li class=\"g1-column g1-three-fourth g1-valign-top\">\n<p>Wenn Sie unsere Werbe-E-Mails nicht mehr erhalten m\u00f6chten, k\u00f6nnen Sie den Anweisungen zum Entfernen aus unserer Kontaktliste folgen, die in jeder E-Mail enthalten ist.<br \/>\nZur Erinnerung: Der Widerruf der Einwilligung zur Datenverarbeitung, beschr\u00e4nkt sich auf die Nutzung eines kostenfreien Dienstes, unterbricht <em>ipso jure<\/em> die Lieferung.<\/p>\n<\/li><!-- --><\/ul>\n<div  class=\"g1-divider g1-divider--none g1-divider--noicon \"><\/div>\n<ul class=\"g1-grid\"><li class=\"g1-column g1-one-fourth g1-valign-top\">\n<h4>Recht auf Widerruf der Einwilligung zur Datenverarbeitung f\u00fcr Mitglieder von Kundenlisten<\/h4>\n<\/li><!-- -->\n<li class=\"g1-column g1-three-fourth g1-valign-top\">\n<p>Wenn Sie die Kontaktliste eines unserer Nutzer abonniert haben, erinnern wir Sie daran, dass wir f\u00fcr die Datenverarbeitung allein verantwortlich sind. Der Benutzer ist der Datenverantwortliche, und es obliegt diesem Benutzer, Ihre Daten zu l\u00f6schen oder zu aktualisieren.<br \/>\nWenn Sie keine Mitteilungen von einem unserer Benutzer mehr erhalten m\u00f6chten, laden wir Sie ein, sich \u00fcber den in der erhaltenen E-Mail verf\u00fcgbaren Link abzumelden oder sich direkt an den betreffenden Benutzer zu wenden, um Ihre Aufforderung zu vermitteln.<br \/>\nEine an uns gerichtete Aufforderung, Ihre Einwilligung zur Verarbeitung Ihrer Daten zu widerrufen, wird dem Nutzer, der Ihre Kontaktdaten in seiner Liste hat, mitgeteilt. Dieser Benutzer muss Ihre Daten l\u00f6schen oder aktualisieren.<\/p>\n<\/li><!-- --><\/ul>\n","protected":false},"excerpt":{"rendered":"","protected":false},"author":2,"featured_media":0,"parent":7174,"menu_order":4,"comment_status":"closed","ping_status":"closed","template":"","meta":{"_acf_changed":false,"inline_featured_image":false,"footnotes":""},"g1_relation_tag":[],"class_list":["post-7199","page","type-page","status-publish","hentry"],"acf":[],"yoast_head":"<!-- This site is optimized with the Yoast SEO plugin v24.8.1 - https:\/\/yoast.com\/wordpress\/plugins\/seo\/ -->\n<title>Zugriff, Export, \u00c4nderung und Entfernung von Informationen - Emailchef<\/title>\n<meta name=\"robots\" content=\"index, follow, max-snippet:-1, max-image-preview:large, max-video-preview:-1\" \/>\n<link rel=\"canonical\" href=\"https:\/\/emailchef.com\/de\/datenschutzerklarung-eu-verordnung-2016-79-dsgvo\/zugriff-export-aenderung-und-entfernung-von-informationen\/\" \/>\n<meta name=\"twitter:label1\" content=\"Gesch\u00e4tzte Lesezeit\" \/>\n\t<meta name=\"twitter:data1\" content=\"3\u00a0Minuten\" \/>\n<!-- \/ Yoast SEO plugin. -->","yoast_head_json":{"title":"Zugriff, Export, \u00c4nderung und Entfernung von Informationen - Emailchef","robots":{"index":"index","follow":"follow","max-snippet":"max-snippet:-1","max-image-preview":"max-image-preview:large","max-video-preview":"max-video-preview:-1"},"canonical":"https:\/\/emailchef.com\/de\/datenschutzerklarung-eu-verordnung-2016-79-dsgvo\/zugriff-export-aenderung-und-entfernung-von-informationen\/","twitter_misc":{"Gesch\u00e4tzte Lesezeit":"3\u00a0Minuten"},"schema":{"@context":"https:\/\/schema.org","@graph":[{"@type":"WebPage","@id":"https:\/\/emailchef.com\/de\/datenschutzerklarung-eu-verordnung-2016-79-dsgvo\/zugriff-export-aenderung-und-entfernung-von-informationen\/","url":"https:\/\/emailchef.com\/de\/datenschutzerklarung-eu-verordnung-2016-79-dsgvo\/zugriff-export-aenderung-und-entfernung-von-informationen\/","name":"Zugriff, Export, \u00c4nderung und Entfernung von Informationen - Emailchef","isPartOf":{"@id":"https:\/\/emailchef.com\/de\/#website"},"primaryImageOfPage":{"@id":"https:\/\/emailchef.com\/de\/datenschutzerklarung-eu-verordnung-2016-79-dsgvo\/zugriff-export-aenderung-und-entfernung-von-informationen\/#primaryimage"},"image":{"@id":"https:\/\/emailchef.com\/de\/datenschutzerklarung-eu-verordnung-2016-79-dsgvo\/zugriff-export-aenderung-und-entfernung-von-informationen\/#primaryimage"},"thumbnailUrl":"https:\/\/emailchef.com\/wp-content\/uploads\/2018\/05\/gdpr-esporta.png","datePublished":"2018-05-18T15:35:45+00:00","dateModified":"2020-03-31T11:25:08+00:00","breadcrumb":{"@id":"https:\/\/emailchef.com\/de\/datenschutzerklarung-eu-verordnung-2016-79-dsgvo\/zugriff-export-aenderung-und-entfernung-von-informationen\/#breadcrumb"},"inLanguage":"de","potentialAction":[{"@type":"ReadAction","target":["https:\/\/emailchef.com\/de\/datenschutzerklarung-eu-verordnung-2016-79-dsgvo\/zugriff-export-aenderung-und-entfernung-von-informationen\/"]}]},{"@type":"ImageObject","inLanguage":"de","@id":"https:\/\/emailchef.com\/de\/datenschutzerklarung-eu-verordnung-2016-79-dsgvo\/zugriff-export-aenderung-und-entfernung-von-informationen\/#primaryimage","url":"https:\/\/emailchef.com\/wp-content\/uploads\/2018\/05\/gdpr-esporta.png","contentUrl":"https:\/\/emailchef.com\/wp-content\/uploads\/2018\/05\/gdpr-esporta.png"},{"@type":"BreadcrumbList","@id":"https:\/\/emailchef.com\/de\/datenschutzerklarung-eu-verordnung-2016-79-dsgvo\/zugriff-export-aenderung-und-entfernung-von-informationen\/#breadcrumb","itemListElement":[{"@type":"ListItem","position":1,"name":"Home","item":"https:\/\/emailchef.com\/de\/emailchef-e-mail-marketing-service\/"},{"@type":"ListItem","position":2,"name":"DSGVO &#8211; Einf\u00fchrung &#8211; Ziele","item":"https:\/\/emailchef.com\/de\/datenschutzerklarung-eu-verordnung-2016-79-dsgvo\/"},{"@type":"ListItem","position":3,"name":"Zugriff, Export, \u00c4nderung und Entfernung von Informationen"}]},{"@type":"WebSite","@id":"https:\/\/emailchef.com\/de\/#website","url":"https:\/\/emailchef.com\/de\/","name":"Emailchef","description":"K\u00f6stliche Rezepte f\u00fcr E-Mail-Marketing","publisher":{"@id":"https:\/\/emailchef.com\/de\/#organization"},"potentialAction":[{"@type":"SearchAction","target":{"@type":"EntryPoint","urlTemplate":"https:\/\/emailchef.com\/de\/?s={search_term_string}"},"query-input":{"@type":"PropertyValueSpecification","valueRequired":true,"valueName":"search_term_string"}}],"inLanguage":"de"},{"@type":"Organization","@id":"https:\/\/emailchef.com\/de\/#organization","name":"Delivery Tech Corp.","url":"https:\/\/emailchef.com\/de\/","logo":{"@type":"ImageObject","inLanguage":"de","@id":"https:\/\/emailchef.com\/de\/#\/schema\/logo\/image\/","url":"https:\/\/emailchef.com\/wp-content\/uploads\/2022\/04\/logo-sama.png","contentUrl":"https:\/\/emailchef.com\/wp-content\/uploads\/2022\/04\/logo-sama.png","width":237,"height":80,"caption":"Delivery Tech Corp."},"image":{"@id":"https:\/\/emailchef.com\/de\/#\/schema\/logo\/image\/"}}]}},"_links":{"self":[{"href":"https:\/\/emailchef.com\/de\/wp-json\/wp\/v2\/pages\/7199"}],"collection":[{"href":"https:\/\/emailchef.com\/de\/wp-json\/wp\/v2\/pages"}],"about":[{"href":"https:\/\/emailchef.com\/de\/wp-json\/wp\/v2\/types\/page"}],"author":[{"embeddable":true,"href":"https:\/\/emailchef.com\/de\/wp-json\/wp\/v2\/users\/2"}],"replies":[{"embeddable":true,"href":"https:\/\/emailchef.com\/de\/wp-json\/wp\/v2\/comments?post=7199"}],"version-history":[{"count":3,"href":"https:\/\/emailchef.com\/de\/wp-json\/wp\/v2\/pages\/7199\/revisions"}],"predecessor-version":[{"id":18348,"href":"https:\/\/emailchef.com\/de\/wp-json\/wp\/v2\/pages\/7199\/revisions\/18348"}],"up":[{"embeddable":true,"href":"https:\/\/emailchef.com\/de\/wp-json\/wp\/v2\/pages\/7174"}],"wp:attachment":[{"href":"https:\/\/emailchef.com\/de\/wp-json\/wp\/v2\/media?parent=7199"}],"wp:term":[{"taxonomy":"g1_relation_tag","embeddable":true,"href":"https:\/\/emailchef.com\/de\/wp-json\/wp\/v2\/g1_relation_tag?post=7199"}],"curies":[{"name":"wp","href":"https:\/\/api.w.org\/{rel}","templated":true}]}}