{"id":7193,"date":"2018-05-18T15:05:25","date_gmt":"2018-05-18T15:05:25","guid":{"rendered":"https:\/\/emailchef.com\/datenschutzerklarung-eu-verordnung-2016-79-dsgvo\/how-delivery-tech-uses-your-information\/"},"modified":"2020-03-31T11:08:57","modified_gmt":"2020-03-31T11:08:57","slug":"wie-wir-ihre-informationen-verwendet","status":"publish","type":"page","link":"https:\/\/emailchef.com\/de\/datenschutzerklarung-eu-verordnung-2016-79-dsgvo\/wie-wir-ihre-informationen-verwendet\/","title":{"rendered":"Wie wir Ihre Informationen verwenden"},"content":{"rendered":"<p><img fetchpriority=\"high\" decoding=\"async\" class=\"noBorders aligncenter wp-image-6951 size-full\" src=\"https:\/\/emailchef.com\/wp-content\/uploads\/2018\/05\/GDPR-intro.png\" alt=\"\" width=\"1280\" height=\"700\" srcset=\"https:\/\/emailchef.com\/wp-content\/uploads\/2018\/05\/GDPR-intro.png 1280w, https:\/\/emailchef.com\/wp-content\/uploads\/2018\/05\/GDPR-intro-300x164.png 300w, https:\/\/emailchef.com\/wp-content\/uploads\/2018\/05\/GDPR-intro-768x420.png 768w, https:\/\/emailchef.com\/wp-content\/uploads\/2018\/05\/GDPR-intro-1024x560.png 1024w, https:\/\/emailchef.com\/wp-content\/uploads\/2018\/05\/GDPR-intro-968x529.png 968w, https:\/\/emailchef.com\/wp-content\/uploads\/2018\/05\/GDPR-intro-636x348.png 636w, https:\/\/emailchef.com\/wp-content\/uploads\/2018\/05\/GDPR-intro-320x175.png 320w, https:\/\/emailchef.com\/wp-content\/uploads\/2018\/05\/GDPR-intro-239x131.png 239w\" sizes=\"(max-width: 1280px) 100vw, 1280px\" \/><\/p>\n<p>&nbsp;<\/p>\n<ul class=\"g1-grid\"><li class=\"g1-column g1-one-fourth g1-valign-top\">\n<h4>Regelung der Verantwortlichkeit f\u00fcr die Datenverarbeitung<\/h4>\n<\/li><!-- -->\n<li class=\"g1-column g1-three-fourth g1-valign-top\">\n<p><strong>emailChef wird als weltweiter Service angeboten. Deshalb erfolgt eine Differenzierung der Verantwortlichkeit des Datenschutzes wie folgt:<\/strong><\/p>\n<p>F\u00fcr <strong>Europ\u00e4ische Kunden<\/strong> ist das Unternehmen Edisplay srl (Viale del lavoro 53, 08023, Fonni (NU), Italien) verantwortlich f\u00fcr die Datenverarbeitung, Datenerfassung und den Datenschutz.<\/p>\n<p>F\u00fcr <strong>Kunden au\u00dferhalb Europas<\/strong>, insbesondere der USA, ist das Unternehmen Delivery Tech (4411 Morena Blvd #105, San Diego, CA 92117) f\u00fcr die Datenverarbeitung verantwortlich.<\/p>\n<p>Diese Datenschutzerkl\u00e4rung bezieht sich auf die Bereitstellung der Services in Europa durch Edisplay srl, im Folgenden Service-Betreiber genannt.<\/p>\n<\/li><!-- --><\/ul>\n<div  class=\"g1-divider g1-divider--none g1-divider--noicon \"><\/div>\n<ul class=\"g1-grid\"><li class=\"g1-column g1-one-fourth g1-valign-top\">\n<h4>Zweck und Ziel der Datenverarbeitung &#8211; Rechtsgrundlage als Datenverantwortlicher<\/h4>\n<\/li><!-- -->\n<li class=\"g1-column g1-three-fourth g1-valign-top\">\n<p>Wir verarbeiten Ihre Daten, um unsere Ziele und die von Dritten zu verfolgen, und wenden angemessene Schutzvorkehrungen an, um Ihre Privatsph\u00e4re zu sch\u00fctzen.<\/p>\n<p>Der Hauptzweck der Erhebung personenbezogener Daten ist es, ein sicheres, optimales, effizientes und personalisiertes Erlebnis zu bieten. Um dieses Ziel zu erreichen, informieren wir Sie, dass wir berechtigte Interessen verfolgen, wie in Artikel 6 der DSGVO \u00fcber die Rechtm\u00e4\u00dfigkeit der Datenverarbeitung vorgesehen: &#8220;Es ist auch ein berechtigtes Interesse des betroffenen Datenverantwortlichen, personenbezogene Daten zu verarbeiten, die f\u00fcr die Betrugspr\u00e4vention unbedingt erforderlich sind. Es kann als berechtigtes Interesse angesehen werden, personenbezogene Daten f\u00fcr Direktmarketingzwecke zu verarbeiten.&#8221;<\/p>\n<p>Wir versichern Ihnen, dass Ihre Daten nur f\u00fcr die folgenden Zwecke verwendet werden:<\/p>\n\n<ul id=\"\" class=\"g1-list g1-list--upper-alpha g1-list--none \">\n<li><strong>um die Nutzung unserer Dienste zu f\u00f6rdern<\/strong>. Wenn Sie Informationen anfordern oder sich f\u00fcr kostenlose Dienste registrieren und uns Ihre Daten hinterlassen, k\u00f6nnen wir Sie telefonisch oder per E-Mail kontaktieren:\n<ul id=\"\" class=\"g1-list g1-list--upper-alpha g1-list--none \" style=\"list-style-type: lower-alpha;\">\n<li>um Ihr Feedback zu erbitten;<\/li>\n<li>um Ihnen vorzuschlagen, sich f\u00fcr einen unserer Dienste, Anwendungen oder Software zu registrieren.<\/li>\n<\/ul>\n<p>Wenn Sie bereits einen unserer Dienste (kostenlos oder kostenpflichtig) nutzen und wir glauben, dass Sie von der Nutzung eines anderen Lieferservices, einer anderen Anwendung oder Software profitieren k\u00f6nnten, k\u00f6nnten wir Ihnen eine E-Mail \u00fcber diese M\u00f6glichkeit senden oder Sie kontaktieren, um Ihnen Informationen und Werbeinhalte in \u00dcbereinstimmung mit Ihren Marketingpr\u00e4ferenzen zu senden.<\/li>\n<li><strong>Rechnung oder Versand von Zahlungsaufforderungen<\/strong>. Wir k\u00f6nnen Ihre Informationen verwenden, um Ihnen E-Mails mit Rechnungen, Quittungen oder Insolvenzmitteilungen zu senden. Wir verwenden Dritte, um Kreditkartentransaktionen sicher abzuwickeln und die Rechnungsdaten an diese Dritten zur Abwicklung Ihrer Bestellungen und Zahlungen zu \u00fcbermitteln.<\/li>\n<li><strong>Zum Senden von Systemwarnmeldungen<\/strong>. Sie erhalten m\u00f6glicherweise Mitteilungen \u00fcber die von Ihnen verwendeten Dienste, Anwendungen oder technische Software. Der Zweck ist es, Sie zu warnen, im Falle von:\n<ul id=\"\" class=\"g1-list g1-list--upper-alpha g1-list--none \" style=\"list-style-type: lower-alpha;\">\n<li>tempor\u00e4ren oder dauerhaften \u00c4nderungen an unseren Diensten, Anwendungen oder Software;<\/li>\n<li>\u00c4nderung der Nutzungsbedingungen;<\/li>\n<li>geplanten Unterbrechungen;<\/li>\n<li>neuen Funktionen<\/li>\n<li>Versions-Updates;<\/li>\n<li>Hinweisen auf Missbrauch oder Datenschutzverletzungen (auch &#8220;Data breach&#8221; genannt);<\/li>\n<li>Aktualisierungen und \u00c4nderungen unserer Datenschutzerkl\u00e4rung.<\/li>\n<\/ul>\n<\/li>\n<li><strong>um Hilfe bereitzustellen<\/strong>. Wir k\u00f6nnen mit Ihnen oder mit Mitgliedern Ihrer Kontaktliste kommunizieren, um Hilfe und Unterst\u00fctzung in Bezug auf die verwendeten Dienste, Anwendungen und Software bereitzustellen.<\/li>\n<li><strong>Aus rechtlichen Gr\u00fcnden<\/strong>. Sie k\u00f6nnen Mitteilungen rechtlicher Art erhalten, wie z.B. die Einhaltung von Gerichtsbeschl\u00fcssen.<\/li>\n<li><strong>um Informationen f\u00fcr Vertreter und Berater<\/strong>, einschlie\u00dflich Anw\u00e4lte und Buchhalter, zu liefern. M\u00f6glicherweise m\u00fcssen wir Ihre Daten verwenden, um die gesetzlichen, buchhalterischen oder sicherheitstechnischen Anforderungen zu erf\u00fcllen.<\/li>\n<li><strong>um auf legitime Anfragen von Beh\u00f6rden zu reagieren<\/strong>. Wenn eine Beh\u00f6rde einen legitimen Antrag stellt, der durch die Einhaltung der nationalen Sicherheitsanforderungen oder durch die Strafverfolgung motiviert ist, k\u00f6nnen Ihre Daten verwendet werden.<\/li>\n<li><strong>zur \u00dcbermittlung Ihrer Daten bei Verkauf, Fusion, Konsolidierung, Liquidation, Reorganisation oder Erwerb<\/strong>. In diesem Fall unterliegt jeder K\u00e4ufer unseren Verpflichtungen im Rahmen dieser Datenschutzrichtlinie, einschlie\u00dflich der Zugangs- und Auswahlrechte. Wir werden Sie \u00fcber die \u00c4nderung informieren, indem wir Ihnen eine E-Mail senden oder eine Mitteilung auf unserer Website ver\u00f6ffentlichen.<\/li>\n<\/ul>\n\n<\/li><!-- --><\/ul>\n<div  class=\"g1-divider g1-divider--none g1-divider--noicon \"><\/div>\n<ul class=\"g1-grid\"><li class=\"g1-column g1-one-fourth g1-valign-top\">\n<h4>Weitergabe von Daten<\/h4>\n<\/li><!-- -->\n<li class=\"g1-column g1-three-fourth g1-valign-top\">\n<p>Die personenbezogenen Daten, die wir sammeln, sind dazu bestimmt, die kommerziellen, buchhalterischen und technischen Dienstleistungen des Service-Providers zu erbringen. Sie k\u00f6nnen auch an Vertragsunternehmen geschickt werden, die der Service-Betreiber zur Ausf\u00fchrung von Dienstleistungen nutzt, wie z.B. Bindig Media GmbH in Deutschland.<br \/>\nEine Weitergabe personenbezogener Daten an Dritte zu Marketingzwecken ist ohne Ihre ausdr\u00fcckliche Zustimmung nicht m\u00f6glich. Die Weitergabe von personenbezogenen Daten, die Sie uns zur Verf\u00fcgung gestellt haben, an Dritte kann nur in den folgenden F\u00e4llen erfolgen:<\/p>\n\n<ul id=\"\" class=\"g1-list g1-list--upper-alpha g1-list--none \">\n<li>mit Ihrer Erlaubnis;<\/li>\n<li>auf Antrag der zust\u00e4ndigen Justizbeh\u00f6rden bei gerichtlichen Ermittlungen oder im Rahmen einer gerichtlichen Auseinandersetzung.<\/li>\n<\/ul>\n\n<\/li><!-- --><\/ul>\n<div  class=\"g1-divider g1-divider--none g1-divider--noicon \"><\/div>\n<ul class=\"g1-grid\"><li class=\"g1-column g1-one-fourth g1-valign-top\">\n<h4>Zweck und Ziel der Datenverarbeitung als verantwortlicher B2B-Nutzer<\/h4>\n<\/li><!-- -->\n<li class=\"g1-column g1-three-fourth g1-valign-top\">\n<p>Wenn Sie unsere Dienste nutzen, k\u00f6nnen Sie Daten zusammen mit den pers\u00f6nlichen Informationen, die Sie von Ihren Abonnenten oder anderen Personen gesammelt haben, in Ihr System importieren. Wir haben keine direkte Beziehung zu Ihren Abonnenten, daher ist es Ihre Aufgabe sicherzustellen, dass Sie \u00fcber die entsprechende Berechtigung f\u00fcr die Erhebung und Verarbeitung von Daten zu diesen Themen verf\u00fcgen.<br \/>\nIn \u00dcbereinstimmung mit der DSGVO k\u00f6nnen wir Ihre pers\u00f6nlichen Daten oder Abonnenten-Informationen an Unternehmen weitergeben, die uns unterst\u00fctzen und uns helfen, unsere Dienstleistungen zu gew\u00e4hrleisten.<br \/>\nF\u00fcr statistische oder Forschungszwecke k\u00f6nnen wir die \u00fcber unsere Dienste gesammelten Informationen kategorisieren. Dies betrifft insbesondere:<\/p>\n\n<ul id=\"\" class=\"g1-list g1-list--upper-alpha g1-list--none \">\n<li>Daten, die Sie uns direkt zur Verf\u00fcgung gestellt haben;<\/li>\n<li>von Ihnen gesammelten Daten;<\/li>\n<li>Daten, die von den Mitgliedern Ihrer Listen auf unklare Weise gesammelt wurden&#8230;.<\/li>\n<\/ul>\n\n<\/li><!-- --><\/ul>\n<div  class=\"g1-divider g1-divider--none g1-divider--noicon \"><\/div>\n<ul class=\"g1-grid\"><li class=\"g1-column g1-one-fourth g1-valign-top\">\n<h4>Datenverarbeitung zur Erbringung, Unterst\u00fctzung und Verbesserung der von uns angebotenen Dienstleistungen und zur Unterbreitung von Vorschl\u00e4gen<\/h4>\n<\/li><!-- -->\n<li class=\"g1-column g1-three-fourth g1-valign-top\">\n<p>Wir sammeln Daten f\u00fcr legitime und pr\u00e4zise Zwecke:<\/p>\n\n<ul id=\"\" class=\"g1-list g1-list--upper-alpha g1-list--none \">\n<li>um bessere Dienstleistungen anzubieten und Ihnen genauere Statistiken zur Verf\u00fcgung zu stellen, die Ihnen helfen, die Leistung Ihrer Kampagnen und den Prozentsatz der E-Mail-Zustellung zu erh\u00f6hen;<\/li>\n<li>um neue Funktionen hinzuzuf\u00fcgen, um unseren Nutzern das beste Angebot zu garantieren;<\/li>\n<li>um Produkte oder Dienstleistungen vorzuschlagen, die f\u00fcr Sie oder die Abonnenten Ihrer Listen interessant oder relevant sein k\u00f6nnten. (Einige dieser Vorschl\u00e4ge werden von unseren &#8220;data science&#8221;-Algorithmen generiert.)<\/li>\n<\/ul>\n\n<p>Profiling erlaubt es uns, pers\u00f6nliche Informationen mit anderen Informationen zu kombinieren, die wir von Ihnen sammeln oder erhalten (wie z.B. Informationen von unseren Partnern, die Kreditkartenzahlungen verwalten), um Sie auf eine personalisierte Art und Weise entsprechend Ihren Pr\u00e4ferenzen oder Einschr\u00e4nkungen zu bedienen, oder f\u00fcr Werbe- oder Targetingzwecke in \u00dcbereinstimmung mit dieser Datenschutzrichtlinie.<br \/>\nWenn wir personenbezogene Daten mit anderen Informationen auf diese Weise kombinieren, behandeln wir diese Informationen gewissenhaft, um sicherzustellen, dass alle Sicherheitsma\u00dfnahmen bei der Verarbeitung personenbezogener Daten wie in dieser Mitteilung beschrieben angewendet werden.<\/p>\n<\/li><!-- --><\/ul>\n<div  class=\"g1-divider g1-divider--none g1-divider--noicon \"><\/div>\n<ul class=\"g1-grid\"><li class=\"g1-column g1-one-fourth g1-valign-top\">\n<h4>Profilerstellung<\/h4>\n<\/li><!-- -->\n<li class=\"g1-column g1-three-fourth g1-valign-top\">\n<p>Wir nutzen Ihre Daten auch f\u00fcr Direktmarketingzwecke. Sie k\u00f6nnen diese Art von Aktivit\u00e4t jederzeit ablehnen. Sie sind und werden immer dar\u00fcber informiert, wie, wo und wann wir diese Ma\u00dfnahme ergreifen. Unsere Dienstleistungen beinhalten keine automatischen Ma\u00dfnahmen, die Sie rechtlich oder erheblich beeintr\u00e4chtigen k\u00f6nnen.<\/p>\n<\/li><!-- --><\/ul>\n","protected":false},"excerpt":{"rendered":"<p>&nbsp;<\/p>\n","protected":false},"author":2,"featured_media":0,"parent":7174,"menu_order":3,"comment_status":"closed","ping_status":"closed","template":"","meta":{"_acf_changed":false,"inline_featured_image":false,"footnotes":""},"g1_relation_tag":[],"class_list":["post-7193","page","type-page","status-publish","hentry"],"acf":[],"yoast_head":"<!-- This site is optimized with the Yoast SEO plugin v24.8.1 - https:\/\/yoast.com\/wordpress\/plugins\/seo\/ -->\n<title>Wie wir Ihre Informationen verwenden - Emailchef<\/title>\n<meta name=\"robots\" content=\"index, follow, max-snippet:-1, max-image-preview:large, max-video-preview:-1\" \/>\n<link rel=\"canonical\" href=\"https:\/\/emailchef.com\/de\/datenschutzerklarung-eu-verordnung-2016-79-dsgvo\/wie-wir-ihre-informationen-verwendet\/\" \/>\n<meta name=\"twitter:label1\" content=\"Gesch\u00e4tzte Lesezeit\" \/>\n\t<meta name=\"twitter:data1\" content=\"6\u00a0Minuten\" \/>\n<!-- \/ Yoast SEO plugin. -->","yoast_head_json":{"title":"Wie wir Ihre Informationen verwenden - Emailchef","robots":{"index":"index","follow":"follow","max-snippet":"max-snippet:-1","max-image-preview":"max-image-preview:large","max-video-preview":"max-video-preview:-1"},"canonical":"https:\/\/emailchef.com\/de\/datenschutzerklarung-eu-verordnung-2016-79-dsgvo\/wie-wir-ihre-informationen-verwendet\/","twitter_misc":{"Gesch\u00e4tzte Lesezeit":"6\u00a0Minuten"},"schema":{"@context":"https:\/\/schema.org","@graph":[{"@type":"WebPage","@id":"https:\/\/emailchef.com\/de\/datenschutzerklarung-eu-verordnung-2016-79-dsgvo\/wie-wir-ihre-informationen-verwendet\/","url":"https:\/\/emailchef.com\/de\/datenschutzerklarung-eu-verordnung-2016-79-dsgvo\/wie-wir-ihre-informationen-verwendet\/","name":"Wie wir Ihre Informationen verwenden - Emailchef","isPartOf":{"@id":"https:\/\/emailchef.com\/de\/#website"},"primaryImageOfPage":{"@id":"https:\/\/emailchef.com\/de\/datenschutzerklarung-eu-verordnung-2016-79-dsgvo\/wie-wir-ihre-informationen-verwendet\/#primaryimage"},"image":{"@id":"https:\/\/emailchef.com\/de\/datenschutzerklarung-eu-verordnung-2016-79-dsgvo\/wie-wir-ihre-informationen-verwendet\/#primaryimage"},"thumbnailUrl":"https:\/\/emailchef.com\/wp-content\/uploads\/2018\/05\/GDPR-intro.png","datePublished":"2018-05-18T15:05:25+00:00","dateModified":"2020-03-31T11:08:57+00:00","breadcrumb":{"@id":"https:\/\/emailchef.com\/de\/datenschutzerklarung-eu-verordnung-2016-79-dsgvo\/wie-wir-ihre-informationen-verwendet\/#breadcrumb"},"inLanguage":"de","potentialAction":[{"@type":"ReadAction","target":["https:\/\/emailchef.com\/de\/datenschutzerklarung-eu-verordnung-2016-79-dsgvo\/wie-wir-ihre-informationen-verwendet\/"]}]},{"@type":"ImageObject","inLanguage":"de","@id":"https:\/\/emailchef.com\/de\/datenschutzerklarung-eu-verordnung-2016-79-dsgvo\/wie-wir-ihre-informationen-verwendet\/#primaryimage","url":"https:\/\/emailchef.com\/wp-content\/uploads\/2018\/05\/GDPR-intro.png","contentUrl":"https:\/\/emailchef.com\/wp-content\/uploads\/2018\/05\/GDPR-intro.png"},{"@type":"BreadcrumbList","@id":"https:\/\/emailchef.com\/de\/datenschutzerklarung-eu-verordnung-2016-79-dsgvo\/wie-wir-ihre-informationen-verwendet\/#breadcrumb","itemListElement":[{"@type":"ListItem","position":1,"name":"Home","item":"https:\/\/emailchef.com\/de\/emailchef-e-mail-marketing-service\/"},{"@type":"ListItem","position":2,"name":"DSGVO &#8211; Einf\u00fchrung &#8211; Ziele","item":"https:\/\/emailchef.com\/de\/datenschutzerklarung-eu-verordnung-2016-79-dsgvo\/"},{"@type":"ListItem","position":3,"name":"Wie wir Ihre Informationen verwenden"}]},{"@type":"WebSite","@id":"https:\/\/emailchef.com\/de\/#website","url":"https:\/\/emailchef.com\/de\/","name":"Emailchef","description":"K\u00f6stliche Rezepte f\u00fcr E-Mail-Marketing","publisher":{"@id":"https:\/\/emailchef.com\/de\/#organization"},"potentialAction":[{"@type":"SearchAction","target":{"@type":"EntryPoint","urlTemplate":"https:\/\/emailchef.com\/de\/?s={search_term_string}"},"query-input":{"@type":"PropertyValueSpecification","valueRequired":true,"valueName":"search_term_string"}}],"inLanguage":"de"},{"@type":"Organization","@id":"https:\/\/emailchef.com\/de\/#organization","name":"Delivery Tech Corp.","url":"https:\/\/emailchef.com\/de\/","logo":{"@type":"ImageObject","inLanguage":"de","@id":"https:\/\/emailchef.com\/de\/#\/schema\/logo\/image\/","url":"https:\/\/emailchef.com\/wp-content\/uploads\/2022\/04\/logo-sama.png","contentUrl":"https:\/\/emailchef.com\/wp-content\/uploads\/2022\/04\/logo-sama.png","width":237,"height":80,"caption":"Delivery Tech Corp."},"image":{"@id":"https:\/\/emailchef.com\/de\/#\/schema\/logo\/image\/"}}]}},"_links":{"self":[{"href":"https:\/\/emailchef.com\/de\/wp-json\/wp\/v2\/pages\/7193"}],"collection":[{"href":"https:\/\/emailchef.com\/de\/wp-json\/wp\/v2\/pages"}],"about":[{"href":"https:\/\/emailchef.com\/de\/wp-json\/wp\/v2\/types\/page"}],"author":[{"embeddable":true,"href":"https:\/\/emailchef.com\/de\/wp-json\/wp\/v2\/users\/2"}],"replies":[{"embeddable":true,"href":"https:\/\/emailchef.com\/de\/wp-json\/wp\/v2\/comments?post=7193"}],"version-history":[{"count":6,"href":"https:\/\/emailchef.com\/de\/wp-json\/wp\/v2\/pages\/7193\/revisions"}],"predecessor-version":[{"id":18332,"href":"https:\/\/emailchef.com\/de\/wp-json\/wp\/v2\/pages\/7193\/revisions\/18332"}],"up":[{"embeddable":true,"href":"https:\/\/emailchef.com\/de\/wp-json\/wp\/v2\/pages\/7174"}],"wp:attachment":[{"href":"https:\/\/emailchef.com\/de\/wp-json\/wp\/v2\/media?parent=7193"}],"wp:term":[{"taxonomy":"g1_relation_tag","embeddable":true,"href":"https:\/\/emailchef.com\/de\/wp-json\/wp\/v2\/g1_relation_tag?post=7193"}],"curies":[{"name":"wp","href":"https:\/\/api.w.org\/{rel}","templated":true}]}}