{"id":7179,"date":"2018-05-18T08:54:41","date_gmt":"2018-05-18T08:54:41","guid":{"rendered":"https:\/\/emailchef.com\/datenschutzerklarung-eu-verordnung-2016-79-dsgvo\/basic-information\/"},"modified":"2021-03-26T14:18:22","modified_gmt":"2021-03-26T14:18:22","slug":"grundsaetzliche-information","status":"publish","type":"page","link":"https:\/\/emailchef.com\/de\/datenschutzerklarung-eu-verordnung-2016-79-dsgvo\/grundsaetzliche-information\/","title":{"rendered":"Grunds\u00e4tzliche Information"},"content":{"rendered":"<p><img fetchpriority=\"high\" decoding=\"async\" class=\"noBorders aligncenter wp-image-7029 size-full\" src=\"https:\/\/emailchef.com\/wp-content\/uploads\/2018\/05\/gdpr-base.png\" alt=\"\" width=\"1280\" height=\"700\" srcset=\"https:\/\/emailchef.com\/wp-content\/uploads\/2018\/05\/gdpr-base.png 1280w, https:\/\/emailchef.com\/wp-content\/uploads\/2018\/05\/gdpr-base-300x164.png 300w, https:\/\/emailchef.com\/wp-content\/uploads\/2018\/05\/gdpr-base-768x420.png 768w, https:\/\/emailchef.com\/wp-content\/uploads\/2018\/05\/gdpr-base-1024x560.png 1024w, https:\/\/emailchef.com\/wp-content\/uploads\/2018\/05\/gdpr-base-968x529.png 968w, https:\/\/emailchef.com\/wp-content\/uploads\/2018\/05\/gdpr-base-636x348.png 636w, https:\/\/emailchef.com\/wp-content\/uploads\/2018\/05\/gdpr-base-320x175.png 320w, https:\/\/emailchef.com\/wp-content\/uploads\/2018\/05\/gdpr-base-239x131.png 239w\" sizes=\"(max-width: 1280px) 100vw, 1280px\" \/><\/p>\n<ul class=\"g1-grid\"><li class=\"g1-column g1-one-fourth g1-valign-top\">\n<h4>Wer wir sind<\/h4>\n<\/li><!-- -->\n<li class=\"g1-column g1-three-fourth g1-valign-top\">\n<p><strong>emailChef wird als weltweiter Service angeboten. Deshalb erfolgt eine Differenzierung der Verantwortlichkeit des Datenschutzes wie folgt:<\/strong><\/p>\n<p>F\u00fcr <strong>Europ\u00e4ische Kunden<\/strong> ist das Unternehmen Edisplay srl (Viale del lavoro 53, 08023, Fonni (NU), Italien) verantwortlich f\u00fcr die Datenverarbeitung, Datenerfassung und den Datenschutz.<\/p>\n<p>F\u00fcr <strong>Kunden au\u00dferhalb Europas<\/strong>, insbesondere der USA, ist das Unternehmen Delivery Tech (4411 Morena Blvd #105, San Diego, CA 92117) f\u00fcr die Datenverarbeitung verantwortlich.<\/p>\n\n<ul id=\"\" class=\"g1-list g1-list--icon g1-list--simple \">\n<li><i class=\"fa fa-arrow-circle-right g1-list__icon\"><\/i><strong>Delivery Tech Corp., 4411 Morena Blvd #105, San Diego, CA 92117<\/strong><\/li>\n<li><i class=\"fa fa-arrow-circle-right g1-list__icon\"><\/i><strong>eDisplay Srl, Viale del lavoro 53, 08023, Fonni (NU) &#8211; Italie<\/strong><\/li>\n<\/ul>\n\n<\/li><!-- --><\/ul>\n<div  class=\"g1-divider g1-divider--none g1-divider--noicon \"><\/div>\n<ul class=\"g1-grid\"><li class=\"g1-column g1-one-fourth g1-valign-top\">\n<h4>Umfang der EU-konformen Datenschutz- und Sicherheitsbestimmungen &#8211; Europ\u00e4ische Anforderungen<\/h4>\n<\/li><!-- -->\n<li class=\"g1-column g1-three-fourth g1-valign-top\">\n<p>Wir sind immer sehr aufmerksam bei der Privatsph\u00e4re und Sicherheit unserer Kunden auf der ganzen Welt, deshalb haben wir Schritte unternommen, um den sichersten und transparentesten Service zu gew\u00e4hrleisten. Dazu geh\u00f6rt auch die Ausweitung unserer Datenschutzerkl\u00e4rung auf die EU-Verordnung 2016\/79, die am 25. Mai in Kraft getreten ist.<br \/>\nDurch die Nutzung unserer Websites und unserer Dienstleistungen erkl\u00e4ren Sie sich mit der Erhebung, Speicherung, Verarbeitung und Weitergabe Ihrer Daten an unsere Einrichtungen sowie an Dritte einverstanden. Diese Dritten sind in der Lage, diese Daten gem\u00e4\u00df den in dieser Erkl\u00e4rung beschriebenen Bedingungen und Methoden zu verwenden.<br \/>\nUm die Daten von europ\u00e4ischen B\u00fcrgern zu sch\u00fctzen, die von unseren Nutzern in unsere Systeme eingegeben werden, wenden wir ein Modell der Datenschutzvereinbarung (DPA) an. Wir zeigen die Behandlungsmethoden, die Zusammenarbeit und die Bedingungen f\u00fcr den Dienst, die wir \u00fcbernommen haben.<br \/>\nRegistrierte Benutzer in der EU (ob Abonnenten oder Benutzer von kostenlosen Versionen), die emailChef f\u00fcr kommerzielle Zwecke nutzen, m\u00fcssen unserer DPA beitreten, um unsere Anwendungen weiterhin nutzen zu k\u00f6nnen.<\/p>\n<\/li><!-- --><\/ul>\n<div  class=\"g1-divider g1-divider--none g1-divider--noicon \"><\/div>\n<ul class=\"g1-grid\"><li class=\"g1-column g1-one-fourth g1-valign-top\">\n<h4>Datenverantwortliche<\/h4>\n<\/li><!-- -->\n<li class=\"g1-column g1-three-fourth g1-valign-top\">\n<p>Bei emailChef fungieren wir auch als Datenverantwortliche, aber nur, wenn wir Ihre personenbezogenen Daten f\u00fcr unseren eigenen Gebrauch w\u00e4hrend der Lieferung der von Ihnen erworbenen Dienstleistungen sammeln. In diesem Moment stellen wir eine direkte Beziehung zwischen Ihnen und uns her.<br \/>\nAls Datenverantwortliche garantieren wir die Einhaltung der Vorschriften zum Schutz personenbezogener Daten. Wir stellen alle n\u00fctzlichen Informationen \u00fcber die Verarbeitung von Daten zur Verf\u00fcgung, sowohl Informationen, die direkt und freiwillig \u00fcbermittelt werden, als auch alle Informationen, die das System w\u00e4hrend der Navigation auf der Website und bei der Nutzung unserer Dienste sammelt.<br \/>\nInsbesondere werden wir als Datenverarbeiter unterst\u00fctzt durch den Datenschutzbeauftragten (DPO), der die Einhaltung der von der DSGVO auferlegten Regeln garantiert.<br \/>\nSie k\u00f6nnen unseren Datenschutzbeauftragten \u00fcber diese E-Mail-Adresse kontaktieren:\u00a0<a href=\"mailto:privacy@edisplay.it\" target=\"_blank\" rel=\"noopener\">privacy@edisplay.it<\/a>.<\/p>\n<\/li><!-- --><\/ul>\n<div  class=\"g1-divider g1-divider--none g1-divider--noicon \"><\/div>\n<ul class=\"g1-grid\"><li class=\"g1-column g1-one-fourth g1-valign-top\">\n<h4>Datenverarbeiter<\/h4>\n<\/li><!-- -->\n<li class=\"g1-column g1-three-fourth g1-valign-top\">\n<p>Wenn Sie unsere Dienste nutzen, k\u00f6nnen Sie Daten zusammen mit den pers\u00f6nlichen Informationen, die Sie von Ihren Abonnenten oder anderen Personen gesammelt haben, in Ihr System importieren. In diesem Fall, da wir keine direkte Beziehung zu Ihren Mitgliedern oder anderen Personen als Ihnen haben, werden Sie der Datenverantwortliche. Es wird Ihre Aufgabe sein, daf\u00fcr zu sorgen, dass Sie die entsprechende Berechtigung haben, Informationen zu den verschiedenen Themen zu sammeln und zu verarbeiten.<br \/>\nIn \u00dcbereinstimmung mit der Verwendung der verarbeiteten personenbezogenen Daten schlie\u00dfen Sie mit uns als Dienstleister f\u00fcr Ihre Abonnenten \u00fcber unsere Plattformen eine Datenschutzvereinbarung (DPA) ab. Die Vereinbarung dient der Sicherstellung der korrekten Verwendung der Daten mit den entsprechenden Garantien, die wir Ihnen als Datenverarbeiter geben.<br \/>\nIn diesem Fall werden wir personenbezogene Daten, die im Auftrag unserer Nutzer verarbeitet werden, so lange wie n\u00f6tig aufbewahren:<\/p>\n\n<ul id=\"\" class=\"g1-list g1-list--upper-alpha g1-list--none \">\n<li>um unsere Dienste anzubieten.<\/li>\n<li>um unsere gesetzlichen Verpflichtungen zu erf\u00fcllen;<\/li>\n<li>um Streitigkeiten zu l\u00f6sen;<\/li>\n<li>um Missbrauch verhindern.<\/li>\n<li>um unsere Vereinbarungen durchzusetzen.<\/li>\n<\/ul>\n\n<\/li><!-- --><\/ul>\n","protected":false},"excerpt":{"rendered":"","protected":false},"author":2,"featured_media":0,"parent":7174,"menu_order":0,"comment_status":"closed","ping_status":"closed","template":"","meta":{"_acf_changed":false,"inline_featured_image":false,"footnotes":""},"g1_relation_tag":[],"class_list":["post-7179","page","type-page","status-publish","hentry"],"acf":[],"yoast_head":"<!-- This site is optimized with the Yoast SEO plugin v24.8.1 - https:\/\/yoast.com\/wordpress\/plugins\/seo\/ -->\n<title>Grunds\u00e4tzliche Information - Emailchef<\/title>\n<meta name=\"robots\" content=\"index, follow, max-snippet:-1, max-image-preview:large, max-video-preview:-1\" \/>\n<link rel=\"canonical\" href=\"https:\/\/emailchef.com\/de\/datenschutzerklarung-eu-verordnung-2016-79-dsgvo\/grundsaetzliche-information\/\" \/>\n<meta name=\"twitter:label1\" content=\"Gesch\u00e4tzte Lesezeit\" \/>\n\t<meta name=\"twitter:data1\" content=\"3\u00a0Minuten\" \/>\n<!-- \/ Yoast SEO plugin. -->","yoast_head_json":{"title":"Grunds\u00e4tzliche Information - Emailchef","robots":{"index":"index","follow":"follow","max-snippet":"max-snippet:-1","max-image-preview":"max-image-preview:large","max-video-preview":"max-video-preview:-1"},"canonical":"https:\/\/emailchef.com\/de\/datenschutzerklarung-eu-verordnung-2016-79-dsgvo\/grundsaetzliche-information\/","twitter_misc":{"Gesch\u00e4tzte Lesezeit":"3\u00a0Minuten"},"schema":{"@context":"https:\/\/schema.org","@graph":[{"@type":"WebPage","@id":"https:\/\/emailchef.com\/de\/datenschutzerklarung-eu-verordnung-2016-79-dsgvo\/grundsaetzliche-information\/","url":"https:\/\/emailchef.com\/de\/datenschutzerklarung-eu-verordnung-2016-79-dsgvo\/grundsaetzliche-information\/","name":"Grunds\u00e4tzliche Information - Emailchef","isPartOf":{"@id":"https:\/\/emailchef.com\/de\/#website"},"primaryImageOfPage":{"@id":"https:\/\/emailchef.com\/de\/datenschutzerklarung-eu-verordnung-2016-79-dsgvo\/grundsaetzliche-information\/#primaryimage"},"image":{"@id":"https:\/\/emailchef.com\/de\/datenschutzerklarung-eu-verordnung-2016-79-dsgvo\/grundsaetzliche-information\/#primaryimage"},"thumbnailUrl":"https:\/\/emailchef.com\/wp-content\/uploads\/2018\/05\/gdpr-base.png","datePublished":"2018-05-18T08:54:41+00:00","dateModified":"2021-03-26T14:18:22+00:00","breadcrumb":{"@id":"https:\/\/emailchef.com\/de\/datenschutzerklarung-eu-verordnung-2016-79-dsgvo\/grundsaetzliche-information\/#breadcrumb"},"inLanguage":"de","potentialAction":[{"@type":"ReadAction","target":["https:\/\/emailchef.com\/de\/datenschutzerklarung-eu-verordnung-2016-79-dsgvo\/grundsaetzliche-information\/"]}]},{"@type":"ImageObject","inLanguage":"de","@id":"https:\/\/emailchef.com\/de\/datenschutzerklarung-eu-verordnung-2016-79-dsgvo\/grundsaetzliche-information\/#primaryimage","url":"https:\/\/emailchef.com\/wp-content\/uploads\/2018\/05\/gdpr-base.png","contentUrl":"https:\/\/emailchef.com\/wp-content\/uploads\/2018\/05\/gdpr-base.png"},{"@type":"BreadcrumbList","@id":"https:\/\/emailchef.com\/de\/datenschutzerklarung-eu-verordnung-2016-79-dsgvo\/grundsaetzliche-information\/#breadcrumb","itemListElement":[{"@type":"ListItem","position":1,"name":"Home","item":"https:\/\/emailchef.com\/de\/emailchef-e-mail-marketing-service\/"},{"@type":"ListItem","position":2,"name":"DSGVO &#8211; Einf\u00fchrung &#8211; Ziele","item":"https:\/\/emailchef.com\/de\/datenschutzerklarung-eu-verordnung-2016-79-dsgvo\/"},{"@type":"ListItem","position":3,"name":"Grunds\u00e4tzliche Information"}]},{"@type":"WebSite","@id":"https:\/\/emailchef.com\/de\/#website","url":"https:\/\/emailchef.com\/de\/","name":"Emailchef","description":"K\u00f6stliche Rezepte f\u00fcr E-Mail-Marketing","publisher":{"@id":"https:\/\/emailchef.com\/de\/#organization"},"potentialAction":[{"@type":"SearchAction","target":{"@type":"EntryPoint","urlTemplate":"https:\/\/emailchef.com\/de\/?s={search_term_string}"},"query-input":{"@type":"PropertyValueSpecification","valueRequired":true,"valueName":"search_term_string"}}],"inLanguage":"de"},{"@type":"Organization","@id":"https:\/\/emailchef.com\/de\/#organization","name":"Delivery Tech Corp.","url":"https:\/\/emailchef.com\/de\/","logo":{"@type":"ImageObject","inLanguage":"de","@id":"https:\/\/emailchef.com\/de\/#\/schema\/logo\/image\/","url":"https:\/\/emailchef.com\/wp-content\/uploads\/2022\/04\/logo-sama.png","contentUrl":"https:\/\/emailchef.com\/wp-content\/uploads\/2022\/04\/logo-sama.png","width":237,"height":80,"caption":"Delivery Tech Corp."},"image":{"@id":"https:\/\/emailchef.com\/de\/#\/schema\/logo\/image\/"}}]}},"_links":{"self":[{"href":"https:\/\/emailchef.com\/de\/wp-json\/wp\/v2\/pages\/7179"}],"collection":[{"href":"https:\/\/emailchef.com\/de\/wp-json\/wp\/v2\/pages"}],"about":[{"href":"https:\/\/emailchef.com\/de\/wp-json\/wp\/v2\/types\/page"}],"author":[{"embeddable":true,"href":"https:\/\/emailchef.com\/de\/wp-json\/wp\/v2\/users\/2"}],"replies":[{"embeddable":true,"href":"https:\/\/emailchef.com\/de\/wp-json\/wp\/v2\/comments?post=7179"}],"version-history":[{"count":8,"href":"https:\/\/emailchef.com\/de\/wp-json\/wp\/v2\/pages\/7179\/revisions"}],"predecessor-version":[{"id":37742,"href":"https:\/\/emailchef.com\/de\/wp-json\/wp\/v2\/pages\/7179\/revisions\/37742"}],"up":[{"embeddable":true,"href":"https:\/\/emailchef.com\/de\/wp-json\/wp\/v2\/pages\/7174"}],"wp:attachment":[{"href":"https:\/\/emailchef.com\/de\/wp-json\/wp\/v2\/media?parent=7179"}],"wp:term":[{"taxonomy":"g1_relation_tag","embeddable":true,"href":"https:\/\/emailchef.com\/de\/wp-json\/wp\/v2\/g1_relation_tag?post=7179"}],"curies":[{"name":"wp","href":"https:\/\/api.w.org\/{rel}","templated":true}]}}