{"id":7174,"date":"2018-05-18T08:17:47","date_gmt":"2018-05-18T08:17:47","guid":{"rendered":"https:\/\/emailchef.com\/privacypolicy-eu-regulation-2016-79-gdpr\/"},"modified":"2021-07-22T13:22:35","modified_gmt":"2021-07-22T13:22:35","slug":"datenschutzerklarung-eu-verordnung-2016-79-dsgvo","status":"publish","type":"page","link":"https:\/\/emailchef.com\/de\/datenschutzerklarung-eu-verordnung-2016-79-dsgvo\/","title":{"rendered":"DSGVO &#8211; Einf\u00fchrung &#8211; Ziele"},"content":{"rendered":"<p><img fetchpriority=\"high\" decoding=\"async\" class=\"noBorders aligncenter wp-image-7027 size-full\" src=\"https:\/\/emailchef.com\/wp-content\/uploads\/2018\/05\/gdpr-intro-2.png\" alt=\"\" width=\"1280\" height=\"700\" srcset=\"https:\/\/emailchef.com\/wp-content\/uploads\/2018\/05\/gdpr-intro-2.png 1280w, https:\/\/emailchef.com\/wp-content\/uploads\/2018\/05\/gdpr-intro-2-300x164.png 300w, https:\/\/emailchef.com\/wp-content\/uploads\/2018\/05\/gdpr-intro-2-768x420.png 768w, https:\/\/emailchef.com\/wp-content\/uploads\/2018\/05\/gdpr-intro-2-1024x560.png 1024w, https:\/\/emailchef.com\/wp-content\/uploads\/2018\/05\/gdpr-intro-2-968x529.png 968w, https:\/\/emailchef.com\/wp-content\/uploads\/2018\/05\/gdpr-intro-2-636x348.png 636w, https:\/\/emailchef.com\/wp-content\/uploads\/2018\/05\/gdpr-intro-2-320x175.png 320w, https:\/\/emailchef.com\/wp-content\/uploads\/2018\/05\/gdpr-intro-2-239x131.png 239w\" sizes=\"(max-width: 1280px) 100vw, 1280px\" \/><\/p>\n<p>Wir haben dieses Dokument geschrieben, um Ihnen zu helfen, unsere Datenschutzerkl\u00e4rungen zu verstehen. Um das so einfach wie m\u00f6glich zu machen, verwenden wir eine klare Sprache und eine einfache Struktur.<\/p>\n<p>Mit Inkrafttreten der Allgemeinen Datenschutzverordnung (EU 2016\/679) verbessern wir den Einsatz von emailChef. Obwohl viele dieser Regeln nur f\u00fcr Benutzer in der Europ\u00e4ischen Union (EU) gelten, werden die \u00c4nderungen alle Benutzer betreffen.<\/p>\n<p>In diesem Dokument erfahren Sie, welche Daten wir zu welchem Zweck, f\u00fcr wie lange und wo wir diese Daten speichern. Unser Ziel ist es, Ihnen einfach zu erkl\u00e4ren, wie Sie Ihre Daten aktualisieren, verwalten, exportieren und l\u00f6schen k\u00f6nnen.<\/p>\n<p>Wie von der DSGVO ausdr\u00fccklich gefordert, k\u00f6nnen Sie bei der Nutzung unserer Dienste Ihre Rechte jederzeit und in voller Transparenz wahrnehmen. Wir laden Sie ein, die folgenden Anweisungen sorgf\u00e4ltig zu lesen und die Bereiche, die Sie am meisten interessieren, genau zu beachten.<\/p>\n","protected":false},"excerpt":{"rendered":"<p>Wir haben dieses Dokument geschrieben, um Ihnen zu helfen, unsere Datenschutzerkl\u00e4rungen zu verstehen. Um das so einfach wie m\u00f6glich zu machen, verwenden wir eine klare Sprache und eine einfache Struktur. Mit Inkrafttreten der Allgemeinen Datenschutzverordnung (EU 2016\/679) verbessern wir den Einsatz von emailChef. Obwohl viele dieser Regeln nur f\u00fcr Benutzer in der Europ\u00e4ischen Union (EU) [&hellip;]<\/p>\n","protected":false},"author":2,"featured_media":0,"parent":0,"menu_order":0,"comment_status":"closed","ping_status":"closed","template":"","meta":{"_acf_changed":false,"inline_featured_image":false,"footnotes":""},"g1_relation_tag":[],"class_list":["post-7174","page","type-page","status-publish","hentry"],"acf":[],"yoast_head":"<!-- This site is optimized with the Yoast SEO plugin v24.8.1 - https:\/\/yoast.com\/wordpress\/plugins\/seo\/ -->\n<title>DSGVO - Einf\u00fchrung - Ziele - Emailchef<\/title>\n<meta name=\"robots\" content=\"index, follow, max-snippet:-1, max-image-preview:large, max-video-preview:-1\" \/>\n<link rel=\"canonical\" href=\"https:\/\/emailchef.com\/de\/datenschutzerklarung-eu-verordnung-2016-79-dsgvo\/\" \/>\n<meta name=\"twitter:label1\" content=\"Gesch\u00e4tzte Lesezeit\" \/>\n\t<meta name=\"twitter:data1\" content=\"1\u00a0Minute\" \/>\n<!-- \/ Yoast SEO plugin. -->","yoast_head_json":{"title":"DSGVO - Einf\u00fchrung - Ziele - Emailchef","robots":{"index":"index","follow":"follow","max-snippet":"max-snippet:-1","max-image-preview":"max-image-preview:large","max-video-preview":"max-video-preview:-1"},"canonical":"https:\/\/emailchef.com\/de\/datenschutzerklarung-eu-verordnung-2016-79-dsgvo\/","twitter_misc":{"Gesch\u00e4tzte Lesezeit":"1\u00a0Minute"},"schema":{"@context":"https:\/\/schema.org","@graph":[{"@type":"WebPage","@id":"https:\/\/emailchef.com\/de\/datenschutzerklarung-eu-verordnung-2016-79-dsgvo\/","url":"https:\/\/emailchef.com\/de\/datenschutzerklarung-eu-verordnung-2016-79-dsgvo\/","name":"DSGVO - Einf\u00fchrung - Ziele - Emailchef","isPartOf":{"@id":"https:\/\/emailchef.com\/de\/#website"},"primaryImageOfPage":{"@id":"https:\/\/emailchef.com\/de\/datenschutzerklarung-eu-verordnung-2016-79-dsgvo\/#primaryimage"},"image":{"@id":"https:\/\/emailchef.com\/de\/datenschutzerklarung-eu-verordnung-2016-79-dsgvo\/#primaryimage"},"thumbnailUrl":"https:\/\/emailchef.com\/wp-content\/uploads\/2018\/05\/gdpr-intro-2.png","datePublished":"2018-05-18T08:17:47+00:00","dateModified":"2021-07-22T13:22:35+00:00","breadcrumb":{"@id":"https:\/\/emailchef.com\/de\/datenschutzerklarung-eu-verordnung-2016-79-dsgvo\/#breadcrumb"},"inLanguage":"de","potentialAction":[{"@type":"ReadAction","target":["https:\/\/emailchef.com\/de\/datenschutzerklarung-eu-verordnung-2016-79-dsgvo\/"]}]},{"@type":"ImageObject","inLanguage":"de","@id":"https:\/\/emailchef.com\/de\/datenschutzerklarung-eu-verordnung-2016-79-dsgvo\/#primaryimage","url":"https:\/\/emailchef.com\/wp-content\/uploads\/2018\/05\/gdpr-intro-2.png","contentUrl":"https:\/\/emailchef.com\/wp-content\/uploads\/2018\/05\/gdpr-intro-2.png"},{"@type":"BreadcrumbList","@id":"https:\/\/emailchef.com\/de\/datenschutzerklarung-eu-verordnung-2016-79-dsgvo\/#breadcrumb","itemListElement":[{"@type":"ListItem","position":1,"name":"Home","item":"https:\/\/emailchef.com\/de\/emailchef-e-mail-marketing-service\/"},{"@type":"ListItem","position":2,"name":"DSGVO &#8211; Einf\u00fchrung &#8211; Ziele"}]},{"@type":"WebSite","@id":"https:\/\/emailchef.com\/de\/#website","url":"https:\/\/emailchef.com\/de\/","name":"Emailchef","description":"K\u00f6stliche Rezepte f\u00fcr E-Mail-Marketing","publisher":{"@id":"https:\/\/emailchef.com\/de\/#organization"},"potentialAction":[{"@type":"SearchAction","target":{"@type":"EntryPoint","urlTemplate":"https:\/\/emailchef.com\/de\/?s={search_term_string}"},"query-input":{"@type":"PropertyValueSpecification","valueRequired":true,"valueName":"search_term_string"}}],"inLanguage":"de"},{"@type":"Organization","@id":"https:\/\/emailchef.com\/de\/#organization","name":"Delivery Tech Corp.","url":"https:\/\/emailchef.com\/de\/","logo":{"@type":"ImageObject","inLanguage":"de","@id":"https:\/\/emailchef.com\/de\/#\/schema\/logo\/image\/","url":"https:\/\/emailchef.com\/wp-content\/uploads\/2022\/04\/logo-sama.png","contentUrl":"https:\/\/emailchef.com\/wp-content\/uploads\/2022\/04\/logo-sama.png","width":237,"height":80,"caption":"Delivery Tech Corp."},"image":{"@id":"https:\/\/emailchef.com\/de\/#\/schema\/logo\/image\/"}}]}},"_links":{"self":[{"href":"https:\/\/emailchef.com\/de\/wp-json\/wp\/v2\/pages\/7174"}],"collection":[{"href":"https:\/\/emailchef.com\/de\/wp-json\/wp\/v2\/pages"}],"about":[{"href":"https:\/\/emailchef.com\/de\/wp-json\/wp\/v2\/types\/page"}],"author":[{"embeddable":true,"href":"https:\/\/emailchef.com\/de\/wp-json\/wp\/v2\/users\/2"}],"replies":[{"embeddable":true,"href":"https:\/\/emailchef.com\/de\/wp-json\/wp\/v2\/comments?post=7174"}],"version-history":[{"count":3,"href":"https:\/\/emailchef.com\/de\/wp-json\/wp\/v2\/pages\/7174\/revisions"}],"predecessor-version":[{"id":46552,"href":"https:\/\/emailchef.com\/de\/wp-json\/wp\/v2\/pages\/7174\/revisions\/46552"}],"wp:attachment":[{"href":"https:\/\/emailchef.com\/de\/wp-json\/wp\/v2\/media?parent=7174"}],"wp:term":[{"taxonomy":"g1_relation_tag","embeddable":true,"href":"https:\/\/emailchef.com\/de\/wp-json\/wp\/v2\/g1_relation_tag?post=7174"}],"curies":[{"name":"wp","href":"https:\/\/api.w.org\/{rel}","templated":true}]}}