{"id":6887,"date":"2018-05-09T14:43:26","date_gmt":"2018-05-09T14:43:26","guid":{"rendered":"https:\/\/emailchef.com\/?page_id=6887"},"modified":"2020-01-31T14:12:20","modified_gmt":"2020-01-31T14:12:20","slug":"verordnung-eu-2016-679-dsgvo","status":"publish","type":"page","link":"https:\/\/emailchef.com\/de\/verordnung-eu-2016-679-dsgvo\/","title":{"rendered":"Verordnung (EU) 2016\/679 &#8211; DSGVO"},"content":{"rendered":"\n<p><strong>Der Schutz der Privatsph\u00e4re unserer Nutzer hat f\u00fcr uns Priorit\u00e4t<\/strong>, deshalb ergreifen wir die gr\u00f6\u00dftm\u00f6glichen Ma\u00dfnahmen und Best Practices zum Datenschutz. Unsere Arbeit basiert auf Privacy by Design.<\/p>\n<p>Unser Unternehmen hat unsere Standards bereits nach der <strong>DSGVO<\/strong> (Datenschutz-Grundverordnung) angehoben. F\u00fcr uns ist es ein wichtiger Schritt, um die <strong>Sicherheit Ihrer Daten zu erh\u00f6hen<\/strong>.<\/p>\n<p>Wir wollen Sie dar\u00fcber informieren, <strong>was wir getan haben, um mehr Sicherheit zu gew\u00e4hrleisten<\/strong>, au\u00dferdem wollen wir Ihnen helfen, <strong>die DSGVO einzuhalten<\/strong>.<\/p>\n<p>Wenn Sie die DSGVO-Grundkonzepte \u00fcberpr\u00fcfen m\u00f6chten, k\u00f6nnen Sie einen Blick auf <a href=\"\/de\/dsgvo-grundlegende-konzepte\/\"><strong>unseren Leitfaden<\/strong><\/a> werfen, der nur f\u00fcr Sie geschrieben wurde.<\/p>\n<div class=\"g1-space\" style=\"height: 30px;\"><\/div>\n<h2>Ihre Daten sind bei uns sicher.<\/h2>\n<p>Vor einiger Zeit hat unser Team einige Verbesserungen zum Schutz Ihrer Daten und Ihrer Privatsph\u00e4re vorgenommen. Damit sind wir bereits jetzt perfekt im Einklang mit der DSGVO.<\/p>\n<p><strong>Unser Engagement ist kontinuierlich<\/strong>. Tats\u00e4chlich \u00fcberpr\u00fcfen wir regelm\u00e4\u00dfig die Effizienz und Angemessenheit der getroffenen und durchgef\u00fchrten Ma\u00dfnahmen, um den Schutz der Datenbank, der Rechte und Grundfreiheiten der Menschen und die Anwendung der Datenverarbeitung durch diejenigen zu gew\u00e4hrleisten, die unsere Dienste in Anspruch nehmen.<\/p>\n<p>In der folgenden Tabelle finden Sie alle Details \u00fcber die geleistete Arbeit, die es Ihnen erm\u00f6glicht, unsere Produkte und Dienstleistungen sicher zu nutzen.<\/p>\n<div id=\"\" class=\"g1-table g1-table--solid \">\n<table width=\"100%\">\n<tbody>\n<tr>\n<td align=\"left\" valign=\"center\">Wir haben einen Datenschutzbeauftragten ernannt.<\/td>\n<td align=\"center\" valign=\"top\" width=\"100px\"><i id=\"\" class=\"fa fa-check-square g1-icon g1-icon--none g1-icon--medium g1-icon--inherit \"  style=\"color: #f47200;\"><\/i><\/td>\n<\/tr>\n<tr>\n<td align=\"left\" valign=\"center\">Wir haben ein Team ausgebildet, das sich mit der Datenverarbeitung und den damit verbundenen Kontrollt\u00e4tigkeiten besch\u00e4ftigt.<\/td>\n<td align=\"center\" valign=\"top\" width=\"100px\"><i id=\"\" class=\"fa fa-check-square g1-icon g1-icon--none g1-icon--medium g1-icon--inherit \"  style=\"color: #f47200;\"><\/i><\/td>\n<\/tr>\n<tr>\n<td align=\"left\" valign=\"center\">Unsere Richtlinie \u00fcber die Rechte des Betroffenen und die Verfahren zum Nachweis der Zustimmung zur Verarbeitung der Daten wurden aktualisiert.<\/td>\n<td align=\"center\" valign=\"top\" width=\"100px\"><i id=\"\" class=\"fa fa-check-square g1-icon g1-icon--none g1-icon--medium g1-icon--inherit \"  style=\"color: #f47200;\"><\/i><\/td>\n<\/tr>\n<tr>\n<td align=\"left\" valign=\"center\">Wir haben eine detaillierte und angemessene, leicht verst\u00e4ndliche Offenlegung der DSGVO erstellt, damit die Betroffenen wissen, wie sie ihre Rechte wahrnehmen k\u00f6nnen.<\/td>\n<td align=\"center\" valign=\"top\" width=\"100px\"><i id=\"\" class=\"fa fa-check-square g1-icon g1-icon--none g1-icon--medium g1-icon--inherit \"  style=\"color: #f47200;\"><\/i><\/td>\n<\/tr>\n<tr>\n<td align=\"left\" valign=\"center\">Im Falle eines Versto\u00dfes gegen personenbezogene Daten sind unsere Antwortverfahren schnell und erfolgen ohne Verz\u00f6gerung, nachdem die Anomalie festgestellt wurde.<\/td>\n<td align=\"center\" valign=\"top\" width=\"100px\"><i id=\"\" class=\"fa fa-check-square g1-icon g1-icon--none g1-icon--medium g1-icon--inherit \"  style=\"color: #f47200;\"><\/i><\/td>\n<\/tr>\n<tr>\n<td align=\"left\" valign=\"center\">Wir haben die DPIA durchgef\u00fchrt, das ist die Bewertung der Auswirkungen auf den Datenschutz.<\/td>\n<td align=\"center\" valign=\"top\" width=\"100px\"><i id=\"\" class=\"fa fa-check-square g1-icon g1-icon--none g1-icon--medium g1-icon--inherit \"  style=\"color: #f47200;\"><\/i><\/td>\n<\/tr>\n<tr>\n<td align=\"left\" valign=\"center\">Wir haben die DSGVO-Grunds\u00e4tze auf verschiedene Aspekte der Datenverarbeitung angewandt: Aktivit\u00e4ten, Ziele, Beschreibung der Kategorien von Empf\u00e4ngern und eventuelle Daten\u00fcbermittlungen.<\/td>\n<td align=\"center\" valign=\"top\" width=\"100px\"><i id=\"\" class=\"fa fa-check-square g1-icon g1-icon--none g1-icon--medium g1-icon--inherit \"  style=\"color: #f47200;\"><\/i><\/td>\n<\/tr>\n<tr>\n<td align=\"left\" valign=\"center\">Unsere technischen und organisatorischen Ma\u00dfnahmen wurden konsolidiert.<\/td>\n<td align=\"center\" valign=\"top\" width=\"100px\"><i id=\"\" class=\"fa fa-check-square g1-icon g1-icon--none g1-icon--medium g1-icon--inherit \"  style=\"color: #f47200;\"><\/i><\/td>\n<\/tr>\n<tr>\n<td align=\"left\" valign=\"center\">Wir garantieren die Daten\u00fcbertragungsrechte von und zu Drittsystemen.<\/td>\n<td align=\"center\" valign=\"top\" width=\"100px\"><i id=\"\" class=\"fa fa-check-square g1-icon g1-icon--none g1-icon--medium g1-icon--inherit \"  style=\"color: #f47200;\"><\/i><\/td>\n<\/tr>\n<tr>\n<td align=\"left\" valign=\"center\">Das Schutzniveau f\u00fcr die Daten\u00fcbermittlung in Nicht-EU-L\u00e4nder wurde durch entsprechende Protokolle verst\u00e4rkt.<\/td>\n<td align=\"center\" valign=\"top\" width=\"100px\"><i id=\"\" class=\"fa fa-check-square g1-icon g1-icon--none g1-icon--medium g1-icon--inherit \"  style=\"color: #f47200;\"><\/i><\/td>\n<\/tr>\n<tr>\n<td align=\"left\" valign=\"center\">Vor einiger Zeit haben wir uns f\u00fcr Privacy by Design entschieden, um die Prinzipien der DSGVO in Datenschutz und Datenverarbeitung effizient umzusetzen.<\/td>\n<td align=\"center\" valign=\"top\" width=\"100px\"><i id=\"\" class=\"fa fa-check-square g1-icon g1-icon--none g1-icon--medium g1-icon--inherit \"  style=\"color: #f47200;\"><\/i><\/td>\n<\/tr>\n<tr>\n<td align=\"left\" valign=\"center\">Am 24. Mai 2018 wurde die neue Offenlegung ver\u00f6ffentlicht.<\/td>\n<td align=\"center\" valign=\"top\" width=\"100px\"><i id=\"\" class=\"fa fa-check-square g1-icon g1-icon--none g1-icon--medium g1-icon--inherit \"  style=\"color: #f47200;\"><\/i><\/td>\n<\/tr>\n<\/tbody>\n<\/table>\n<\/div>\n<div class=\"g1-space\" style=\"height: 30px;\"><\/div>\n<h2>Wie man mit der DSGVO \u00fcbereinstimmt<\/h2>\n<p><strong>Sie sind der \u00dcberwacher Ihrer pers\u00f6nlichen Daten<\/strong> und Emailchef verarbeitet pers\u00f6nliche Daten in Ihrem Namen.<\/p>\n<p>Zur Unterst\u00fctzung Ihrer Aktivit\u00e4ten bieten wir Ihnen die sichersten und zuverl\u00e4ssigsten Tools, die DSGVO-konform sind.<\/p>\n<p>Wir laden Sie ein, einen Blick auf die folgenden Hinweise zu werfen, damit Sie erfahren, was Sie tun m\u00fcssen, um die neuen Datenschutzbestimmungen einzuhalten, und wie Sie Emailchef richtig nutzen k\u00f6nnen:<\/p>\n\n<ul id=\"\" class=\"g1-list g1-list--icon g1-list--simple \">\n<li><i class=\"fa fa-arrow-right g1-list__icon\"><\/i><strong>Sch\u00fctzen Sie Ihren PC mit einem Passwort und Antivirus-Programm<\/strong>: Niemand sonst kann auf Ihre Daten zugreifen.<\/li>\n<li><i class=\"fa fa-arrow-right g1-list__icon\"><\/i>Wir empfehlen Ihnen, <strong>regelm\u00e4\u00dfig Ihr Login-Passwort zu \u00e4ndern<\/strong>.<\/li>\n<li><i class=\"fa fa-arrow-right g1-list__icon\"><\/i><strong>Ihre E-Mail-Listen d\u00fcrfen nur verifizierte Kontakte<\/strong> derjenigen enthalten, die ihre <strong>Einverst\u00e4ndniserkl\u00e4rung \u00fcber die Nutzung Daten erteilten<\/strong>.<\/li>\n<li><i class=\"fa fa-arrow-right g1-list__icon\"><\/i>Beachten Sie <strong>unsere neuen Bedingungen f\u00fcr die Datenverarbeitung<\/strong>, die der DSGVO entsprechen.<\/li>\n<li><i class=\"fa fa-arrow-right g1-list__icon\"><\/i>Sie m\u00fcssen Ihren Kunden und\/oder Anwendern die entsprechenden aktualisierten <strong>Informationen gem\u00e4\u00df DSGVO<\/strong> zur Verf\u00fcgung stellen.<\/li>\n<li><i class=\"fa fa-arrow-right g1-list__icon\"><\/i>Wenn Sie Ihre Daten aus Emailchef exportieren, <strong>stellen Sie sicher<\/strong>, dass Ihre Daten gesch\u00fctzt sind!<\/li>\n<li><i class=\"fa fa-arrow-right g1-list__icon\"><\/i><strong>Wenn Sie eine Drittanbieter-API verwenden, um Ihre Daten zu importieren<\/strong>, stellen Sie sicher, dass Sie einen Update-Vertrag \u00fcber die Datenverarbeitung gem\u00e4\u00df der DSGVO haben.<\/li>\n<li><i class=\"fa fa-arrow-right g1-list__icon\"><\/i><strong>Senden Sie keine vertraulichen Informationen<\/strong> via E-Mail-Kampagnen.<\/li>\n<\/ul>\n\n","protected":false},"excerpt":{"rendered":"<p>Der Schutz der Privatsph\u00e4re unserer Nutzer hat f\u00fcr uns Priorit\u00e4t, deshalb ergreifen wir die gr\u00f6\u00dftm\u00f6glichen Ma\u00dfnahmen und Best Practices zum Datenschutz. Unsere Arbeit basiert auf Privacy by Design. Unser Unternehmen hat unsere Standards bereits nach der DSGVO (Datenschutz-Grundverordnung) angehoben. F\u00fcr uns ist es ein wichtiger Schritt, um die Sicherheit Ihrer Daten zu erh\u00f6hen. Wir wollen [&hellip;]<\/p>\n","protected":false},"author":2,"featured_media":0,"parent":0,"menu_order":0,"comment_status":"closed","ping_status":"closed","template":"","meta":{"_acf_changed":false,"inline_featured_image":false,"footnotes":""},"g1_relation_tag":[],"class_list":["post-6887","page","type-page","status-publish","hentry"],"acf":[],"yoast_head":"<!-- This site is optimized with the Yoast SEO plugin v24.8.1 - https:\/\/yoast.com\/wordpress\/plugins\/seo\/ -->\n<title>Verordnung (EU) 2016\/679 - DSGVO - Emailchef<\/title>\n<meta name=\"robots\" content=\"index, follow, max-snippet:-1, max-image-preview:large, max-video-preview:-1\" \/>\n<link rel=\"canonical\" href=\"https:\/\/emailchef.com\/de\/verordnung-eu-2016-679-dsgvo\/\" \/>\n<meta name=\"twitter:label1\" content=\"Gesch\u00e4tzte Lesezeit\" \/>\n\t<meta name=\"twitter:data1\" content=\"4\u00a0Minuten\" \/>\n<!-- \/ Yoast SEO plugin. -->","yoast_head_json":{"title":"Verordnung (EU) 2016\/679 - DSGVO - Emailchef","robots":{"index":"index","follow":"follow","max-snippet":"max-snippet:-1","max-image-preview":"max-image-preview:large","max-video-preview":"max-video-preview:-1"},"canonical":"https:\/\/emailchef.com\/de\/verordnung-eu-2016-679-dsgvo\/","twitter_misc":{"Gesch\u00e4tzte Lesezeit":"4\u00a0Minuten"},"schema":{"@context":"https:\/\/schema.org","@graph":[{"@type":"WebPage","@id":"https:\/\/emailchef.com\/de\/verordnung-eu-2016-679-dsgvo\/","url":"https:\/\/emailchef.com\/de\/verordnung-eu-2016-679-dsgvo\/","name":"Verordnung (EU) 2016\/679 - DSGVO - Emailchef","isPartOf":{"@id":"https:\/\/emailchef.com\/de\/#website"},"datePublished":"2018-05-09T14:43:26+00:00","dateModified":"2020-01-31T14:12:20+00:00","breadcrumb":{"@id":"https:\/\/emailchef.com\/de\/verordnung-eu-2016-679-dsgvo\/#breadcrumb"},"inLanguage":"de","potentialAction":[{"@type":"ReadAction","target":["https:\/\/emailchef.com\/de\/verordnung-eu-2016-679-dsgvo\/"]}]},{"@type":"BreadcrumbList","@id":"https:\/\/emailchef.com\/de\/verordnung-eu-2016-679-dsgvo\/#breadcrumb","itemListElement":[{"@type":"ListItem","position":1,"name":"Home","item":"https:\/\/emailchef.com\/de\/emailchef-e-mail-marketing-service\/"},{"@type":"ListItem","position":2,"name":"Verordnung (EU) 2016\/679 &#8211; DSGVO"}]},{"@type":"WebSite","@id":"https:\/\/emailchef.com\/de\/#website","url":"https:\/\/emailchef.com\/de\/","name":"Emailchef","description":"K\u00f6stliche Rezepte f\u00fcr E-Mail-Marketing","publisher":{"@id":"https:\/\/emailchef.com\/de\/#organization"},"potentialAction":[{"@type":"SearchAction","target":{"@type":"EntryPoint","urlTemplate":"https:\/\/emailchef.com\/de\/?s={search_term_string}"},"query-input":{"@type":"PropertyValueSpecification","valueRequired":true,"valueName":"search_term_string"}}],"inLanguage":"de"},{"@type":"Organization","@id":"https:\/\/emailchef.com\/de\/#organization","name":"Delivery Tech Corp.","url":"https:\/\/emailchef.com\/de\/","logo":{"@type":"ImageObject","inLanguage":"de","@id":"https:\/\/emailchef.com\/de\/#\/schema\/logo\/image\/","url":"https:\/\/emailchef.com\/wp-content\/uploads\/2022\/04\/logo-sama.png","contentUrl":"https:\/\/emailchef.com\/wp-content\/uploads\/2022\/04\/logo-sama.png","width":237,"height":80,"caption":"Delivery Tech Corp."},"image":{"@id":"https:\/\/emailchef.com\/de\/#\/schema\/logo\/image\/"}}]}},"_links":{"self":[{"href":"https:\/\/emailchef.com\/de\/wp-json\/wp\/v2\/pages\/6887"}],"collection":[{"href":"https:\/\/emailchef.com\/de\/wp-json\/wp\/v2\/pages"}],"about":[{"href":"https:\/\/emailchef.com\/de\/wp-json\/wp\/v2\/types\/page"}],"author":[{"embeddable":true,"href":"https:\/\/emailchef.com\/de\/wp-json\/wp\/v2\/users\/2"}],"replies":[{"embeddable":true,"href":"https:\/\/emailchef.com\/de\/wp-json\/wp\/v2\/comments?post=6887"}],"version-history":[{"count":6,"href":"https:\/\/emailchef.com\/de\/wp-json\/wp\/v2\/pages\/6887\/revisions"}],"predecessor-version":[{"id":16652,"href":"https:\/\/emailchef.com\/de\/wp-json\/wp\/v2\/pages\/6887\/revisions\/16652"}],"wp:attachment":[{"href":"https:\/\/emailchef.com\/de\/wp-json\/wp\/v2\/media?parent=6887"}],"wp:term":[{"taxonomy":"g1_relation_tag","embeddable":true,"href":"https:\/\/emailchef.com\/de\/wp-json\/wp\/v2\/g1_relation_tag?post=6887"}],"curies":[{"name":"wp","href":"https:\/\/api.w.org\/{rel}","templated":true}]}}