{"id":6805,"date":"2018-04-26T10:38:20","date_gmt":"2018-04-26T10:38:20","guid":{"rendered":"http:\/\/emailchef.com\/?page_id=6805"},"modified":"2018-04-26T10:38:20","modified_gmt":"2018-04-26T10:38:20","slug":"reservieren-sie-ihre-kostenlose-praesentation","status":"publish","type":"page","link":"https:\/\/emailchef.com\/de\/reservieren-sie-ihre-kostenlose-praesentation\/","title":{"rendered":"Reservieren Sie Ihre kostenlose Pr\u00e4sentation"},"content":{"rendered":"<ul class=\"g1-grid\"><li class=\"g1-column g1-two-fifth g1-valign-top\">\n<p>M\u00f6chten Sie, dass Ihnen einer unserer Experten Emailchef und den gesamten Funktionsumfang zeigt?<\/p>\n<p>F\u00fcllen Sie das Formular auf dieser Seite aus und Sie erhalten einen Anruf in weniger als 24 Stunden.<\/p>\n<p>Wir vereinbaren einen Termin, um eine ausf\u00fchrliche und vollst\u00e4ndige Pr\u00e4sentation unserer Software und all ihrer Tools, die f\u00fcr Ihren Fall n\u00fctzlich und spezifisch sind, zu reservieren.<\/p>\n<h4>Was wirst du lernen?<\/h4>\n\n<ul id=\"\" class=\"g1-list g1-list--icon g1-list--simple \">\n<li><i class=\"fa fa-arrow-right g1-list__icon\" style=\"color: #F47200\"><\/i>So importieren und verwalten Sie Ihre E-Mail-Listen<\/li>\n<li><i class=\"fa fa-arrow-right g1-list__icon\" style=\"color: #F47200\"><\/i>So erstellen Sie reaktionsschnelle E-Mails<\/li>\n<li><i class=\"fa fa-arrow-right g1-list__icon\" style=\"color: #F47200\"><\/i>So verwenden Sie die Registerkarten-Reiter<\/li>\n<li><i class=\"fa fa-arrow-right g1-list__icon\" style=\"color: #F47200\"><\/i>So integrieren Sie Emailchef in Ihre Website<\/li>\n<\/ul>\n <div  class=\"g1-divider g1-divider--none g1-divider--noicon \"><\/div><\/p>\n<h4>Sie haben kein Skype?<\/h4>\n<a id=\"\" class=\"g1-button g1-button--small g1-button--solid g1-button--standard \" href=\"https:\/\/www.skype.com\/en\/download-skype\/skype-for-computer\/\" title=\"Installieren Sie Skype\" ><i class=\"fas fa-skype\"><\/i> Installieren Sie Skype: es ist kostenlos<\/a>\n<\/li><!-- -->\n<li class=\"g1-column g1-three-fifth g1-valign-top\">\n\n<div class=\"wpcf7 no-js\" id=\"wpcf7-f6804-o1\" lang=\"it-IT\" dir=\"ltr\" data-wpcf7-id=\"6804\">\n<div class=\"screen-reader-response\"><p role=\"status\" aria-live=\"polite\" aria-atomic=\"true\"><\/p> <ul><\/ul><\/div>\n<form action=\"\/de\/wp-json\/wp\/v2\/pages\/6805#wpcf7-f6804-o1\" method=\"post\" class=\"wpcf7-form init wpcf7-acceptance-as-validation\" aria-label=\"Modulo di contatto\" novalidate=\"novalidate\" data-status=\"init\">\n<div style=\"display: none;\">\n<input type=\"hidden\" name=\"_wpcf7\" value=\"6804\" \/>\n<input type=\"hidden\" name=\"_wpcf7_version\" value=\"6.0.6\" \/>\n<input type=\"hidden\" name=\"_wpcf7_locale\" value=\"it_IT\" \/>\n<input type=\"hidden\" name=\"_wpcf7_unit_tag\" value=\"wpcf7-f6804-o1\" \/>\n<input type=\"hidden\" name=\"_wpcf7_container_post\" value=\"0\" \/>\n<input type=\"hidden\" name=\"_wpcf7_posted_data_hash\" value=\"\" \/>\n<input type=\"hidden\" name=\"_wpcf7_recaptcha_response\" value=\"\" \/>\n<\/div>\n<p>Vor- und Nachname (erforderlich)\n<\/p>\n<p><span class=\"wpcf7-form-control-wrap\" data-name=\"your-name\"><input size=\"40\" maxlength=\"400\" class=\"wpcf7-form-control wpcf7-text wpcf7-validates-as-required\" aria-required=\"true\" aria-invalid=\"false\" value=\"\" type=\"text\" name=\"your-name\" \/><\/span>\n<\/p>\n<p>Firma (erforderlich)\n<\/p>\n<p><span class=\"wpcf7-form-control-wrap\" data-name=\"your-company\"><input size=\"40\" maxlength=\"400\" class=\"wpcf7-form-control wpcf7-text wpcf7-validates-as-required\" aria-required=\"true\" aria-invalid=\"false\" value=\"\" type=\"text\" name=\"your-company\" \/><\/span>\n<\/p>\n<p>E-Mail (erforderlich)\n<\/p>\n<p><span class=\"wpcf7-form-control-wrap\" data-name=\"your-email\"><input size=\"40\" maxlength=\"400\" class=\"wpcf7-form-control wpcf7-email wpcf7-validates-as-required wpcf7-text wpcf7-validates-as-email\" aria-required=\"true\" aria-invalid=\"false\" value=\"\" type=\"email\" name=\"your-email\" \/><\/span>\n<\/p>\n<p>Website (erforderlich)\n<\/p>\n<p><span class=\"wpcf7-form-control-wrap\" data-name=\"your-website\"><input size=\"40\" maxlength=\"400\" class=\"wpcf7-form-control wpcf7-url wpcf7-validates-as-required wpcf7-text wpcf7-validates-as-url\" aria-required=\"true\" aria-invalid=\"false\" value=\"\" type=\"url\" name=\"your-website\" \/><\/span>\n<\/p>\n<p>Telefon (erforderlich)\n<\/p>\n<p><span class=\"wpcf7-form-control-wrap\" data-name=\"your-telephone\"><input size=\"40\" maxlength=\"400\" class=\"wpcf7-form-control wpcf7-tel wpcf7-validates-as-required wpcf7-text wpcf7-validates-as-tel\" aria-required=\"true\" aria-invalid=\"false\" value=\"\" type=\"tel\" name=\"your-telephone\" \/><\/span>\n<\/p>\n<p>Skype-Name (erforderlich)\n<\/p>\n<p><span class=\"wpcf7-form-control-wrap\" data-name=\"your-skype\"><input size=\"40\" maxlength=\"400\" class=\"wpcf7-form-control wpcf7-text wpcf7-validates-as-required\" aria-required=\"true\" aria-invalid=\"false\" value=\"\" type=\"text\" name=\"your-skype\" \/><\/span>\n<\/p>\n<div class=\"contact-form-recaptcha\">\n\n<\/div>\n<div class=\"contact-form-checkboxes\">\n\t<p><span class=\"wpcf7-form-control-wrap\" data-name=\"your-acceptance\"><span class=\"wpcf7-form-control wpcf7-acceptance\"><span class=\"wpcf7-list-item\"><input type=\"checkbox\" name=\"your-acceptance\" value=\"1\" aria-invalid=\"false\" \/><\/span><\/span><\/span> Ich habe die <a href=\"http:\/\/emailchef.com\/privacy-policy\/\" target=\"_blank\">Datenschutzrichtlinie<\/a> gelesen und bin damit einverstanden.\n\t<\/p>\n<\/div>\n<p><input class=\"wpcf7-form-control wpcf7-submit has-spinner\" type=\"submit\" value=\"Reservieren Sie Ihre Pr\u00e4sentation\" \/>\n<\/p><div class=\"wpcf7-response-output\" aria-hidden=\"true\"><\/div>\n<\/form>\n<\/div>\n\n<\/li><!-- --><\/ul>\n","protected":false},"excerpt":{"rendered":"","protected":false},"author":2,"featured_media":0,"parent":0,"menu_order":34,"comment_status":"closed","ping_status":"closed","template":"g1_template_page_full.php","meta":{"_acf_changed":false,"inline_featured_image":false,"footnotes":""},"g1_relation_tag":[],"class_list":["post-6805","page","type-page","status-publish","hentry"],"acf":[],"yoast_head":"<!-- This site is optimized with the Yoast SEO plugin v24.8.1 - https:\/\/yoast.com\/wordpress\/plugins\/seo\/ -->\n<title>Reservieren Sie Ihre kostenlose Pr\u00e4sentation - Emailchef<\/title>\n<meta name=\"robots\" content=\"index, follow, max-snippet:-1, max-image-preview:large, max-video-preview:-1\" \/>\n<link rel=\"canonical\" href=\"https:\/\/emailchef.com\/de\/reservieren-sie-ihre-kostenlose-praesentation\/\" \/>\n<meta name=\"twitter:label1\" content=\"Gesch\u00e4tzte Lesezeit\" \/>\n\t<meta name=\"twitter:data1\" content=\"1\u00a0Minute\" \/>\n<!-- \/ Yoast SEO plugin. -->","yoast_head_json":{"title":"Reservieren Sie Ihre kostenlose Pr\u00e4sentation - Emailchef","robots":{"index":"index","follow":"follow","max-snippet":"max-snippet:-1","max-image-preview":"max-image-preview:large","max-video-preview":"max-video-preview:-1"},"canonical":"https:\/\/emailchef.com\/de\/reservieren-sie-ihre-kostenlose-praesentation\/","twitter_misc":{"Gesch\u00e4tzte Lesezeit":"1\u00a0Minute"},"schema":{"@context":"https:\/\/schema.org","@graph":[{"@type":"WebPage","@id":"https:\/\/emailchef.com\/de\/reservieren-sie-ihre-kostenlose-praesentation\/","url":"https:\/\/emailchef.com\/de\/reservieren-sie-ihre-kostenlose-praesentation\/","name":"Reservieren Sie Ihre kostenlose Pr\u00e4sentation - Emailchef","isPartOf":{"@id":"https:\/\/emailchef.com\/de\/#website"},"datePublished":"2018-04-26T10:38:20+00:00","breadcrumb":{"@id":"https:\/\/emailchef.com\/de\/reservieren-sie-ihre-kostenlose-praesentation\/#breadcrumb"},"inLanguage":"de","potentialAction":[{"@type":"ReadAction","target":["https:\/\/emailchef.com\/de\/reservieren-sie-ihre-kostenlose-praesentation\/"]}]},{"@type":"BreadcrumbList","@id":"https:\/\/emailchef.com\/de\/reservieren-sie-ihre-kostenlose-praesentation\/#breadcrumb","itemListElement":[{"@type":"ListItem","position":1,"name":"Home","item":"https:\/\/emailchef.com\/de\/emailchef-e-mail-marketing-service\/"},{"@type":"ListItem","position":2,"name":"Reservieren Sie Ihre kostenlose Pr\u00e4sentation"}]},{"@type":"WebSite","@id":"https:\/\/emailchef.com\/de\/#website","url":"https:\/\/emailchef.com\/de\/","name":"Emailchef","description":"K\u00f6stliche Rezepte f\u00fcr E-Mail-Marketing","publisher":{"@id":"https:\/\/emailchef.com\/de\/#organization"},"potentialAction":[{"@type":"SearchAction","target":{"@type":"EntryPoint","urlTemplate":"https:\/\/emailchef.com\/de\/?s={search_term_string}"},"query-input":{"@type":"PropertyValueSpecification","valueRequired":true,"valueName":"search_term_string"}}],"inLanguage":"de"},{"@type":"Organization","@id":"https:\/\/emailchef.com\/de\/#organization","name":"Delivery Tech Corp.","url":"https:\/\/emailchef.com\/de\/","logo":{"@type":"ImageObject","inLanguage":"de","@id":"https:\/\/emailchef.com\/de\/#\/schema\/logo\/image\/","url":"https:\/\/emailchef.com\/wp-content\/uploads\/2022\/04\/logo-sama.png","contentUrl":"https:\/\/emailchef.com\/wp-content\/uploads\/2022\/04\/logo-sama.png","width":237,"height":80,"caption":"Delivery Tech Corp."},"image":{"@id":"https:\/\/emailchef.com\/de\/#\/schema\/logo\/image\/"}}]}},"_links":{"self":[{"href":"https:\/\/emailchef.com\/de\/wp-json\/wp\/v2\/pages\/6805"}],"collection":[{"href":"https:\/\/emailchef.com\/de\/wp-json\/wp\/v2\/pages"}],"about":[{"href":"https:\/\/emailchef.com\/de\/wp-json\/wp\/v2\/types\/page"}],"author":[{"embeddable":true,"href":"https:\/\/emailchef.com\/de\/wp-json\/wp\/v2\/users\/2"}],"replies":[{"embeddable":true,"href":"https:\/\/emailchef.com\/de\/wp-json\/wp\/v2\/comments?post=6805"}],"version-history":[{"count":1,"href":"https:\/\/emailchef.com\/de\/wp-json\/wp\/v2\/pages\/6805\/revisions"}],"predecessor-version":[{"id":6806,"href":"https:\/\/emailchef.com\/de\/wp-json\/wp\/v2\/pages\/6805\/revisions\/6806"}],"wp:attachment":[{"href":"https:\/\/emailchef.com\/de\/wp-json\/wp\/v2\/media?parent=6805"}],"wp:term":[{"taxonomy":"g1_relation_tag","embeddable":true,"href":"https:\/\/emailchef.com\/de\/wp-json\/wp\/v2\/g1_relation_tag?post=6805"}],"curies":[{"name":"wp","href":"https:\/\/api.w.org\/{rel}","templated":true}]}}